{"id":8011,"date":"2026-03-18T07:03:35","date_gmt":"2026-03-18T07:03:35","guid":{"rendered":"https:\/\/soydeaqui.ddns.net\/pachuca\/index.php\/producto\/modulo-de-automatizacion-z-wave-para-paneles-vista-con-un-ano-de-servicio-en-total-connect\/"},"modified":"2026-03-18T07:03:36","modified_gmt":"2026-03-18T07:03:36","slug":"modulo-de-automatizacion-z-wave-para-paneles-vista-con-un-ano-de-servicio-en-total-connect","status":"publish","type":"product","link":"https:\/\/soydeaqui.ddns.net\/pachuca\/index.php\/producto\/modulo-de-automatizacion-z-wave-para-paneles-vista-con-un-ano-de-servicio-en-total-connect\/","title":{"rendered":"Modulo de Automatizacion Z-Wave para paneles VISTA con un a\u00f1o de servicio en Total Connect"},"content":{"rendered":"<div style='width: 100%; max-width: 1200px; margin: 0 auto; font-family: sans-serif; line-height: 1.6; color: inherit; background-color: transparent;'>\n<div style='display: flex; flex-wrap: wrap; gap: 30px; margin-bottom: 30px;'>\n<div style='flex: 1 1 300px; min-width: 280px;'>\n<p style='font-size: 16px; color: inherit;'>Controlador de automatizaci\u00f3n con interface WEB compatible con Android&comma; PC y iOS(iPhone&comma; iPad).<\/p>\n<ul style='padding-left: 20px; font-size: 15px; color: inherit;'>\n<li style='margin-bottom: 5px;'>Seguridad: Se integra con paneles VISTA(<strong>M\u00e1s de 5 Millones instalados en M\u00e9xico!)<\/strong><\/li>\n<li style='margin-bottom: 5px;'>Las c\u00e1maras de video Honeywell IP<\/li>\n<li style='margin-bottom: 5px;'>232 Dispositivos Z-Wave: Termostatos&comma; Luces&comma; Cerraduras<\/li>\n<\/ul>\n<p style='font-size: 15px; color: inherit;'>VAM es muy sencillo de instalar&comma; es WIFI y no requiere cablear a la red. \u00danicamente alimentar de energ\u00eda y conectar su panel VISTA(en caso de agregar intrusi\u00f3n)<\/p>\n<p style='font-size: 15px; color: inherit;'>VAM permite agregar ingresos recurrentes adicionales a sus cuentas&comma; ofreciendo automatizaci\u00f3n e intrusi\u00f3n todo desde su celular o tablet.<\/p>\n<p style='font-size: 15px; color: inherit;'><strong>Nota: Para el correcto funcionamiento se recomienda utilizar equipo Z-Wave que este dentro de la lista de compatibilidad Honeywell o en Z-Wave Alliance.<\/strong><\/p>\n<\/p><\/div>\n<\/p><\/div>\n<div style='display: flex; flex-wrap: wrap; gap: 30px; margin-bottom: 30px;'>\n<div style='flex: 1 1 300px; min-width: 280px;'> <img style='width: 100%; height: auto; border: 1px solid rgba(150&comma;150&comma;150&comma;0.3); border-radius: 8px;' src='http:\/\/i.imgur.com\/Qn8aWOP.jpg' alt='Producto' \/> <\/div>\n<\/p><\/div>\n<div style='display: flex; flex-wrap: wrap; gap: 30px; margin-bottom: 30px;'>\n<div style='flex: 1 1 300px; min-width: 280px;'>\n<div style='position: relative; padding-bottom: 56.25%; height: 0; overflow: hidden; margin-bottom: 30px;'>   <\/div>\n<\/p><\/div>\n<\/p><\/div>\n<div style='display: flex; flex-wrap: wrap; gap: 30px; margin-bottom: 30px;'>\n<div style='flex: 1 1 300px; min-width: 280px;'>\n<div style='position: relative; padding-bottom: 56.25%; height: 0; overflow: hidden; margin-bottom: 30px;'>   <\/div>\n<\/p><\/div>\n<div style='flex: 1 1 300px; min-width: 280px;'>\n<div style='position: relative; padding-bottom: 56.25%; height: 0; overflow: hidden; margin-bottom: 30px;'>   <\/div>\n<\/p><\/div>\n<div style='flex: 1 1 300px; min-width: 280px;'>\n<div style='position: relative; padding-bottom: 56.25%; height: 0; overflow: hidden; margin-bottom: 30px;'>   <\/div>\n<\/p><\/div>\n<\/p><\/div>\n<hr style='border: 0; border-top: 1px solid rgba(150&comma; 150&comma; 150&comma; 0.3); margin: 30px 0;'> <\/div>\n","protected":false},"excerpt":{"rendered":"<p>Modulo de Automatizacion Z-Wave para paneles VISTA con un a\u00f1o de servicio en Total Connect<\/p>\n","protected":false},"featured_media":8010,"comment_status":"open","ping_status":"closed","template":"","meta":[],"product_brand":[],"product_cat":[463],"product_tag":[45,135,180],"class_list":{"0":"post-8011","1":"product","2":"type-product","3":"status-publish","4":"has-post-thumbnail","6":"product_cat-teclados-total-connect-honeywell","7":"product_tag-honeywell-home-resideo","8":"product_tag-teclados","9":"product_tag-total-connect-honeywell","11":"first","12":"outofstock","13":"sale","14":"shipping-taxable","15":"purchasable","16":"product-type-simple"},"_links":{"self":[{"href":"https:\/\/soydeaqui.ddns.net\/pachuca\/index.php\/wp-json\/wp\/v2\/product\/8011","targetHints":{"allow":["GET"]}}],"collection":[{"href":"https:\/\/soydeaqui.ddns.net\/pachuca\/index.php\/wp-json\/wp\/v2\/product"}],"about":[{"href":"https:\/\/soydeaqui.ddns.net\/pachuca\/index.php\/wp-json\/wp\/v2\/types\/product"}],"replies":[{"embeddable":true,"href":"https:\/\/soydeaqui.ddns.net\/pachuca\/index.php\/wp-json\/wp\/v2\/comments?post=8011"}],"wp:featuredmedia":[{"embeddable":true,"href":"https:\/\/soydeaqui.ddns.net\/pachuca\/index.php\/wp-json\/wp\/v2\/media\/8010"}],"wp:attachment":[{"href":"https:\/\/soydeaqui.ddns.net\/pachuca\/index.php\/wp-json\/wp\/v2\/media?parent=8011"}],"wp:term":[{"taxonomy":"product_brand","embeddable":true,"href":"https:\/\/soydeaqui.ddns.net\/pachuca\/index.php\/wp-json\/wp\/v2\/product_brand?post=8011"},{"taxonomy":"product_cat","embeddable":true,"href":"https:\/\/soydeaqui.ddns.net\/pachuca\/index.php\/wp-json\/wp\/v2\/product_cat?post=8011"},{"taxonomy":"product_tag","embeddable":true,"href":"https:\/\/soydeaqui.ddns.net\/pachuca\/index.php\/wp-json\/wp\/v2\/product_tag?post=8011"}],"curies":[{"name":"wp","href":"https:\/\/api.w.org\/{rel}","templated":true}]}}