{"id":80061,"date":"2026-03-19T17:48:50","date_gmt":"2026-03-19T17:48:50","guid":{"rendered":"https:\/\/soydeaqui.ddns.net\/pachuca\/index.php\/producto\/otdr-pro-de-alto-rendimiento-para-enlaces-de-fibra-ptica-monomodo-y-multimodo-longitudes-de-onda-850nm-1300nm-1310nm-y-1550nm-zona-muerta-por-evento-de-0-8-metros-2-62-pies-vfl-5mw-dista\/"},"modified":"2026-03-19T17:48:54","modified_gmt":"2026-03-19T17:48:54","slug":"otdr-pro-de-alto-rendimiento-para-enlaces-de-fibra-ptica-monomodo-y-multimodo-longitudes-de-onda-850nm-1300nm-1310nm-y-1550nm-zona-muerta-por-evento-de-0-8-metros-2-62-pies-vfl-5mw-dista","status":"publish","type":"product","link":"https:\/\/soydeaqui.ddns.net\/pachuca\/index.php\/producto\/otdr-pro-de-alto-rendimiento-para-enlaces-de-fibra-ptica-monomodo-y-multimodo-longitudes-de-onda-850nm-1300nm-1310nm-y-1550nm-zona-muerta-por-evento-de-0-8-metros-2-62-pies-vfl-5mw-dista\/","title":{"rendered":"OTDR PRO de Alto Rendimiento para Enlaces de Fibra ?ptica Monomodo y Multimodo \/ Longitudes de Onda: 850nm, 1300nm, 1310nm y 1550nm \/ Zona Muerta por Evento de 0.8 Metros (2.62 Pies) \/ VFL 5mW \/ Distancia de Prueba de hasta 420 km"},"content":{"rendered":"<div style='width: 100%; max-width: 1200px; margin: 0 auto; font-family: sans-serif; line-height: 1.6; color: inherit; background-color: transparent;'>\n<div style='display: flex; flex-wrap: wrap; gap: 30px; margin-bottom: 30px;'>\n<div style='flex: 1 1 300px; min-width: 280px;'>\n<h3 style='font-size: 22px; border-bottom: 2px solid currentColor; padding-bottom: 5px; margin-top: 0; color: inherit; opacity: 0.8;'>Caracter\u00edsticas Generales<\/h3>\n<p style='font-size: 15px; color: inherit; text-align: justify; margin-top: 10px; margin-bottom: 10px;'> El OTDR de alto rendimiento LP-OTDR -PRO cuenta con pantalla de 7&#8242; a color que facilita su manipulaci\u00f3n. Integra funciones multifunci\u00f3n para ayudar a los clientes a resolver la prueba de campo del enlace de comunicaci\u00f3n y su posterior mantenimiento&comma; financiando de manera m\u00e1s efectiva. El rango din\u00e1mico m\u00e1ximo es de 45 dB. Se utiliza principalmente para medir la longitud&comma; p\u00e9rdida y calidad de conexi\u00f3n de fibra \u00f3ptica en l\u00edneas troncales urbanas&comma; redes troncales y redes de \u00e1rea metropolitana. <\/p>\n<p style='font-size: 15px; color: inherit; text-align: justify; margin-top: 10px; margin-bottom: 10px;'> <strong style='color: inherit;'>NOTA:<\/strong> Se recomienda su uso con bobina de lanzamiento para eliminar la zona muerta y mejorar la precisi\u00f3n de las mediciones. <\/p>\n<div style='margin-top: 15px;'>\n<p style='margin: 0; font-size: 15px; color: inherit;'><strong style='color: inherit;'>Monomodo:<\/strong> <a href='https:\/\/www.syscom.mx\/principal\/searchcont?route=LP-LC-SM-1KM-LINKEDPRO-BY-EPCOM-229299&#038;autodetect=BOBINA_DE_LANZAMIENTO' style='color: inherit; text-decoration: underline; font-weight: 500;'>LP-LC-SM-1KM<\/a><\/p>\n<p style='margin: 0; font-size: 15px; color: inherit; margin-top: 8px;'><strong style='color: inherit;'>Multimodo:<\/strong> <a href='https:\/\/www.syscom.mx\/producto\/LP-LC-MM-0.5KM-LINKEDPRO-BY-EPCOM-230059.html' style='color: inherit; text-decoration: underline; font-weight: 500;'>LP-LC-MM-0.5KM<\/a><\/p>\n<\/p><\/div>\n<\/p><\/div>\n<\/p><\/div>\n<div style='display: flex; flex-wrap: wrap; gap: 20px; margin-bottom: 30px;'>\n<div style='flex: 1 1 250px; border: 1px solid rgba(150&comma; 150&comma; 150&comma; 0.4); border-radius: 8px; overflow: hidden; display: flex; flex-direction: column;'>\n<div style='padding: 15px; border-bottom: 1px solid rgba(150&comma; 150&comma; 150&comma; 0.2); font-weight: bold; font-size: 18px; color: inherit;'>Caracter\u00edsticas principales del OTDR<\/div>\n<div style='padding: 15px; color: inherit;'>\n<ul style='padding-left: 20px; margin: 0; font-size: 14px; list-style-type: disc;'>\n<li style='margin-bottom: 5px;'>Compatible con Fibra \u00d3ptica Monomodo y Multimodo<\/li>\n<li style='margin-bottom: 5px;'>Longitud de onda: 850nm&comma; 1300nm&comma; 1310nm y 1550nm<\/li>\n<li style='margin-bottom: 5px;'>An\u00e1lisis de p\u00e9rdida: M\u00e9todo de 4 y 5 puntos<\/li>\n<li style='margin-bottom: 5px;'>Zona muerta entre eventos: 0.8 metros<\/li>\n<li style='margin-bottom: 5px;'>Soporta conectores SC&comma; ST y FC<\/li>\n<li style='margin-bottom: 5px;'>Temperatura de operaci\u00f3n: -10\u00baC a 50\u00baC<\/li>\n<li style='margin-bottom: 5px;'>Bater\u00eda de litio 5200mAh<\/li>\n<li style='margin-bottom: 5px;'>256k Puntos m\u00e1ximos de muestra para una mejor precisi\u00f3n<\/li>\n<li style='margin-bottom: 5px;'>Almacenamiento interno de 12 Gbps<\/li>\n<li style='margin-bottom: 5px;'>Soporta splitters 1&#215;4&comma; 1&#215;8&comma; 1&#215;16&comma; 1&#215;32 y 1&#215;64<\/li>\n<li style='margin-bottom: 5px;'>Fuente de luz estable de -5 dBm<\/li>\n<\/ul><\/div>\n<\/p><\/div>\n<div style='flex: 1 1 250px; border: 1px solid rgba(150&comma; 150&comma; 150&comma; 0.4); border-radius: 8px; overflow: hidden; display: flex; flex-direction: column;'>\n<div style='padding: 15px; border-bottom: 1px solid rgba(150&comma; 150&comma; 150&comma; 0.2); font-weight: bold; font-size: 18px; color: inherit;'>Localizador Visual de Fallos (VFL)<\/div>\n<div style='padding: 15px; color: inherit;'>\n<ul style='padding-left: 20px; margin: 0; font-size: 14px; list-style-type: disc;'>\n<li style='margin-bottom: 5px;'>Longitud de onda: 650nm<\/li>\n<li style='margin-bottom: 5px;'>Potencia de salida: >10mW<\/li>\n<li style='margin-bottom: 5px;'>Modo: CW\/1Hz\/2Hz<\/li>\n<li style='margin-bottom: 5px;'>Conector compatible: FC&comma; ST y SC<\/li>\n<\/ul><\/div>\n<\/p><\/div>\n<div style='flex: 1 1 250px; border: 1px solid rgba(150&comma; 150&comma; 150&comma; 0.4); border-radius: 8px; overflow: hidden; display: flex; flex-direction: column;'>\n<div style='padding: 15px; border-bottom: 1px solid rgba(150&comma; 150&comma; 150&comma; 0.2); font-weight: bold; font-size: 18px; color: inherit;'>Medidor de Potencia \u00d3ptica (OPM)<\/div>\n<div style='padding: 15px; color: inherit;'>\n<ul style='padding-left: 20px; margin: 0; font-size: 14px; list-style-type: disc;'>\n<li style='margin-bottom: 5px;'>Longitudes de onda: 800nm a 1700nm<\/li>\n<li style='margin-bottom: 5px;'>Rango de prueba: -50dBm a 26 dBm<\/li>\n<li style='margin-bottom: 5px;'>Onda de calibraci\u00f3n: 850nm \/ 1300nm \/ 1310nm \/ 1490nm \/ 1550nm \/ 1625nm \/ 1650nm<\/li>\n<li style='margin-bottom: 5px;'>Conector compatible: FC&comma; ST y SC<\/li>\n<\/ul><\/div>\n<\/p><\/div>\n<\/p><\/div>\n<hr style='border: 0; border-top: 1px solid rgba(150&comma; 150&comma; 150&comma; 0.3); margin: 30px 0;'> <\/div>\n","protected":false},"excerpt":{"rendered":"<p>OTDR PRO de Alto Rendimiento para Enlaces de Fibra ?ptica Monomodo y Multimodo \/ Longitudes de Onda: 850nm, 1300nm, 1310nm y 1550nm \/ Zona Muerta por Evento de 0.8 Metros (2.62 Pies) \/ VFL 5mW \/ Distancia de Prueba de hasta 420 km<\/p>\n","protected":false},"featured_media":80060,"comment_status":"open","ping_status":"closed","template":"","meta":[],"product_brand":[],"product_cat":[636],"product_tag":[611,25,435],"class_list":{"0":"post-80061","1":"product","2":"type-product","3":"status-publish","4":"has-post-thumbnail","6":"product_cat-herramientas-fibra-optica","7":"product_tag-fibra-optica","8":"product_tag-herramientas","9":"product_tag-linkedpro-by-epcom","11":"first","12":"outofstock","13":"sale","14":"shipping-taxable","15":"purchasable","16":"product-type-simple"},"_links":{"self":[{"href":"https:\/\/soydeaqui.ddns.net\/pachuca\/index.php\/wp-json\/wp\/v2\/product\/80061","targetHints":{"allow":["GET"]}}],"collection":[{"href":"https:\/\/soydeaqui.ddns.net\/pachuca\/index.php\/wp-json\/wp\/v2\/product"}],"about":[{"href":"https:\/\/soydeaqui.ddns.net\/pachuca\/index.php\/wp-json\/wp\/v2\/types\/product"}],"replies":[{"embeddable":true,"href":"https:\/\/soydeaqui.ddns.net\/pachuca\/index.php\/wp-json\/wp\/v2\/comments?post=80061"}],"wp:featuredmedia":[{"embeddable":true,"href":"https:\/\/soydeaqui.ddns.net\/pachuca\/index.php\/wp-json\/wp\/v2\/media\/80060"}],"wp:attachment":[{"href":"https:\/\/soydeaqui.ddns.net\/pachuca\/index.php\/wp-json\/wp\/v2\/media?parent=80061"}],"wp:term":[{"taxonomy":"product_brand","embeddable":true,"href":"https:\/\/soydeaqui.ddns.net\/pachuca\/index.php\/wp-json\/wp\/v2\/product_brand?post=80061"},{"taxonomy":"product_cat","embeddable":true,"href":"https:\/\/soydeaqui.ddns.net\/pachuca\/index.php\/wp-json\/wp\/v2\/product_cat?post=80061"},{"taxonomy":"product_tag","embeddable":true,"href":"https:\/\/soydeaqui.ddns.net\/pachuca\/index.php\/wp-json\/wp\/v2\/product_tag?post=80061"}],"curies":[{"name":"wp","href":"https:\/\/api.w.org\/{rel}","templated":true}]}}