{"id":80057,"date":"2026-03-19T17:48:39","date_gmt":"2026-03-19T17:48:39","guid":{"rendered":"https:\/\/soydeaqui.ddns.net\/pachuca\/index.php\/producto\/localizador-visual-de-fallos-vfl-para-conectores-sc-fc-st-hasta-8-10-km-de-distancia-recargable-por-puerto-usb\/"},"modified":"2026-03-19T17:48:46","modified_gmt":"2026-03-19T17:48:46","slug":"localizador-visual-de-fallos-vfl-para-conectores-sc-fc-st-hasta-8-10-km-de-distancia-recargable-por-puerto-usb","status":"publish","type":"product","link":"https:\/\/soydeaqui.ddns.net\/pachuca\/index.php\/producto\/localizador-visual-de-fallos-vfl-para-conectores-sc-fc-st-hasta-8-10-km-de-distancia-recargable-por-puerto-usb\/","title":{"rendered":"Localizador Visual de Fallos (VFL) \/ Para Conectores SC, FC, ST \/ Hasta 8-10 km de Distancia \/ Recargable por Puerto USB"},"content":{"rendered":"<div style='width: 100%; max-width: 1200px; margin: 0 auto; font-family: sans-serif; line-height: 1.6; color: inherit; background-color: transparent;'> <!-- Secci\u00f3n de descripci\u00f3n --> <\/p>\n<div style='margin-bottom: 30px;'>\n<p style='text-align: justify; font-size: 15px; color: inherit; margin: 0 0 15px 0;'>El LP-VFL-15W tiene un l\u00e1ser de alta potencia en la longitud de onda de 650nm&comma; es adecuado para utilizarlo con fibra \u00f3ptica multimodo y monomodo. Se utiliza para detectar la conectividad de la fibra \u00f3ptica&comma; as\u00ed como localizador visual de fallos.<\/p>\n<\/p><\/div>\n<p> <!-- Secci\u00f3n de caracter\u00edsticas --> <\/p>\n<div style='display: flex; flex-wrap: wrap; gap: 30px; margin-bottom: 30px;'>\n<div style='flex: 1 1 300px; min-width: 280px;'>\n<h3 style='font-size: 22px; border-bottom: 2px solid currentColor; padding-bottom: 5px; margin-top: 0; color: inherit; opacity: 0.8;'>Caracter\u00edsticas<\/h3>\n<ul style='padding-left: 20px; font-size: 15px; color: inherit; margin: 0;'>\n<li style='margin-bottom: 5px;'>La potencia de salida del l\u00e1ser es de 15mW para poder lograr una distancia de hasta 10 km.<\/li>\n<li style='margin-bottom: 5px;'>Conector de entrada universal para conectores SC&comma; FC y ST&comma; ayudando a no tener accesorios adicionales al momento de trabajar con el VFL.<\/li>\n<li style='margin-bottom: 5px;'>Luz LED color Roja.<\/li>\n<li style='margin-bottom: 5px;'>Bater\u00eda de litio de (2200mAh) recargable por su puerto USB.<\/li>\n<li style='margin-bottom: 5px;'>Dimensiones: 148mm x 29mm x 29mm.<\/li>\n<li style='margin-bottom: 5px;'>Peso ligero para su transportaci\u00f3n: 200 gramos.<\/li>\n<li style='margin-bottom: 5px;'>Temperatura de operaci\u00f3n: -10\u00ba a 50\u00baC.<\/li>\n<\/ul><\/div>\n<\/p><\/div>\n<\/p><\/div>\n","protected":false},"excerpt":{"rendered":"<p>Localizador Visual de Fallos (VFL) \/ Para Conectores SC, FC, ST \/ Hasta 8-10 km de Distancia \/ Recargable por Puerto USB<\/p>\n","protected":false},"featured_media":80056,"comment_status":"open","ping_status":"closed","template":"","meta":[],"product_brand":[],"product_cat":[636],"product_tag":[611,25,435],"class_list":{"0":"post-80057","1":"product","2":"type-product","3":"status-publish","4":"has-post-thumbnail","6":"product_cat-herramientas-fibra-optica","7":"product_tag-fibra-optica","8":"product_tag-herramientas","9":"product_tag-linkedpro-by-epcom","11":"first","12":"instock","13":"sale","14":"shipping-taxable","15":"purchasable","16":"product-type-simple"},"_links":{"self":[{"href":"https:\/\/soydeaqui.ddns.net\/pachuca\/index.php\/wp-json\/wp\/v2\/product\/80057","targetHints":{"allow":["GET"]}}],"collection":[{"href":"https:\/\/soydeaqui.ddns.net\/pachuca\/index.php\/wp-json\/wp\/v2\/product"}],"about":[{"href":"https:\/\/soydeaqui.ddns.net\/pachuca\/index.php\/wp-json\/wp\/v2\/types\/product"}],"replies":[{"embeddable":true,"href":"https:\/\/soydeaqui.ddns.net\/pachuca\/index.php\/wp-json\/wp\/v2\/comments?post=80057"}],"wp:featuredmedia":[{"embeddable":true,"href":"https:\/\/soydeaqui.ddns.net\/pachuca\/index.php\/wp-json\/wp\/v2\/media\/80056"}],"wp:attachment":[{"href":"https:\/\/soydeaqui.ddns.net\/pachuca\/index.php\/wp-json\/wp\/v2\/media?parent=80057"}],"wp:term":[{"taxonomy":"product_brand","embeddable":true,"href":"https:\/\/soydeaqui.ddns.net\/pachuca\/index.php\/wp-json\/wp\/v2\/product_brand?post=80057"},{"taxonomy":"product_cat","embeddable":true,"href":"https:\/\/soydeaqui.ddns.net\/pachuca\/index.php\/wp-json\/wp\/v2\/product_cat?post=80057"},{"taxonomy":"product_tag","embeddable":true,"href":"https:\/\/soydeaqui.ddns.net\/pachuca\/index.php\/wp-json\/wp\/v2\/product_tag?post=80057"}],"curies":[{"name":"wp","href":"https:\/\/api.w.org\/{rel}","templated":true}]}}