{"id":80053,"date":"2026-03-19T17:48:31","date_gmt":"2026-03-19T17:48:31","guid":{"rendered":"https:\/\/soydeaqui.ddns.net\/pachuca\/index.php\/producto\/medidor-de-potencia-para-fibra-ptica-opm-rango-de-medicin-de-50-a-26dbm-soporta-fibra-monomodo-y-multimodo-soporta-funcin-vfl-compatible-con-conectores-sc-fc-y-st\/"},"modified":"2026-03-19T17:48:37","modified_gmt":"2026-03-19T17:48:37","slug":"medidor-de-potencia-para-fibra-ptica-opm-rango-de-medicin-de-50-a-26dbm-soporta-fibra-monomodo-y-multimodo-soporta-funcin-vfl-compatible-con-conectores-sc-fc-y-st","status":"publish","type":"product","link":"https:\/\/soydeaqui.ddns.net\/pachuca\/index.php\/producto\/medidor-de-potencia-para-fibra-ptica-opm-rango-de-medicin-de-50-a-26dbm-soporta-fibra-monomodo-y-multimodo-soporta-funcin-vfl-compatible-con-conectores-sc-fc-y-st\/","title":{"rendered":"Medidor de Potencia para Fibra ?ptica (OPM) \/ Rango de Medici?n de -50 a 26dBm Soporta Fibra Monomodo y Multimodo \/ Soporta Funci?n VFL \/ Compatible con Conectores SC, FC y ST"},"content":{"rendered":"<div style='width: 100%; max-width: 1200px; margin: 0 auto; font-family: sans-serif; line-height: 1.6; color: inherit; background-color: transparent;'> <!-- Secci\u00f3n de descripci\u00f3n principal --> <\/p>\n<div style='margin-bottom: 30px;'>\n<p style='margin-top: 0; margin-bottom: 1.5em; text-align: justify; color: inherit; font-size: 15px;'> El LP-OPM est\u00e1 controlado por un microprocesador de un solo chip pero multifunci\u00f3n. Adopta tecnolog\u00eda avanzada de moldeo t\u00e9rmico. Puede protegerse mediante el uso de un detector integrado y un l\u00e1ser. Tiene funci\u00f3n de apagado autom\u00e1tico&comma; tres modos VFL&comma; pantalla retroiluminada&comma; funci\u00f3n de memoria de longitud de onda&comma; calibraci\u00f3n del usuario y funciones de amplio rango de prueba. <\/p>\n<\/p><\/div>\n<p> <!-- Secci\u00f3n de caracter\u00edsticas en grid --> <\/p>\n<div style='display: flex; flex-wrap: wrap; gap: 20px; margin-bottom: 30px;'> <!-- Caracter\u00edsticas principales --> <\/p>\n<div style='flex: 1 1 250px; min-width: 280px;'>\n<div style='border: 1px solid rgba(150&comma; 150&comma; 150&comma; 0.4); border-radius: 8px; overflow: hidden; display: flex; flex-direction: column;'>\n<div style='padding: 15px; border-bottom: 1px solid rgba(150&comma; 150&comma; 150&comma; 0.2); font-weight: bold; font-size: 18px; color: inherit; background: rgba(255&comma; 0&comma; 0&comma; 0.05);'>Caracter\u00edsticas principales<\/div>\n<div style='padding: 15px; color: inherit;'>\n<ul style='padding-left: 20px; margin: 0; font-size: 14px; list-style-type: disc;'>\n<li style='margin-bottom: 5px;'><strong>Rango de longitud de onda:<\/strong> 800nm a 1700nm<\/li>\n<li style='margin-bottom: 5px;'><strong>Conector:<\/strong> FC\/SC<\/li>\n<li style='margin-bottom: 5px;'><strong>Tipo de detector:<\/strong> InGaAs<\/li>\n<li style='margin-bottom: 5px;'><strong>Rango de medici\u00f3n de potencia:<\/strong> -50dBm a 26dBm<\/li>\n<li style='margin-bottom: 5px;'><strong>Longitud de onda de calibraci\u00f3n:<\/strong> 850nm \/ 980nm \/ 1300nm \/ 1310nm \/ 1490nm \/ 1550nm \/ 1625nm \/ 1650nm<\/li>\n<\/ul><\/div>\n<\/p><\/div>\n<\/p><\/div>\n<p> <!-- VFL Localizador Visual de Fallos --> <\/p>\n<div style='flex: 1 1 250px; min-width: 280px;'>\n<div style='border: 1px solid rgba(150&comma; 150&comma; 150&comma; 0.4); border-radius: 8px; overflow: hidden; display: flex; flex-direction: column;'>\n<div style='padding: 15px; border-bottom: 1px solid rgba(150&comma; 150&comma; 150&comma; 0.2); font-weight: bold; font-size: 18px; color: inherit; background: rgba(255&comma; 0&comma; 0&comma; 0.05);'>VFL Localizador Visual de Fallos<\/div>\n<div style='padding: 15px; color: inherit;'>\n<ul style='padding-left: 20px; margin: 0; font-size: 14px; list-style-type: disc;'>\n<li style='margin-bottom: 5px;'><strong>Longitud de onda:<\/strong> 650nm<\/li>\n<li style='margin-bottom: 5px;'><strong>Potencia de salida:<\/strong> 2mW<\/li>\n<li style='margin-bottom: 5px;'><strong>Interfaz de fibra \u00f3ptica:<\/strong> Universal FC&comma; SC y ST<\/li>\n<li style='margin-bottom: 5px;'><strong>Alcance:<\/strong> Hasta 5 km<\/li>\n<\/ul><\/div>\n<\/p><\/div>\n<\/p><\/div>\n<p> <!-- Otros --> <\/p>\n<div style='flex: 1 1 250px; min-width: 280px;'>\n<div style='border: 1px solid rgba(150&comma; 150&comma; 150&comma; 0.4); border-radius: 8px; overflow: hidden; display: flex; flex-direction: column;'>\n<div style='padding: 15px; border-bottom: 1px solid rgba(150&comma; 150&comma; 150&comma; 0.2); font-weight: bold; font-size: 18px; color: inherit; background: rgba(255&comma; 0&comma; 0&comma; 0.05);'>Otros<\/div>\n<div style='padding: 15px; color: inherit;'>\n<ul style='padding-left: 20px; margin: 0; font-size: 14px; list-style-type: disc;'>\n<li style='margin-bottom: 5px;'><strong>Alimentaci\u00f3n:<\/strong> 3 bater\u00edas AA (No incluidas)<\/li>\n<li style='margin-bottom: 5px;'><strong>Tiempo de operaci\u00f3n:<\/strong> 120 horas (Solo OPM)<\/li>\n<li style='margin-bottom: 5px;'><strong>Temperatura de operaci\u00f3n:<\/strong> -10\u00baC a 50\u00baC<\/li>\n<li style='margin-bottom: 5px;'><strong>Dimensiones:<\/strong> 186mm x 100mm x 50mm<\/li>\n<li style='margin-bottom: 5px;'><strong>Peso:<\/strong> 150 gramos<\/li>\n<li style='margin-bottom: 5px;'><strong>Autoapagado:<\/strong> En 10 minutos<\/li>\n<\/ul><\/div>\n<\/p><\/div>\n<\/p><\/div>\n<\/p><\/div>\n<p> <!-- Separador --> <\/p>\n<hr style='border: 0; border-top: 1px solid rgba(150&comma; 150&comma; 150&comma; 0.3); margin: 30px 0;'> <\/div>\n","protected":false},"excerpt":{"rendered":"<p>Medidor de Potencia para Fibra ?ptica (OPM) \/ Rango de Medici?n de -50 a 26dBm Soporta Fibra Monomodo y Multimodo \/ Soporta Funci?n VFL \/ Compatible con Conectores SC, FC y ST<\/p>\n","protected":false},"featured_media":80052,"comment_status":"open","ping_status":"closed","template":"","meta":[],"product_brand":[],"product_cat":[636],"product_tag":[611,25,435],"class_list":{"0":"post-80053","1":"product","2":"type-product","3":"status-publish","4":"has-post-thumbnail","6":"product_cat-herramientas-fibra-optica","7":"product_tag-fibra-optica","8":"product_tag-herramientas","9":"product_tag-linkedpro-by-epcom","11":"first","12":"instock","13":"sale","14":"shipping-taxable","15":"purchasable","16":"product-type-simple"},"_links":{"self":[{"href":"https:\/\/soydeaqui.ddns.net\/pachuca\/index.php\/wp-json\/wp\/v2\/product\/80053","targetHints":{"allow":["GET"]}}],"collection":[{"href":"https:\/\/soydeaqui.ddns.net\/pachuca\/index.php\/wp-json\/wp\/v2\/product"}],"about":[{"href":"https:\/\/soydeaqui.ddns.net\/pachuca\/index.php\/wp-json\/wp\/v2\/types\/product"}],"replies":[{"embeddable":true,"href":"https:\/\/soydeaqui.ddns.net\/pachuca\/index.php\/wp-json\/wp\/v2\/comments?post=80053"}],"wp:featuredmedia":[{"embeddable":true,"href":"https:\/\/soydeaqui.ddns.net\/pachuca\/index.php\/wp-json\/wp\/v2\/media\/80052"}],"wp:attachment":[{"href":"https:\/\/soydeaqui.ddns.net\/pachuca\/index.php\/wp-json\/wp\/v2\/media?parent=80053"}],"wp:term":[{"taxonomy":"product_brand","embeddable":true,"href":"https:\/\/soydeaqui.ddns.net\/pachuca\/index.php\/wp-json\/wp\/v2\/product_brand?post=80053"},{"taxonomy":"product_cat","embeddable":true,"href":"https:\/\/soydeaqui.ddns.net\/pachuca\/index.php\/wp-json\/wp\/v2\/product_cat?post=80053"},{"taxonomy":"product_tag","embeddable":true,"href":"https:\/\/soydeaqui.ddns.net\/pachuca\/index.php\/wp-json\/wp\/v2\/product_tag?post=80053"}],"curies":[{"name":"wp","href":"https:\/\/api.w.org\/{rel}","templated":true}]}}