{"id":80043,"date":"2026-03-19T17:48:06","date_gmt":"2026-03-19T17:48:06","guid":{"rendered":"https:\/\/soydeaqui.ddns.net\/pachuca\/index.php\/producto\/identificador-de-trfico-para-fibra-ptica-activa-ofi-soporta-funcin-localizador-visual-de-fallos-vfl\/"},"modified":"2026-03-19T17:48:13","modified_gmt":"2026-03-19T17:48:13","slug":"identificador-de-trfico-para-fibra-ptica-activa-ofi-soporta-funcin-localizador-visual-de-fallos-vfl","status":"publish","type":"product","link":"https:\/\/soydeaqui.ddns.net\/pachuca\/index.php\/producto\/identificador-de-trfico-para-fibra-ptica-activa-ofi-soporta-funcin-localizador-visual-de-fallos-vfl\/","title":{"rendered":"Identificador de Tr?fico para Fibra ?ptica Activa (OFI) \/ Soporta Funci?n Localizador Visual de Fallos (VFL)"},"content":{"rendered":"<div style='width: 100%; max-width: 1200px; margin: 0 auto; font-family: sans-serif; line-height: 1.6; color: inherit; background-color: transparent;'> <!-- Descripci\u00f3n principal --> <\/p>\n<div style='margin-bottom: 30px;'>\n<p style='text-align: justify; color: inherit; font-size: 15px;'> <strong>El identificador de fibra \u00f3ptica LP-OFI<\/strong> es una herramienta utilizada para detectar se\u00f1ales \u00f3pticas activas en una fibra sin necesidad de desconectarla ni interrumpir el servicio. Esto lo hace especialmente \u00fatil para tareas de mantenimiento&comma; pruebas y soluci\u00f3n de problemas en redes de fibra \u00f3ptica. <\/p>\n<\/p><\/div>\n<p> <!-- Aplicaciones --> <\/p>\n<div style='margin-bottom: 30px;'>\n<h3 style='font-size: 22px; border-bottom: 2px solid currentColor; padding-bottom: 5px; margin-top: 0; color: inherit; opacity: 0.8;'>Aplicaciones t\u00edpicas<\/h3>\n<ul style='padding-left: 20px; font-size: 15px; color: inherit;'>\n<li style='margin-bottom: 5px;'>Verificar si una fibra est\u00e1 activa sin desconectarla.<\/li>\n<li style='margin-bottom: 5px;'>Identificar fibras durante instalaciones o mantenimiento.<\/li>\n<li style='margin-bottom: 5px;'>Comprobar continuidad de se\u00f1ales en fibras en redes FTTH&comma; LAN&comma; WAN&comma; etc.<\/li>\n<li style='margin-bottom: 5px;'>Diagn\u00f3stico de fallos o interrupciones.<\/li>\n<\/ul><\/div>\n<p> <!-- Secci\u00f3n de caracter\u00edsticas --> <\/p>\n<div style='display: flex; flex-wrap: wrap; gap: 20px; margin-bottom: 30px;'>\n<div style='flex: 1 1 250px; border: 1px solid rgba(150&comma; 150&comma; 150&comma; 0.4); border-radius: 8px; overflow: hidden; display: flex; flex-direction: column;'>\n<div style='padding: 15px; border-bottom: 1px solid rgba(150&comma; 150&comma; 150&comma; 0.2); font-weight: bold; font-size: 18px; color: inherit;'>Caracter\u00edsticas principales<\/div>\n<div style='padding: 15px; color: inherit;'>\n<ul style='padding-left: 20px; margin: 0; font-size: 14px; list-style-type: disc;'>\n<li style='margin-bottom: 5px;'><strong>Tipo de detector:<\/strong> InGaAs<\/li>\n<li style='margin-bottom: 5px;'><strong>Longitud de onda:<\/strong> 800 a 1700nm<\/li>\n<li style='margin-bottom: 5px;'><strong>Tipo de fibra \u00f3ptica:<\/strong> Di\u00e1metro 0.25mm (for bare fiber) \u03a60.9mm&comma; \u03a62.0mm&comma; \u03a63.0mm (For pigtails)<\/li>\n<li style='margin-bottom: 5px;'><strong>Frecuencia de modulaci\u00f3n:<\/strong> CW\/270Hz\/1kHz\/2kHz<\/li>\n<li style='margin-bottom: 5px;'><strong>Indicadores LED:<\/strong> Para la direcci\u00f3n del tr\u00e1fico<\/li>\n<li style='margin-bottom: 5px;'><strong>Rango de detecci\u00f3n:<\/strong> -48dBm a 10dBm<\/li>\n<\/ul><\/div>\n<\/p><\/div>\n<div style='flex: 1 1 250px; border: 1px solid rgba(150&comma; 150&comma; 150&comma; 0.4); border-radius: 8px; overflow: hidden; display: flex; flex-direction: column;'>\n<div style='padding: 15px; border-bottom: 1px solid rgba(150&comma; 150&comma; 150&comma; 0.2); font-weight: bold; font-size: 18px; color: inherit;'>VFL Localizador Visual de Fallos<\/div>\n<div style='padding: 15px; color: inherit;'>\n<ul style='padding-left: 20px; margin: 0; font-size: 14px; list-style-type: disc;'>\n<li style='margin-bottom: 5px;'><strong>Longitud de onda:<\/strong> 650nm<\/li>\n<li style='margin-bottom: 5px;'><strong>Potencia de salida:<\/strong> 2mW<\/li>\n<li style='margin-bottom: 5px;'><strong>Interfaz de fibra \u00f3ptica:<\/strong> Universal FC&comma; SC y ST<\/li>\n<li style='margin-bottom: 5px;'><strong>Alcance:<\/strong> Hasta 10 km (Prueba en laboratorio)<\/li>\n<\/ul><\/div>\n<\/p><\/div>\n<div style='flex: 1 1 250px; border: 1px solid rgba(150&comma; 150&comma; 150&comma; 0.4); border-radius: 8px; overflow: hidden; display: flex; flex-direction: column;'>\n<div style='padding: 15px; border-bottom: 1px solid rgba(150&comma; 150&comma; 150&comma; 0.2); font-weight: bold; font-size: 18px; color: inherit;'>Otros<\/div>\n<div style='padding: 15px; color: inherit;'>\n<ul style='padding-left: 20px; margin: 0; font-size: 14px; list-style-type: disc;'>\n<li style='margin-bottom: 5px;'><strong>Alimentaci\u00f3n:<\/strong> Bater\u00eda 9V (No incluidas)<\/li>\n<li style='margin-bottom: 5px;'><strong>Tiempo de bater\u00eda:<\/strong> 10 horas<\/li>\n<li style='margin-bottom: 5px;'><strong>Temperatura de operaci\u00f3n:<\/strong> -10\u00baC a 50\u00baC<\/li>\n<li style='margin-bottom: 5px;'><strong>Dimensiones:<\/strong> 220mm x 48mm x 40mm<\/li>\n<li style='margin-bottom: 5px;'><strong>Peso:<\/strong> 200 gramos<\/li>\n<\/ul><\/div>\n<\/p><\/div>\n<\/p><\/div>\n<\/p><\/div>\n","protected":false},"excerpt":{"rendered":"<p>Identificador de Tr?fico para Fibra ?ptica Activa (OFI) \/ Soporta Funci?n Localizador Visual de Fallos (VFL)<\/p>\n","protected":false},"featured_media":80042,"comment_status":"open","ping_status":"closed","template":"","meta":[],"product_brand":[],"product_cat":[636],"product_tag":[611,25,435],"class_list":{"0":"post-80043","1":"product","2":"type-product","3":"status-publish","4":"has-post-thumbnail","6":"product_cat-herramientas-fibra-optica","7":"product_tag-fibra-optica","8":"product_tag-herramientas","9":"product_tag-linkedpro-by-epcom","11":"first","12":"outofstock","13":"sale","14":"shipping-taxable","15":"purchasable","16":"product-type-simple"},"_links":{"self":[{"href":"https:\/\/soydeaqui.ddns.net\/pachuca\/index.php\/wp-json\/wp\/v2\/product\/80043","targetHints":{"allow":["GET"]}}],"collection":[{"href":"https:\/\/soydeaqui.ddns.net\/pachuca\/index.php\/wp-json\/wp\/v2\/product"}],"about":[{"href":"https:\/\/soydeaqui.ddns.net\/pachuca\/index.php\/wp-json\/wp\/v2\/types\/product"}],"replies":[{"embeddable":true,"href":"https:\/\/soydeaqui.ddns.net\/pachuca\/index.php\/wp-json\/wp\/v2\/comments?post=80043"}],"wp:featuredmedia":[{"embeddable":true,"href":"https:\/\/soydeaqui.ddns.net\/pachuca\/index.php\/wp-json\/wp\/v2\/media\/80042"}],"wp:attachment":[{"href":"https:\/\/soydeaqui.ddns.net\/pachuca\/index.php\/wp-json\/wp\/v2\/media?parent=80043"}],"wp:term":[{"taxonomy":"product_brand","embeddable":true,"href":"https:\/\/soydeaqui.ddns.net\/pachuca\/index.php\/wp-json\/wp\/v2\/product_brand?post=80043"},{"taxonomy":"product_cat","embeddable":true,"href":"https:\/\/soydeaqui.ddns.net\/pachuca\/index.php\/wp-json\/wp\/v2\/product_cat?post=80043"},{"taxonomy":"product_tag","embeddable":true,"href":"https:\/\/soydeaqui.ddns.net\/pachuca\/index.php\/wp-json\/wp\/v2\/product_tag?post=80043"}],"curies":[{"name":"wp","href":"https:\/\/api.w.org\/{rel}","templated":true}]}}