{"id":80039,"date":"2026-03-19T17:47:52","date_gmt":"2026-03-19T17:47:52","guid":{"rendered":"https:\/\/soydeaqui.ddns.net\/pachuca\/index.php\/producto\/fusionadora-de-fibra-ptica-multimodo-y-monomodo-6-motores-alineacin-por-ncleo-opm-vfl-capacitacin-remota-gratuita\/"},"modified":"2026-03-19T17:47:59","modified_gmt":"2026-03-19T17:47:59","slug":"fusionadora-de-fibra-ptica-multimodo-y-monomodo-6-motores-alineacin-por-ncleo-opm-vfl-capacitacin-remota-gratuita","status":"publish","type":"product","link":"https:\/\/soydeaqui.ddns.net\/pachuca\/index.php\/producto\/fusionadora-de-fibra-ptica-multimodo-y-monomodo-6-motores-alineacin-por-ncleo-opm-vfl-capacitacin-remota-gratuita\/","title":{"rendered":"Fusionadora de Fibra ?ptica Multimodo y Monomodo \/ 6 Motores \/ Alineaci?n por N?cleo \/ OPM + VFL \/ Capacitaci?n Remota Gratuita"},"content":{"rendered":"<div style='width: 100%; max-width: 1200px; margin: 0 auto; font-family: sans-serif; line-height: 1.6; color: inherit; background-color: transparent;'> <!-- Secci\u00f3n de caracter\u00edsticas en 3 columnas --> <\/p>\n<div style='display: flex; flex-wrap: wrap; gap: 30px; margin-bottom: 30px;'> <!-- Caracter\u00edsticas principales --> <\/p>\n<div style='flex: 1 1 300px; min-width: 280px;'>\n<div style='border-left: 5px solid #ff0000; border-radius: 8px; padding: 15px; box-shadow: 0 2px 10px rgba(150&comma;150&comma;150&comma;0.2);'>\n<h3 style='font-size: 20px; margin-top: 0; margin-bottom: 15px; color: inherit; font-family: sans-serif; font-weight: 600;'>Caracter\u00edsticas principales:<\/h3>\n<ul style='padding-left: 20px; font-size: 15px; color: inherit; list-style-type: disc;'>\n<li style='margin-bottom: 8px;'><strong>Dimensiones:<\/strong> 122 \u00d7 198 \u00d7 135 mm (largo \u00d7 ancho \u00d7 alto)<\/li>\n<li style='margin-bottom: 8px;'><strong>6 Motores<\/strong><\/li>\n<li style='margin-bottom: 8px;'><strong>Tiempo por empalme:<\/strong> 5 segundos<\/li>\n<li style='margin-bottom: 8px;'><strong>Alineaci\u00f3n por n\u00facleo<\/strong><\/li>\n<li style='margin-bottom: 8px;'><strong>Empalmes por carga:<\/strong> Hasta 260<\/li>\n<li style='margin-bottom: 8px;'><strong>Tiempo de calentamiento:<\/strong> 15 segundos para la manga de empalme<\/li>\n<\/ul><\/div>\n<\/p><\/div>\n<p> <!-- Caracter\u00edsticas F\u00edsicas y El\u00e9ctricas --> <\/p>\n<div style='flex: 1 1 300px; min-width: 280px;'>\n<div style='border-left: 5px solid #ff0000; border-radius: 8px; padding: 15px; box-shadow: 0 2px 10px rgba(150&comma;150&comma;150&comma;0.2);'>\n<h3 style='font-size: 20px; margin-top: 0; margin-bottom: 15px; color: inherit; font-family: sans-serif; font-weight: 600;'>Caracter\u00edsticas F\u00edsicas y El\u00e9ctricas:<\/h3>\n<ul style='padding-left: 20px; font-size: 15px; color: inherit; list-style-type: disc;'>\n<li style='margin-bottom: 8px;'><strong>Incluye:<\/strong> Fuente de alimentaci\u00f3n<\/li>\n<li style='margin-bottom: 8px;'><strong>Entrada CA:<\/strong> 100~240V&comma; 50\/60Hz<\/li>\n<li style='margin-bottom: 8px;'><strong>Peso:<\/strong> 8.40 Kg<\/li>\n<li style='margin-bottom: 8px;'><strong>Temperatura operaci\u00f3n:<\/strong> -15 a 50\u00b0 C<\/li>\n<li style='margin-bottom: 8px;'><strong>Pantalla:<\/strong> 5 pulgadas<\/li>\n<li style='margin-bottom: 8px;'><strong>VFL integrada:<\/strong> Longitudes de onda: 850nm&comma; 1300nm&comma; 1310nm&comma; 1490nm&comma; 1550nm y 1625nm<\/li>\n<li style='margin-bottom: 8px;'><strong>OPM integrada:<\/strong> 15mW<\/li>\n<li style='margin-bottom: 8px;'><strong>Idiomas:<\/strong> 10 disponibles (incluye espa\u00f1ol e ingl\u00e9s)<\/li>\n<\/ul><\/div>\n<\/p><\/div>\n<p> <!-- Contenido del paquete --> <\/p>\n<div style='flex: 1 1 300px; min-width: 280px;'>\n<div style='border-left: 5px solid #ff0000; border-radius: 8px; padding: 15px; box-shadow: 0 2px 10px rgba(150&comma;150&comma;150&comma;0.2);'>\n<h3 style='font-size: 20px; margin-top: 0; margin-bottom: 15px; color: inherit; font-family: sans-serif; font-weight: 600;'>Contenido del paquete:<\/h3>\n<ul style='padding-left: 20px; font-size: 15px; color: inherit; list-style-type: disc;'>\n<li style='margin-bottom: 8px;'>1 Case para transportar la fusionadora<\/li>\n<li style='margin-bottom: 8px;'>2 Electrodos de repuesto<\/li>\n<li style='margin-bottom: 8px;'>1 Cleaver<\/li>\n<li style='margin-bottom: 8px;'>1 Desforradora (8 funciones en 1)<\/li>\n<li style='margin-bottom: 8px;'>1 Cintur\u00f3n para la fusionadora<\/li>\n<li style='margin-bottom: 8px;'>1 Correa para case<\/li>\n<li style='margin-bottom: 8px;'>1 Dispensador para alcohol isoprop\u00edlico (no incluye alcohol&comma; se recomienda el modelo: <a href='https:\/\/www.syscom.mx\/producto\/ALCOHOL-SILIMEX-164414.html' style='color: #0066cc; text-decoration: underline;'>ALCOHOL<\/a>)<\/li>\n<li style='margin-bottom: 8px;'>1 Brocha peque\u00f1a<\/li>\n<li style='margin-bottom: 8px;'>1 Fuente de alimentaci\u00f3n<\/li>\n<li style='margin-bottom: 8px;'>3 Llaves allen<\/li>\n<li style='margin-bottom: 8px;'>2 Llaves de seguridad<\/li>\n<li style='margin-bottom: 8px;'><strong>GARANT\u00cdA:<\/strong> 5 a\u00f1os en maquina&comma; cargador&comma; bater\u00eda y accesorios<\/li>\n<\/ul><\/div>\n<\/p><\/div>\n<\/p><\/div>\n<p> <!-- Video tutorial --> <\/p>\n<div style='margin: 30px 0; text-align: center;'>\n<h3 style='font-size: 24px; margin-bottom: 20px; color: inherit; font-family: sans-serif; font-weight: 600;'>\u00bfC\u00f3mo utilizar mi fusionadora Linkedpro?<\/h3>\n<div style='position: relative; padding-bottom: 56.25%; height: 0; overflow: hidden; max-width: 100%;'>   <\/div>\n<\/p><\/div>\n<p> <!-- Nota importante --> <\/p>\n<div style='margin-top: 30px; padding: 20px; border-left: 5px solid #e74c3c; background-color: rgba(231&comma; 76&comma; 60&comma; 0.05);'>\n<h4 style='margin-top: 0; margin-bottom: 15px; color: #e74c3c; font-size: 18px; font-weight: 600; font-family: sans-serif;'>NOTA:<\/h4>\n<p style='margin: 0; font-size: 15px; color: inherit;'> Antes de utilizar la fusionadora LP-FS-PRO-900&comma; es indispensable realizar una carga inicial de la bater\u00eda de al menos 3 horas&comma; con el fin de garantizar el correcto funcionamiento del equipo. <\/p>\n<\/p><\/div>\n<\/p><\/div>\n","protected":false},"excerpt":{"rendered":"<p>Fusionadora de Fibra ?ptica Multimodo y Monomodo \/ 6 Motores \/ Alineaci?n por N?cleo \/ OPM + VFL \/ Capacitaci?n Remota Gratuita<\/p>\n","protected":false},"featured_media":80038,"comment_status":"open","ping_status":"closed","template":"","meta":[],"product_brand":[],"product_cat":[636],"product_tag":[611,25,435],"class_list":{"0":"post-80039","1":"product","2":"type-product","3":"status-publish","4":"has-post-thumbnail","6":"product_cat-herramientas-fibra-optica","7":"product_tag-fibra-optica","8":"product_tag-herramientas","9":"product_tag-linkedpro-by-epcom","11":"first","12":"instock","13":"sale","14":"shipping-taxable","15":"purchasable","16":"product-type-simple"},"_links":{"self":[{"href":"https:\/\/soydeaqui.ddns.net\/pachuca\/index.php\/wp-json\/wp\/v2\/product\/80039","targetHints":{"allow":["GET"]}}],"collection":[{"href":"https:\/\/soydeaqui.ddns.net\/pachuca\/index.php\/wp-json\/wp\/v2\/product"}],"about":[{"href":"https:\/\/soydeaqui.ddns.net\/pachuca\/index.php\/wp-json\/wp\/v2\/types\/product"}],"replies":[{"embeddable":true,"href":"https:\/\/soydeaqui.ddns.net\/pachuca\/index.php\/wp-json\/wp\/v2\/comments?post=80039"}],"wp:featuredmedia":[{"embeddable":true,"href":"https:\/\/soydeaqui.ddns.net\/pachuca\/index.php\/wp-json\/wp\/v2\/media\/80038"}],"wp:attachment":[{"href":"https:\/\/soydeaqui.ddns.net\/pachuca\/index.php\/wp-json\/wp\/v2\/media?parent=80039"}],"wp:term":[{"taxonomy":"product_brand","embeddable":true,"href":"https:\/\/soydeaqui.ddns.net\/pachuca\/index.php\/wp-json\/wp\/v2\/product_brand?post=80039"},{"taxonomy":"product_cat","embeddable":true,"href":"https:\/\/soydeaqui.ddns.net\/pachuca\/index.php\/wp-json\/wp\/v2\/product_cat?post=80039"},{"taxonomy":"product_tag","embeddable":true,"href":"https:\/\/soydeaqui.ddns.net\/pachuca\/index.php\/wp-json\/wp\/v2\/product_tag?post=80039"}],"curies":[{"name":"wp","href":"https:\/\/api.w.org\/{rel}","templated":true}]}}