{"id":80033,"date":"2026-03-19T17:47:39","date_gmt":"2026-03-19T17:47:39","guid":{"rendered":"https:\/\/soydeaqui.ddns.net\/pachuca\/index.php\/producto\/mini-otdr-touch-para-pruebas-en-enlaces-fibra-ptica-activos-prueba-de-fibra-viva-longitud-de-onda-en-1625nm-integra-funcin-opm-integra-funcin-vfl-5mw-mapeo-de-cables-rj45-recargable-d\/"},"modified":"2026-03-19T17:47:41","modified_gmt":"2026-03-19T17:47:41","slug":"mini-otdr-touch-para-pruebas-en-enlaces-fibra-ptica-activos-prueba-de-fibra-viva-longitud-de-onda-en-1625nm-integra-funcin-opm-integra-funcin-vfl-5mw-mapeo-de-cables-rj45-recargable-d","status":"publish","type":"product","link":"https:\/\/soydeaqui.ddns.net\/pachuca\/index.php\/producto\/mini-otdr-touch-para-pruebas-en-enlaces-fibra-ptica-activos-prueba-de-fibra-viva-longitud-de-onda-en-1625nm-integra-funcin-opm-integra-funcin-vfl-5mw-mapeo-de-cables-rj45-recargable-d\/","title":{"rendered":"Mini OTDR Touch para Pruebas en Enlaces Fibra ?ptica Activos (Prueba de Fibra Viva) \/ Longitud de Onda en 1625nm \/ Integra Funci?n OPM \/ Integra Funci?n VFL 5mW \/ Mapeo de Cables RJ45 \/ Recargable \/ Distancia de Prueba hasta 100 Kil?metros (328084 pie"},"content":{"rendered":"<div style='width: 100%; max-width: 1200px; margin: 0 auto; font-family: sans-serif; line-height: 1.6; color: inherit; background-color: transparent;'> <!-- Descripci\u00f3n principal --> <\/p>\n<div style='margin-bottom: 30px;'>\n<p style='margin: 0 0 15px; text-align: justify; color: inherit; font-size: 15px;'> El LP-M-OTDR-LF puede hacer la prueba con fibra \u00f3ptica viva&comma; es compacto y f\u00e1cil de llevar; pantalla t\u00e1ctil de alta definici\u00f3n de 4.3&#8217;&comma; compatible con funcionamiento multit\u00e1ctil y fluido. La funci\u00f3n OTDR es est\u00e1ndar con una sola longitud de onda y un aislador de longitud de onda eficiente incorporado&comma; que puede realizar pruebas \u00f3pticas en el enlace&comma; con un \u00e1rea ciega de evento m\u00ednima de 1&comma;5 m y un rango de medici\u00f3n m\u00e1ximo de 100 km. Se utiliza para medir la longitud&comma; p\u00e9rdida&comma; calidad de la conexi\u00f3n y otros par\u00e1metros de la fibra \u00f3ptica. Puede probar f\u00e1cilmente el punto de interrupci\u00f3n&comma; curvatura y p\u00e9rdida del enlace de fibra \u00f3ptica. <\/p>\n<\/p><\/div>\n<p> <!-- Secci\u00f3n de incluye --> <\/p>\n<div style='margin-bottom: 30px;'>\n<h3 style='font-size: 20px; border-bottom: 2px solid currentColor; padding-bottom: 5px; margin-top: 0; color: inherit; opacity: 0.8;'>Incluye<\/h3>\n<ul style='padding-left: 20px; margin: 15px 0; font-size: 15px; color: inherit;'>\n<li style='margin-bottom: 5px;'>OTDR<\/li>\n<li style='margin-bottom: 5px;'>Estuche<\/li>\n<li style='margin-bottom: 5px;'>Cargador USB<\/li>\n<li style='margin-bottom: 5px;'>Certificado de calibraci\u00f3n<\/li>\n<li style='margin-bottom: 5px;'>Adaptador para conector ST<\/li>\n<li style='margin-bottom: 5px;'>Rastreador de cables de red<\/li>\n<li style='margin-bottom: 5px;'>Manual de usuario<\/li>\n<li style='margin-bottom: 5px;'>Tarjeta Micro SD 8 GB<\/li>\n<\/ul><\/div>\n<p> <!-- Nota importante --> <\/p>\n<div style='margin-bottom: 30px;'>\n<p style='margin: 0; padding: 15px; border-left: 4px solid #e63946; background-color: rgba(230&comma; 57&comma; 70&comma; 0.05); color: inherit; font-size: 14px;'> <strong>NOTA:<\/strong> Se recomienda su uso con bobina de lanzamiento&comma; para eliminar la zona muerta y mejorar la precisi\u00f3n de las mediciones: <a href='https:\/\/www.syscom.mx\/principal\/searchcont?route=LP-LC-SM-1KM-LINKEDPRO-BY-EPCOM-229299&#038;autodetect=BOBINA_DE_LANZAMIENTO' style='color: #e63946; text-decoration: none; font-weight: bold;'> LP-LC-SM-1KM <\/a> <\/p>\n<\/p><\/div>\n<p> <!-- Secci\u00f3n de especificaciones --> <\/p>\n<div style='display: flex; flex-wrap: wrap; gap: 20px; margin-bottom: 30px;'> <!-- Caracter\u00edsticas principales del OTDR --> <\/p>\n<div style='flex: 1 1 250px; border: 1px solid rgba(150&comma; 150&comma; 150&comma; 0.4); border-radius: 8px; overflow: hidden; display: flex; flex-direction: column;'>\n<div style='padding: 15px; border-bottom: 1px solid rgba(150&comma; 150&comma; 150&comma; 0.2); font-weight: bold; font-size: 18px; color: inherit; background-color: rgba(230&comma; 57&comma; 70&comma; 0.05);'>Caracter\u00edsticas principales del OTDR<\/div>\n<div style='padding: 15px; color: inherit;'>\n<ul style='padding-left: 20px; margin: 0; font-size: 14px; list-style-type: disc;'>\n<li style='margin-bottom: 5px;'>Compatible con Fibra \u00d3ptica Monomodo<\/li>\n<li style='margin-bottom: 5px;'>Longitud de onda: 1625nm<\/li>\n<li style='margin-bottom: 5px;'>Rango din\u00e1mico: 20dB<\/li>\n<li style='margin-bottom: 5px;'>An\u00e1lisis de p\u00e9rdida: M\u00e9todo de 4 y 5 puntos<\/li>\n<li style='margin-bottom: 5px;'>Zona muerta entre eventos: 1.5 metros<\/li>\n<li style='margin-bottom: 5px;'>Nivel de seguridad del l\u00e1ser: Clase II<\/li>\n<li style='margin-bottom: 5px;'>Soportar conectores SC\/PC<\/li>\n<li style='margin-bottom: 5px;'>Mapeo de cables de red RJ45<\/li>\n<li style='margin-bottom: 5px;'>Temperatura de operaci\u00f3n: -10\u00baC a 50\u00baC<\/li>\n<li style='margin-bottom: 5px;'>Bater\u00eda de pol\u00edmero de iones de litio 4000mAh<\/li>\n<li style='margin-bottom: 5px;'>Fuente de luz estable de -5 dBm<\/li>\n<\/ul><\/div>\n<\/p><\/div>\n<p> <!-- Localizador Visual de Fallos (VFL) --> <\/p>\n<div style='flex: 1 1 250px; border: 1px solid rgba(150&comma; 150&comma; 150&comma; 0.4); border-radius: 8px; overflow: hidden; display: flex; flex-direction: column;'>\n<div style='padding: 15px; border-bottom: 1px solid rgba(150&comma; 150&comma; 150&comma; 0.2); font-weight: bold; font-size: 18px; color: inherit; background-color: rgba(230&comma; 57&comma; 70&comma; 0.05);'>Localizador Visual de Fallos (VFL)<\/div>\n<div style='padding: 15px; color: inherit;'>\n<ul style='padding-left: 20px; margin: 0; font-size: 14px; list-style-type: disc;'>\n<li style='margin-bottom: 5px;'>Longitud de onda: 650nm<\/li>\n<li style='margin-bottom: 5px;'>Potencia de salida: >10mW<\/li>\n<li style='margin-bottom: 5px;'>Modo: CW\/1Hz\/2Hz<\/li>\n<li style='margin-bottom: 5px;'>Conector compatible: FC&comma; ST y SC<\/li>\n<\/ul><\/div>\n<\/p><\/div>\n<p> <!-- Medidor de Potencia \u00d3ptica (OPM) --> <\/p>\n<div style='flex: 1 1 250px; border: 1px solid rgba(150&comma; 150&comma; 150&comma; 0.4); border-radius: 8px; overflow: hidden; display: flex; flex-direction: column;'>\n<div style='padding: 15px; border-bottom: 1px solid rgba(150&comma; 150&comma; 150&comma; 0.2); font-weight: bold; font-size: 18px; color: inherit; background-color: rgba(230&comma; 57&comma; 70&comma; 0.05);'>Medidor de Potencia \u00d3ptica (OPM)<\/div>\n<div style='padding: 15px; color: inherit;'>\n<ul style='padding-left: 20px; margin: 0; font-size: 14px; list-style-type: disc;'>\n<li style='margin-bottom: 5px;'>Longitudes de onda: 800nm a 1700nm<\/li>\n<li style='margin-bottom: 5px;'>Rango de prueba: -50dBm a 26 dBm<\/li>\n<li style='margin-bottom: 5px;'>Onda de calibraci\u00f3n: 850nm \/ 1300nm \/ 1310nm \/ 1490nm \/ 1550nm \/ 1625nm \/ 1650nm<\/li>\n<li style='margin-bottom: 5px;'>Conector compatible: FC&comma; ST y SC<\/li>\n<\/ul><\/div>\n<\/p><\/div>\n<\/p><\/div>\n<p> <!-- Separador final --> <\/p>\n<hr style='border: 0; border-top: 1px solid rgba(150&comma; 150&comma; 150&comma; 0.3); margin: 30px 0;'> <\/div>\n","protected":false},"excerpt":{"rendered":"<p>Mini OTDR Touch para Pruebas en Enlaces Fibra ?ptica Activos (Prueba de Fibra Viva) \/ Longitud de Onda en 1625nm \/ Integra Funci?n OPM \/ Integra Funci?n VFL 5mW \/ Mapeo de Cables RJ45 \/ Recargable \/ Distancia de Prueba hasta 100 Kil?metros (328084 pie<\/p>\n","protected":false},"featured_media":80032,"comment_status":"open","ping_status":"closed","template":"","meta":[],"product_brand":[],"product_cat":[636],"product_tag":[611,25,435],"class_list":{"0":"post-80033","1":"product","2":"type-product","3":"status-publish","4":"has-post-thumbnail","6":"product_cat-herramientas-fibra-optica","7":"product_tag-fibra-optica","8":"product_tag-herramientas","9":"product_tag-linkedpro-by-epcom","11":"first","12":"instock","13":"sale","14":"shipping-taxable","15":"purchasable","16":"product-type-simple"},"_links":{"self":[{"href":"https:\/\/soydeaqui.ddns.net\/pachuca\/index.php\/wp-json\/wp\/v2\/product\/80033","targetHints":{"allow":["GET"]}}],"collection":[{"href":"https:\/\/soydeaqui.ddns.net\/pachuca\/index.php\/wp-json\/wp\/v2\/product"}],"about":[{"href":"https:\/\/soydeaqui.ddns.net\/pachuca\/index.php\/wp-json\/wp\/v2\/types\/product"}],"replies":[{"embeddable":true,"href":"https:\/\/soydeaqui.ddns.net\/pachuca\/index.php\/wp-json\/wp\/v2\/comments?post=80033"}],"wp:featuredmedia":[{"embeddable":true,"href":"https:\/\/soydeaqui.ddns.net\/pachuca\/index.php\/wp-json\/wp\/v2\/media\/80032"}],"wp:attachment":[{"href":"https:\/\/soydeaqui.ddns.net\/pachuca\/index.php\/wp-json\/wp\/v2\/media?parent=80033"}],"wp:term":[{"taxonomy":"product_brand","embeddable":true,"href":"https:\/\/soydeaqui.ddns.net\/pachuca\/index.php\/wp-json\/wp\/v2\/product_brand?post=80033"},{"taxonomy":"product_cat","embeddable":true,"href":"https:\/\/soydeaqui.ddns.net\/pachuca\/index.php\/wp-json\/wp\/v2\/product_cat?post=80033"},{"taxonomy":"product_tag","embeddable":true,"href":"https:\/\/soydeaqui.ddns.net\/pachuca\/index.php\/wp-json\/wp\/v2\/product_tag?post=80033"}],"curies":[{"name":"wp","href":"https:\/\/api.w.org\/{rel}","templated":true}]}}