{"id":80025,"date":"2026-03-19T17:47:13","date_gmt":"2026-03-19T17:47:13","guid":{"rendered":"https:\/\/soydeaqui.ddns.net\/pachuca\/index.php\/producto\/cargador-mini-ganrobot-30w-serie-uno-1-usb-c-de-carga-rapida-tecnologia-gan-ii-multiprotocolo-pd-qc-scp-fca-carga-inteligente-pantalla-led-zapato-magnetico-extraible-thermal-guard-colo\/"},"modified":"2026-03-19T17:47:35","modified_gmt":"2026-03-19T17:47:35","slug":"cargador-mini-ganrobot-30w-serie-uno-1-usb-c-de-carga-rapida-tecnologia-gan-ii-multiprotocolo-pd-qc-scp-fca-carga-inteligente-pantalla-led-zapato-magnetico-extraible-thermal-guard-colo","status":"publish","type":"product","link":"https:\/\/soydeaqui.ddns.net\/pachuca\/index.php\/producto\/cargador-mini-ganrobot-30w-serie-uno-1-usb-c-de-carga-rapida-tecnologia-gan-ii-multiprotocolo-pd-qc-scp-fca-carga-inteligente-pantalla-led-zapato-magnetico-extraible-thermal-guard-colo\/","title":{"rendered":"Cargador Mini GaNRobot 30W serie UNO | 1 USB-C de Carga R\u00e1pida | Tecnolog\u00eda GaN II | Multiprotocolo PD\/QC\/SCP\/FCA | Carga Inteligente | Pantalla LED | Zapato Magn\u00e9tico Extra\u00edble | Thermal Guard | Color Negro."},"content":{"rendered":"<div style='width: 100%; max-width: 1200px; margin: 0 auto; font-family: sans-serif; line-height: 1.6; color: inherit; background-color: transparent;'> <!-- Im\u00e1genes del producto --> <\/p>\n<div style='display: flex; flex-wrap: wrap; gap: 15px; margin-bottom: 30px;'>\n<div style='flex: 1 1 300px; min-width: 280px;'> <img style='width: 100%; height: auto; border: 1px solid rgba(150&comma;150&comma;150&comma;0.3); border-radius: 8px;' src='http:\/\/ftp3.syscom.mx\/usuarios\/hallende\/UGREEN2\/Cargadores\/15550\/15550-20.jpg' alt=''> <\/div>\n<div style='flex: 1 1 300px; min-width: 280px;'> <img style='width: 100%; height: auto; border: 1px solid rgba(150&comma;150&comma;150&comma;0.3); border-radius: 8px;' src='http:\/\/ftp3.syscom.mx\/usuarios\/hallende\/UGREEN2\/Cargadores\/15550\/15550-21.jpg' alt=''> <\/div>\n<div style='flex: 1 1 300px; min-width: 280px;'> <img style='width: 100%; height: auto; border: 1px solid rgba(150&comma;150&comma;150&comma;0.3); border-radius: 8px;' src='http:\/\/ftp3.syscom.mx\/usuarios\/hallende\/UGREEN2\/Cargadores\/15550\/15550-22.jpg' alt=''> <\/div>\n<div style='flex: 1 1 300px; min-width: 280px;'> <img style='width: 100%; height: auto; border: 1px solid rgba(150&comma;150&comma;150&comma;0.3); border-radius: 8px;' src='http:\/\/ftp3.syscom.mx\/usuarios\/hallende\/UGREEN2\/Cargadores\/15550\/15550-23.jpg' alt=''> <\/div>\n<div style='flex: 1 1 300px; min-width: 280px;'> <img style='width: 100%; height: auto; border: 1px solid rgba(150&comma;150&comma;150&comma;0.3); border-radius: 8px;' src='http:\/\/ftp3.syscom.mx\/usuarios\/hallende\/UGREEN2\/Cargadores\/15550\/15550-24.jpg' alt=''> <\/div>\n<div style='flex: 1 1 300px; min-width: 280px;'> <img style='width: 100%; height: auto; border: 1px solid rgba(150&comma;150&comma;150&comma;0.3); border-radius: 8px;' src='http:\/\/ftp3.syscom.mx\/usuarios\/hallende\/UGREEN2\/Cargadores\/15550\/15550-25a.jpg' alt=''> <\/div>\n<div style='flex: 1 1 300px; min-width: 280px;'> <img style='width: 100%; height: auto; border: 1px solid rgba(150&comma;150&comma;150&comma;0.3); border-radius: 8px;' src='http:\/\/ftp3.syscom.mx\/usuarios\/hallende\/UGREEN2\/Cargadores\/15550\/15550-26.jpg' alt=''> <\/div>\n<\/p><\/div>\n<p> <!-- Secci\u00f3n de caracter\u00edsticas principales --> <\/p>\n<div style='display: flex; flex-wrap: wrap; gap: 30px; margin-bottom: 30px;'>\n<div style='flex: 1 1 300px; min-width: 280px;'>\n<h3 style='font-size: 22px; border-bottom: 2px solid currentColor; padding-bottom: 5px; margin-top: 0; color: inherit; opacity: 0.8;'>Caracter\u00edsticas Principales<\/h3>\n<ul style='padding-left: 20px; font-size: 15px; color: inherit;'>\n<li style='margin-bottom: 5px;'>Dise\u00f1o \u00fanico en forma de robot con colores llamativos<\/li>\n<li style='margin-bottom: 5px;'>Carga r\u00e1pida de 30W con tecnolog\u00eda GaNFast<\/li>\n<li style='margin-bottom: 5px;'>Pantalla inteligente con expresiones animadas<\/li>\n<li style='margin-bottom: 5px;'>Im\u00e1n integrado para fijaci\u00f3n en superficies met\u00e1licas<\/li>\n<li style='margin-bottom: 5px;'>Eficiencia energ\u00e9tica del 95% con menor generaci\u00f3n de calor<\/li>\n<li style='margin-bottom: 5px;'>Protecci\u00f3n inteligente Thermal Guard<\/li>\n<li style='margin-bottom: 5px;'>Compatibilidad con m\u00faltiples dispositivos USB-C<\/li>\n<\/ul><\/div>\n<\/p><\/div>\n<p> <!-- Secci\u00f3n de especificaciones t\u00e9cnicas --> <\/p>\n<div style='display: flex; flex-wrap: wrap; gap: 30px; margin-bottom: 30px;'>\n<div style='flex: 1 1 300px; min-width: 280px;'>\n<h3 style='font-size: 22px; border-bottom: 2px solid currentColor; padding-bottom: 5px; margin-top: 0; color: inherit; opacity: 0.8;'>Especificaciones T\u00e9cnicas<\/h3>\n<ul style='padding-left: 20px; font-size: 15px; color: inherit;'>\n<li style='margin-bottom: 5px;'><strong>Potencia m\u00e1xima:<\/strong> 30W<\/li>\n<li style='margin-bottom: 5px;'><strong>Tecnolog\u00eda:<\/strong> GaNFast (Nitruro de Galio II)<\/li>\n<li style='margin-bottom: 5px;'><strong>Protocolos soportados:<\/strong> PD\/QC\/SCP\/FCA<\/li>\n<li style='margin-bottom: 5px;'><strong>Entrada:<\/strong> 100-240V AC<\/li>\n<li style='margin-bottom: 5px;'><strong>Salida USB-C:<\/strong> 5V\/3A&comma; 9V\/3A&comma; 12V\/2.5A&comma; 15V\/2A&comma; 20V\/1.5A<\/li>\n<li style='margin-bottom: 5px;'><strong>Protecciones:<\/strong> Sobrecalentamiento&comma; sobrecarga y sobre corriente<\/li>\n<li style='margin-bottom: 5px;'><strong>Material:<\/strong> Pl\u00e1stico resistente al calor<\/li>\n<li style='margin-bottom: 5px;'><strong>Peso:<\/strong> 45g<\/li>\n<li style='margin-bottom: 5px;'><strong>Dimensiones:<\/strong> 48 x 48 x 30mm<\/li>\n<li style='margin-bottom: 5px;'><strong>Color:<\/strong> Negro<\/li>\n<\/ul><\/div>\n<\/p><\/div>\n<p> <!-- Secci\u00f3n de compatibilidad --> <\/p>\n<div style='display: flex; flex-wrap: wrap; gap: 30px; margin-bottom: 30px;'>\n<div style='flex: 1 1 300px; min-width: 280px;'>\n<h3 style='font-size: 22px; border-bottom: 2px solid currentColor; padding-bottom: 5px; margin-top: 0; color: inherit; opacity: 0.8;'>Dispositivos Compatibles<\/h3>\n<ul style='padding-left: 20px; font-size: 15px; color: inherit;'>\n<li style='margin-bottom: 5px;'>iPhone 8-15 series<\/li>\n<li style='margin-bottom: 5px;'>Galaxy S23\/S22\/S21\/S20\/20+\/20 Ultra&comma; S10\/10+&comma; S9\/S8&comma; Note 9\/10<\/li>\n<li style='margin-bottom: 5px;'>Xiaomi Mi 8\/8 SE\/Mi 9\/9 Pro\/9 SE\/10 Pro\/11\/11 Pro<\/li>\n<li style='margin-bottom: 5px;'>Huawei Mate 10\/20\/30\/40\/series&comma; P10\/20\/30\/40\/50 series&comma; Nova 2-9 series<\/li>\n<li style='margin-bottom: 5px;'>iPad Pro 10.5\/11\/12.9&comma; iPad Air 3&comma; iPad Mini<\/li>\n<li style='margin-bottom: 5px;'>MacBook<\/li>\n<\/ul><\/div>\n<\/p><\/div>\n<p> <!-- Secci\u00f3n de funciones detalladas --> <\/p>\n<div style='display: flex; flex-wrap: wrap; gap: 20px; margin-bottom: 30px;'>\n<div style='flex: 1 1 250px; border: 1px solid rgba(150&comma; 150&comma; 150&comma; 0.4); border-radius: 8px; overflow: hidden; display: flex; flex-direction: column;'>\n<div style='padding: 15px; border-bottom: 1px solid rgba(150&comma; 150&comma; 150&comma; 0.2); font-weight: bold; font-size: 18px; color: inherit;'>Carga R\u00e1pida 30W<\/div>\n<div style='padding: 15px; color: inherit;'>\n<p style='font-size: 14px; margin: 0;'>Con la tecnolog\u00eda GaNFast&comma; el cargador puede cargar el iPhone 14 Pro Max al 51% en solo 30 minutos. Ofrece una potencia m\u00e1xima de 30W para una carga r\u00e1pida y eficiente.<\/p>\n<\/p><\/div>\n<\/p><\/div>\n<div style='flex: 1 1 250px; border: 1px solid rgba(150&comma; 150&comma; 150&comma; 0.4); border-radius: 8px; overflow: hidden; display: flex; flex-direction: column;'>\n<div style='padding: 15px; border-bottom: 1px solid rgba(150&comma; 150&comma; 150&comma; 0.2); font-weight: bold; font-size: 18px; color: inherit;'>Pantalla Inteligente<\/div>\n<div style='padding: 15px; color: inherit;'>\n<p style='font-size: 14px; margin: 0;'>Equipado con una mini pantalla inteligente que muestra el estado de carga en tiempo real con expresiones animadas. Facilita el monitoreo del proceso de carga.<\/p>\n<\/p><\/div>\n<\/p><\/div>\n<div style='flex: 1 1 250px; border: 1px solid rgba(150&comma; 150&comma; 150&comma; 0.4); border-radius: 8px; overflow: hidden; display: flex; flex-direction: column;'>\n<div style='padding: 15px; border-bottom: 1px solid rgba(150&comma; 150&comma; 150&comma; 0.2); font-weight: bold; font-size: 18px; color: inherit;'>Tecnolog\u00eda GaNFast<\/div>\n<div style='padding: 15px; color: inherit;'>\n<p style='font-size: 14px; margin: 0;'>Con la cooperaci\u00f3n de la tecnolog\u00eda de carga de alta eficiencia Navitas GaNFast&comma; proporciona una eficiencia de conversi\u00f3n de energ\u00eda del 95%&comma; reduciendo la p\u00e9rdida de energ\u00eda y la generaci\u00f3n de calor.<\/p>\n<\/p><\/div>\n<\/p><\/div>\n<div style='flex: 1 1 250px; border: 1px solid rgba(150&comma; 150&comma; 150&comma; 0.4); border-radius: 8px; overflow: hidden; display: flex; flex-direction: column;'>\n<div style='padding: 15px; border-bottom: 1px solid rgba(150&comma; 150&comma; 150&comma; 0.2); font-weight: bold; font-size: 18px; color: inherit;'>Protecci\u00f3n Thermal Guard<\/div>\n<div style='padding: 15px; color: inherit;'>\n<p style='font-size: 14px; margin: 0;'>Sistema integrado que supervisa la temperatura en tiempo real y distribuye inteligentemente la corriente adecuada para proteger la bater\u00eda y prolongar su vida \u00fatil.<\/p>\n<\/p><\/div>\n<\/p><\/div>\n<div style='flex: 1 1 250px; border: 1px solid rgba(150&comma; 150&comma; 150&comma; 0.4); border-radius: 8px; overflow: hidden; display: flex; flex-direction: column;'>\n<div style='padding: 15px; border-bottom: 1px solid rgba(150&comma; 150&comma; 150&comma; 0.2); font-weight: bold; font-size: 18px; color: inherit;'>Compatibilidad Universal<\/div>\n<div style='padding: 15px; color: inherit;'>\n<p style='font-size: 14px; margin: 0;'>Compatible con m\u00faltiples protocolos de carga r\u00e1pida (PD\/QC\/SCP\/FCA) y con la mayor\u00eda de los dispositivos con puerto USB-C del mercado.<\/p>\n<\/p><\/div>\n<\/p><\/div>\n<div style='flex: 1 1 250px; border: 1px solid rgba(150&comma; 150&comma; 150&comma; 0.4); border-radius: 8px; overflow: hidden; display: flex; flex-direction: column;'>\n<div style='padding: 15px; border-bottom: 1px solid rgba(150&comma; 150&comma; 150&comma; 0.2); font-weight: bold; font-size: 18px; color: inherit;'>Dise\u00f1o Magn\u00e9tico<\/div>\n<div style='padding: 15px; color: inherit;'>\n<p style='font-size: 14px; margin: 0;'>Incorpora un im\u00e1n integrado que permite fijarlo f\u00e1cilmente a superficies met\u00e1licas como refrigeradores&comma; computadoras port\u00e1tiles&comma; etc.<\/p>\n<\/p><\/div>\n<\/p><\/div>\n<\/p><\/div>\n<p> <!-- Separador --> <\/p>\n<hr style='border: 0; border-top: 1px solid rgba(150&comma; 150&comma; 150&comma; 0.3); margin: 30px 0;'> <\/div>\n","protected":false},"excerpt":{"rendered":"<p>Cargador Mini GaNRobot 30W serie UNO | 1 USB-C de Carga R\u00e1pida | Tecnolog\u00eda GaN II | Multiprotocolo PD\/QC\/SCP\/FCA | Carga Inteligente | Pantalla LED | Zapato Magn\u00e9tico Extra\u00edble | Thermal Guard | Color Negro.<\/p>\n","protected":false},"featured_media":80024,"comment_status":"open","ping_status":"closed","template":"","meta":[],"product_brand":[],"product_cat":[1235],"product_tag":[417,1236,650],"class_list":{"0":"post-80025","1":"product","2":"type-product","3":"status-publish","4":"has-post-thumbnail","6":"product_cat-accesorios-para-computadora-y-smartphones","7":"product_tag-accesorios-generales","8":"product_tag-accesorios-para-computadora-y-smartphones","9":"product_tag-ugreen","11":"first","12":"instock","13":"sale","14":"shipping-taxable","15":"purchasable","16":"product-type-simple"},"_links":{"self":[{"href":"https:\/\/soydeaqui.ddns.net\/pachuca\/index.php\/wp-json\/wp\/v2\/product\/80025","targetHints":{"allow":["GET"]}}],"collection":[{"href":"https:\/\/soydeaqui.ddns.net\/pachuca\/index.php\/wp-json\/wp\/v2\/product"}],"about":[{"href":"https:\/\/soydeaqui.ddns.net\/pachuca\/index.php\/wp-json\/wp\/v2\/types\/product"}],"replies":[{"embeddable":true,"href":"https:\/\/soydeaqui.ddns.net\/pachuca\/index.php\/wp-json\/wp\/v2\/comments?post=80025"}],"wp:featuredmedia":[{"embeddable":true,"href":"https:\/\/soydeaqui.ddns.net\/pachuca\/index.php\/wp-json\/wp\/v2\/media\/80024"}],"wp:attachment":[{"href":"https:\/\/soydeaqui.ddns.net\/pachuca\/index.php\/wp-json\/wp\/v2\/media?parent=80025"}],"wp:term":[{"taxonomy":"product_brand","embeddable":true,"href":"https:\/\/soydeaqui.ddns.net\/pachuca\/index.php\/wp-json\/wp\/v2\/product_brand?post=80025"},{"taxonomy":"product_cat","embeddable":true,"href":"https:\/\/soydeaqui.ddns.net\/pachuca\/index.php\/wp-json\/wp\/v2\/product_cat?post=80025"},{"taxonomy":"product_tag","embeddable":true,"href":"https:\/\/soydeaqui.ddns.net\/pachuca\/index.php\/wp-json\/wp\/v2\/product_tag?post=80025"}],"curies":[{"name":"wp","href":"https:\/\/api.w.org\/{rel}","templated":true}]}}