{"id":79997,"date":"2026-03-19T17:46:06","date_gmt":"2026-03-19T17:46:06","guid":{"rendered":"https:\/\/soydeaqui.ddns.net\/pachuca\/index.php\/producto\/radio-integrado-23-dbi-puerto-10-100-modo-ap-cpe-en-ptp-o-cpe-en-multipunto-hasta-867-mbps-boton-de-auto-emparejamiento-para-distribuciones-de-enlaces-inalambricos-wisp-y-cctv-administracion-en-l\/"},"modified":"2026-03-19T17:46:14","modified_gmt":"2026-03-19T17:46:14","slug":"radio-integrado-23-dbi-puerto-10-100-modo-ap-cpe-en-ptp-o-cpe-en-multipunto-hasta-867-mbps-boton-de-auto-emparejamiento-para-distribuciones-de-enlaces-inalambricos-wisp-y-cctv-administracion-en-l","status":"publish","type":"product","link":"https:\/\/soydeaqui.ddns.net\/pachuca\/index.php\/producto\/radio-integrado-23-dbi-puerto-10-100-modo-ap-cpe-en-ptp-o-cpe-en-multipunto-hasta-867-mbps-boton-de-auto-emparejamiento-para-distribuciones-de-enlaces-inalambricos-wisp-y-cctv-administracion-en-l\/","title":{"rendered":"Radio Integrado 23 dBi Puerto 10\/100,  Modo AP\/CPE en PtP o CPE en Multipunto, Hasta 867 Mbps, Bot\u00f3n de Auto-Emparejamiento para distribuciones de Enlaces Inal\u00e1mbricos WISP y CCTV, Administraci\u00f3n en la Nube."},"content":{"rendered":"<div style='width: 100%; max-width: 1200px; margin: 0 auto; font-family: sans-serif; line-height: 1.6; color: inherit; background-color: transparent;'> <!-- Imagen principal --> <\/p>\n<div style='margin-bottom: 30px;'> <img style='width: 100%; height: auto; border: 1px solid rgba(150&comma;150&comma;150&comma;0.3); border-radius: 8px;' src='https:\/\/ftp3.syscom.mx\/usuarios\/fotos\/RGRAP2260(G)\/203964-output.png' alt='Radio RGAIRMETRO460F'> <\/div>\n<p> <!-- Descripci\u00f3n general --> <\/p>\n<div style='margin-bottom: 30px;'>\n<p style='font-size: 18px; margin-bottom: 15px;'><strong>Estaci\u00f3n Base Reyee modelo: RG-AIRMETRO460F.<\/strong><\/p>\n<p style='font-size: 16px; margin-bottom: 15px;'>Una elecci\u00f3n perfecta e ideal tanto para escenarios de WISP como de CCTV&comma; Emparejamiento con un solo toque en 30 segundos&comma; Estable sin temor a los ambientes extremos.<\/p>\n<p style='font-size: 16px; margin-bottom: 15px;'>Mapa t\u00e9rmico con IA para el bridge&comma; Su verdadero compa\u00f1ero para aventuras en exteriores.<\/p>\n<p style='font-size: 16px; margin-bottom: 15px;'>La nube&comma; hace su negocio m\u00e1s f\u00e1cil&comma; Nube todo en uno&comma; Instalaci\u00f3n r\u00e1pida&comma; Monitoreo con base en una topolog\u00eda real y completa&comma; Alarma autom\u00e1tica de identificaci\u00f3n de problemas.<\/p>\n<\/p><\/div>\n<p> <!-- Secci\u00f3n de caracter\u00edsticas --> <\/p>\n<div style='display: flex; flex-wrap: wrap; gap: 30px; margin-bottom: 30px;'>\n<div style='flex: 1 1 300px; min-width: 280px;'>\n<h3 style='font-size: 22px; border-bottom: 2px solid currentColor; padding-bottom: 5px; margin-top: 0; color: inherit; opacity: 0.8;'>Caracter\u00edsticas Generales<\/h3>\n<ul style='padding-left: 20px; font-size: 15px; color: inherit;'>\n<li style='margin-bottom: 5px;'><strong>Est\u00e1ndar:<\/strong> 802.11ac Wave2 para Radioenlaces AirMetro<\/li>\n<li style='margin-bottom: 5px;'><strong>Bandas de operaci\u00f3n:<\/strong> 5150 &#8211; 5850 Mhz<\/li>\n<li style='margin-bottom: 5px;'><strong>Modos de operaci\u00f3n:<\/strong> Estaci\u00f3n Base o CPE<\/li>\n<li style='margin-bottom: 5px;'><strong>Configuraci\u00f3n a trav\u00e9s de:<\/strong> Interfaz web (red local)&comma; aplicaci\u00f3n m\u00f3vil (remoto o en red local)&comma; plataforma cloud (remoto)<\/li>\n<li style='margin-bottom: 5px;'><strong>Puertos:<\/strong> 1 puerto 10\/100 WAN PoE In Pasivo 24V<\/li>\n<li style='margin-bottom: 5px;'><strong>Garant\u00eda:<\/strong> 3 a\u00f1os<\/li>\n<\/ul><\/div>\n<div style='flex: 1 1 300px; min-width: 280px;'>\n<h3 style='font-size: 22px; border-bottom: 2px solid currentColor; padding-bottom: 5px; margin-top: 0; color: inherit; opacity: 0.8;'>Caracter\u00edsticas Destacadas<\/h3>\n<ul style='padding-left: 20px; font-size: 15px; color: inherit;'>\n<li style='margin-bottom: 5px;'>Bot\u00f3n de Auto-emparejamiento<\/li>\n<li style='margin-bottom: 5px;'>Protecci\u00f3n contra descargas 6kV<\/li>\n<li style='margin-bottom: 5px;'>Administraci\u00f3n remota<\/li>\n<li style='margin-bottom: 5px;'>Herramienta de alineaci\u00f3n<\/li>\n<\/ul><\/div>\n<div style='flex: 1 1 300px; min-width: 280px;'>\n<h3 style='font-size: 22px; border-bottom: 2px solid currentColor; padding-bottom: 5px; margin-top: 0; color: inherit; opacity: 0.8;'>Especificaciones T\u00e9cnicas<\/h3>\n<ul style='padding-left: 20px; font-size: 15px; color: inherit;'>\n<li style='margin-bottom: 5px;'>Auto-emparejamiento con un clic<\/li>\n<li style='margin-bottom: 5px;'>MU-MIMO 802.11ac Wave2<\/li>\n<li style='margin-bottom: 5px;'>Para instalaciones inal\u00e1mbricas WISP y CCTV<\/li>\n<\/ul><\/div>\n<\/p><\/div>\n<p> <!-- Secci\u00f3n de especificaciones t\u00e9cnicas --> <\/p>\n<div style='display: flex; flex-wrap: wrap; gap: 20px; margin-bottom: 30px;'>\n<div style='flex: 1 1 250px; border: 1px solid rgba(150&comma; 150&comma; 150&comma; 0.4); border-radius: 8px; overflow: hidden; display: flex; flex-direction: column;'>\n<div style='padding: 15px; border-bottom: 1px solid rgba(150&comma; 150&comma; 150&comma; 0.2); font-weight: bold; font-size: 18px; color: inherit;'>Caracter\u00edsticas RF<\/div>\n<div style='padding: 15px; color: inherit;'>\n<ul style='padding-left: 20px; margin: 0; font-size: 14px; list-style-type: disc;'>\n<li style='margin-bottom: 5px;'><strong>Ancho de banda:<\/strong> 5 GHz hasta 8670 Mbps<\/li>\n<li style='margin-bottom: 5px;'><strong>Ancho de Canal:<\/strong> 20\/40\/80 Mhz<\/li>\n<li style='margin-bottom: 5px;'><strong>Antena:<\/strong> Integrada 23 dBi<\/li>\n<li style='margin-bottom: 5px;'><strong>Apertura:<\/strong> V 9\u00b0 \/ H 9\u00b0<\/li>\n<li style='margin-bottom: 5px;'><strong>Potencia de transmisi\u00f3n:<\/strong> 5 GHz 26 dBm (398.1 mW)<\/li>\n<\/ul><\/div>\n<\/p><\/div>\n<div style='flex: 1 1 250px; border: 1px solid rgba(150&comma; 150&comma; 150&comma; 0.4); border-radius: 8px; overflow: hidden; display: flex; flex-direction: column;'>\n<div style='padding: 15px; border-bottom: 1px solid rgba(150&comma; 150&comma; 150&comma; 0.2); font-weight: bold; font-size: 18px; color: inherit;'>Caracter\u00edsticas F\u00edsicas y El\u00e9ctricas<\/div>\n<div style='padding: 15px; color: inherit;'>\n<ul style='padding-left: 20px; margin: 0; font-size: 14px; list-style-type: disc;'>\n<li style='margin-bottom: 5px;'><strong>Alimentaci\u00f3n:<\/strong> PoE Pasivo 24V &#8211; 0.5A&comma; consumo Max 9 Watts<\/li>\n<li style='margin-bottom: 5px;'><strong>Dimensiones:<\/strong> 368.5 mm x 271 mm<\/li>\n<li style='margin-bottom: 5px;'><strong>Peso:<\/strong> 2.33 kg<\/li>\n<li style='margin-bottom: 5px;'><strong>Temperatura en Operaci\u00f3n:<\/strong> -30\u00b0C a +60\u00b0C<\/li>\n<li style='margin-bottom: 5px;'><strong>Grado de protecci\u00f3n:<\/strong> IP65<\/li>\n<li style='margin-bottom: 5px;'><strong>Montaje para M\u00e1stil:<\/strong> Tubos de 1\u00bc a 3 Pulgadas (Di\u00e1metro Exterior 40 mm &#8211; 80mm)<\/li>\n<\/ul><\/div>\n<\/p><\/div>\n<div style='flex: 1 1 250px; border: 1px solid rgba(150&comma; 150&comma; 150&comma; 0.4); border-radius: 8px; overflow: hidden; display: flex; flex-direction: column;'>\n<div style='padding: 15px; border-bottom: 1px solid rgba(150&comma; 150&comma; 150&comma; 0.2); font-weight: bold; font-size: 18px; color: inherit;'>Contenido del Paquete<\/div>\n<div style='padding: 15px; color: inherit;'>\n<ul style='padding-left: 20px; margin: 0; font-size: 14px; list-style-type: disc;'>\n<li style='margin-bottom: 5px;'>1 x Radio RG-AIRMETRO460F<\/li>\n<li style='margin-bottom: 5px;'>1 x Inyector Pasivo 24V &#8211; 0.5A<\/li>\n<li style='margin-bottom: 5px;'>1 x Montaje para instalaci\u00f3n en M\u00e1stil<\/li>\n<li style='margin-bottom: 5px;'>Gu\u00eda de Instalaci\u00f3n<\/li>\n<\/ul><\/div>\n<\/p><\/div>\n<\/p><\/div>\n<p> <!-- Secci\u00f3n de gesti\u00f3n y soporte --> <\/p>\n<div style='display: flex; flex-wrap: wrap; gap: 20px; margin-bottom: 30px;'>\n<div style='flex: 1 1 250px; border: 1px solid rgba(150&comma; 150&comma; 150&comma; 0.4); border-radius: 8px; overflow: hidden; display: flex; flex-direction: column;'>\n<div style='padding: 15px; border-bottom: 1px solid rgba(150&comma; 150&comma; 150&comma; 0.2); font-weight: bold; font-size: 18px; color: inherit;'>Gesti\u00f3n y Soporte Avanzados<\/div>\n<div style='padding: 15px; color: inherit;'>\n<ul style='padding-left: 20px; margin: 0; font-size: 14px; list-style-type: disc;'>\n<li style='margin-bottom: 5px;'>Interfaz Local<\/li>\n<li style='margin-bottom: 5px;'>Gesti\u00f3n Remota Ruijie Cloud<\/li>\n<li style='margin-bottom: 5px;'>Gesti\u00f3n Remota Ruijie APP<\/li>\n<\/ul><\/div>\n<\/p><\/div>\n<div style='flex: 1 1 250px; border: 1px solid rgba(150&comma; 150&comma; 150&comma; 0.4); border-radius: 8px; overflow: hidden; display: flex; flex-direction: column;'>\n<div style='padding: 15px; border-bottom: 1px solid rgba(150&comma; 150&comma; 150&comma; 0.2); font-weight: bold; font-size: 18px; color: inherit;'>Fiabilidad y Garant\u00eda<\/div>\n<div style='padding: 15px; color: inherit;'>\n<ul style='padding-left: 20px; margin: 0; font-size: 14px; list-style-type: disc;'>\n<li style='margin-bottom: 5px;'>Incluye 3 a\u00f1os de Garant\u00eda<\/li>\n<li style='margin-bottom: 5px;'>Certificaciones CE&comma; RoHS<\/li>\n<\/ul><\/div>\n<\/p><\/div>\n<div style='flex: 1 1 250px; border: 1px solid rgba(150&comma; 150&comma; 150&comma; 0.4); border-radius: 8px; overflow: hidden; display: flex; flex-direction: column;'>\n<div style='padding: 15px; border-bottom: 1px solid rgba(150&comma; 150&comma; 150&comma; 0.2); font-weight: bold; font-size: 18px; color: inherit;'>Radios Cliente Compatibles<\/div>\n<div style='padding: 15px; color: inherit;'>\n<ul style='padding-left: 20px; margin: 0; font-size: 14px; list-style-type: disc;'>\n<li style='margin-bottom: 5px;'><a href='https:\/\/www.syscom.mx\/producto\/ruijie-rg-airmetro460g-224172.html' target='_blank' rel='noopener' style='color: inherit; text-decoration: underline;'>RG-AirMetro460G<\/a><\/li>\n<li style='margin-bottom: 5px;'>RG-AirMetro460F<\/li>\n<\/ul><\/div>\n<\/p><\/div>\n<\/p><\/div>\n<p> <!-- Rendimiento Inal\u00e1mbrico --> <\/p>\n<div style='margin-bottom: 30px;'>\n<h3 style='font-size: 22px; border-bottom: 2px solid currentColor; padding-bottom: 5px; margin-top: 0; color: inherit; opacity: 0.8;'>Rendimiento Inal\u00e1mbrico<\/h3>\n<ul style='padding-left: 20px; font-size: 15px; color: inherit;'>\n<li style='margin-bottom: 5px;'>Integrado<\/li>\n<li style='margin-bottom: 5px;'>Hasta 26 dBm<\/li>\n<li style='margin-bottom: 5px;'>Hasta 15 km en PtP&comma; Recomendados 5 km para M\u00e1ximo Ancho de Banda<\/li>\n<\/ul><\/div>\n<p> <!-- Documentos y Software --> <\/p>\n<div style='margin-bottom: 30px;'>\n<h3 style='font-size: 22px; border-bottom: 2px solid currentColor; padding-bottom: 5px; margin-top: 0; color: inherit; opacity: 0.8;'>Documentos y Software<\/h3>\n<ul style='padding-left: 20px; font-size: 15px; color: inherit;'>\n<li style='margin-bottom: 5px;'><a href='https:\/\/ftp3.syscom.mx\/usuarios\/vtarango\/Ruijie\/Documentos\/RG-AirMetro460F\/Hoja%20de%20Espesificaciones%20RG-AirMetro460F.pdf' target='_blank' rel='noopener' style='color: inherit; text-decoration: underline;'>Hoja de especificaciones<\/a><\/li>\n<li style='margin-bottom: 5px;'><a href='https:\/\/ftp3.syscom.mx\/usuarios\/vtarango\/Ruijie\/Documentos\/RG-AirMetro460F\/Guia%20de%20Instalacion%20RG-AirMetro460F.pdf' target='_blank' rel='noopener' style='color: inherit; text-decoration: underline;'>Manual de Instalaci\u00f3n<\/a><\/li>\n<\/ul><\/div>\n<p> <!-- Video 1 --> <\/p>\n<div style='position: relative; padding-bottom: 56.25%; height: 0; overflow: hidden; margin-bottom: 30px;'>   <\/div>\n<p> <!-- Imagenes adicionales --> <\/p>\n<div style='display: flex; flex-wrap: wrap; gap: 20px; margin-bottom: 30px;'>\n<div style='flex: 1 1 300px; min-width: 200px;'> <img style='width: 100%; height: auto; border: 1px solid rgba(150&comma;150&comma;150&comma;0.3); border-radius: 8px;' src='https:\/\/ftp3.syscom.mx\/usuarios\/vtarango\/Ruijie\/Documentos\/RG-AirMetro460F\/primer%20vista%20general.jpg' alt='Vista General'> <\/div>\n<div style='flex: 1 1 300px; min-width: 200px;'> <img style='width: 100%; height: auto; border: 1px solid rgba(150&comma;150&comma;150&comma;0.3); border-radius: 8px;' src='https:\/\/ftp3.syscom.mx\/usuarios\/vtarango\/Ruijie\/Documentos\/RG-AirMetro460F\/comparacion.jpg' alt='Comparaci\u00f3n'> <\/div>\n<div style='flex: 1 1 300px; min-width: 200px;'> <img style='width: 100%; height: auto; border: 1px solid rgba(150&comma;150&comma;150&comma;0.3); border-radius: 8px;' src='https:\/\/ftp3.syscom.mx\/usuarios\/vtarango\/Ruijie\/Documentos\/RG-AirMetro460F\/espectro%20radiacion.jpg' alt='Espectro de Radiaci\u00f3n'> <\/div>\n<div style='flex: 1 1 300px; min-width: 200px;'> <img style='width: 100%; height: auto; border: 1px solid rgba(150&comma;150&comma;150&comma;0.3); border-radius: 8px;' src='https:\/\/ftp3.syscom.mx\/usuarios\/vtarango\/Ruijie\/Documentos\/RG-AirMetro550G-B\/WISP%2001.png' alt='Escenario WISP'> <\/div>\n<div style='flex: 1 1 300px; min-width: 200px;'> <img style='width: 100%; height: auto; border: 1px solid rgba(150&comma;150&comma;150&comma;0.3); border-radius: 8px;' src='https:\/\/ftp3.syscom.mx\/usuarios\/vtarango\/Ruijie\/Documentos\/RG-AirMetro550G-B\/CCTV%2001.png' alt='Escenario CCTV'> <\/div>\n<\/p><\/div>\n<p> <!-- Video 2 --> <\/p>\n<div style='position: relative; padding-bottom: 56.25%; height: 0; overflow: hidden; margin-bottom: 30px;'>   <\/div>\n<p> <!-- Video 3 --> <\/p>\n<div style='position: relative; padding-bottom: 56.25%; height: 0; overflow: hidden; margin-bottom: 30px;'>   <\/div>\n<p> <!-- Imagen adicional de cuerpo --> <\/p>\n<div style='margin-bottom: 30px;'> <img style='width: 100%; height: auto; border: 1px solid rgba(150&comma;150&comma;150&comma;0.3); border-radius: 8px;' src='https:\/\/ftp3.syscom.mx\/usuarios\/vtarango\/Ruijie\/Documentos\/RG-AirMetro460F\/RG-AirMetro460F%20Imagen%20Cuerpo.jpeg' alt='Imagen del Cuerpo del Dispositivo'> <\/div>\n<p> <!-- Descripci\u00f3n de emparejamiento multipunto --> <\/p>\n<div style='margin-bottom: 30px;'>\n<h3 style='font-size: 22px; border-bottom: 2px solid currentColor; padding-bottom: 5px; margin-top: 0; color: inherit; opacity: 0.8;'>Emparejamiento Multipunto F\u00e1cil y R\u00e1pido<\/h3>\n<p style='font-size: 15px; margin-bottom: 15px;'>Con un solo clic del bot\u00f3n WPS de la Estaci\u00f3n Base emitir\u00e1 una se\u00f1al en busca de los CPE nuevos para que estos se auto-emparejen en menos de 30 segundos.<\/p>\n<\/p><\/div>\n<p> <!-- Descripci\u00f3n de asistencia de alineaci\u00f3n --> <\/p>\n<div style='margin-bottom: 30px;'>\n<h3 style='font-size: 22px; border-bottom: 2px solid currentColor; padding-bottom: 5px; margin-top: 0; color: inherit; opacity: 0.8;'>Asistencia Perfecta para Alineaci\u00f3n y Selecci\u00f3n de Canales<\/h3>\n<p style='font-size: 15px; margin-bottom: 15px;'>Con Ruijie Cloud App y tu M\u00f3vil podr\u00e1s tener el perfecto asistente que facilitar\u00e1 un ajuste preciso para tus enlaces Punto a Punto.<\/p>\n<\/p><\/div>\n<p> <!-- Separador final --> <\/p>\n<hr style='border: 0; border-top: 1px solid rgba(150&comma; 150&comma; 150&comma; 0.3); margin: 30px 0;'> <!-- Descripci\u00f3n de series AirMetro --> <\/p>\n<div style='margin-bottom: 30px;'>\n<h3 style='font-size: 22px; border-bottom: 2px solid currentColor; padding-bottom: 5px; margin-top: 0; color: inherit; opacity: 0.8;'>Radioenlaces AirMetro Series<\/h3>\n<p style='font-size: 15px; margin-bottom: 15px;'>La serie de equipos AirMetro para distribuci\u00f3n de radioenlaces estables y mucho m\u00e1s f\u00e1ciles.<\/p>\n<\/p><\/div>\n<\/p><\/div>\n","protected":false},"excerpt":{"rendered":"<p>Radio Integrado 23 dBi Puerto 10\/100,  Modo AP\/CPE en PtP o CPE en Multipunto, Hasta 867 Mbps, Bot\u00f3n de Auto-Emparejamiento para distribuciones de Enlaces Inal\u00e1mbricos WISP y CCTV, Administraci\u00f3n en la Nube.<\/p>\n","protected":false},"featured_media":79996,"comment_status":"open","ping_status":"closed","template":"","meta":[],"product_brand":[],"product_cat":[1998],"product_tag":[1999,1980,2123],"class_list":{"0":"post-79997","1":"product","2":"type-product","3":"status-publish","4":"has-post-thumbnail","6":"product_cat-5-y-6-ghz","7":"product_tag-5-y-6-ghz","8":"product_tag-enlaces-ptp-y-ptmp","9":"product_tag-ruijie","11":"first","12":"instock","13":"sale","14":"shipping-taxable","15":"purchasable","16":"product-type-simple"},"_links":{"self":[{"href":"https:\/\/soydeaqui.ddns.net\/pachuca\/index.php\/wp-json\/wp\/v2\/product\/79997","targetHints":{"allow":["GET"]}}],"collection":[{"href":"https:\/\/soydeaqui.ddns.net\/pachuca\/index.php\/wp-json\/wp\/v2\/product"}],"about":[{"href":"https:\/\/soydeaqui.ddns.net\/pachuca\/index.php\/wp-json\/wp\/v2\/types\/product"}],"replies":[{"embeddable":true,"href":"https:\/\/soydeaqui.ddns.net\/pachuca\/index.php\/wp-json\/wp\/v2\/comments?post=79997"}],"wp:featuredmedia":[{"embeddable":true,"href":"https:\/\/soydeaqui.ddns.net\/pachuca\/index.php\/wp-json\/wp\/v2\/media\/79996"}],"wp:attachment":[{"href":"https:\/\/soydeaqui.ddns.net\/pachuca\/index.php\/wp-json\/wp\/v2\/media?parent=79997"}],"wp:term":[{"taxonomy":"product_brand","embeddable":true,"href":"https:\/\/soydeaqui.ddns.net\/pachuca\/index.php\/wp-json\/wp\/v2\/product_brand?post=79997"},{"taxonomy":"product_cat","embeddable":true,"href":"https:\/\/soydeaqui.ddns.net\/pachuca\/index.php\/wp-json\/wp\/v2\/product_cat?post=79997"},{"taxonomy":"product_tag","embeddable":true,"href":"https:\/\/soydeaqui.ddns.net\/pachuca\/index.php\/wp-json\/wp\/v2\/product_tag?post=79997"}],"curies":[{"name":"wp","href":"https:\/\/api.w.org\/{rel}","templated":true}]}}