{"id":79995,"date":"2026-03-19T17:46:02","date_gmt":"2026-03-19T17:46:02","guid":{"rendered":"https:\/\/soydeaqui.ddns.net\/pachuca\/index.php\/producto\/inyector-poe-industrial-para-exterior-con-carcasa-ip67-puerto-de-salida-802-3af-at-bt-hasta-60-w-de-potencia-soporta-temperaturas-de-40-a-75c\/"},"modified":"2026-03-19T17:46:04","modified_gmt":"2026-03-19T17:46:04","slug":"inyector-poe-industrial-para-exterior-con-carcasa-ip67-puerto-de-salida-802-3af-at-bt-hasta-60-w-de-potencia-soporta-temperaturas-de-40-a-75c","status":"publish","type":"product","link":"https:\/\/soydeaqui.ddns.net\/pachuca\/index.php\/producto\/inyector-poe-industrial-para-exterior-con-carcasa-ip67-puerto-de-salida-802-3af-at-bt-hasta-60-w-de-potencia-soporta-temperaturas-de-40-a-75c\/","title":{"rendered":"Inyector PoE Industrial Para Exterior con Carcasa IP67, Puerto de salida 802.3af\/at\/bt, Hasta 60 W de potencia, Soporta Temperaturas de &#8211; 40 a 75\u00b0C"},"content":{"rendered":"<div style='width: 100%; max-width: 1200px; margin: 0 auto; font-family: sans-serif; line-height: 1.6; color: inherit; background-color: transparent;'> <!-- Iconos de caracter\u00edsticas --> <\/p>\n<div style='display: flex; flex-wrap: wrap; gap: 15px; justify-content: center; margin-bottom: 30px;'> <img style='width: auto; height: 40px; border: 1px solid rgba(150&comma;150&comma;150&comma;0.3); border-radius: 8px;' src='https:\/\/planet.com.tw\/storage\/icons\/662\/802.3bt-PoE++.png' alt='802.3bt PoE++'> <img style='width: auto; height: 40px; border: 1px solid rgba(150&comma;150&comma;150&comma;0.3); border-radius: 8px;' src='https:\/\/planet.com.tw\/storage\/icons\/0icon_60W_PoE.png' alt='PoE de 60W'> <img style='width: auto; height: 40px; border: 1px solid rgba(150&comma;150&comma;150&comma;0.3); border-radius: 8px;' src='https:\/\/planet.com.tw\/storage\/icons\/657\/IP-67-IK10-Aluminum-Case.png' alt='Caja de aluminio IP 67 IK10'> <img style='width: auto; height: 40px; border: 1px solid rgba(150&comma;150&comma;150&comma;0.3); border-radius: 8px;' src='https:\/\/planet.com.tw\/storage\/icons\/4icon_2.5-Gbps.png' alt='2&comma;5 Gbps'> <img style='width: auto; height: 40px; border: 1px solid rgba(150&comma;150&comma;150&comma;0.3); border-radius: 8px;' src='https:\/\/planet.com.tw\/storage\/icons\/6icon_Wall-Mount.png' alt='Montaje en pared'> <img style='width: auto; height: 40px; border: 1px solid rgba(150&comma;150&comma;150&comma;0.3); border-radius: 8px;' src='https:\/\/planet.com.tw\/storage\/icons\/8icon_-40-degree-~75-degree.png' alt='75\u00b0C~-40\u00b0C'> <\/div>\n<p> <!-- Descripci\u00f3n principal --> <\/p>\n<div style='margin-bottom: 30px; font-size: 15px;'>\n<p style='margin: 0 0 15px;'>El inyector PoE ++ 802.3bt IPOE-175 proporciona un m\u00e1ximo de hasta <strong style='color: inherit;'>60 Watts<\/strong> para el puerto de salida PoE&comma; transmitiendo datos Gigabit Ethernet y alimentaci\u00f3n PoE 802.3bt a trav\u00e9s del cable UTP. Est\u00e1 dise\u00f1ado espec\u00edficamente para dispositivos con alimentaci\u00f3n (PD).<\/p>\n<p style='margin: 0;'>Con una carcasa de aluminio con clasificaci\u00f3n IP67 de nivel industrial&comma; el IPOE-175 proporciona un alto nivel de inmunidad contra interferencias electromagn\u00e9ticas y es capaz de protegerse del ingreso de polvo y agua y funcionar en un rango de temperatura de -40 a 75 grados C. Todas estas caracter\u00edsticas garantizan el m\u00e1s alto nivel de confiabilidad para aplicaciones de misi\u00f3n cr\u00edtica en cualquier entorno dif\u00edcil.<\/p>\n<\/p><\/div>\n<p> <!-- Im\u00e1genes del producto --> <\/p>\n<div style='display: flex; flex-wrap: wrap; gap: 20px; justify-content: center; margin-bottom: 30px;'> <img style='width: 100%; max-width: 650px; height: auto; border: 1px solid rgba(150&comma;150&comma;150&comma;0.3); border-radius: 8px;' src='https:\/\/planet.com.tw\/storage\/products\/49359\/IPOE-165-5.png' alt=''> <img style='width: 100%; max-width: 650px; height: auto; border: 1px solid rgba(150&comma;150&comma;150&comma;0.3); border-radius: 8px;' src='https:\/\/planet.com.tw\/storage\/products\/49573\/IPOE-175v2-1.png' alt=''> <img style='width: 100%; max-width: 650px; height: auto; border: 1px solid rgba(150&comma;150&comma;150&comma;0.3); border-radius: 8px;' src='https:\/\/planet.com.tw\/storage\/products\/49359\/IPOE-175-1.png' alt=''> <\/div>\n<p> <!-- Secciones de especificaciones --> <\/p>\n<div style='display: flex; flex-wrap: wrap; gap: 30px; margin-bottom: 30px;'> <!-- Caracter\u00edsticas F\u00edsicas --> <\/p>\n<div style='flex: 1 1 300px; min-width: 280px;'>\n<h3 style='font-size: 20px; border-bottom: 2px solid currentColor; padding-bottom: 5px; margin-top: 0; color: inherit; opacity: 0.8;'>Caracter\u00edsticas F\u00edsicas<\/h3>\n<ul style='padding-left: 20px; font-size: 14px; color: inherit; margin: 15px 0 0 0; padding: 0;'>\n<li style='margin-bottom: 8px;'>2 Puertos Gigabit RJ45 10\/100\/1000\/2500BASE-T<\/li>\n<li style='margin-bottom: 8px;'>1 Puerto con Salida PoE y Datos<\/li>\n<li style='margin-bottom: 8px;'>1 Puerto de Entrada de Datos<\/li>\n<li style='margin-bottom: 8px;'>1 Bloque de terminales de 2 pies para entrada de energ\u00eda (Rango de potencia: 24 ~ 56 V CC)<\/li>\n<li style='margin-bottom: 8px;'>Dimensiones: 150 x 43&comma;8 x 72&comma;94 mm<\/li>\n<li style='margin-bottom: 8px;'>Peso: 485 g<\/li>\n<li style='margin-bottom: 8px;'>Soporta temperaturas de -40 ~ 75 grados C<\/li>\n<li style='margin-bottom: 8px;'>Carcasa IP67<\/li>\n<\/ul><\/div>\n<p> <!-- Especificaciones --> <\/p>\n<div style='flex: 1 1 300px; min-width: 280px;'>\n<h3 style='font-size: 20px; border-bottom: 2px solid currentColor; padding-bottom: 5px; margin-top: 0; color: inherit; opacity: 0.8;'>Especificaciones<\/h3>\n<ul style='padding-left: 20px; font-size: 14px; color: inherit; margin: 15px 0 0 0; padding: 0;'>\n<li style='margin-bottom: 8px;'>Admite un presupuesto total de PoE de hasta 60 Watts para el puerto de salida PoE<\/li>\n<li style='margin-bottom: 8px;'>Alimentaci\u00f3n remota hasta 100 m<\/li>\n<li style='margin-bottom: 8px;'>Dise\u00f1o de montaje en pared<\/li>\n<li style='margin-bottom: 8px;'>Admite protecci\u00f3n ESD Ethernet de 6 KV CC<\/li>\n<li style='margin-bottom: 8px;'>Instalaci\u00f3n Plug and Play<\/li>\n<\/ul><\/div>\n<p> <!-- Caracter\u00edsticas Destacadas --> <\/p>\n<div style='flex: 1 1 300px; min-width: 280px;'>\n<h3 style='font-size: 20px; border-bottom: 2px solid currentColor; padding-bottom: 5px; margin-top: 0; color: inherit; opacity: 0.8;'>Caracter\u00edsticas Destacadas<\/h3>\n<div style='margin-top: 15px;'>\n<table style='width: 100%; border-collapse: collapse; color: inherit;'>\n<thead>\n<tr>\n<th style='padding: 10px; border: 1px solid rgba(150&comma;150&comma;150&comma;0.3); background-color: #7f9cd3; color: #ffffff; text-align: left;'>Voltaje<\/th>\n<th style='padding: 10px; border: 1px solid rgba(150&comma;150&comma;150&comma;0.3); background-color: #7f9cd3; color: #ffffff; text-align: left;'>Sistema encendido<\/th>\n<th style='padding: 10px; border: 1px solid rgba(150&comma;150&comma;150&comma;0.3); background-color: #7f9cd3; color: #ffffff; text-align: left;'>Carga completa (m\u00e1x.)<\/th>\n<\/tr>\n<\/thead>\n<tbody>\n<tr>\n<td style='padding: 10px; border: 1px solid rgba(150&comma;150&comma;150&comma;0.3);'>CC 24 V<\/td>\n<td style='padding: 10px; border: 1px solid rgba(150&comma;150&comma;150&comma;0.3);'>1&comma;2W<\/td>\n<td style='padding: 10px; border: 1px solid rgba(150&comma;150&comma;150&comma;0.3);'>72W<\/td>\n<\/tr>\n<tr>\n<td style='padding: 10px; border: 1px solid rgba(150&comma;150&comma;150&comma;0.3);'>CC 36 V<\/td>\n<td style='padding: 10px; border: 1px solid rgba(150&comma;150&comma;150&comma;0.3);'>1&comma;44W<\/td>\n<td style='padding: 10px; border: 1px solid rgba(150&comma;150&comma;150&comma;0.3);'>70&comma;56W<\/td>\n<\/tr>\n<tr>\n<td style='padding: 10px; border: 1px solid rgba(150&comma;150&comma;150&comma;0.3);'>CC 54 V<\/td>\n<td style='padding: 10px; border: 1px solid rgba(150&comma;150&comma;150&comma;0.3);'>1&comma;71W<\/td>\n<td style='padding: 10px; border: 1px solid rgba(150&comma;150&comma;150&comma;0.3);'>65&comma;8W<\/td>\n<\/tr>\n<\/tbody>\n<\/table><\/div>\n<\/p><\/div>\n<\/p><\/div>\n<p> <!-- Separador final --> <\/p>\n<hr style='border: 0; border-top: 1px solid rgba(150&comma; 150&comma; 150&comma; 0.3); margin: 30px 0;'> <\/div>\n","protected":false},"excerpt":{"rendered":"<p>Inyector PoE Industrial Para Exterior con Carcasa IP67, Puerto de salida 802.3af\/at\/bt, Hasta 60 W de potencia, Soporta Temperaturas de &#8211; 40 a 75\u00b0C<\/p>\n","protected":false},"featured_media":32,"comment_status":"open","ping_status":"closed","template":"","meta":[],"product_brand":[],"product_cat":[1260],"product_tag":[1261,664,2033],"class_list":{"0":"post-79995","1":"product","2":"type-product","3":"status-publish","4":"has-post-thumbnail","6":"product_cat-inyectores-poe","7":"product_tag-inyectores-poe","8":"product_tag-networking","9":"product_tag-planet","11":"first","12":"outofstock","13":"sale","14":"shipping-taxable","15":"purchasable","16":"product-type-simple"},"_links":{"self":[{"href":"https:\/\/soydeaqui.ddns.net\/pachuca\/index.php\/wp-json\/wp\/v2\/product\/79995","targetHints":{"allow":["GET"]}}],"collection":[{"href":"https:\/\/soydeaqui.ddns.net\/pachuca\/index.php\/wp-json\/wp\/v2\/product"}],"about":[{"href":"https:\/\/soydeaqui.ddns.net\/pachuca\/index.php\/wp-json\/wp\/v2\/types\/product"}],"replies":[{"embeddable":true,"href":"https:\/\/soydeaqui.ddns.net\/pachuca\/index.php\/wp-json\/wp\/v2\/comments?post=79995"}],"wp:featuredmedia":[{"embeddable":true,"href":"https:\/\/soydeaqui.ddns.net\/pachuca\/index.php\/wp-json\/wp\/v2\/media\/32"}],"wp:attachment":[{"href":"https:\/\/soydeaqui.ddns.net\/pachuca\/index.php\/wp-json\/wp\/v2\/media?parent=79995"}],"wp:term":[{"taxonomy":"product_brand","embeddable":true,"href":"https:\/\/soydeaqui.ddns.net\/pachuca\/index.php\/wp-json\/wp\/v2\/product_brand?post=79995"},{"taxonomy":"product_cat","embeddable":true,"href":"https:\/\/soydeaqui.ddns.net\/pachuca\/index.php\/wp-json\/wp\/v2\/product_cat?post=79995"},{"taxonomy":"product_tag","embeddable":true,"href":"https:\/\/soydeaqui.ddns.net\/pachuca\/index.php\/wp-json\/wp\/v2\/product_tag?post=79995"}],"curies":[{"name":"wp","href":"https:\/\/api.w.org\/{rel}","templated":true}]}}