{"id":79990,"date":"2026-03-19T17:45:47","date_gmt":"2026-03-19T17:45:47","guid":{"rendered":"https:\/\/soydeaqui.ddns.net\/pachuca\/index.php\/producto\/otdr-touch-para-pruebas-en-los-enlaces-de-fibra-ptica-longitudes-de-onda-1310nm-y-1550nm-funcin-vfl-10mw-funcin-opm-funcin-de-mapeo-de-cables-de-red-rj45-recargable-distancia-de-prueba\/"},"modified":"2026-03-19T17:45:54","modified_gmt":"2026-03-19T17:45:54","slug":"otdr-touch-para-pruebas-en-los-enlaces-de-fibra-ptica-longitudes-de-onda-1310nm-y-1550nm-funcin-vfl-10mw-funcin-opm-funcin-de-mapeo-de-cables-de-red-rj45-recargable-distancia-de-prueba","status":"publish","type":"product","link":"https:\/\/soydeaqui.ddns.net\/pachuca\/index.php\/producto\/otdr-touch-para-pruebas-en-los-enlaces-de-fibra-ptica-longitudes-de-onda-1310nm-y-1550nm-funcin-vfl-10mw-funcin-opm-funcin-de-mapeo-de-cables-de-red-rj45-recargable-distancia-de-prueba\/","title":{"rendered":"OTDR Touch para Pruebas en los Enlaces de Fibra ?ptica \/ Longitudes de Onda 1310nm y 1550nm \/ Funci?n VFL 10mW \/ Funci?n OPM \/ Funci?n de Mapeo de Cables de Red RJ45 \/ Recargable \/ Distancia de Prueba de hasta 260 Kil?metros (853.02 Pies)"},"content":{"rendered":"<div style='width: 100%; max-width: 1200px; margin: 0 auto; font-family: sans-serif; line-height: 1.6; color: inherit; background-color: transparent;'>\n<div style='display: flex; flex-wrap: wrap; gap: 30px; margin-bottom: 30px;'>\n<div style='flex: 1 1 300px; min-width: 280px;'>\n<h3 style='font-size: 22px; border-bottom: 2px solid currentColor; padding-bottom: 5px; margin-top: 0; color: inherit; opacity: 0.8;'>Funciones integradas<\/h3>\n<ul style='padding-left: 20px; font-size: 15px; color: inherit;'>\n<li style='margin-bottom: 5px;'>OTDR<\/li>\n<li style='margin-bottom: 5px;'>Mapa de eventos<\/li>\n<li style='margin-bottom: 5px;'>Medidor de potencia \u00f3ptica (OPM)<\/li>\n<li style='margin-bottom: 5px;'>Localizador visual de fallos (VFL)<\/li>\n<li style='margin-bottom: 5px;'>Fuente de luz<\/li>\n<li style='margin-bottom: 5px;'>Prueba de p\u00e9rdida \u00f3ptica<\/li>\n<li style='margin-bottom: 5px;'>Prueba de secuencia\/longitud de l\u00ednea de cable UTP<\/li>\n<li style='margin-bottom: 5px;'>Identificador de cable UTP<\/li>\n<\/ul>\n<p style='font-size: 15px; color: inherit; margin-top: 20px;'>Cuenta con una pantalla t\u00e1ctil que facilita su uso. Este vers\u00e1til equipo se presenta como el asistente ideal para la construcci\u00f3n&comma; instalaci\u00f3n y mantenimiento de redes de fibra \u00f3ptica.<\/p>\n<\/p><\/div>\n<\/p><\/div>\n<div style='display: flex; flex-wrap: wrap; gap: 20px; margin-bottom: 30px;'>\n<div style='flex: 1 1 250px; border: 1px solid rgba(150&comma; 150&comma; 150&comma; 0.4); border-radius: 8px; overflow: hidden; display: flex; flex-direction: column;'>\n<div style='padding: 15px; border-bottom: 1px solid rgba(150&comma; 150&comma; 150&comma; 0.2); font-weight: bold; font-size: 18px; color: inherit;'>Incluye<\/div>\n<div style='padding: 15px; color: inherit;'>\n<ul style='padding-left: 20px; margin: 0; font-size: 14px; list-style-type: disc; color: inherit;'>\n<li style='margin-bottom: 5px;'>OTDR<\/li>\n<li style='margin-bottom: 5px;'>Estuche<\/li>\n<li style='margin-bottom: 5px;'>Cargador USB<\/li>\n<li style='margin-bottom: 5px;'>Certificado de calibraci\u00f3n<\/li>\n<li style='margin-bottom: 5px;'>Adaptador para conector ST<\/li>\n<li style='margin-bottom: 5px;'>Rastreador de cables de red<\/li>\n<li style='margin-bottom: 5px;'>Manual de usuario<\/li>\n<li style='margin-bottom: 5px;'>Tarjeta Micro SD 8 GB<\/li>\n<\/ul><\/div>\n<\/p><\/div>\n<div style='flex: 1 1 250px; border: 1px solid rgba(150&comma; 150&comma; 150&comma; 0.4); border-radius: 8px; overflow: hidden; display: flex; flex-direction: column;'>\n<div style='padding: 15px; border-bottom: 1px solid rgba(150&comma; 150&comma; 150&comma; 0.2); font-weight: bold; font-size: 18px; color: inherit;'>Caracter\u00edsticas principales<\/div>\n<div style='padding: 15px; color: inherit;'>\n<ul style='padding-left: 20px; margin: 0; font-size: 14px; list-style-type: disc; color: inherit;'>\n<li style='margin-bottom: 5px;'>Compatible con Fibra \u00d3ptica Monomodo<\/li>\n<li style='margin-bottom: 5px;'>Longitudes de onda: 1310nm y 1550nm<\/li>\n<li style='margin-bottom: 5px;'>Rango din\u00e1mico: 26\/24 dB<\/li>\n<li style='margin-bottom: 5px;'>An\u00e1lisis de p\u00e9rdida: M\u00e9todo de 4 y 5 puntos<\/li>\n<li style='margin-bottom: 5px;'>Zona muerta entre eventos: 1.5 metros<\/li>\n<li style='margin-bottom: 5px;'>Nivel de seguridad del l\u00e1ser: Clase II<\/li>\n<li style='margin-bottom: 5px;'>Soporta conectores FC&comma; SC&comma; ST<\/li>\n<li style='margin-bottom: 5px;'>Mapeo de cables de red RJ45<\/li>\n<li style='margin-bottom: 5px;'>Temperatura de operaci\u00f3n: -10\u00baC a 50\u00baC<\/li>\n<li style='margin-bottom: 5px;'>Bater\u00eda de pol\u00edmero de iones de litio 5000mAh<\/li>\n<li style='margin-bottom: 5px;'>Fuente de luz estable -5 dBm<\/li>\n<\/ul><\/div>\n<\/p><\/div>\n<div style='flex: 1 1 250px; border: 1px solid rgba(150&comma; 150&comma; 150&comma; 0.4); border-radius: 8px; overflow: hidden; display: flex; flex-direction: column;'>\n<div style='padding: 15px; border-bottom: 1px solid rgba(150&comma; 150&comma; 150&comma; 0.2); font-weight: bold; font-size: 18px; color: inherit;'>Localizador Visual de Fallos (VFL)<\/div>\n<div style='padding: 15px; color: inherit;'>\n<ul style='padding-left: 20px; margin: 0; font-size: 14px; list-style-type: disc; color: inherit;'>\n<li style='margin-bottom: 5px;'>Longitud de onda: 650nm<\/li>\n<li style='margin-bottom: 5px;'>Potencia de salida: >10mW<\/li>\n<li style='margin-bottom: 5px;'>Modo: CW\/1Hz\/2Hz<\/li>\n<li style='margin-bottom: 5px;'>Conector compatible: Interfaz \u00f3ptica universal (2.5mm)<\/li>\n<\/ul><\/div>\n<\/p><\/div>\n<div style='flex: 1 1 250px; border: 1px solid rgba(150&comma; 150&comma; 150&comma; 0.4); border-radius: 8px; overflow: hidden; display: flex; flex-direction: column;'>\n<div style='padding: 15px; border-bottom: 1px solid rgba(150&comma; 150&comma; 150&comma; 0.2); font-weight: bold; font-size: 18px; color: inherit;'>Medidor de Potencia \u00d3ptica (OPM)<\/div>\n<div style='padding: 15px; color: inherit;'>\n<ul style='padding-left: 20px; margin: 0; font-size: 14px; list-style-type: disc; color: inherit;'>\n<li style='margin-bottom: 5px;'>Longitudes de onda: 805nm \/ 980nm \/ 1300nm \/ 1310nm \/ 1490nm \/ 1550nm \/ 1625nm \/ 1650nm<\/li>\n<li style='margin-bottom: 5px;'>Rango de prueba: -50dBm a 26 dBm<\/li>\n<\/ul><\/div>\n<\/p><\/div>\n<\/p><\/div>\n<div style='margin: 30px 0; padding: 15px; border-left: 4px solid #ff0000; background-color: rgba(255&comma; 0&comma; 0&comma; 0.05); color: inherit;'>\n<p style='margin: 0; font-size: 15px; color: inherit;'><strong>NOTA:<\/strong> Se recomienda su uso con bobina de lanzamiento&comma; para eliminar la zona muerta y mejorar la precisi\u00f3n de las mediciones: <a href='https:\/\/www.syscom.mx\/principal\/searchcont?route=LP-LC-SM-1KM-LINKEDPRO-BY-EPCOM-229299&#038;autodetect=BOBINA_DE_LANZAMIENTO' style='color: #0066cc; text-decoration: underline;'>LP-LC-SM-1KM<\/a><\/p>\n<\/p><\/div>\n<\/p><\/div>\n","protected":false},"excerpt":{"rendered":"<p>OTDR Touch para Pruebas en los Enlaces de Fibra ?ptica \/ Longitudes de Onda 1310nm y 1550nm \/ Funci?n VFL 10mW \/ Funci?n OPM \/ Funci?n de Mapeo de Cables de Red RJ45 \/ Recargable \/ Distancia de Prueba de hasta 260 Kil?metros (853.02 Pies)<\/p>\n","protected":false},"featured_media":79989,"comment_status":"open","ping_status":"closed","template":"","meta":[],"product_brand":[],"product_cat":[636],"product_tag":[611,25,435],"class_list":{"0":"post-79990","1":"product","2":"type-product","3":"status-publish","4":"has-post-thumbnail","6":"product_cat-herramientas-fibra-optica","7":"product_tag-fibra-optica","8":"product_tag-herramientas","9":"product_tag-linkedpro-by-epcom","11":"first","12":"outofstock","13":"sale","14":"shipping-taxable","15":"purchasable","16":"product-type-simple"},"_links":{"self":[{"href":"https:\/\/soydeaqui.ddns.net\/pachuca\/index.php\/wp-json\/wp\/v2\/product\/79990","targetHints":{"allow":["GET"]}}],"collection":[{"href":"https:\/\/soydeaqui.ddns.net\/pachuca\/index.php\/wp-json\/wp\/v2\/product"}],"about":[{"href":"https:\/\/soydeaqui.ddns.net\/pachuca\/index.php\/wp-json\/wp\/v2\/types\/product"}],"replies":[{"embeddable":true,"href":"https:\/\/soydeaqui.ddns.net\/pachuca\/index.php\/wp-json\/wp\/v2\/comments?post=79990"}],"wp:featuredmedia":[{"embeddable":true,"href":"https:\/\/soydeaqui.ddns.net\/pachuca\/index.php\/wp-json\/wp\/v2\/media\/79989"}],"wp:attachment":[{"href":"https:\/\/soydeaqui.ddns.net\/pachuca\/index.php\/wp-json\/wp\/v2\/media?parent=79990"}],"wp:term":[{"taxonomy":"product_brand","embeddable":true,"href":"https:\/\/soydeaqui.ddns.net\/pachuca\/index.php\/wp-json\/wp\/v2\/product_brand?post=79990"},{"taxonomy":"product_cat","embeddable":true,"href":"https:\/\/soydeaqui.ddns.net\/pachuca\/index.php\/wp-json\/wp\/v2\/product_cat?post=79990"},{"taxonomy":"product_tag","embeddable":true,"href":"https:\/\/soydeaqui.ddns.net\/pachuca\/index.php\/wp-json\/wp\/v2\/product_tag?post=79990"}],"curies":[{"name":"wp","href":"https:\/\/api.w.org\/{rel}","templated":true}]}}