{"id":7997,"date":"2026-03-18T07:03:27","date_gmt":"2026-03-18T07:03:27","guid":{"rendered":"https:\/\/soydeaqui.ddns.net\/pachuca\/index.php\/producto\/contacto-magnetico-nc-con-terminales-de-tornillo-uso-en-interior-ideal-para-puertas-de-madera\/"},"modified":"2026-03-18T07:03:27","modified_gmt":"2026-03-18T07:03:27","slug":"contacto-magnetico-nc-con-terminales-de-tornillo-uso-en-interior-ideal-para-puertas-de-madera","status":"publish","type":"product","link":"https:\/\/soydeaqui.ddns.net\/pachuca\/index.php\/producto\/contacto-magnetico-nc-con-terminales-de-tornillo-uso-en-interior-ideal-para-puertas-de-madera\/","title":{"rendered":"Contacto Magn\u00e9tico NC \/  con Terminales de Tornillo \/ Uso en Interior \/ Ideal para Puertas de Madera"},"content":{"rendered":"<div style='width: 100%; max-width: 1200px; margin: 0 auto; font-family: sans-serif; line-height: 1.6; color: inherit;'>\n<div style='display: flex; flex-wrap: wrap; gap: 30px; margin-bottom: 30px;'>\n<div style='flex: 1 1 300px; min-width: 280px;'>\n<h3 style='font-size: 22px; border-bottom: 2px solid currentColor; padding-bottom: 5px; margin-top: 0; color: inherit; opacity: 0.8;'>Caracter\u00edsticas Principales<\/h3>\n<ul style='padding-left: 20px; font-size: 15px; color: inherit;'>\n<li style='margin-bottom: 5px;'>Contacto Magnetico NC con terminales de tornillo<\/li>\n<li style='margin-bottom: 5px;'>Amplia brecha para puertas y ventanas que estan holgadas<\/li>\n<li style='margin-bottom: 5px;'>Tipo de circuito: Lazo Cerrado<\/li>\n<li style='margin-bottom: 5px;'>Brecha de 2 3\/4&#8242; pulgadas \/ (70mm)<\/li>\n<\/ul><\/div>\n<div style='flex: 1 1 300px; min-width: 280px;'>\n<h3 style='font-size: 22px; border-bottom: 2px solid currentColor; padding-bottom: 5px; margin-top: 0; color: inherit; opacity: 0.8;'>Caracter\u00edsticas F\u00edsicas y El\u00e9ctricas<\/h3>\n<ul style='padding-left: 20px; font-size: 15px; color: inherit;'>\n<li style='margin-bottom: 5px;'>Puntuacion de contactos:1.0A@10VCC (max)<\/li>\n<li style='margin-bottom: 5px;'>Caja de pl\u00e1stico ABS con orificios de montaje integrados<\/li>\n<li style='margin-bottom: 5px;'>Superficie de montaje contactos magneticos<\/li>\n<\/ul><\/div>\n<div style='flex: 1 1 300px; min-width: 280px;'>\n<h3 style='font-size: 22px; border-bottom: 2px solid currentColor; padding-bottom: 5px; margin-top: 0; color: inherit; opacity: 0.8;'>Caracter\u00edsticas Destacadas<\/h3>\n<ul style='padding-left: 20px; font-size: 15px; color: inherit;'>\n<li style='margin-bottom: 5px;'>Tipo del Iman: Alnico 5<\/li>\n<li style='margin-bottom: 5px;'>Dimensiones del interruptor 315\/16\u2033x9\/16\u2033x1\/2\u2033 (100x14x13mm)<\/li>\n<li style='margin-bottom: 5px;'>Dimensiones del iman 315\/16\u2033x9\/16\u2033x1\/2\u2033 (100x14x13mm)<\/li>\n<li style='margin-bottom: 5px;'>Garant\u00eda limitada de por vida<\/li>\n<li style='margin-bottom: 5px;'>Temperatura de operaci\u00f3n: 15\u00b0~160\u00b0F (25\u00b0~70\u00b0C)<\/li>\n<\/ul><\/div>\n<\/p><\/div>\n<hr style='border: 0; border-top: 1px solid rgba(150&comma; 150&comma; 150&comma; 0.3); margin: 30px 0;'> <\/div>\n","protected":false},"excerpt":{"rendered":"<p>Contacto Magn\u00e9tico NC \/  con Terminales de Tornillo \/ Uso en Interior \/ Ideal para Puertas de Madera<\/p>\n","protected":false},"featured_media":7996,"comment_status":"open","ping_status":"closed","template":"","meta":[],"product_brand":[],"product_cat":[113],"product_tag":[115,114,116],"class_list":{"0":"post-7997","1":"product","2":"type-product","3":"status-publish","4":"has-post-thumbnail","6":"product_cat-contacto-magnetico-cableado","7":"product_tag-contacto-magnetico-cableado","8":"product_tag-contactos-magneticos","9":"product_tag-enforcer-secolarm","11":"first","12":"instock","13":"sale","14":"shipping-taxable","15":"purchasable","16":"product-type-simple"},"_links":{"self":[{"href":"https:\/\/soydeaqui.ddns.net\/pachuca\/index.php\/wp-json\/wp\/v2\/product\/7997","targetHints":{"allow":["GET"]}}],"collection":[{"href":"https:\/\/soydeaqui.ddns.net\/pachuca\/index.php\/wp-json\/wp\/v2\/product"}],"about":[{"href":"https:\/\/soydeaqui.ddns.net\/pachuca\/index.php\/wp-json\/wp\/v2\/types\/product"}],"replies":[{"embeddable":true,"href":"https:\/\/soydeaqui.ddns.net\/pachuca\/index.php\/wp-json\/wp\/v2\/comments?post=7997"}],"wp:featuredmedia":[{"embeddable":true,"href":"https:\/\/soydeaqui.ddns.net\/pachuca\/index.php\/wp-json\/wp\/v2\/media\/7996"}],"wp:attachment":[{"href":"https:\/\/soydeaqui.ddns.net\/pachuca\/index.php\/wp-json\/wp\/v2\/media?parent=7997"}],"wp:term":[{"taxonomy":"product_brand","embeddable":true,"href":"https:\/\/soydeaqui.ddns.net\/pachuca\/index.php\/wp-json\/wp\/v2\/product_brand?post=7997"},{"taxonomy":"product_cat","embeddable":true,"href":"https:\/\/soydeaqui.ddns.net\/pachuca\/index.php\/wp-json\/wp\/v2\/product_cat?post=7997"},{"taxonomy":"product_tag","embeddable":true,"href":"https:\/\/soydeaqui.ddns.net\/pachuca\/index.php\/wp-json\/wp\/v2\/product_tag?post=7997"}],"curies":[{"name":"wp","href":"https:\/\/api.w.org\/{rel}","templated":true}]}}