{"id":79962,"date":"2026-03-19T17:44:41","date_gmt":"2026-03-19T17:44:41","guid":{"rendered":"https:\/\/soydeaqui.ddns.net\/pachuca\/index.php\/producto\/memoria-sd-clase-10-de-64-gb-especializada-para-drones-comerciales-camaras-de-fotografia-y-video-180-mb-s-lectura-150-mb-s-escritura\/"},"modified":"2026-03-19T17:44:43","modified_gmt":"2026-03-19T17:44:43","slug":"memoria-sd-clase-10-de-64-gb-especializada-para-drones-comerciales-camaras-de-fotografia-y-video-180-mb-s-lectura-150-mb-s-escritura","status":"publish","type":"product","link":"https:\/\/soydeaqui.ddns.net\/pachuca\/index.php\/producto\/memoria-sd-clase-10-de-64-gb-especializada-para-drones-comerciales-camaras-de-fotografia-y-video-180-mb-s-lectura-150-mb-s-escritura\/","title":{"rendered":"Memoria SD \/ Clase 10 de 64 GB \/ Especializada Para Drones Comerciales, C\u00e1maras de Fotograf\u00eda y Video  \/ 180 MB\/s Lectura \/ 150 MB\/s Escritura"},"content":{"rendered":"<div style='width: 100%; max-width: 1200px; margin: 0 auto; font-family: sans-serif; line-height: 1.6; color: inherit; background-color: transparent;'> <!-- Banner --> <\/p>\n<div style='width: 100%; text-align: center; margin: 30px 0;'> <img style='width: 100%; height: auto; border: 1px solid rgba(150&comma;150&comma;150&comma;0.3); border-radius: 8px; max-width: 800px;' src='https:\/\/ftp3.syscom.mx\/usuarios\/gmagos\/HIK\/storage\/Vaners\/hiksemi.png' alt='Banner'> <\/div>\n<p> <!-- Especificaciones --> <\/p>\n<div style='display: flex; flex-direction: column; align-items: center; margin-bottom: 30px;'>\n<div style='width: 100%; max-width: 800px; margin-bottom: 30px;'>\n<h1 style='font-size: 24px; text-align: center; color: inherit; margin: 0 0 20px 0; padding-bottom: 5px; border-bottom: 2px solid currentColor; opacity: 0.8;'>Especificaciones<\/h1>\n<div style='display: flex; flex-wrap: wrap; gap: 20px;'>\n<div style='flex: 1 1 300px; min-width: 280px; border: 1px solid rgba(150&comma;150&comma;150&comma;0.4); border-radius: 8px; overflow: hidden;'>\n<div style='padding: 15px; border-bottom: 1px solid rgba(150&comma;150&comma;150&comma;0.2); font-weight: bold; font-size: 18px; color: inherit;'>Caracter\u00edsticas Principales:<\/div>\n<ul style='padding: 15px; margin: 0; font-size: 14px; list-style-type: disc;'>\n<li style='margin-bottom: 5px;'><strong>Capacidad:<\/strong> 64 GB.<\/li>\n<li style='margin-bottom: 5px;'><strong>Velocidad de Lectura:<\/strong> 180 MB\/s.<\/li>\n<li style='margin-bottom: 5px;'><strong>Velocidad de Escritura:<\/strong> 150 MB\/s.<\/li>\n<li style='margin-bottom: 5px;'><strong>Sistema de Archivos:<\/strong> exFAT.<\/li>\n<li style='margin-bottom: 5px;'><strong>Velocidad:<\/strong> Clase 10&comma; U3&comma; V30.<\/li>\n<li style='margin-bottom: 5px;'><strong>Especificaci\u00f3n:<\/strong> SDXC<\/li>\n<li style='margin-bottom: 5px;'><strong>Memoria flash NAND:<\/strong> TLC (Triple-Level Cell).<\/li>\n<li style='margin-bottom: 5px;'><strong>Dimensiones:<\/strong> 32 x 24 x 2.1 mm (1.26 x 0.94 x 0.08 in).<\/li>\n<li style='margin-bottom: 5px;'><strong>Temperatura de operaci\u00f3n:<\/strong> -25 \u00b0C a 80 \u00b0C.<\/li>\n<\/ul><\/div>\n<\/p><\/div>\n<\/p><\/div>\n<\/p><\/div>\n<p> <!-- Videos --> <\/p>\n<div style='display: flex; flex-wrap: wrap; gap: 30px; margin-bottom: 30px;'>\n<div style='flex: 1 1 400px; min-width: 300px;'>\n<div style='position: relative; padding-bottom: 56.25%; height: 0; overflow: hidden; margin-bottom: 15px;'>   <\/div>\n<h3 style='font-size: 18px; text-align: center; margin: 0 0 20px 0; color: inherit;'><strong>\u00bfQui\u00e9n es HIKSEMI?<\/strong><\/h3>\n<\/p><\/div>\n<div style='flex: 1 1 400px; min-width: 300px;'>\n<div style='position: relative; padding-bottom: 56.25%; height: 0; overflow: hidden; margin-bottom: 15px;'>   <\/div>\n<h3 style='font-size: 18px; text-align: center; margin: 0 0 20px 0; color: inherit;'><strong>Unidades de Estado S\u00f3lido<\/strong><\/h3>\n<\/p><\/div>\n<\/p><\/div>\n<p> <!-- Imagen 1 con overlay --> <\/p>\n<div style='position: relative; width: 100%; max-width: 1200px; margin: 0 auto 30px; overflow: hidden; border-radius: 8px;'> <img style='width: 100%; height: auto; border: 1px solid rgba(150&comma;150&comma;150&comma;0.3); display: block;' src='https:\/\/ftp3.syscom.mx\/usuarios\/gmagos\/HIK\/storage\/Pagina%20WEB\/HS-SD-E30\/CAPTURE-SD-CARD_01.jpg' alt='Imagen de Fondo'> <\/p>\n<div style='position: absolute; top: 50%; left: 50%; transform: translate(-50%&comma; -50%); padding: 20px; text-align: center; width: 100%; max-width: 600px;'>\n<h1 style='font-size: 28px; color: white; margin: 0 0 10px 0;'><strong>Tarjeta Micro Serie CAPTURE<\/strong><\/h1>\n<h2 style='font-size: 18px; color: white; margin: 0;'>Socio ideal para la creaci\u00f3n de contenido de v\u00eddeo HD<\/h2>\n<\/p><\/div>\n<\/p><\/div>\n<p> <!-- Imagen 2 --> <\/p>\n<div style='display: flex; flex-wrap: wrap; gap: 30px; margin-bottom: 30px; align-items: center;'>\n<div style='flex: 1 1 300px; min-width: 280px;'> <img style='width: 100%; height: auto; border: 1px solid rgba(150&comma;150&comma;150&comma;0.3); border-radius: 8px;' src='https:\/\/ftp3.syscom.mx\/usuarios\/gmagos\/HIK\/storage\/Pagina%20WEB\/HS-SD-E30\/CAPTURE-SD-CARD_02.jpg' alt='Ultra velocidades'> <\/div>\n<div style='flex: 2 1 400px; min-width: 280px;'>\n<h2 style='font-size: 20px; margin: 0 0 15px 0; color: inherit;'>Libera la ultra velocidades y captura momentos inolvidables.<\/h2>\n<p style='margin: 0; text-align: justify; font-size: 14px; color: inherit;'>Experimenta la libertad a velocidades ultra r\u00e1pidas mientras capturas cada momento vivido. Nuestra tecnolog\u00eda permite una velocidad m\u00e1xima de lectura secuencial de hasta 180 MB\/s y una velocidad m\u00e1xima de escritura secuencial de hasta 150 MB\/s. La potencia de estas velocidades te asegura una experiencia fluida y eficiente en la transferencia de datos&comma; garantizando que no te pierdas ni un solo detalle en tus memorias digitales.<\/p>\n<\/p><\/div>\n<\/p><\/div>\n<p> <!-- Imagen 3 --> <\/p>\n<div style='display: flex; flex-wrap: wrap; gap: 30px; margin-bottom: 30px; align-items: center;'>\n<div style='flex: 1 1 400px; min-width: 280px;'>\n<h2 style='font-size: 20px; margin: 0 0 15px 0; color: inherit;'>Perfecto para grabar im\u00e1genes de alta calidad y v\u00eddeos 4K<\/h2>\n<p style='margin: 0; text-align: justify; font-size: 14px; color: inherit;'>Optimizado para la grabaci\u00f3n de im\u00e1genes de alta calidad y la captura de v\u00eddeos en resoluci\u00f3n 4K&comma; las nuevas memorias microSD de Hiksemi ofrecen un rendimiento excepcional. Disfruta de una experiencia sin igual al capturar momentos v\u00edvidos y lograr resultados de m\u00e1xima definici\u00f3n con la fiabilidad y velocidad de nuestras innovadoras tarjetas microSD.<\/p>\n<\/p><\/div>\n<div style='flex: 1 1 300px; min-width: 280px;'> <img style='width: 100%; height: auto; border: 1px solid rgba(150&comma;150&comma;150&comma;0.3); border-radius: 8px;' src='https:\/\/ftp3.syscom.mx\/usuarios\/gmagos\/HIK\/storage\/Pagina%20WEB\/HS-SD-E30\/CAPTURE-SD-CARD_03.png' alt='Tarjeta Micro'> <\/div>\n<\/p><\/div>\n<p> <!-- Imagen 4 con overlay --> <\/p>\n<div style='position: relative; width: 100%; max-width: 1200px; margin: 0 auto 30px; overflow: hidden; border-radius: 8px;'> <img style='width: 100%; height: auto; border: 1px solid rgba(150&comma;150&comma;150&comma;0.3); display: block;' src='https:\/\/ftp3.syscom.mx\/usuarios\/gmagos\/HIK\/storage\/Pagina%20WEB\/HS-SD-E30\/CAPTURE-SD-CARD_05.jpg' alt='Imagen de Fondo'> <\/p>\n<div style='position: absolute; top: 50%; left: 50%; transform: translate(-50%&comma; -50%); padding: 20px; text-align: center; width: 100%; max-width: 600px;'>\n<h1 style='font-size: 24px; color: white; margin: 0 0 10px 0;'>Varias capacidades para elegir&comma;<\/h1>\n<h2 style='font-size: 24px; color: white; margin: 0;'>encuentre el espacio que necesita<\/h2>\n<\/p><\/div>\n<\/p><\/div>\n<p> <!-- Imagen 5 --> <\/p>\n<div style='width: 100%; text-align: center; margin: 30px 0;'> <img style='width: 100%; height: auto; border: 1px solid rgba(150&comma;150&comma;150&comma;0.3); border-radius: 8px; max-width: 800px;' src='https:\/\/ftp3.syscom.mx\/usuarios\/gmagos\/HIK\/storage\/Pagina%20WEB\/HS-SD-E30\/CAPTURE-SD-CARD_04.jpg' alt='Tarjeta Micro'> <\/div>\n<p> <!-- Banner final --> <\/p>\n<div style='width: 100%; text-align: center; margin: 30px 0;'> <img style='width: 100%; height: auto; border: 1px solid rgba(150&comma;150&comma;150&comma;0.3); border-radius: 8px; max-width: 800px;' src='https:\/\/ftp3.syscom.mx\/usuarios\/gmagos\/HIK\/storage\/Vaners\/HIKSEMI-banner1.jpg' alt='Banner final'> <\/div>\n<\/p><\/div>\n","protected":false},"excerpt":{"rendered":"<p>Memoria SD \/ Clase 10 de 64 GB \/ Especializada Para Drones Comerciales, C\u00e1maras de Fotograf\u00eda y Video  \/ 180 MB\/s Lectura \/ 150 MB\/s Escritura<\/p>\n","protected":false},"featured_media":79961,"comment_status":"open","ping_status":"closed","template":"","meta":[],"product_brand":[],"product_cat":[2109],"product_tag":[1974,2129,2110],"class_list":{"0":"post-79962","1":"product","2":"type-product","3":"status-publish","4":"has-post-thumbnail","6":"product_cat-memorias-sd-microsd","7":"product_tag-almacenamiento","8":"product_tag-hiksemi-by-hikvision","9":"product_tag-memorias-sd-microsd","11":"first","12":"outofstock","13":"sale","14":"shipping-taxable","15":"purchasable","16":"product-type-simple"},"_links":{"self":[{"href":"https:\/\/soydeaqui.ddns.net\/pachuca\/index.php\/wp-json\/wp\/v2\/product\/79962","targetHints":{"allow":["GET"]}}],"collection":[{"href":"https:\/\/soydeaqui.ddns.net\/pachuca\/index.php\/wp-json\/wp\/v2\/product"}],"about":[{"href":"https:\/\/soydeaqui.ddns.net\/pachuca\/index.php\/wp-json\/wp\/v2\/types\/product"}],"replies":[{"embeddable":true,"href":"https:\/\/soydeaqui.ddns.net\/pachuca\/index.php\/wp-json\/wp\/v2\/comments?post=79962"}],"wp:featuredmedia":[{"embeddable":true,"href":"https:\/\/soydeaqui.ddns.net\/pachuca\/index.php\/wp-json\/wp\/v2\/media\/79961"}],"wp:attachment":[{"href":"https:\/\/soydeaqui.ddns.net\/pachuca\/index.php\/wp-json\/wp\/v2\/media?parent=79962"}],"wp:term":[{"taxonomy":"product_brand","embeddable":true,"href":"https:\/\/soydeaqui.ddns.net\/pachuca\/index.php\/wp-json\/wp\/v2\/product_brand?post=79962"},{"taxonomy":"product_cat","embeddable":true,"href":"https:\/\/soydeaqui.ddns.net\/pachuca\/index.php\/wp-json\/wp\/v2\/product_cat?post=79962"},{"taxonomy":"product_tag","embeddable":true,"href":"https:\/\/soydeaqui.ddns.net\/pachuca\/index.php\/wp-json\/wp\/v2\/product_tag?post=79962"}],"curies":[{"name":"wp","href":"https:\/\/api.w.org\/{rel}","templated":true}]}}