{"id":79954,"date":"2026-03-19T17:44:07","date_gmt":"2026-03-19T17:44:07","guid":{"rendered":"https:\/\/soydeaqui.ddns.net\/pachuca\/index.php\/producto\/memoria-microsd-clase-10-de-64gb-especializada-para-drones-comerciales-camaras-de-fotografia-y-de-video-180-mb-s-lectura-150-mb-s-escritura\/"},"modified":"2026-03-19T17:44:09","modified_gmt":"2026-03-19T17:44:09","slug":"memoria-microsd-clase-10-de-64gb-especializada-para-drones-comerciales-camaras-de-fotografia-y-de-video-180-mb-s-lectura-150-mb-s-escritura","status":"publish","type":"product","link":"https:\/\/soydeaqui.ddns.net\/pachuca\/index.php\/producto\/memoria-microsd-clase-10-de-64gb-especializada-para-drones-comerciales-camaras-de-fotografia-y-de-video-180-mb-s-lectura-150-mb-s-escritura\/","title":{"rendered":"Memoria MicroSD \/ Clase 10 de 64GB \/ Especializada Para Drones Comerciales, C\u00e1maras de Fotograf\u00eda y de Video \/ 180 MB\/s Lectura \/ 150 MB\/s Escritura"},"content":{"rendered":"<div style='width: 100%; max-width: 1200px; margin: 0 auto; font-family: sans-serif; line-height: 1.6; color: inherit; background-color: transparent;'> <!-- Banner --> <\/p>\n<div style='width: 100%; text-align: center; margin: 30px 0;'> <img style='width: 100%; height: auto; border: 1px solid rgba(150&comma;150&comma;150&comma;0.3); border-radius: 8px;' src='https:\/\/ftp3.syscom.mx\/usuarios\/gmagos\/HIK\/storage\/Vaners\/hiksemi.png' alt='HIKSEMI Banner'> <\/div>\n<p> <!-- Especificaciones --> <\/p>\n<div style='display: flex; flex-direction: column; align-items: center; margin-bottom: 30px;'>\n<div style='width: 100%; max-width: 800px; text-align: center; margin-bottom: 20px;'>\n<h1 style='font-size: 28px; color: inherit; margin: 0;'>Especificaciones<\/h1>\n<\/p><\/div>\n<div style='display: flex; flex-wrap: wrap; gap: 20px; width: 100%; max-width: 800px;'>\n<div style='flex: 1 1 300px; min-width: 250px; background-color: rgba(120&comma;120&comma;120&comma;0.05); border: 1px solid rgba(150&comma;150&comma;150&comma;0.3); border-radius: 8px; overflow: hidden;'>\n<div style='padding: 15px; background-color: rgba(0&comma;0&comma;0&comma;0.05); border-bottom: 1px solid rgba(150&comma;150&comma;150&comma;0.3); font-weight: bold; font-size: 16px; color: inherit;'>Caracter\u00edsticas Principales:<\/div>\n<ul style='padding: 15px; margin: 0; font-size: 14px; color: inherit;'>\n<li style='margin-bottom: 5px;'>Formato: Micro SDXC<\/li>\n<li style='margin-bottom: 5px;'>Capacidad: 64 GB<\/li>\n<li style='margin-bottom: 5px;'>Velocidad de Lectura: 180 MB\/s<\/li>\n<li style='margin-bottom: 5px;'>Velocidad de Escritura: 150 MB\/s<\/li>\n<li style='margin-bottom: 5px;'>Sistema de Archivos: exFAT<\/li>\n<li style='margin-bottom: 5px;'>Velocidad: Clase 10&comma; U3&comma; V30<\/li>\n<li style='margin-bottom: 5px;'>Certificaci\u00f3n: A2<\/li>\n<li style='margin-bottom: 5px;'>Memoria Flash NAND: TLC (Triple-Level Cell)<\/li>\n<li style='margin-bottom: 5px;'>Dimensiones: 14.99 x 10.92 x 1.02 mm (0.59 x 0.43 x 0.04 in)<\/li>\n<li style='margin-bottom: 5px;'>Temperatura de Operaci\u00f3n: -25 \u00b0C a 85 \u00b0C<\/li>\n<\/ul><\/div>\n<\/p><\/div>\n<\/p><\/div>\n<p> <!-- Videos --> <\/p>\n<div style='display: flex; flex-wrap: wrap; gap: 20px; margin-bottom: 30px;'>\n<div style='flex: 1 1 300px; min-width: 280px;'>\n<h3 style='font-size: 22px; border-bottom: 2px solid currentColor; padding-bottom: 5px; margin-top: 0; margin-bottom: 15px; color: inherit; opacity: 0.8;'>\u00bfQui\u00e9n es HIKSEMI?<\/h3>\n<div style='position: relative; padding-bottom: 56.25%; height: 0; overflow: hidden; margin-bottom: 30px;'>   <\/div>\n<\/p><\/div>\n<div style='flex: 1 1 300px; min-width: 280px;'>\n<h3 style='font-size: 22px; border-bottom: 2px solid currentColor; padding-bottom: 5px; margin-top: 0; margin-bottom: 15px; color: inherit; opacity: 0.8;'>Unidades de Estado S\u00f3lido<\/h3>\n<div style='position: relative; padding-bottom: 56.25%; height: 0; overflow: hidden; margin-bottom: 30px;'>   <\/div>\n<\/p><\/div>\n<\/p><\/div>\n<p> <!-- Imagen 1 con overlay --> <\/p>\n<div style='position: relative; width: 100%; margin-bottom: 30px;'> <img style='width: 100%; height: auto; border: 1px solid rgba(150&comma;150&comma;150&comma;0.3); border-radius: 8px;' src='https:\/\/ftp3.syscom.mx\/usuarios\/gmagos\/HIK\/storage\/Pagina%20WEB\/HS-TF-E3\/CAPTURE-TF-CARD-01.jpg' alt='Imagen de Fondo'> <\/p>\n<div style='position: absolute; top: 50%; left: 50%; transform: translate(-50%&comma; -50%); text-align: center; padding: 20px; color: white;'>\n<h1 style='font-size: 35px; margin: 0 0 10px 0; color: inherit;'><strong>Tarjeta Micro Serie CAPTURE<\/strong><\/h1>\n<h2 style='font-size: 20px; margin: 0; color: inherit;'>Mantenga la memoria&comma; disfrute de su disparo<\/h2>\n<\/p><\/div>\n<\/p><\/div>\n<p> <!-- Imagen 2 --> <\/p>\n<div style='display: flex; flex-wrap: wrap; gap: 20px; margin-bottom: 30px;'>\n<div style='flex: 1 1 300px; min-width: 280px;'> <img style='width: 100%; height: auto; border: 1px solid rgba(150&comma;150&comma;150&comma;0.3); border-radius: 8px;' src='https:\/\/ftp3.syscom.mx\/usuarios\/gmagos\/HIK\/storage\/Pagina%20WEB\/HS-TF-E3\/CAPTURE-TF-CARD-02.jpg' alt='Libera la ultra velocidades y captura momentos inolvidables'> <\/div>\n<div style='flex: 2 1 400px; min-width: 280px;'>\n<h2 style='font-size: 22px; margin-top: 0; margin-bottom: 15px; color: inherit;'>Libera la ultra velocidades y captura momentos inolvidables<\/h2>\n<p style='font-size: 14px; color: inherit;'>Experimenta la libertad a velocidades ultra r\u00e1pidas mientras capturas cada momento vivido. Nuestra tecnolog\u00eda permite una velocidad m\u00e1xima de lectura secuencial de hasta 180 MB\/s y una velocidad m\u00e1xima de escritura secuencial de hasta 150 MB\/s. La potencia de estas velocidades te asegura una experiencia fluida y eficiente en la transferencia de datos&comma; garantizando que no te pierdas ni un solo detalle en tus memorias digitales.<\/p>\n<\/p><\/div>\n<\/p><\/div>\n<p> <!-- Imagen 3 --> <\/p>\n<div style='display: flex; flex-wrap: wrap-reverse; gap: 20px; margin-bottom: 30px;'>\n<div style='flex: 2 1 400px; min-width: 280px;'>\n<h2 style='font-size: 22px; margin-top: 0; margin-bottom: 15px; color: inherit;'>Perfecto para grabar im\u00e1genes de alta calidad y v\u00eddeos 4K<\/h2>\n<p style='font-size: 14px; color: inherit;'>Optimizado para la grabaci\u00f3n de im\u00e1genes de alta calidad y la captura de v\u00eddeos en resoluci\u00f3n 4K&comma; las nuevas memorias microSD de Hiksemi ofrecen un rendimiento excepcional. Disfruta de una experiencia sin igual al capturar momentos v\u00edvidos y lograr resultados de m\u00e1xima definici\u00f3n con la fiabilidad y velocidad de nuestras innovadoras tarjetas microSD.<\/p>\n<\/p><\/div>\n<div style='flex: 1 1 300px; min-width: 280px;'> <img style='width: 100%; height: auto; border: 1px solid rgba(150&comma;150&comma;150&comma;0.3); border-radius: 8px;' src='https:\/\/ftp3.syscom.mx\/usuarios\/gmagos\/HIK\/storage\/Pagina%20WEB\/HS-TF-E3\/CAPTURE-TF-CARD-03.png' alt='Captura momentos inolvidables'> <\/div>\n<\/p><\/div>\n<p> <!-- Imagen 4 con overlay --> <\/p>\n<div style='position: relative; width: 100%; margin-bottom: 30px;'> <img style='width: 100%; height: auto; border: 1px solid rgba(150&comma;150&comma;150&comma;0.3); border-radius: 8px;' src='https:\/\/ftp3.syscom.mx\/usuarios\/gmagos\/HIK\/storage\/Pagina%20WEB\/HS-TF-E3\/CAPTURE-TF-CARD-05.jpg' alt='Imagen de Fondo'> <\/p>\n<div style='position: absolute; top: 50%; left: 50%; transform: translate(-50%&comma; -50%); text-align: center; padding: 20px; color: white;'>\n<h1 style='font-size: 35px; margin: 0 0 10px 0; color: inherit;'><strong>Varias capacidades para elegir<\/strong><\/h1>\n<h2 style='font-size: 20px; margin: 0; color: inherit;'>Encuentra el espacio que necesitas<\/h2>\n<\/p><\/div>\n<\/p><\/div>\n<p> <!-- Imagen 5 --> <\/p>\n<div style='width: 100%; text-align: center; margin: 30px 0;'> <img style='width: 100%; height: auto; border: 1px solid rgba(150&comma;150&comma;150&comma;0.3); border-radius: 8px;' src='https:\/\/ftp3.syscom.mx\/usuarios\/gmagos\/HIK\/storage\/Pagina%20WEB\/HS-TF-E3\/CAPTURE-TF-CARD-04.jpg' alt='Banner adicional'> <\/div>\n<p> <!-- Banner final --> <\/p>\n<div style='width: 100%; text-align: center; margin: 30px 0;'> <img style='width: 100%; height: auto; border: 1px solid rgba(150&comma;150&comma;150&comma;0.3); border-radius: 8px;' src='https:\/\/ftp3.syscom.mx\/usuarios\/gmagos\/HIK\/storage\/Vaners\/HIKSEMI-banner1.jpg' alt='Banner Final'> <\/div>\n<\/p><\/div>\n","protected":false},"excerpt":{"rendered":"<p>Memoria MicroSD \/ Clase 10 de 64GB \/ Especializada Para Drones Comerciales, C\u00e1maras de Fotograf\u00eda y de Video \/ 180 MB\/s Lectura \/ 150 MB\/s Escritura<\/p>\n","protected":false},"featured_media":79953,"comment_status":"open","ping_status":"closed","template":"","meta":[],"product_brand":[],"product_cat":[2109],"product_tag":[1974,2129,2110],"class_list":{"0":"post-79954","1":"product","2":"type-product","3":"status-publish","4":"has-post-thumbnail","6":"product_cat-memorias-sd-microsd","7":"product_tag-almacenamiento","8":"product_tag-hiksemi-by-hikvision","9":"product_tag-memorias-sd-microsd","11":"first","12":"outofstock","13":"sale","14":"shipping-taxable","15":"purchasable","16":"product-type-simple"},"_links":{"self":[{"href":"https:\/\/soydeaqui.ddns.net\/pachuca\/index.php\/wp-json\/wp\/v2\/product\/79954","targetHints":{"allow":["GET"]}}],"collection":[{"href":"https:\/\/soydeaqui.ddns.net\/pachuca\/index.php\/wp-json\/wp\/v2\/product"}],"about":[{"href":"https:\/\/soydeaqui.ddns.net\/pachuca\/index.php\/wp-json\/wp\/v2\/types\/product"}],"replies":[{"embeddable":true,"href":"https:\/\/soydeaqui.ddns.net\/pachuca\/index.php\/wp-json\/wp\/v2\/comments?post=79954"}],"wp:featuredmedia":[{"embeddable":true,"href":"https:\/\/soydeaqui.ddns.net\/pachuca\/index.php\/wp-json\/wp\/v2\/media\/79953"}],"wp:attachment":[{"href":"https:\/\/soydeaqui.ddns.net\/pachuca\/index.php\/wp-json\/wp\/v2\/media?parent=79954"}],"wp:term":[{"taxonomy":"product_brand","embeddable":true,"href":"https:\/\/soydeaqui.ddns.net\/pachuca\/index.php\/wp-json\/wp\/v2\/product_brand?post=79954"},{"taxonomy":"product_cat","embeddable":true,"href":"https:\/\/soydeaqui.ddns.net\/pachuca\/index.php\/wp-json\/wp\/v2\/product_cat?post=79954"},{"taxonomy":"product_tag","embeddable":true,"href":"https:\/\/soydeaqui.ddns.net\/pachuca\/index.php\/wp-json\/wp\/v2\/product_tag?post=79954"}],"curies":[{"name":"wp","href":"https:\/\/api.w.org\/{rel}","templated":true}]}}