{"id":79936,"date":"2026-03-19T17:43:27","date_gmt":"2026-03-19T17:43:27","guid":{"rendered":"https:\/\/soydeaqui.ddns.net\/pachuca\/index.php\/producto\/kit-de-radio-a5x-700-mbps-hasta-64-usuarios-concurrentes-monitoreo-a-travez-de-la-nube-incluye-poe24v-y-cable-de-alimentacion-pcc53\/"},"modified":"2026-03-19T17:43:27","modified_gmt":"2026-03-19T17:43:27","slug":"kit-de-radio-a5x-700-mbps-hasta-64-usuarios-concurrentes-monitoreo-a-travez-de-la-nube-incluye-poe24v-y-cable-de-alimentacion-pcc53","status":"publish","type":"product","link":"https:\/\/soydeaqui.ddns.net\/pachuca\/index.php\/producto\/kit-de-radio-a5x-700-mbps-hasta-64-usuarios-concurrentes-monitoreo-a-travez-de-la-nube-incluye-poe24v-y-cable-de-alimentacion-pcc53\/","title":{"rendered":"Kit de radio A5x, 700 Mbps, hasta 64 usuarios concurrentes,  Monitoreo a travez de la nube, incluye POE24V y cable de alimentaci\u00f3n PCC53"},"content":{"rendered":"<div style='width: 100%; max-width: 1200px; margin: 0 auto; font-family: sans-serif; line-height: 1.6; color: inherit; background-color: transparent;'>\n<div style='display: flex; flex-wrap: wrap; gap: 30px; margin-bottom: 30px;'>\n<div style='flex: 1 1 300px; min-width: 280px;'>\n<h3 style='font-size: 22px; border-bottom: 2px solid currentColor; padding-bottom: 5px; margin-top: 0; color: inherit; opacity: 0.8;'>Caracter\u00edsticas principales<\/h3>\n<ul style='padding-left: 20px; font-size: 15px; color: inherit;'>\n<li style='margin-bottom: 5px;'><strong>Puerto Ethernet:<\/strong> 10\/100\/1000<\/li>\n<li style='margin-bottom: 5px;'><strong>Seguridad avanzada:<\/strong> WAP; AES; RADIUS; Autorizaci\u00f3n 802.1x<\/li>\n<li style='margin-bottom: 5px;'><strong>M\u00e1ximo desempe\u00f1o:<\/strong> Hasta 700 Mbps de velocidad agregada en DL\/UL<\/li>\n<\/ul><\/div>\n<\/p><\/div>\n<div style='display: flex; flex-wrap: wrap; gap: 30px; margin-bottom: 30px;'>\n<div style='flex: 1 1 300px; min-width: 280px;'>\n<h3 style='font-size: 22px; border-bottom: 2px solid currentColor; padding-bottom: 5px; margin-top: 0; color: inherit; opacity: 0.8;'>Modos de operaci\u00f3n<\/h3>\n<ul style='padding-left: 20px; font-size: 15px; color: inherit;'>\n<li style='margin-bottom: 5px;'><strong>PTMP:<\/strong> Access point<\/li>\n<\/ul><\/div>\n<\/p><\/div>\n<div style='display: flex; flex-wrap: wrap; gap: 30px; margin-bottom: 30px;'>\n<div style='flex: 1 1 300px; min-width: 280px;'>\n<h3 style='font-size: 22px; border-bottom: 2px solid currentColor; padding-bottom: 5px; margin-top: 0; color: inherit; opacity: 0.8;'>Radio<\/h3>\n<ul style='padding-left: 20px; font-size: 15px; color: inherit;'>\n<li style='margin-bottom: 5px;'><strong>MIMO y modulaci\u00f3n:<\/strong> 4 x 4 MIMO OFDM arriva de MCS9 (256-QAM 5\/6)<\/li>\n<li style='margin-bottom: 5px;'><strong>Ancho de canal:<\/strong> 20\/40\/80 MHz<\/li>\n<li style='margin-bottom: 5px;'><strong>M\u00e1xima potencia de transmisi\u00f3n:<\/strong> 27 dBm<\/li>\n<li style='margin-bottom: 5px;'><strong>Resistencia:<\/strong> IP67 (para intemperie)<\/li>\n<li style='margin-bottom: 5px;'><strong>Rango de temperatura:<\/strong> -40 a 55 \u00b0C (-40 a 131 \u00b0F)<\/li>\n<li style='margin-bottom: 5px;'><strong>Frecuencia:<\/strong> 4.9 &#8211; 6.4 GHz<\/li>\n<\/ul><\/div>\n<\/p><\/div>\n<div style='display: flex; flex-wrap: wrap; gap: 30px; margin-bottom: 30px;'>\n<div style='flex: 1 1 300px; min-width: 280px;'>\n<h3 style='font-size: 22px; border-bottom: 2px solid currentColor; padding-bottom: 5px; margin-top: 0; color: inherit; opacity: 0.8;'>Capacidad de clientes<\/h3>\n<ul style='padding-left: 20px; font-size: 15px; color: inherit;'>\n<li style='margin-bottom: 5px;'><strong>Interoperabilidad WiFi:<\/strong> 64 clientes<\/li>\n<li style='margin-bottom: 5px;'><strong>Sincronizaci\u00f3n y reuso de espectro:<\/strong> 44 clientes<\/li>\n<\/ul><\/div>\n<\/p><\/div>\n<div style='display: flex; flex-wrap: wrap; gap: 30px; margin-bottom: 30px;'>\n<div style='flex: 1 1 300px; min-width: 280px;'>\n<h3 style='font-size: 22px; border-bottom: 2px solid currentColor; padding-bottom: 5px; margin-top: 0; color: inherit; opacity: 0.8;'>Caracter\u00edsticas f\u00edsicas y el\u00e9ctricas<\/h3>\n<ul style='padding-left: 20px; font-size: 15px; color: inherit;'>\n<li style='margin-bottom: 5px;'><strong>Consumo m\u00e1ximo de energ\u00eda:<\/strong> 9-12.9 W<\/li>\n<li style='margin-bottom: 5px;'><strong>Alimentaci\u00f3n POE:<\/strong> 24-56 Vcc<\/li>\n<li style='margin-bottom: 5px;'><strong>Profundidad:<\/strong> 44 mm<\/li>\n<li style='margin-bottom: 5px;'><strong>Ancho:<\/strong> 75 mm<\/li>\n<li style='margin-bottom: 5px;'><strong>Altura:<\/strong> 188.4 mm<\/li>\n<li style='margin-bottom: 5px;'><strong>Peso:<\/strong> 0.30 kg (0.70 lbs)<\/li>\n<\/ul><\/div>\n<\/p><\/div>\n<div style='display: flex; flex-wrap: wrap; gap: 30px; margin-bottom: 30px;'>\n<div style='flex: 1 1 300px; min-width: 280px;'>\n<h3 style='font-size: 22px; border-bottom: 2px solid currentColor; padding-bottom: 5px; margin-top: 0; color: inherit; opacity: 0.8;'>Notas de instalaci\u00f3n<\/h3>\n<ul style='padding-left: 20px; font-size: 15px; color: inherit;'>\n<li style='margin-bottom: 5px;'>El equipo incluye internamente un protector contra descargas<\/li>\n<li style='margin-bottom: 5px;'>Se recomienda aterrizar a una tierra f\u00edsica<\/li>\n<\/ul><\/div>\n<\/p><\/div>\n<div style='display: flex; flex-wrap: wrap; gap: 30px; margin-bottom: 30px;'>\n<div style='flex: 1 1 100%;'>\n<h3 style='font-size: 22px; border-bottom: 2px solid currentColor; padding-bottom: 5px; margin-top: 0; color: inherit; opacity: 0.8;'>Im\u00e1genes del producto<\/h3>\n<div style='display: flex; flex-wrap: wrap; gap: 15px;'> <img style='width: 100%; height: auto; border: 1px solid rgba(150&comma;150&comma;150&comma;0.3); border-radius: 8px; flex: 1 1 300px; min-width: 280px;' src='https:\/\/ftp3.syscom.mx\/usuarios\/fotos\/A5X\/174923-captura10.jpg' alt=''> <img style='width: 100%; height: auto; border: 1px solid rgba(150&comma;150&comma;150&comma;0.3); border-radius: 8px; flex: 1 1 300px; min-width: 280px;' src='https:\/\/ftp3.syscom.mx\/usuarios\/fotos\/A5X\/174923-captura123.jpg' alt=''> <img style='width: 100%; height: auto; border: 1px solid rgba(150&comma;150&comma;150&comma;0.3); border-radius: 8px; flex: 1 1 300px; min-width: 280px;' src='https:\/\/mimosa.co\/uploads\/Airspan-A5x-Hero-No-Gland-icons-swapped-v2.png?mtime=20191009173506' alt=''> <img style='width: 100%; height: auto; border: 1px solid rgba(150&comma;150&comma;150&comma;0.3); border-radius: 8px; flex: 1 1 300px; min-width: 280px;' src='https:\/\/ftp3.syscom.mx\/usuarios\/fotos\/A5X\/174923-captura6.jpg' alt=''> <img style='width: 100%; height: auto; border: 1px solid rgba(150&comma;150&comma;150&comma;0.3); border-radius: 8px; flex: 1 1 300px; min-width: 280px;' src='https:\/\/ftp3.syscom.mx\/usuarios\/fotos\/A5X\/174923-captura7.jpg' alt=''> <img style='width: 100%; height: auto; border: 1px solid rgba(150&comma;150&comma;150&comma;0.3); border-radius: 8px; flex: 1 1 300px; min-width: 280px;' src='https:\/\/ftp3.syscom.mx\/usuarios\/fotos\/A5X\/174923-captura8.jpg' alt=''> <img style='width: 100%; height: auto; border: 1px solid rgba(150&comma;150&comma;150&comma;0.3); border-radius: 8px; flex: 1 1 300px; min-width: 280px;' src='https:\/\/ftp3.syscom.mx\/usuarios\/fotos\/A5X\/174923-captura9.jpg' alt=''> <\/div>\n<\/p><\/div>\n<\/p><\/div>\n<div style='display: flex; flex-wrap: wrap; gap: 30px; margin-bottom: 30px;'>\n<div style='flex: 1 1 100%;'>\n<h3 style='font-size: 22px; border-bottom: 2px solid currentColor; padding-bottom: 5px; margin-top: 0; color: inherit; opacity: 0.8;'>V\u00eddeos<\/h3>\n<div style='display: flex; flex-wrap: wrap; gap: 15px;'>\n<div style='position: relative; padding-bottom: 56.25%; height: 0; overflow: hidden; flex: 1 1 300px; min-width: 280px;'>   <\/div>\n<div style='position: relative; padding-bottom: 56.25%; height: 0; overflow: hidden; flex: 1 1 300px; min-width: 280px;'>   <\/div>\n<\/p><\/div>\n<\/p><\/div>\n<\/p><\/div>\n<hr style='border: 0; border-top: 1px solid rgba(150&comma; 150&comma; 150&comma; 0.3); margin: 30px 0;'> <\/div>\n","protected":false},"excerpt":{"rendered":"<p>Kit de radio A5x, 700 Mbps, hasta 64 usuarios concurrentes,  Monitoreo a travez de la nube, incluye POE24V y cable de alimentaci\u00f3n PCC53<\/p>\n","protected":false},"featured_media":79935,"comment_status":"open","ping_status":"closed","template":"","meta":[],"product_brand":[],"product_cat":[1998],"product_tag":[1999,1980,2046],"class_list":{"0":"post-79936","1":"product","2":"type-product","3":"status-publish","4":"has-post-thumbnail","6":"product_cat-5-y-6-ghz","7":"product_tag-5-y-6-ghz","8":"product_tag-enlaces-ptp-y-ptmp","9":"product_tag-mimosa-networks","11":"first","12":"instock","13":"sale","14":"shipping-taxable","15":"purchasable","16":"product-type-simple"},"_links":{"self":[{"href":"https:\/\/soydeaqui.ddns.net\/pachuca\/index.php\/wp-json\/wp\/v2\/product\/79936","targetHints":{"allow":["GET"]}}],"collection":[{"href":"https:\/\/soydeaqui.ddns.net\/pachuca\/index.php\/wp-json\/wp\/v2\/product"}],"about":[{"href":"https:\/\/soydeaqui.ddns.net\/pachuca\/index.php\/wp-json\/wp\/v2\/types\/product"}],"replies":[{"embeddable":true,"href":"https:\/\/soydeaqui.ddns.net\/pachuca\/index.php\/wp-json\/wp\/v2\/comments?post=79936"}],"wp:featuredmedia":[{"embeddable":true,"href":"https:\/\/soydeaqui.ddns.net\/pachuca\/index.php\/wp-json\/wp\/v2\/media\/79935"}],"wp:attachment":[{"href":"https:\/\/soydeaqui.ddns.net\/pachuca\/index.php\/wp-json\/wp\/v2\/media?parent=79936"}],"wp:term":[{"taxonomy":"product_brand","embeddable":true,"href":"https:\/\/soydeaqui.ddns.net\/pachuca\/index.php\/wp-json\/wp\/v2\/product_brand?post=79936"},{"taxonomy":"product_cat","embeddable":true,"href":"https:\/\/soydeaqui.ddns.net\/pachuca\/index.php\/wp-json\/wp\/v2\/product_cat?post=79936"},{"taxonomy":"product_tag","embeddable":true,"href":"https:\/\/soydeaqui.ddns.net\/pachuca\/index.php\/wp-json\/wp\/v2\/product_tag?post=79936"}],"curies":[{"name":"wp","href":"https:\/\/api.w.org\/{rel}","templated":true}]}}