{"id":79925,"date":"2026-03-19T17:43:01","date_gmt":"2026-03-19T17:43:01","guid":{"rendered":"https:\/\/soydeaqui.ddns.net\/pachuca\/index.php\/producto\/caja-de-distribucion-de-fibra-optica-para-24-empalmes-con-16-acopladores-sc-apc-enterrado-directo-ip68-splitter-1x16-incluido-con-conectores-sc-apc\/"},"modified":"2026-03-19T17:43:12","modified_gmt":"2026-03-19T17:43:12","slug":"caja-de-distribucion-de-fibra-optica-para-24-empalmes-con-16-acopladores-sc-apc-enterrado-directo-ip68-splitter-1x16-incluido-con-conectores-sc-apc","status":"publish","type":"product","link":"https:\/\/soydeaqui.ddns.net\/pachuca\/index.php\/producto\/caja-de-distribucion-de-fibra-optica-para-24-empalmes-con-16-acopladores-sc-apc-enterrado-directo-ip68-splitter-1x16-incluido-con-conectores-sc-apc\/","title":{"rendered":"Caja de Distribuci\u00f3n de Fibra \u00d3ptica para 24 Empalmes con 16 Acopladores SC\/APC. Enterrado Directo, IP68, Splitter 1&#215;16 Incluido con Conectores SC\/APC"},"content":{"rendered":"<div style='width: 100%; max-width: 1200px; margin: 0 auto; font-family: sans-serif; line-height: 1.6; color: inherit; background-color: transparent;'> <!-- Imagen de logo --> <\/p>\n<div style='width: 100%; text-align: center; margin: 20px 0;'> <img style='width: 100%; max-width: 432px; height: auto; border: 1px solid rgba(150&comma;150&comma;150&comma;0.3); border-radius: 8px;' src='https:\/\/ftp3.syscom.mx\/usuarios\/orobles\/LinkedPro\/linkedpro_logo.png' alt='Logo'> <\/div>\n<p> <!-- Descripci\u00f3n principal --> <\/p>\n<div style='margin-bottom: 30px; font-size: 15px;'>\n<p style='margin: 0 0 15px;'>La caja de empalme NAP LP-FAT16DB se utiliza como punto de terminaci\u00f3n para que el cable de fibra troncal o de distribuci\u00f3n se conecte con el cable drop en una red FTTx. Generalmente se utilizan para albergar splitters de segundo nivel y cuentan con acopladores para un acceso r\u00e1pido y sencillo&comma; proporciona una protecci\u00f3n IP68 y gesti\u00f3n s\u00f3lidas para la construcci\u00f3n de la red FTTx.<\/p>\n<\/p><\/div>\n<p> <!-- Secci\u00f3n de caracter\u00edsticas --> <\/p>\n<div style='display: flex; flex-wrap: wrap; gap: 30px; margin-bottom: 30px;'>\n<div style='flex: 1 1 300px; min-width: 280px;'>\n<h3 style='font-size: 22px; border-bottom: 2px solid currentColor; padding-bottom: 5px; margin-top: 0; color: inherit; opacity: 0.8;'>Caracter\u00edsticas<\/h3>\n<ul style='padding-left: 20px; font-size: 15px; color: inherit;'>\n<li style='margin-bottom: 5px;'>Dise\u00f1o resistente al agua con protecci\u00f3n IP-68<\/li>\n<li style='margin-bottom: 5px;'>Integrado con charola de empalme y soporte para acopladores<\/li>\n<li style='margin-bottom: 5px;'>Prueba de impacto IK10&comma; Fuerza de tracci\u00f3n: 100N&comma; dise\u00f1o totalmente resistente<\/li>\n<li style='margin-bottom: 5px;'>Control de radio de curvatura superior a 40 mm<\/li>\n<li style='margin-bottom: 5px;'>Se pueden colocar hasta 2 splitter 1&#215;8 (opcional)<\/li>\n<li style='margin-bottom: 5px;'>16 puertos de entrada\/salida para cable Drop<\/li>\n<\/ul><\/div>\n<\/p><\/div>\n<p> <!-- Secci\u00f3n de especificaciones --> <\/p>\n<div style='display: flex; flex-wrap: wrap; gap: 30px; margin-bottom: 30px;'>\n<div style='flex: 1 1 300px; min-width: 280px;'>\n<h3 style='font-size: 22px; border-bottom: 2px solid currentColor; padding-bottom: 5px; margin-top: 0; color: inherit; opacity: 0.8;'>Especificaciones<\/h3>\n<ul style='padding-left: 20px; font-size: 15px; color: inherit;'>\n<li style='margin-bottom: 5px;'><strong>16 Puertos<\/strong> para fibra Drop<\/li>\n<li style='margin-bottom: 5px;'><strong>1 puerto ovalado<\/strong> para fibra troncal de 10 &#8211; 17.5 mm<\/li>\n<li style='margin-bottom: 5px;'><strong>2 puertos redondos<\/strong> para fibra de distribuci\u00f3n de 8 a 17.5 mm<\/li>\n<li style='margin-bottom: 5px;'><strong>Instalaci\u00f3n:<\/strong> pared o poste<\/li>\n<li style='margin-bottom: 5px;'><strong>Splitter:<\/strong> 1&#215;16 con conectores SC\/APC (incluido)<\/li>\n<li style='margin-bottom: 5px;'><strong>Incluye:<\/strong> 16 acopladores SC\/APC simplex monomodo<\/li>\n<li style='margin-bottom: 5px;'><strong>Protecci\u00f3n:<\/strong> IP68<\/li>\n<li style='margin-bottom: 5px;'><strong>Material:<\/strong> PC<\/li>\n<li style='margin-bottom: 5px;'><strong>Temperatura de Operaci\u00f3n:<\/strong> -40\u00b0C ~ +65\u00b0C<\/li>\n<li style='margin-bottom: 5px;'><strong>Aplicaci\u00f3n:<\/strong> Exterior<\/li>\n<li style='margin-bottom: 5px;'><strong>Peso:<\/strong> 4.5 Kg<\/li>\n<li style='margin-bottom: 5px;'><strong>Instalaci\u00f3n:<\/strong> A\u00e9rea&comma; poste o pared<\/li>\n<li style='margin-bottom: 5px;'><strong>Herrajes para instalaci\u00f3n a\u00e9rea incluidos<\/strong><\/li>\n<\/ul><\/div>\n<\/p><\/div>\n<p> <!-- Separador --> <\/p>\n<hr style='border: 0; border-top: 1px solid rgba(150&comma; 150&comma; 150&comma; 0.3); margin: 30px 0;'> <\/div>\n","protected":false},"excerpt":{"rendered":"<p>Caja de Distribuci\u00f3n de Fibra \u00d3ptica para 24 Empalmes con 16 Acopladores SC\/APC. Enterrado Directo, IP68, Splitter 1&#215;16 Incluido con Conectores SC\/APC<\/p>\n","protected":false},"featured_media":79924,"comment_status":"open","ping_status":"closed","template":"","meta":[],"product_brand":[],"product_cat":[2014],"product_tag":[435,2011,2015],"class_list":{"0":"post-79925","1":"product","2":"type-product","3":"status-publish","4":"has-post-thumbnail","6":"product_cat-splitters-y-cajas-de-empalme","7":"product_tag-linkedpro-by-epcom","8":"product_tag-redes-ftth-pon","9":"product_tag-splitters-y-cajas-de-empalme","11":"first","12":"instock","13":"sale","14":"shipping-taxable","15":"purchasable","16":"product-type-simple"},"_links":{"self":[{"href":"https:\/\/soydeaqui.ddns.net\/pachuca\/index.php\/wp-json\/wp\/v2\/product\/79925","targetHints":{"allow":["GET"]}}],"collection":[{"href":"https:\/\/soydeaqui.ddns.net\/pachuca\/index.php\/wp-json\/wp\/v2\/product"}],"about":[{"href":"https:\/\/soydeaqui.ddns.net\/pachuca\/index.php\/wp-json\/wp\/v2\/types\/product"}],"replies":[{"embeddable":true,"href":"https:\/\/soydeaqui.ddns.net\/pachuca\/index.php\/wp-json\/wp\/v2\/comments?post=79925"}],"wp:featuredmedia":[{"embeddable":true,"href":"https:\/\/soydeaqui.ddns.net\/pachuca\/index.php\/wp-json\/wp\/v2\/media\/79924"}],"wp:attachment":[{"href":"https:\/\/soydeaqui.ddns.net\/pachuca\/index.php\/wp-json\/wp\/v2\/media?parent=79925"}],"wp:term":[{"taxonomy":"product_brand","embeddable":true,"href":"https:\/\/soydeaqui.ddns.net\/pachuca\/index.php\/wp-json\/wp\/v2\/product_brand?post=79925"},{"taxonomy":"product_cat","embeddable":true,"href":"https:\/\/soydeaqui.ddns.net\/pachuca\/index.php\/wp-json\/wp\/v2\/product_cat?post=79925"},{"taxonomy":"product_tag","embeddable":true,"href":"https:\/\/soydeaqui.ddns.net\/pachuca\/index.php\/wp-json\/wp\/v2\/product_tag?post=79925"}],"curies":[{"name":"wp","href":"https:\/\/api.w.org\/{rel}","templated":true}]}}