{"id":79895,"date":"2026-03-19T17:41:54","date_gmt":"2026-03-19T17:41:54","guid":{"rendered":"https:\/\/soydeaqui.ddns.net\/pachuca\/index.php\/producto\/licencia-perpetua-para-aumentar-en-1gb-el-analisis-de-trafico-firewall-modelo-z3200-s\/"},"modified":"2026-03-19T17:41:55","modified_gmt":"2026-03-19T17:41:55","slug":"licencia-perpetua-para-aumentar-en-1gb-el-analisis-de-trafico-firewall-modelo-z3200-s","status":"publish","type":"product","link":"https:\/\/soydeaqui.ddns.net\/pachuca\/index.php\/producto\/licencia-perpetua-para-aumentar-en-1gb-el-analisis-de-trafico-firewall-modelo-z3200-s\/","title":{"rendered":"Licencia Perpetua para aumentar en 1Gb el an\u00e1lisis de trafico, Firewall modelo Z3200-S"},"content":{"rendered":"<div style='width: 100%; max-width: 1200px; margin: 0 auto; font-family: sans-serif; line-height: 1.6; color: inherit; background-color: transparent;'>\n<div style='display: flex; flex-direction: column; gap: 20px; margin-bottom: 30px;'>\n<h2 style='font-size: 24px; margin-top: 0; margin-bottom: 10px; color: inherit; opacity: 0.9;'>Licencia de expansi\u00f3n para el an\u00e1lisis de tr\u00e1fico<\/h2>\n<h3 style='font-size: 20px; margin-top: 0; margin-bottom: 20px; color: inherit; opacity: 0.85;'>+1 Gb para Firewall Ruijie<\/h3>\n<div style='display: flex; flex-wrap: wrap; gap: 20px; margin-bottom: 30px;'>\n<div style='flex: 1 1 300px; min-width: 280px;'>\n<h4 style='font-size: 18px; border-bottom: 2px solid currentColor; padding-bottom: 5px; margin-top: 0; color: inherit; opacity: 0.8;'>Informaci\u00f3n general<\/h4>\n<ul style='padding-left: 20px; font-size: 15px; color: inherit;'>\n<li style='margin-bottom: 5px;'>Licencia para aumento de capacidad de an\u00e1lisis de tr\u00e1fico<\/li>\n<li style='margin-bottom: 5px;'>Modelo: RG-WALL1600-Z3200-S-1G-LIC<\/li>\n<\/ul><\/div>\n<div style='flex: 1 1 300px; min-width: 280px;'>\n<h4 style='font-size: 18px; border-bottom: 2px solid currentColor; padding-bottom: 5px; margin-top: 0; color: inherit; opacity: 0.8;'>Compatibilidad<\/h4>\n<ul style='padding-left: 20px; font-size: 15px; color: inherit;'>\n<li style='margin-bottom: 5px;'>Compatible \u00fanicamente con modelos de controlador Firewall Ruijie RG-WALL 1600-Z3200-S<\/li>\n<li style='margin-bottom: 5px;'>M\u00e1ximo 2 licencias por Firewall<\/li>\n<\/ul><\/div>\n<div style='flex: 1 1 300px; min-width: 280px;'>\n<h4 style='font-size: 18px; border-bottom: 2px solid currentColor; padding-bottom: 5px; margin-top: 0; color: inherit; opacity: 0.8;'>Caracter\u00edsticas<\/h4>\n<ul style='padding-left: 20px; font-size: 15px; color: inherit;'>\n<li style='margin-bottom: 5px;'>Vigencia perpetua<\/li>\n<li style='margin-bottom: 5px;'>Uso \u00fanico<\/li>\n<\/ul><\/div>\n<\/p><\/div>\n<div style='margin: 30px 0;'>\n<h4 style='font-size: 18px; margin-top: 0; margin-bottom: 15px; color: inherit; opacity: 0.8;'>Contenido del paquete<\/h4>\n<ul style='padding-left: 20px; font-size: 15px; color: inherit;'>\n<li style='margin-bottom: 5px;'>Licencia para aumentar en 1Gb el an\u00e1lisis de tr\u00e1fico<\/li>\n<\/ul><\/div>\n<div style='margin: 30px 0;'>\n<h4 style='font-size: 18px; margin-top: 0; margin-bottom: 15px; color: inherit; opacity: 0.8;'>Documentaci\u00f3n<\/h4>\n<ul style='padding-left: 20px; font-size: 15px; color: inherit;'>\n<li style='margin-bottom: 5px;'>Carta de autorizaci\u00f3n (Digital) con c\u00f3digo para generar licencia<\/li>\n<li style='margin-bottom: 5px; background-color: rgba(241&comma; 196&comma; 15&comma; 0.3); padding: 8px; border-radius: 4px;'> <strong style='color: inherit;'>NOTA:<\/strong> Mandar factura v\u00eda correo a <a style='color: inherit; text-decoration: underline;' href='mailto:licencias@syscom.mx'>licencias@syscom.mx<\/a>&comma; la licencia ser\u00e1 entregada digitalmente por este mismo medio en un lapso de 24-48 hrs. <\/li>\n<\/ul><\/div>\n<div style='margin: 30px 0;'> <img style='width: 100%; height: auto; border: 1px solid rgba(150&comma;150&comma;150&comma;0.3); border-radius: 8px;' src='https:\/\/ftp3.syscom.mx\/usuarios\/fotos\/RGWALL1600Z3200S\/219253-firewall_ruijie_5.png' alt='Firewall Ruijie RG-WALL1600-Z3200-S'> <\/div>\n<\/p><\/div>\n<\/p><\/div>\n","protected":false},"excerpt":{"rendered":"<p>Licencia Perpetua para aumentar en 1Gb el an\u00e1lisis de trafico, Firewall modelo Z3200-S<\/p>\n","protected":false},"featured_media":79894,"comment_status":"open","ping_status":"closed","template":"","meta":[],"product_brand":[],"product_cat":[2122],"product_tag":[2038,664,2123],"class_list":{"0":"post-79895","1":"product","2":"type-product","3":"status-publish","4":"has-post-thumbnail","6":"product_cat-firewalls-networking","7":"product_tag-firewalls","8":"product_tag-networking","9":"product_tag-ruijie","11":"first","12":"outofstock","13":"sale","14":"shipping-taxable","15":"purchasable","16":"product-type-simple"},"_links":{"self":[{"href":"https:\/\/soydeaqui.ddns.net\/pachuca\/index.php\/wp-json\/wp\/v2\/product\/79895","targetHints":{"allow":["GET"]}}],"collection":[{"href":"https:\/\/soydeaqui.ddns.net\/pachuca\/index.php\/wp-json\/wp\/v2\/product"}],"about":[{"href":"https:\/\/soydeaqui.ddns.net\/pachuca\/index.php\/wp-json\/wp\/v2\/types\/product"}],"replies":[{"embeddable":true,"href":"https:\/\/soydeaqui.ddns.net\/pachuca\/index.php\/wp-json\/wp\/v2\/comments?post=79895"}],"wp:featuredmedia":[{"embeddable":true,"href":"https:\/\/soydeaqui.ddns.net\/pachuca\/index.php\/wp-json\/wp\/v2\/media\/79894"}],"wp:attachment":[{"href":"https:\/\/soydeaqui.ddns.net\/pachuca\/index.php\/wp-json\/wp\/v2\/media?parent=79895"}],"wp:term":[{"taxonomy":"product_brand","embeddable":true,"href":"https:\/\/soydeaqui.ddns.net\/pachuca\/index.php\/wp-json\/wp\/v2\/product_brand?post=79895"},{"taxonomy":"product_cat","embeddable":true,"href":"https:\/\/soydeaqui.ddns.net\/pachuca\/index.php\/wp-json\/wp\/v2\/product_cat?post=79895"},{"taxonomy":"product_tag","embeddable":true,"href":"https:\/\/soydeaqui.ddns.net\/pachuca\/index.php\/wp-json\/wp\/v2\/product_tag?post=79895"}],"curies":[{"name":"wp","href":"https:\/\/api.w.org\/{rel}","templated":true}]}}