{"id":79872,"date":"2026-03-19T17:40:51","date_gmt":"2026-03-19T17:40:51","guid":{"rendered":"https:\/\/soydeaqui.ddns.net\/pachuca\/index.php\/producto\/telefono-ip-ideal-para-recepcion-hasta-20-lineas-sip-poe-106-botones-dss-bluetooth-integrado-para-diademas-puertos-gigabit-soporta-recepcion-video\/"},"modified":"2026-03-19T17:40:57","modified_gmt":"2026-03-19T17:40:57","slug":"telefono-ip-ideal-para-recepcion-hasta-20-lineas-sip-poe-106-botones-dss-bluetooth-integrado-para-diademas-puertos-gigabit-soporta-recepcion-video","status":"publish","type":"product","link":"https:\/\/soydeaqui.ddns.net\/pachuca\/index.php\/producto\/telefono-ip-ideal-para-recepcion-hasta-20-lineas-sip-poe-106-botones-dss-bluetooth-integrado-para-diademas-puertos-gigabit-soporta-recepcion-video\/","title":{"rendered":"Tel\u00e9fono IP ideal para recepci\u00f3n hasta 20 l\u00edneas SIP, PoE, 106 botones DSS, Bluetooth integrado para diademas, puertos Gigabit, soporta recepci\u00f3n video"},"content":{"rendered":"<div style='width: 100%; max-width: 1200px; margin: 0 auto; font-family: sans-serif; line-height: 1.6; color: inherit; background-color: transparent;'> <!-- Encabezado rojo con t\u00edtulo --> <\/p>\n<div style='width: 100%; max-width: 1200px; margin: 0 auto; margin-bottom: 30px;'>\n<div style='background-color: #ff0800; color: white; text-align: center; padding: 30px 15px; border-radius: 8px;'>\n<h1 style='font-size: 28px; margin: 0; padding: 0; color: inherit; font-weight: normal;'>Tel\u00e9fono IP Empresarial Fanvil X210<\/h1>\n<p style='font-size: 16px; margin-top: 10px; color: inherit; opacity: 0.9;'>Soluci\u00f3n profesional para recepcionistas con triple pantalla y 106 teclas programables<\/p>\n<\/p><\/div>\n<\/p><\/div>\n<p> <!-- Secci\u00f3n de descripci\u00f3n --> <\/p>\n<div style='margin-bottom: 30px;'>\n<div style='padding: 20px; background-color: rgba(255&comma; 8&comma; 0&comma; 0.05); border-radius: 8px;'>\n<p style='font-size: 16px; margin: 0; color: inherit; text-align: justify;'> X210 es un tel\u00e9fono IP empresarial de gama alta&comma; ideal para recepcionistas que necesitan obtener acceso a funciones flexibles y avanzadas para manejar vol\u00famenes de llamadas medianos a altos en su trabajo diario. El X210 tiene 10 teclas DSS en la pantalla a color principal de 4.3 &#8216;&comma; hasta 96 teclas DSS (32 f\u00edsicas) en pantallas laterales a color de 2 \u00d7 3&comma;5&#8217;&comma; y tiene un total de hasta 106 teclas DSS para configurar para BLF&comma; marcaci\u00f3n r\u00e1pida&comma; funci\u00f3n de transmisi\u00f3n de grupo&comma; etc. Tambi\u00e9n viene con audio de alta definici\u00f3n&comma; Bluetooth incorporado&comma; compatibilidad con EHS&comma; Gigabit dual&comma; PoE&comma; c\u00e1mara IP \/ integraci\u00f3n de tel\u00e9fono de puerta SIP&comma; que ofrece una gran productividad con estas funciones avanzadas. <\/p>\n<\/p><\/div>\n<\/p><\/div>\n<p> <!-- Secci\u00f3n de caracter\u00edsticas en 3 columnas --> <\/p>\n<div style='display: flex; flex-wrap: wrap; gap: 20px; margin-bottom: 30px;'> <!-- Caracter\u00edsticas principales --> <\/p>\n<div style='flex: 1 1 300px; min-width: 280px; border: 1px solid rgba(150&comma; 150&comma; 150&comma; 0.4); border-radius: 8px; overflow: hidden;'>\n<div style='padding: 15px; border-bottom: 1px solid rgba(150&comma; 150&comma; 150&comma; 0.2); font-weight: bold; font-size: 18px; color: #ff0800; background-color: rgba(255&comma; 8&comma; 0&comma; 0.05);'>Caracter\u00edsticas principales:<\/div>\n<div style='padding: 15px; color: inherit;'>\n<ul style='padding-left: 20px; margin: 0; font-size: 14px; list-style-type: disc;'>\n<li style='margin-bottom: 5px;'>20 l\u00edneas SIP&comma; conferencia de 3 v\u00edas&comma; hotspot<\/li>\n<li style='margin-bottom: 5px;'>Puertos Gigabit<\/li>\n<li style='margin-bottom: 5px;'>Audio HD en altavoz y auricular.<\/li>\n<li style='margin-bottom: 5px;'>Pantalla de color principal de 4.3 &#8216;<\/li>\n<li style='margin-bottom: 5px;'>Bluetooth incorporado<\/li>\n<li style='margin-bottom: 5px;'>2 \u00d7 3.5 &#8216;pantallas laterales en color para teclas DSS<\/li>\n<li style='margin-bottom: 5px;'>Hasta 106 teclas DSS (42 teclas f\u00edsicas de tres colores)<\/li>\n<li style='margin-bottom: 5px;'>Puertos Gigabit duales&comma; PoE integrado<\/li>\n<li style='margin-bottom: 5px;'>Compatible con auriculares EHS<\/li>\n<li style='margin-bottom: 5px;'>Compatibilidad con Video Codec H.264 para recibir videollamadas<\/li>\n<li style='margin-bottom: 5px;'>Soporte con 2 \u00e1ngulos ajustables de 40 y 50 grados.<\/li>\n<li style='margin-bottom: 5px;'>Compatible con las principales plataformas: 3CX&comma; Asterisk&comma; Broadsoft&comma; Metaswitch&comma; Avaya etc.<\/li>\n<li style='margin-bottom: 5px;'>Garantia 2 a\u00f1os.<\/li>\n<\/ul><\/div>\n<\/p><\/div>\n<p> <!-- Caracter\u00edsticas F\u00edsicas y El\u00e9ctricas --> <\/p>\n<div style='flex: 1 1 300px; min-width: 280px; border: 1px solid rgba(150&comma; 150&comma; 150&comma; 0.4); border-radius: 8px; overflow: hidden;'>\n<div style='padding: 15px; border-bottom: 1px solid rgba(150&comma; 150&comma; 150&comma; 0.2); font-weight: bold; font-size: 18px; color: #ff0800; background-color: rgba(255&comma; 8&comma; 0&comma; 0.05);'>Caracter\u00edsticas F\u00edsicas y El\u00e9ctricas:<\/div>\n<div style='padding: 15px; color: inherit;'>\n<ul style='padding-left: 20px; margin: 0; font-size: 14px; list-style-type: disc;'>\n<li style='margin-bottom: 5px;'>Consumo con PoE 2.6W a 9W<\/li>\n<li style='margin-bottom: 5px;'>Consumo con adaptador 2.4W a 8W<\/li>\n<li style='margin-bottom: 5px;'>Temperatura de trabajo de 0 a 40<\/li>\n<li style='margin-bottom: 5px;'>PoE 802.3af<\/li>\n<li style='margin-bottom: 5px;'>Entrada de adaptador DC 5 Vcc&comma; 2.0 A (No incluida)<\/li>\n<\/ul><\/div>\n<\/p><\/div>\n<p> <!-- Caracter\u00edsticas de Red --> <\/p>\n<div style='flex: 1 1 300px; min-width: 280px; border: 1px solid rgba(150&comma; 150&comma; 150&comma; 0.4); border-radius: 8px; overflow: hidden;'>\n<div style='padding: 15px; border-bottom: 1px solid rgba(150&comma; 150&comma; 150&comma; 0.2); font-weight: bold; font-size: 18px; color: #ff0800; background-color: rgba(255&comma; 8&comma; 0&comma; 0.05);'>Caracter\u00edsticas de Red:<\/div>\n<div style='padding: 15px; color: inherit;'>\n<ul style='padding-left: 20px; margin: 0; font-size: 14px; list-style-type: disc;'>\n<li style='margin-bottom: 5px;'>2 puertos Ethernet 10\/100\/1000 Mbps modo puente para bypass a PC<\/li>\n<li style='margin-bottom: 5px;'>Configuraci\u00f3n de IP: est\u00e1tico \/ DHCP \/ PPPoE<\/li>\n<li style='margin-bottom: 5px;'>Control de acceso por red: 802.1x<\/li>\n<li style='margin-bottom: 5px;'>VPN: L2TP (Desencriptado b\u00e1sico)<\/li>\n<li style='margin-bottom: 5px;'>VLAN<\/li>\n<li style='margin-bottom: 5px;'>QoS<\/li>\n<li style='margin-bottom: 5px;'>Bluetooth integrado<\/li>\n<\/ul><\/div>\n<\/p><\/div>\n<\/p><\/div>\n<p> <!-- Separador --> <\/p>\n<hr style='border: 0; border-top: 1px solid rgba(150&comma; 150&comma; 150&comma; 0.3); margin: 30px 0;'> <\/div>\n","protected":false},"excerpt":{"rendered":"<p>Tel\u00e9fono IP ideal para recepci\u00f3n hasta 20 l\u00edneas SIP, PoE, 106 botones DSS, Bluetooth integrado para diademas, puertos Gigabit, soporta recepci\u00f3n video<\/p>\n","protected":false},"featured_media":79871,"comment_status":"open","ping_status":"closed","template":"","meta":[],"product_brand":[],"product_cat":[2003],"product_tag":[859,2005,2004],"class_list":{"0":"post-79872","1":"product","2":"type-product","3":"status-publish","4":"has-post-thumbnail","6":"product_cat-telefonos-ip","7":"product_tag-fanvil","8":"product_tag-telefonos-ip","9":"product_tag-voip-telefonia-ip-videoconferencia","11":"first","12":"instock","13":"sale","14":"shipping-taxable","15":"purchasable","16":"product-type-simple"},"_links":{"self":[{"href":"https:\/\/soydeaqui.ddns.net\/pachuca\/index.php\/wp-json\/wp\/v2\/product\/79872","targetHints":{"allow":["GET"]}}],"collection":[{"href":"https:\/\/soydeaqui.ddns.net\/pachuca\/index.php\/wp-json\/wp\/v2\/product"}],"about":[{"href":"https:\/\/soydeaqui.ddns.net\/pachuca\/index.php\/wp-json\/wp\/v2\/types\/product"}],"replies":[{"embeddable":true,"href":"https:\/\/soydeaqui.ddns.net\/pachuca\/index.php\/wp-json\/wp\/v2\/comments?post=79872"}],"wp:featuredmedia":[{"embeddable":true,"href":"https:\/\/soydeaqui.ddns.net\/pachuca\/index.php\/wp-json\/wp\/v2\/media\/79871"}],"wp:attachment":[{"href":"https:\/\/soydeaqui.ddns.net\/pachuca\/index.php\/wp-json\/wp\/v2\/media?parent=79872"}],"wp:term":[{"taxonomy":"product_brand","embeddable":true,"href":"https:\/\/soydeaqui.ddns.net\/pachuca\/index.php\/wp-json\/wp\/v2\/product_brand?post=79872"},{"taxonomy":"product_cat","embeddable":true,"href":"https:\/\/soydeaqui.ddns.net\/pachuca\/index.php\/wp-json\/wp\/v2\/product_cat?post=79872"},{"taxonomy":"product_tag","embeddable":true,"href":"https:\/\/soydeaqui.ddns.net\/pachuca\/index.php\/wp-json\/wp\/v2\/product_tag?post=79872"}],"curies":[{"name":"wp","href":"https:\/\/api.w.org\/{rel}","templated":true}]}}