{"id":79866,"date":"2026-03-19T17:40:38","date_gmt":"2026-03-19T17:40:38","guid":{"rendered":"https:\/\/soydeaqui.ddns.net\/pachuca\/index.php\/producto\/estacion-base-epmp-3000-mu-mimo-4x4-802-11ac-4910-5970-mhz-120-suscriptores-hasta-1-2-gbps-c050910a101a\/"},"modified":"2026-03-19T17:40:49","modified_gmt":"2026-03-19T17:40:49","slug":"estacion-base-epmp-3000-mu-mimo-4x4-802-11ac-4910-5970-mhz-120-suscriptores-hasta-1-2-gbps-c050910a101a","status":"publish","type":"product","link":"https:\/\/soydeaqui.ddns.net\/pachuca\/index.php\/producto\/estacion-base-epmp-3000-mu-mimo-4x4-802-11ac-4910-5970-mhz-120-suscriptores-hasta-1-2-gbps-c050910a101a\/","title":{"rendered":"Estaci\u00f3n base ePMP 3000 MU-MIMO 4X4 802.11ac, 4910-5970 MHz, 120 suscriptores, hasta 1.2 Gbps (C050910A101A)"},"content":{"rendered":"<div style='width: 100%; max-width: 1200px; margin: 0 auto; font-family: sans-serif; line-height: 1.6; color: inherit; background-color: transparent;'> <!-- Logo y encabezado --> <\/p>\n<div style='text-align: center; padding: 20px 0;'> <img style='width: 250px; height: auto; border: 1px solid rgba(150&comma;150&comma;150&comma;0.3); border-radius: 8px;' src='http:\/\/ftp3.syscom.mx\/usuarios\/hortega\/Cambium\/cambium-networks-logo.png' alt='Logo Cambium Networks'> <\/p>\n<h1 style='font-size: 2.5rem; margin-top: 10px; font-weight: 300; color: inherit;'>ePMP\u2122 3000 Series<\/h1>\n<p style='font-size: 1.1rem; opacity: 0.8; color: inherit;'>Access Point de Tercera Generaci\u00f3n &#8211; 802.11ac Wave 2<\/p>\n<\/p><\/div>\n<p> <!-- Caracter\u00edsticas principales --> <\/p>\n<div style='display: flex; flex-wrap: wrap; justify-content: center; gap: 10px; margin-bottom: 30px;'> <span style='background: rgba(128&comma;128&comma;128&comma;0.1); border: 1px solid rgba(128&comma;128&comma;128&comma;0.2); border-radius: 4px; padding: 8px 15px; text-align: center; color: inherit;'> <strong style='display: block; font-size: 0.8rem; color: #007bff;'>EST\u00c1NDAR<\/strong> 802.11ac WAVE 2 <\/span> <span style='background: rgba(128&comma;128&comma;128&comma;0.1); border: 1px solid rgba(128&comma;128&comma;128&comma;0.2); border-radius: 4px; padding: 8px 15px; text-align: center; color: inherit;'> <strong style='display: block; font-size: 0.8rem; color: #007bff;'>TECNOLOG\u00cdA<\/strong> MU-MIMO 4&#215;4 <\/span> <span style='background: rgba(128&comma;128&comma;128&comma;0.1); border: 1px solid rgba(128&comma;128&comma;128&comma;0.2); border-radius: 4px; padding: 8px 15px; text-align: center; color: inherit;'> <strong style='display: block; font-size: 0.8rem; color: #007bff;'>POTENCIA<\/strong> 32 dBm <\/span> <span style='background: rgba(128&comma;128&comma;128&comma;0.1); border: 1px solid rgba(128&comma;128&comma;128&comma;0.2); border-radius: 4px; padding: 8px 15px; text-align: center; color: inherit;'> <strong style='display: block; font-size: 0.8rem; color: #007bff;'>CAPACIDAD<\/strong> Hasta 1.2 Gbps <\/span> <\/div>\n<p> <!-- Secci\u00f3n de caracter\u00edsticas con iconos --> <\/p>\n<div style='display: grid; grid-template-columns: repeat(auto-fit&comma; minmax(240px&comma; 1fr)); gap: 20px; margin-bottom: 40px;'>\n<div style='padding: 20px; border-radius: 12px; background: rgba(128&comma;128&comma;128&comma;0.05); text-align: center; border: 1px solid rgba(128&comma;128&comma;128&comma;0.1); color: inherit;'> <img style='width: 40px; height: auto; border: 1px solid rgba(150&comma;150&comma;150&comma;0.3); border-radius: 8px; margin-bottom: 15px; filter: invert(0.5);' src='https:\/\/cdn-icons-png.flaticon.com\/512\/3144\/3144456.png' alt='Calidad de Servicio'> <\/p>\n<h3 style='margin: 0 0 10px 0; font-size: 1.1rem; color: inherit;'>Calidad de Servicio<\/h3>\n<p style='font-size: 0.9rem; margin: 0; color: inherit;'>Esquema de priorizaci\u00f3n multinivel para servicios diferenciados de alta fidelidad.<\/p>\n<\/p><\/div>\n<div style='padding: 20px; border-radius: 12px; background: rgba(128&comma;128&comma;128&comma;0.05); text-align: center; border: 1px solid rgba(128&comma;128&comma;128&comma;0.1); color: inherit;'> <img style='width: 40px; height: auto; border: 1px solid rgba(150&comma;150&comma;150&comma;0.3); border-radius: 8px; margin-bottom: 15px; filter: invert(0.5);' src='https:\/\/cdn-icons-png.flaticon.com\/512\/2716\/2716612.png' alt='Seguridad'> <\/p>\n<h3 style='margin: 0 0 10px 0; font-size: 1.1rem; color: inherit;'>Seguridad<\/h3>\n<p style='font-size: 0.9rem; margin: 0; color: inherit;'>Cifrado AES 128-bits&comma; reglas de Firewall L2\/L3 y acceso seguro v\u00eda HTTPs\/SSH.<\/p>\n<\/p><\/div>\n<div style='padding: 20px; border-radius: 12px; background: rgba(128&comma;128&comma;128&comma;0.05); text-align: center; border: 1px solid rgba(128&comma;128&comma;128&comma;0.1); color: inherit;'> <img style='width: 40px; height: auto; border: 1px solid rgba(150&comma;150&comma;150&comma;0.3); border-radius: 8px; margin-bottom: 15px; filter: invert(0.5);' src='https:\/\/cdn-icons-png.flaticon.com\/512\/900\/900618.png' alt='Sincronizaci\u00f3n GPS'> <\/p>\n<h3 style='margin: 0 0 10px 0; font-size: 1.1rem; color: inherit;'>Sincronizaci\u00f3n GPS<\/h3>\n<p style='font-size: 0.9rem; margin: 0; color: inherit;'>Operaci\u00f3n TDD escalable para torres sincronizadas&comma; reduciendo la auto-interferencia.<\/p>\n<\/p><\/div>\n<div style='padding: 20px; border-radius: 12px; background: rgba(128&comma;128&comma;128&comma;0.05); text-align: center; border: 1px solid rgba(128&comma;128&comma;128&comma;0.1); color: inherit;'> <img style='width: 40px; height: auto; border: 1px solid rgba(150&comma;150&comma;150&comma;0.3); border-radius: 8px; margin-bottom: 15px; filter: invert(0.5);' src='https:\/\/cdn-icons-png.flaticon.com\/512\/2592\/2592317.png' alt='Alto Rendimiento'> <\/p>\n<h3 style='margin: 0 0 10px 0; font-size: 1.1rem; color: inherit;'>Alto Rendimiento<\/h3>\n<p style='font-size: 0.9rem; margin: 0; color: inherit;'>Canales de hasta 80 MHz y modulaci\u00f3n 256 QAM para m\u00e1ximo throughput.<\/p>\n<\/p><\/div>\n<\/p><\/div>\n<p> <!-- Secci\u00f3n de analizador de espectro --> <\/p>\n<div style='text-align: center; background: #007bff; color: white; padding: 25px; border-radius: 12px; margin-bottom: 40px;'>\n<h3 style='margin: 0 0 10px 0; color: inherit;'>Analizador de Espectro en Vivo Integrado<\/h3>\n<p style='margin: 0; opacity: 0.9; color: inherit;'>Monitoreo constante sin interrumpir el enlace para una optimizaci\u00f3n din\u00e1mica de la frecuencia.<\/p>\n<\/p><\/div>\n<p> <!-- Tabla de especificaciones t\u00e9cnicas --> <\/p>\n<div style='overflow-x: auto; margin-bottom: 40px;'>\n<table style='width: 100%; border-collapse: collapse; border-radius: 8px; overflow: hidden; border: 1px solid rgba(128&comma;128&comma;128&comma;0.2); color: inherit;'>\n<thead>\n<tr style='background: rgba(128&comma;128&comma;128&comma;0.1);'>\n<th colspan='2' style='padding: 15px; text-align: left; border-bottom: 2px solid #007bff; color: inherit;'>Especificaciones T\u00e9cnicas<\/th>\n<\/tr>\n<\/thead>\n<tbody>\n<tr>\n<td style='padding: 12px; border-bottom: 1px solid rgba(128&comma;128&comma;128&comma;0.1); font-weight: bold; width: 40%; color: inherit;'>Rango de frecuencias<\/td>\n<td style='padding: 12px; border-bottom: 1px solid rgba(128&comma;128&comma;128&comma;0.1); color: inherit;'>4910 \u2013 5980 MHz<\/td>\n<\/tr>\n<tr>\n<td style='padding: 12px; border-bottom: 1px solid rgba(128&comma;128&comma;128&comma;0.1); font-weight: bold; color: inherit;'>Ancho de Canal<\/td>\n<td style='padding: 12px; border-bottom: 1px solid rgba(128&comma;128&comma;128&comma;0.1); color: inherit;'>20 | 40 | 80 MHz<\/td>\n<\/tr>\n<tr>\n<td style='padding: 12px; border-bottom: 1px solid rgba(128&comma;128&comma;128&comma;0.1); font-weight: bold; color: inherit;'>Capacidad de Usuarios<\/td>\n<td style='padding: 12px; border-bottom: 1px solid rgba(128&comma;128&comma;128&comma;0.1); color: inherit;'>Hasta 120 suscriptores por sector<\/td>\n<\/tr>\n<tr>\n<td style='padding: 12px; border-bottom: 1px solid rgba(128&comma;128&comma;128&comma;0.1); font-weight: bold; color: inherit;'>Estructura Ethernet<\/td>\n<td style='padding: 12px; border-bottom: 1px solid rgba(128&comma;128&comma;128&comma;0.1); color: inherit;'>10\/100\/1000BaseT&comma; 802.3at &#038; Puerto SFP<\/td>\n<\/tr>\n<tr>\n<td style='padding: 12px; border-bottom: 1px solid rgba(128&comma;128&comma;128&comma;0.1); font-weight: bold; color: inherit;'>Protecci\u00f3n \/ Temp.<\/td>\n<td style='padding: 12px; border-bottom: 1px solid rgba(128&comma;128&comma;128&comma;0.1); color: inherit;'>IP55 \/ -30\u00ba a +55\u00baC<\/td>\n<\/tr>\n<tr>\n<td style='padding: 12px; font-weight: bold; color: inherit;'>Garant\u00eda<\/td>\n<td style='padding: 12px; color: inherit;'>3 a\u00f1os<\/td>\n<\/tr>\n<\/tbody>\n<\/table><\/div>\n<p> <!-- Secci\u00f3n de Filtro Inteligente Din\u00e1mico --> <\/p>\n<div style='display: flex; flex-wrap: wrap; gap: 30px; align-items: center; margin-bottom: 30px;'>\n<div style='flex: 1 1 300px; min-width: 300px;'>\n<h2 style='color: #007bff; color: inherit;'>Filtro Inteligente Din\u00e1mico<\/h2>\n<p style='color: inherit;'>A diferencia de los filtros est\u00e1ticos&comma; las soluciones de Cambium bloquean autom\u00e1ticamente el ruido de los canales vecinos&comma; mejorando dr\u00e1sticamente la calidad de la se\u00f1al incluso en entornos de RF saturados.<\/p>\n<\/p><\/div>\n<div style='flex: 1 1 300px; min-width: 300px; text-align: center;'> <img style='width: 100%; height: auto; border: 1px solid rgba(150&comma;150&comma;150&comma;0.3); border-radius: 8px;' src='https:\/\/ftp3.syscom.mx\/usuarios\/hortega\/Cambium\/ePMP\/epmp-intelligent-filtering-2.jpg' alt='Filtro Inteligente Din\u00e1mico'> <\/div>\n<\/p><\/div>\n<p> <!-- Secci\u00f3n de Smart Beamforming --> <\/p>\n<div style='display: flex; flex-wrap: wrap-reverse; gap: 30px; align-items: center; margin-bottom: 40px;'>\n<div style='flex: 1 1 300px; min-width: 300px; text-align: center;'> <img style='width: 100%; height: auto; border: 1px solid rgba(150&comma;150&comma;150&comma;0.3); border-radius: 8px;' src='https:\/\/ftp3.syscom.mx\/usuarios\/hortega\/Cambium\/ePMP\/epmp-smart-beamforming.jpg' alt='Smart Beamforming'> <\/div>\n<div style='flex: 1 1 300px; min-width: 300px;'>\n<h2 style='color: #007bff; color: inherit;'>Smart Beamforming<\/h2>\n<p style='color: inherit;'>La antena inteligente crea haces estrechos dirigidos individualmente hacia los suscriptores&comma; anulando la radiaci\u00f3n de emisores no deseados y mitigando interferencias externas.<\/p>\n<\/p><\/div>\n<\/p><\/div>\n<p> <!-- Video --> <\/p>\n<div style='margin-bottom: 40px;'>\n<div style='position: relative; padding-bottom: 56.25%; height: 0; overflow: hidden;'>   <\/div>\n<\/p><\/div>\n<p> <!-- Nota final --> <\/p>\n<div style='border-top: 1px solid rgba(128&comma;128&comma;128&comma;0.2); padding-top: 20px; text-align: center; font-size: 0.9rem; opacity: 0.7; color: inherit;'>\n<p style='color: inherit;'>PoE y cable de conexi\u00f3n el\u00e9ctrica incluidos. Versi\u00f3n con soporte de hasta 120 suscriptores.<\/p>\n<\/p><\/div>\n<p> <!-- Separador final --> <\/p>\n<hr style='border: 0; border-top: 1px solid rgba(150&comma;150&comma;150&comma;0.3); margin: 30px 0;'> <\/div>\n","protected":false},"excerpt":{"rendered":"<p>Estaci\u00f3n base ePMP 3000 MU-MIMO 4X4 802.11ac, 4910-5970 MHz, 120 suscriptores, hasta 1.2 Gbps (C050910A101A)<\/p>\n","protected":false},"featured_media":79865,"comment_status":"open","ping_status":"closed","template":"","meta":[],"product_brand":[],"product_cat":[1998],"product_tag":[1999,1316,1980],"class_list":{"0":"post-79866","1":"product","2":"type-product","3":"status-publish","4":"has-post-thumbnail","6":"product_cat-5-y-6-ghz","7":"product_tag-5-y-6-ghz","8":"product_tag-cambium-networks","9":"product_tag-enlaces-ptp-y-ptmp","11":"first","12":"outofstock","13":"sale","14":"shipping-taxable","15":"purchasable","16":"product-type-simple"},"_links":{"self":[{"href":"https:\/\/soydeaqui.ddns.net\/pachuca\/index.php\/wp-json\/wp\/v2\/product\/79866","targetHints":{"allow":["GET"]}}],"collection":[{"href":"https:\/\/soydeaqui.ddns.net\/pachuca\/index.php\/wp-json\/wp\/v2\/product"}],"about":[{"href":"https:\/\/soydeaqui.ddns.net\/pachuca\/index.php\/wp-json\/wp\/v2\/types\/product"}],"replies":[{"embeddable":true,"href":"https:\/\/soydeaqui.ddns.net\/pachuca\/index.php\/wp-json\/wp\/v2\/comments?post=79866"}],"wp:featuredmedia":[{"embeddable":true,"href":"https:\/\/soydeaqui.ddns.net\/pachuca\/index.php\/wp-json\/wp\/v2\/media\/79865"}],"wp:attachment":[{"href":"https:\/\/soydeaqui.ddns.net\/pachuca\/index.php\/wp-json\/wp\/v2\/media?parent=79866"}],"wp:term":[{"taxonomy":"product_brand","embeddable":true,"href":"https:\/\/soydeaqui.ddns.net\/pachuca\/index.php\/wp-json\/wp\/v2\/product_brand?post=79866"},{"taxonomy":"product_cat","embeddable":true,"href":"https:\/\/soydeaqui.ddns.net\/pachuca\/index.php\/wp-json\/wp\/v2\/product_cat?post=79866"},{"taxonomy":"product_tag","embeddable":true,"href":"https:\/\/soydeaqui.ddns.net\/pachuca\/index.php\/wp-json\/wp\/v2\/product_tag?post=79866"}],"curies":[{"name":"wp","href":"https:\/\/api.w.org\/{rel}","templated":true}]}}