{"id":79846,"date":"2026-03-19T17:39:46","date_gmt":"2026-03-19T17:39:46","guid":{"rendered":"https:\/\/soydeaqui.ddns.net\/pachuca\/index.php\/producto\/jabra-evolve-20-duo-con-conexion-usb-microfono-con-cancelacion-de-ruido-de-ultima-generacion-configuracion-plug-and-play-4999-829-209\/"},"modified":"2026-03-19T17:39:52","modified_gmt":"2026-03-19T17:39:52","slug":"jabra-evolve-20-duo-con-conexion-usb-microfono-con-cancelacion-de-ruido-de-ultima-generacion-configuracion-plug-and-play-4999-829-209","status":"publish","type":"product","link":"https:\/\/soydeaqui.ddns.net\/pachuca\/index.php\/producto\/jabra-evolve-20-duo-con-conexion-usb-microfono-con-cancelacion-de-ruido-de-ultima-generacion-configuracion-plug-and-play-4999-829-209\/","title":{"rendered":"Jabra Evolve 20 DUO con conexi\u00f3n USB, micr\u00f3fono con cancelaci\u00f3n de ruido de ultima generaci\u00f3n, configuraci\u00f3n Plug and Play (4999-829-209)"},"content":{"rendered":"<div style='width: 100%; max-width: 1200px; margin: 0 auto; font-family: sans-serif; line-height: 1.6; color: inherit; background-color: transparent;'>\n<div style='display: flex; flex-wrap: wrap; gap: 30px; margin-bottom: 30px;'>\n<div style='flex: 1 1 300px; min-width: 280px;'>\n<h3 style='font-size: 22px; border-bottom: 2px solid currentColor; padding-bottom: 5px; margin-top: 0; color: inherit; opacity: 0.8;'>Caracter\u00edsticas<\/h3>\n<p style='font-size: 15px; color: inherit;'>Auricular profesional con gesti\u00f3n de llamadas f\u00e1cil y gran calidad de sonido para llamadas y m\u00fasica.<\/p>\n<\/p><\/div>\n<\/p><\/div>\n<div style='display: flex; flex-wrap: wrap; gap: 30px; margin-bottom: 30px;'>\n<div style='flex: 1 1 300px; min-width: 280px;'>\n<h3 style='font-size: 22px; border-bottom: 2px solid currentColor; padding-bottom: 5px; margin-top: 0; color: inherit; opacity: 0.8;'>Mejore su productividad<\/h3>\n<p style='font-size: 15px; color: inherit;'>Acceda f\u00e1cilmente a las funciones m\u00e1s usadas&comma; como el volumen y la funci\u00f3n de silencio. Tambi\u00e9n puede responder y finalizar llamadas directamente desde la unidad de control.<\/p>\n<p> <img style='width: 100%; height: auto; border: 1px solid rgba(150&comma;150&comma;150&comma;0.3); border-radius: 8px;' src='https:\/\/ftp3.syscom.mx\/usuarios\/lcuevas\/Facilidad.PNG' alt='Facilidad de uso'> <\/div>\n<div style='flex: 1 1 300px; min-width: 280px;'>\n<h3 style='font-size: 22px; border-bottom: 2px solid currentColor; padding-bottom: 5px; margin-top: 0; color: inherit; opacity: 0.8;'>Cancelaci\u00f3n pasiva de ruido<\/h3>\n<p style='font-size: 15px; color: inherit;'>Eliminan los ruidos de alta frecuencia&comma; como las voces humanas&comma; gracias a sus almohadillas de dise\u00f1o especial. Es lo que llamamos &#8216;cancelaci\u00f3n pasiva de ruido&#8217;.<\/p>\n<p> <img style='width: 100%; height: auto; border: 1px solid rgba(150&comma;150&comma;150&comma;0.3); border-radius: 8px;' src='https:\/\/ftp3.syscom.mx\/usuarios\/lcuevas\/CancelacionPasiva.PNG' alt='Cancelaci\u00f3n pasiva de ruido'> <img style='width: 100%; height: auto; border: 1px solid rgba(150&comma;150&comma;150&comma;0.3); border-radius: 8px;' src='https:\/\/ftp3.syscom.mx\/usuarios\/lcuevas\/ksp1.jpg' alt='Control de llamadas'> <img style='width: 100%; height: auto; border: 1px solid rgba(150&comma;150&comma;150&comma;0.3); border-radius: 8px;' src='https:\/\/ftp3.syscom.mx\/usuarios\/lcuevas\/Pasivo.jpg' alt='Micr\u00f3fono con cancelaci\u00f3n pasiva'> <\/div>\n<\/p><\/div>\n<div style='display: flex; flex-wrap: wrap; gap: 30px; margin-bottom: 30px;'>\n<div style='flex: 1 1 300px; min-width: 280px;'>\n<h3 style='font-size: 22px; border-bottom: 2px solid currentColor; padding-bottom: 5px; margin-top: 0; color: inherit; opacity: 0.8;'>Cancelaci\u00f3n de ruido en el micr\u00f3fono<\/h3>\n<p style='font-size: 15px; color: inherit;'>Cancelaci\u00f3n de ruido de \u00faltima generaci\u00f3n en el micr\u00f3fono que elimina el ruido de fondo. Las almohadillas est\u00e1n dise\u00f1adas para reducir los sonidos de alta frecuencia. Usted y su interlocutor se escuchar\u00e1n con total facilidad.<\/p>\n<p> <img style='width: 100%; height: auto; border: 1px solid rgba(150&comma;150&comma;150&comma;0.3); border-radius: 8px;' src='https:\/\/ftp3.syscom.mx\/usuarios\/lcuevas\/Microfonocancelacion.PNG' alt='Micr\u00f3fono con cancelaci\u00f3n de ruido'> <\/div>\n<div style='flex: 1 1 300px; min-width: 280px;'>\n<h3 style='font-size: 22px; border-bottom: 2px solid currentColor; padding-bottom: 5px; margin-top: 0; color: inherit; opacity: 0.8;'>Plug and Play<\/h3>\n<p style='font-size: 15px; color: inherit;'>El auricular funciona con los principales sistemas sin necesidad de configuraciones adicionales. Para realizar la instalaci\u00f3n basta con enchufarlo.<\/p>\n<p> <img style='width: 100%; height: auto; border: 1px solid rgba(150&comma;150&comma;150&comma;0.3); border-radius: 8px;' src='https:\/\/ftp3.syscom.mx\/usuarios\/lcuevas\/PlugPlay.PNG' alt='Conexi\u00f3n Plug and Play'> <\/div>\n<\/p><\/div>\n<hr style='border: 0; border-top: 1px solid rgba(150&comma; 150&comma; 150&comma; 0.3); margin: 30px 0;'> <\/div>\n","protected":false},"excerpt":{"rendered":"<p>Jabra Evolve 20 DUO con conexi\u00f3n USB, micr\u00f3fono con cancelaci\u00f3n de ruido de ultima generaci\u00f3n, configuraci\u00f3n Plug and Play (4999-829-209)<\/p>\n","protected":false},"featured_media":79845,"comment_status":"open","ping_status":"closed","template":"","meta":[],"product_brand":[],"product_cat":[2050],"product_tag":[2051,2052,2004],"class_list":{"0":"post-79846","1":"product","2":"type-product","3":"status-publish","4":"has-post-thumbnail","6":"product_cat-auriculares","7":"product_tag-auriculares","8":"product_tag-jabra","9":"product_tag-voip-telefonia-ip-videoconferencia","11":"first","12":"instock","13":"sale","14":"shipping-taxable","15":"purchasable","16":"product-type-simple"},"_links":{"self":[{"href":"https:\/\/soydeaqui.ddns.net\/pachuca\/index.php\/wp-json\/wp\/v2\/product\/79846","targetHints":{"allow":["GET"]}}],"collection":[{"href":"https:\/\/soydeaqui.ddns.net\/pachuca\/index.php\/wp-json\/wp\/v2\/product"}],"about":[{"href":"https:\/\/soydeaqui.ddns.net\/pachuca\/index.php\/wp-json\/wp\/v2\/types\/product"}],"replies":[{"embeddable":true,"href":"https:\/\/soydeaqui.ddns.net\/pachuca\/index.php\/wp-json\/wp\/v2\/comments?post=79846"}],"wp:featuredmedia":[{"embeddable":true,"href":"https:\/\/soydeaqui.ddns.net\/pachuca\/index.php\/wp-json\/wp\/v2\/media\/79845"}],"wp:attachment":[{"href":"https:\/\/soydeaqui.ddns.net\/pachuca\/index.php\/wp-json\/wp\/v2\/media?parent=79846"}],"wp:term":[{"taxonomy":"product_brand","embeddable":true,"href":"https:\/\/soydeaqui.ddns.net\/pachuca\/index.php\/wp-json\/wp\/v2\/product_brand?post=79846"},{"taxonomy":"product_cat","embeddable":true,"href":"https:\/\/soydeaqui.ddns.net\/pachuca\/index.php\/wp-json\/wp\/v2\/product_cat?post=79846"},{"taxonomy":"product_tag","embeddable":true,"href":"https:\/\/soydeaqui.ddns.net\/pachuca\/index.php\/wp-json\/wp\/v2\/product_tag?post=79846"}],"curies":[{"name":"wp","href":"https:\/\/api.w.org\/{rel}","templated":true}]}}