{"id":79842,"date":"2026-03-19T17:39:37","date_gmt":"2026-03-19T17:39:37","guid":{"rendered":"https:\/\/soydeaqui.ddns.net\/pachuca\/index.php\/producto\/jabra-evolve-20-mono-con-conexion-usb-microfono-con-cancelacion-de-ruido-de-ultima-generacion-configuracion-plug-and-play-certificacion-microsoft-teams-4993-823-109\/"},"modified":"2026-03-19T17:39:44","modified_gmt":"2026-03-19T17:39:44","slug":"jabra-evolve-20-mono-con-conexion-usb-microfono-con-cancelacion-de-ruido-de-ultima-generacion-configuracion-plug-and-play-certificacion-microsoft-teams-4993-823-109","status":"publish","type":"product","link":"https:\/\/soydeaqui.ddns.net\/pachuca\/index.php\/producto\/jabra-evolve-20-mono-con-conexion-usb-microfono-con-cancelacion-de-ruido-de-ultima-generacion-configuracion-plug-and-play-certificacion-microsoft-teams-4993-823-109\/","title":{"rendered":"Jabra Evolve 20 Mono con conexi\u00f3n USB, micr\u00f3fono con cancelaci\u00f3n de ruido de \u00faltima generaci\u00f3n, configuraci\u00f3n Plug and Play, Certificaci\u00f3n Microsoft Teams (4993-823-109)"},"content":{"rendered":"<div style='width: 100%; max-width: 1200px; margin: 0 auto; font-family: sans-serif; line-height: 1.6; color: inherit; background-color: transparent;'> <!-- Secci\u00f3n intro --> <\/p>\n<div style='margin-bottom: 30px;'>\n<h2 style='font-size: 28px; margin: 0 0 10px; color: inherit; opacity: 0.9;'>Mejore su productividad<\/h2>\n<hr style='border: 0; border-top: 1px solid rgba(240&comma;246&comma;6&comma;0.3); width: 40px; margin: 15px 0;'> <\/div>\n<p> <!-- Contenido principal --> <\/p>\n<div style='display: flex; flex-wrap: wrap; gap: 30px; margin-bottom: 30px;'>\n<div style='flex: 1 1 300px; min-width: 280px;'>\n<h3 style='font-size: 22px; border-bottom: 2px solid currentColor; padding-bottom: 5px; margin-top: 0; color: inherit; opacity: 0.8;'>Facilidad en la gesti\u00f3n de llamadas<\/h3>\n<p style='font-size: 15px; color: inherit; margin: 15px 0;'>Acceda f\u00e1cilmente a las funciones m\u00e1s usadas&comma; como el volumen y la funci\u00f3n de silencio. Tambi\u00e9n puede responder y finalizar llamadas directamente desde la unidad de control.<\/p>\n<h3 style='font-size: 22px; border-bottom: 2px solid currentColor; padding-bottom: 5px; margin-top: 20px; color: inherit; opacity: 0.8;'>Cancelaci\u00f3n de ruido pasiva<\/h3>\n<p style='font-size: 15px; color: inherit; margin: 15px 0;'>Eliminan los ruidos de alta frecuencia&comma; como las voces humanas&comma; gracias a sus almohadillas de dise\u00f1o especial. Es lo que llamamos &#8216;cancelaci\u00f3n pasiva de ruido&#8217;.<\/p>\n<\/p><\/div>\n<div style='flex: 1 1 300px; min-width: 280px;'>\n<div style='position: relative; padding-bottom: 56.25%; height: 0; overflow: hidden; margin-bottom: 30px;'>   <\/div>\n<\/p><\/div>\n<\/p><\/div>\n<p> <!-- Secci\u00f3n con im\u00e1genes --> <\/p>\n<div style='display: flex; flex-wrap: wrap; gap: 30px; margin-bottom: 30px;'>\n<div style='flex: 1 1 300px; min-width: 280px;'>\n<div style='display: flex; flex-direction: column; gap: 15px;'> <img style='width: 100%; height: auto; border: 1px solid rgba(150&comma;150&comma;150&comma;0.3); border-radius: 8px;' src='https:\/\/ftp3.syscom.mx\/usuarios\/fotos\/EVOLVE20MONOMS\/166015-captura_de_pantalla_2021-04-06_a_la(s)_14.44.11.png' alt=''> <img style='width: 100%; height: auto; border: 1px solid rgba(150&comma;150&comma;150&comma;0.3); border-radius: 8px;' src='https:\/\/ftp3.syscom.mx\/usuarios\/fotos\/EVOLVE20MONOMS\/166015-captura_de_pantalla_2021-04-06_a_la(s)_14.44.42.png' alt=''> <img style='width: 100%; height: auto; border: 1px solid rgba(150&comma;150&comma;150&comma;0.3); border-radius: 8px;' src='https:\/\/ftp3.syscom.mx\/usuarios\/fotos\/EVOLVE20MONOMS\/166015-captura_de_pantalla_2021-04-06_a_la(s)_14.45.12.png' alt=''> <\/div>\n<\/p><\/div>\n<div style='flex: 1 1 300px; min-width: 280px;'>\n<h3 style='font-size: 22px; border-bottom: 2px solid currentColor; padding-bottom: 5px; margin-top: 0; color: inherit; opacity: 0.8;'>Micr\u00f3fono con la mejor cancelaci\u00f3n de ruido<\/h3>\n<p style='font-size: 15px; color: inherit; margin: 15px 0;'>Cancelaci\u00f3n de ruido de \u00faltima generaci\u00f3n en el micr\u00f3fono que elimina el ruido de fondo. Las almohadillas est\u00e1n dise\u00f1adas para reducir los sonidos de alta frecuencia. Usted y su interlocutor se escuchar\u00e1n con total facilidad.<\/p>\n<h3 style='font-size: 22px; border-bottom: 2px solid currentColor; padding-bottom: 5px; margin-top: 20px; color: inherit; opacity: 0.8;'>Configuraci\u00f3n Plug and Play<\/h3>\n<p style='font-size: 15px; color: inherit; margin: 15px 0;'>El auricular funciona con los principales sistemas sin necesidad de configuraciones adicionales. Para realizar la instalaci\u00f3n basta con enchufarlo.<\/p>\n<\/p><\/div>\n<\/p><\/div>\n<p> <!-- Secci\u00f3n de especificaciones --> <\/p>\n<div style='margin-bottom: 30px;'>\n<h2 style='font-size: 24px; margin: 0 0 15px; color: inherit; opacity: 0.9;'>Especificaciones t\u00e9cnicas<\/h2>\n<hr style='border: 0; border-top: 1px solid rgba(150&comma;150&comma;150&comma;0.3); margin: 15px 0;'> <\/div>\n<div style='display: grid; grid-template-columns: repeat(auto-fit&comma; minmax(250px&comma; 1fr)); gap: 20px; margin-bottom: 30px;'> <!-- Audio --> <\/p>\n<div style='border: 1px solid rgba(150&comma; 150&comma; 150&comma; 0.4); border-radius: 8px; overflow: hidden;'>\n<div style='padding: 15px; border-bottom: 1px solid rgba(150&comma;150&comma;150&comma;0.2); font-weight: bold; font-size: 18px; color: inherit;'>Audio<\/div>\n<div style='padding: 15px; color: inherit;'>\n<ul style='padding-left: 20px; margin: 0; font-size: 14px; list-style-type: disc;'>\n<li style='margin-bottom: 5px;'><strong>Ancho de banda del auricular:<\/strong> Banda ancha<\/li>\n<li style='margin-bottom: 5px;'><strong>Ancho de banda del altavoz&comma; modo M\u00fasica:<\/strong> Banda ancha<\/li>\n<li style='margin-bottom: 5px;'><strong>Ancho de banda del altavoz&comma; modo Conversaci\u00f3n:<\/strong> Banda ancha<\/li>\n<li style='margin-bottom: 5px;'><strong>Ancho de banda del micr\u00f3fono:<\/strong> Banda ancha<\/li>\n<li style='margin-bottom: 5px;'><strong>Certificaciones:<\/strong> CE&comma; FCC&comma; KCC&comma; RCM&comma; UL&comma; Microsoft Teams&comma; Avaya&comma; Cisco<\/li>\n<\/ul><\/div>\n<\/p><\/div>\n<p> <!-- Bater\u00eda --> <\/p>\n<div style='border: 1px solid rgba(150&comma; 150&comma; 150&comma; 0.4); border-radius: 8px; overflow: hidden;'>\n<div style='padding: 15px; border-bottom: 1px solid rgba(150&comma;150&comma;150&comma;0.2); font-weight: bold; font-size: 18px; color: inherit;'>Bater\u00eda<\/div>\n<div style='padding: 15px; color: inherit;'>\n<ul style='padding-left: 20px; margin: 0; font-size: 14px; list-style-type: disc;'>\n<li style='margin-bottom: 5px;'><strong>Bater\u00eda incluida:<\/strong> No<\/li>\n<\/ul><\/div>\n<\/p><\/div>\n<p> <!-- Conectividad --> <\/p>\n<div style='border: 1px solid rgba(150&comma; 150&comma; 150&comma; 0.4); border-radius: 8px; overflow: hidden;'>\n<div style='padding: 15px; border-bottom: 1px solid rgba(150&comma;150&comma;150&comma;0.2); font-weight: bold; font-size: 18px; color: inherit;'>Conectividad<\/div>\n<div style='padding: 15px; color: inherit;'>\n<ul style='padding-left: 20px; margin: 0; font-size: 14px; list-style-type: disc;'>\n<li style='margin-bottom: 5px;'><strong>Fuente de alimentaci\u00f3n:<\/strong> USB para PC<\/li>\n<li style='margin-bottom: 5px;'><strong>Dispositivo Bluetooth:<\/strong> No<\/li>\n<li style='margin-bottom: 5px;'><strong>Conexi\u00f3n:<\/strong> USB<\/li>\n<li style='margin-bottom: 5px;'><strong>Longitud del cable:<\/strong> Cable de control: 95 cm&comma; cable HS: 120 cm<\/li>\n<\/ul><\/div>\n<\/p><\/div>\n<p> <!-- General --> <\/p>\n<div style='border: 1px solid rgba(150&comma; 150&comma; 150&comma; 0.4); border-radius: 8px; overflow: hidden;'>\n<div style='padding: 15px; border-bottom: 1px solid rgba(150&comma;150&comma;150&comma;0.2); font-weight: bold; font-size: 18px; color: inherit;'>General<\/div>\n<div style='padding: 15px; color: inherit;'>\n<ul style='padding-left: 20px; margin: 0; font-size: 14px; list-style-type: disc;'>\n<li style='margin-bottom: 5px;'><strong>Contenido de la caja:<\/strong> Auricular Jabra Evolve 20&comma; folleto de advertencias&comma; folleto de garant\u00eda&comma; Gu\u00eda de inicio r\u00e1pido&comma; controlador USB&comma; bolsa de pl\u00e1stico para el controlador&comma; bolsa de pl\u00e1stico para el auricular&comma; espuma para el auricular izquierdo del modelo est\u00e9reo<\/li>\n<li style='margin-bottom: 5px;'><strong>Garant\u00eda:<\/strong> 2 a\u00f1os<\/li>\n<li style='margin-bottom: 5px;'><strong>Peso:<\/strong> 0&comma;1425 kg para mono<\/li>\n<\/ul><\/div>\n<\/p><\/div>\n<\/p><\/div>\n<p> <!-- Secci\u00f3n de compatibilidad --> <\/p>\n<div style='margin: 40px 0; text-align: center;'>\n<h2 style='font-size: 24px; margin: 0 0 15px; color: inherit; opacity: 0.9;'>Funciona con su plataforma<\/h2>\n<hr style='border: 0; border-top: 1px solid rgba(150&comma;150&comma;150&comma;0.3); margin: 15px 0;'> <img style='width: 100%; max-width: 600px; height: auto; border: 1px solid rgba(150&comma;150&comma;150&comma;0.3); border-radius: 8px; margin: 0 auto;' src='https:\/\/ftp3.syscom.mx\/usuarios\/fotos\/EVOLVE20MONOMS\/166015-captura_de_pantalla_2021-04-06_a_la(s)_14.42.40.png' alt='Plataformas compatibles'> <\/div>\n<\/p><\/div>\n","protected":false},"excerpt":{"rendered":"<p>Jabra Evolve 20 Mono con conexi\u00f3n USB, micr\u00f3fono con cancelaci\u00f3n de ruido de \u00faltima generaci\u00f3n, configuraci\u00f3n Plug and Play, Certificaci\u00f3n Microsoft Teams (4993-823-109)<\/p>\n","protected":false},"featured_media":79841,"comment_status":"open","ping_status":"closed","template":"","meta":[],"product_brand":[],"product_cat":[2050],"product_tag":[2051,2052,2004],"class_list":{"0":"post-79842","1":"product","2":"type-product","3":"status-publish","4":"has-post-thumbnail","6":"product_cat-auriculares","7":"product_tag-auriculares","8":"product_tag-jabra","9":"product_tag-voip-telefonia-ip-videoconferencia","11":"first","12":"outofstock","13":"sale","14":"shipping-taxable","15":"purchasable","16":"product-type-simple"},"_links":{"self":[{"href":"https:\/\/soydeaqui.ddns.net\/pachuca\/index.php\/wp-json\/wp\/v2\/product\/79842","targetHints":{"allow":["GET"]}}],"collection":[{"href":"https:\/\/soydeaqui.ddns.net\/pachuca\/index.php\/wp-json\/wp\/v2\/product"}],"about":[{"href":"https:\/\/soydeaqui.ddns.net\/pachuca\/index.php\/wp-json\/wp\/v2\/types\/product"}],"replies":[{"embeddable":true,"href":"https:\/\/soydeaqui.ddns.net\/pachuca\/index.php\/wp-json\/wp\/v2\/comments?post=79842"}],"wp:featuredmedia":[{"embeddable":true,"href":"https:\/\/soydeaqui.ddns.net\/pachuca\/index.php\/wp-json\/wp\/v2\/media\/79841"}],"wp:attachment":[{"href":"https:\/\/soydeaqui.ddns.net\/pachuca\/index.php\/wp-json\/wp\/v2\/media?parent=79842"}],"wp:term":[{"taxonomy":"product_brand","embeddable":true,"href":"https:\/\/soydeaqui.ddns.net\/pachuca\/index.php\/wp-json\/wp\/v2\/product_brand?post=79842"},{"taxonomy":"product_cat","embeddable":true,"href":"https:\/\/soydeaqui.ddns.net\/pachuca\/index.php\/wp-json\/wp\/v2\/product_cat?post=79842"},{"taxonomy":"product_tag","embeddable":true,"href":"https:\/\/soydeaqui.ddns.net\/pachuca\/index.php\/wp-json\/wp\/v2\/product_tag?post=79842"}],"curies":[{"name":"wp","href":"https:\/\/api.w.org\/{rel}","templated":true}]}}