{"id":79821,"date":"2026-03-19T17:38:41","date_gmt":"2026-03-19T17:38:41","guid":{"rendered":"https:\/\/soydeaqui.ddns.net\/pachuca\/index.php\/producto\/jabra-evolve-75e-inalambrica-con-cancelacion-de-ruido-activa-anc-y-luz-de-ocupado-integrada-7099-823-409\/"},"modified":"2026-03-19T17:38:53","modified_gmt":"2026-03-19T17:38:53","slug":"jabra-evolve-75e-inalambrica-con-cancelacion-de-ruido-activa-anc-y-luz-de-ocupado-integrada-7099-823-409","status":"publish","type":"product","link":"https:\/\/soydeaqui.ddns.net\/pachuca\/index.php\/producto\/jabra-evolve-75e-inalambrica-con-cancelacion-de-ruido-activa-anc-y-luz-de-ocupado-integrada-7099-823-409\/","title":{"rendered":"Jabra Evolve 75e inal\u00e1mbrica con cancelaci\u00f3n de ruido activa ANC y luz de ocupado integrada (7099-823-409)"},"content":{"rendered":"<div style='width: 100%; max-width: 1200px; margin: 0 auto; font-family: sans-serif; line-height: 1.6; color: inherit; background-color: transparent;'>\n<div style='display: flex; flex-wrap: wrap; gap: 30px; margin-bottom: 30px;'>\n<div style='flex: 1 1 300px; min-width: 280px;'>\n<h3 style='font-size: 22px; border-bottom: 2px solid currentColor; padding-bottom: 5px; margin-top: 0; color: inherit; opacity: 0.8;'>Controles inteligentes para trabajar y o\u00edr m\u00fasica<\/h3>\n<p style='font-size: 15px; color: inherit;'>Cinco botones para controlar r\u00e1pidamente las llamadas y la m\u00fasica y un bot\u00f3n inteligente para acceder a Siri\u00ae y Google Now\u2122 con un solo toque y una cinta para el cuello vibratoria que da notificaciones silenciosas.<\/p>\n<\/p><\/div>\n<\/p><\/div>\n<div style='display: flex; flex-wrap: wrap; gap: 15px; margin-bottom: 30px; justify-content: center;'> <img style='width: 100%; max-width: 340px; height: auto; border: 1px solid rgba(150&comma;150&comma;150&comma;0.3); border-radius: 8px;' src='https:\/\/ftp3.syscom.mx\/usuarios\/lcuevas\/Evolve75eimg\/Evolve75_CloseUp3.jpg' alt=''> <img style='width: 100%; max-width: 337px; height: auto; border: 1px solid rgba(150&comma;150&comma;150&comma;0.3); border-radius: 8px;' src='https:\/\/ftp3.syscom.mx\/usuarios\/lcuevas\/Evolve75eimg\/Evolve75_CloseUp2.jpg' alt=''> <img style='width: 100%; max-width: 336px; height: auto; border: 1px solid rgba(150&comma;150&comma;150&comma;0.3); border-radius: 8px;' src='https:\/\/ftp3.syscom.mx\/usuarios\/lcuevas\/Evolve75eimg\/Evolve75_CloseUp1.jpg' alt=''> <\/div>\n<div style='display: flex; flex-wrap: wrap; gap: 20px; margin-bottom: 30px;'>\n<div style='flex: 1 1 250px; border: 1px solid rgba(150&comma; 150&comma; 150&comma; 0.4); border-radius: 8px; overflow: hidden; display: flex; flex-direction: column;'>\n<div style='padding: 15px; border-bottom: 1px solid rgba(150&comma; 150&comma; 150&comma; 0.2); font-weight: bold; font-size: 18px; color: inherit;'>Ajuste y comodidad<\/div>\n<div style='padding: 15px; color: inherit;'>\n<ul style='padding-left: 20px; margin: 0; font-size: 14px; list-style-type: disc;'>\n<li style='margin-bottom: 5px;'><strong>Forma del auricular:<\/strong> Cinta para el cuello<\/li>\n<li style='margin-bottom: 5px;'><strong>EarWings:<\/strong> (3 tama\u00f1os)<\/li>\n<li style='margin-bottom: 5px;'><strong>EarGels\u2122:<\/strong> Esponja para la oreja de silicon con forma ovalada (3 tama\u00f1os)<\/li>\n<li style='margin-bottom: 5px;'><strong>Material de EarGel:<\/strong> Silicon<\/li>\n<li style='margin-bottom: 5px;'><strong>Material de la diadema para el cuello:<\/strong> Silicon<\/li>\n<li style='margin-bottom: 5px;'><strong>Resistente al sudor y al agua:<\/strong> S\u00ed&comma; IP54<\/li>\n<li style='margin-bottom: 5px;'><strong>Imanes en los auriculares:<\/strong> Para que sean f\u00e1ciles y c\u00f3modos de colocar alrededor del cuello. Cuando los auriculares est\u00e9n conectados&comma; se detiene la m\u00fasica o finaliza la llamada.<\/li>\n<\/ul><\/div>\n<\/p><\/div>\n<div style='flex: 1 1 250px; border: 1px solid rgba(150&comma; 150&comma; 150&comma; 0.4); border-radius: 8px; overflow: hidden; display: flex; flex-direction: column;'>\n<div style='padding: 15px; border-bottom: 1px solid rgba(150&comma; 150&comma; 150&comma; 0.2); font-weight: bold; font-size: 18px; color: inherit;'>Facilidad de uso<\/div>\n<div style='padding: 15px; color: inherit;'>\n<ul style='padding-left: 20px; margin: 0; font-size: 14px; list-style-type: disc;'>\n<li style='margin-bottom: 5px;'><strong>Control de audio intuitivo:<\/strong> Responder\/Finalizar llamada &#8211; Rechazar llamada &#8211; Control de volumen &#8211; Control de pistas* &#8211; Reproducir\/Detener m\u00fasica*<\/li>\n<li style='margin-bottom: 5px;'><strong>Alerta vibratoria:<\/strong> S\u00ed&comma; en la cinta para el cuello<\/li>\n<li style='margin-bottom: 5px;'><strong>Voz\/Silenciar:<\/strong> S\u00ed<\/li>\n<li style='margin-bottom: 5px;'><strong>Indicador de luz de l\u00ednea ocupada:<\/strong> Luz roja integrada en la caja del micr\u00f3fono que se activa autom\u00e1ticamente durante las llamadas; el usuario puede activarla manualmente como se\u00f1al de \u00abno molestar\u00bb<\/li>\n<\/ul><\/div>\n<\/p><\/div>\n<div style='flex: 1 1 250px; border: 1px solid rgba(150&comma; 150&comma; 150&comma; 0.4); border-radius: 8px; overflow: hidden; display: flex; flex-direction: column;'>\n<div style='padding: 15px; border-bottom: 1px solid rgba(150&comma; 150&comma; 150&comma; 0.2); font-weight: bold; font-size: 18px; color: inherit;'>Conectividad<\/div>\n<div style='padding: 15px; color: inherit;'>\n<ul style='padding-left: 20px; margin: 0; font-size: 14px; list-style-type: disc;'>\n<li style='margin-bottom: 5px;'><strong>Est\u00e1ndar Bluetooth\u00ae:<\/strong> Bluetooth\u00ae 4.2 \u2013 Bluetooth\u00ae Low Energy (BTLE)<\/li>\n<li style='margin-bottom: 5px;'><strong>Alcance inal\u00e1mbrico:<\/strong> Hasta 30 m (100 pies) con PC&comma; hasta 10 m con smartphones<\/li>\n<li style='margin-bottom: 5px;'><strong>Gu\u00eda de sincronizaci\u00f3n Bluetooth:<\/strong> Hasta 8 dispositivos<\/li>\n<li style='margin-bottom: 5px;'><strong>Conexiones Bluetooth simult\u00e1neas:<\/strong> 2<\/li>\n<\/ul><\/div>\n<\/p><\/div>\n<div style='flex: 1 1 250px; border: 1px solid rgba(150&comma; 150&comma; 150&comma; 0.4); border-radius: 8px; overflow: hidden; display: flex; flex-direction: column;'>\n<div style='padding: 15px; border-bottom: 1px solid rgba(150&comma; 150&comma; 150&comma; 0.2); font-weight: bold; font-size: 18px; color: inherit;'>Audio<\/div>\n<div style='padding: 15px; color: inherit;'>\n<ul style='padding-left: 20px; margin: 0; font-size: 14px; list-style-type: disc;'>\n<li style='margin-bottom: 5px;'><strong>Concepto de micr\u00f3fono:<\/strong> Una soluci\u00f3n de tres micr\u00f3fonos omnidireccionales con supresi\u00f3n de interferencias y reducci\u00f3n de ruido del ambiente y del viento<\/li>\n<li style='margin-bottom: 5px;'><strong>Protecci\u00f3n contra el ruido del viento:<\/strong> S\u00ed&comma; con filtro de ruido del viento de alta calidad aplicado al sistema de micr\u00f3fono<\/li>\n<li style='margin-bottom: 5px;'><strong>Gama de frecuencia del micr\u00f3fono:<\/strong> de 150 Hz a 6&comma;8 kHz<\/li>\n<li style='margin-bottom: 5px;'><strong>Altavoz:<\/strong> Altavoz din\u00e1mico de 15mm<\/li>\n<li style='margin-bottom: 5px;'><strong>Ancho de banda del altavoz&comma; modo m\u00fasica:<\/strong> de 20 Hz a 20 KHz<\/li>\n<li style='margin-bottom: 5px;'><strong>Cancelaci\u00f3n de ruido activa:<\/strong> ANC h\u00edbrida con 4 micr\u00f3fonos que garantizan una cancelaci\u00f3n percibida de 27 dB en un entorno de oficina<\/li>\n<li style='margin-bottom: 5px;'><strong>Cancelaci\u00f3n pasiva de ruido:<\/strong> S\u00ed<\/li>\n<li style='margin-bottom: 5px;'><strong>Funci\u00f3n de escucha discreta:<\/strong> Mantenga pulsado el bot\u00f3n de ANC para o\u00edr el exterior sin quitarse el auricular<\/li>\n<\/ul><\/div>\n<\/p><\/div>\n<\/p><\/div>\n<\/p><\/div>\n","protected":false},"excerpt":{"rendered":"<p>Jabra Evolve 75e inal\u00e1mbrica con cancelaci\u00f3n de ruido activa ANC y luz de ocupado integrada (7099-823-409)<\/p>\n","protected":false},"featured_media":79820,"comment_status":"open","ping_status":"closed","template":"","meta":[],"product_brand":[],"product_cat":[2050],"product_tag":[2051,2052,2004],"class_list":{"0":"post-79821","1":"product","2":"type-product","3":"status-publish","4":"has-post-thumbnail","6":"product_cat-auriculares","7":"product_tag-auriculares","8":"product_tag-jabra","9":"product_tag-voip-telefonia-ip-videoconferencia","11":"first","12":"outofstock","13":"sale","14":"shipping-taxable","15":"purchasable","16":"product-type-simple"},"_links":{"self":[{"href":"https:\/\/soydeaqui.ddns.net\/pachuca\/index.php\/wp-json\/wp\/v2\/product\/79821","targetHints":{"allow":["GET"]}}],"collection":[{"href":"https:\/\/soydeaqui.ddns.net\/pachuca\/index.php\/wp-json\/wp\/v2\/product"}],"about":[{"href":"https:\/\/soydeaqui.ddns.net\/pachuca\/index.php\/wp-json\/wp\/v2\/types\/product"}],"replies":[{"embeddable":true,"href":"https:\/\/soydeaqui.ddns.net\/pachuca\/index.php\/wp-json\/wp\/v2\/comments?post=79821"}],"wp:featuredmedia":[{"embeddable":true,"href":"https:\/\/soydeaqui.ddns.net\/pachuca\/index.php\/wp-json\/wp\/v2\/media\/79820"}],"wp:attachment":[{"href":"https:\/\/soydeaqui.ddns.net\/pachuca\/index.php\/wp-json\/wp\/v2\/media?parent=79821"}],"wp:term":[{"taxonomy":"product_brand","embeddable":true,"href":"https:\/\/soydeaqui.ddns.net\/pachuca\/index.php\/wp-json\/wp\/v2\/product_brand?post=79821"},{"taxonomy":"product_cat","embeddable":true,"href":"https:\/\/soydeaqui.ddns.net\/pachuca\/index.php\/wp-json\/wp\/v2\/product_cat?post=79821"},{"taxonomy":"product_tag","embeddable":true,"href":"https:\/\/soydeaqui.ddns.net\/pachuca\/index.php\/wp-json\/wp\/v2\/product_tag?post=79821"}],"curies":[{"name":"wp","href":"https:\/\/api.w.org\/{rel}","templated":true}]}}