{"id":79808,"date":"2026-03-19T17:38:04","date_gmt":"2026-03-19T17:38:04","guid":{"rendered":"https:\/\/soydeaqui.ddns.net\/pachuca\/index.php\/producto\/evolve-65-stereo-auricular-profesional-con-gran-calidad-para-llamadas-y-musica-6599-823-309\/"},"modified":"2026-03-19T17:38:10","modified_gmt":"2026-03-19T17:38:10","slug":"evolve-65-stereo-auricular-profesional-con-gran-calidad-para-llamadas-y-musica-6599-823-309","status":"publish","type":"product","link":"https:\/\/soydeaqui.ddns.net\/pachuca\/index.php\/producto\/evolve-65-stereo-auricular-profesional-con-gran-calidad-para-llamadas-y-musica-6599-823-309\/","title":{"rendered":"Evolve 65 Stereo, auricular profesional con gran calidad para llamadas y m\u00fasica (6599-823-309)."},"content":{"rendered":"<div style='width: 100%; max-width: 1200px; margin: 0 auto; font-family: sans-serif; line-height: 1.6; color: inherit; background-color: transparent;'>\n<div style='display: flex; flex-wrap: wrap; gap: 30px; margin-bottom: 30px;'>\n<div style='flex: 1 1 300px; min-width: 280px;'>\n<h3 style='font-size: 22px; border-bottom: 2px solid currentColor; padding-bottom: 5px; margin-top: 0; color: inherit; opacity: 0.8;'>Largo alcance inal\u00e1mbrico<br \/>hasta 14 horas<\/h3>\n<p style='font-size: 15px; color: inherit;'>La libertad de alejarse de su escritorio mientras habla por tel\u00e9fono. La tecnolog\u00eda inal\u00e1mbrica Bluetooth 1.5 le ofrece hasta 30 metros (100 pies) de conectividad manos libres a su PC&comma; smartphone y tablet.<\/p>\n<\/p><\/div>\n<div style='flex: 1 1 300px; min-width: 280px;'>\n<h3 style='font-size: 22px; border-bottom: 2px solid currentColor; padding-bottom: 5px; margin-top: 0; color: inherit; opacity: 0.8;'>14 horas de autonom\u00eda<\/h3>\n<p style='font-size: 15px; color: inherit;'>Disfrute de hasta 14 horas de conversaci\u00f3n con una sola carga. Tambi\u00e9n puede conectar el cable USB y cargar el auricular mientras lo utiliza.<\/p>\n<\/p><\/div>\n<\/p><\/div>\n<div style='display: flex; flex-wrap: wrap; gap: 30px; margin-bottom: 30px;'>\n<div style='flex: 1 1 300px; min-width: 280px;'>\n<h3 style='font-size: 22px; border-bottom: 2px solid currentColor; padding-bottom: 5px; margin-top: 0; color: inherit; opacity: 0.8;'>Control de su espacio de trabajo<\/h3>\n<div style='margin-bottom: 15px;'>\n<h4 style='font-size: 18px; color: inherit; margin-top: 0; margin-bottom: 10px;'>Cancelaci\u00f3n de ruido pasiva<\/h4>\n<p style='font-size: 15px; color: inherit;'>Eliminan los ruidos de alta frecuencia&comma; como las voces humanas&comma; gracias a sus almohadillas de dise\u00f1o especial. Es lo que llamamos &#8216;cancelaci\u00f3n pasiva de ruido&#8217;.<\/p>\n<\/p><\/div>\n<div>\n<h4 style='font-size: 18px; color: inherit; margin-top: 0; margin-bottom: 10px;'>Indicador de ocupado<\/h4>\n<p style='font-size: 15px; color: inherit;'>El indicador de ocupado especial se enciende de color rojo para que los dem\u00e1s sepan que est\u00e1 al tel\u00e9fono y eviten interrumpirlo. Tambi\u00e9n puede encenderlo manualmente si no desea ser molestado.<\/p>\n<\/p><\/div>\n<\/p><\/div>\n<\/p><\/div>\n<div style='display: flex; flex-wrap: wrap; gap: 20px; margin-bottom: 30px;'>\n<div style='flex: 1 1 250px; border: 1px solid rgba(150&comma; 150&comma; 150&comma; 0.4); border-radius: 8px; overflow: hidden; display: flex; flex-direction: column;'>\n<div style='padding: 15px; border-bottom: 1px solid rgba(150&comma; 150&comma; 150&comma; 0.2); font-weight: bold; font-size: 18px; color: inherit;'>Audio<\/div>\n<div style='padding: 15px; color: inherit;'>\n<ul style='padding-left: 20px; margin: 0; font-size: 14px; list-style-type: disc;'>\n<li style='margin-bottom: 5px;'><strong>Ancho de banda del auricular:<\/strong> Banda ancha<\/li>\n<li style='margin-bottom: 5px;'><strong>Ancho de banda del altavoz&comma; modo M\u00fasica:<\/strong> HiFi<\/li>\n<li style='margin-bottom: 5px;'><strong>Ancho de banda del altavoz&comma; modo Conversaci\u00f3n:<\/strong> Banda ancha<\/li>\n<li style='margin-bottom: 5px;'><strong>Ancho de banda del micr\u00f3fono:<\/strong> Banda ancha<\/li>\n<li style='margin-bottom: 5px;'><strong>Certificaciones:<\/strong> Sellos de regulaci\u00f3n: CE&comma; FCC ID&comma; IC ID KCC&comma; RCM&comma; NCC&comma; TELEC&comma; SRRC<\/li>\n<li><strong>Certificaciones industriales:<\/strong> Lync\/Skype for Business&comma; Avaya&comma; Cisco&comma; Alcatel Lucent y Astra<\/li>\n<\/ul><\/div>\n<\/p><\/div>\n<div style='flex: 1 1 250px; border: 1px solid rgba(150&comma;150&comma;150&comma;0.4); border-radius: 8px; overflow: hidden; display: flex; flex-direction: column;'>\n<div style='padding: 15px; border-bottom: 1px solid rgba(150&comma;150&comma;150&comma;0.2); font-weight: bold; font-size: 18px; color: inherit;'>Bater\u00eda<\/div>\n<div style='padding: 15px; color: inherit;'>\n<ul style='padding-left: 20px; margin: 0; font-size: 14px; list-style-type: disc;'>\n<li style='margin-bottom: 5px;'><strong>Bater\u00eda incluida:<\/strong> S\u00ed<\/li>\n<li><strong>Tiempo de carga:<\/strong> M\u00e1x. 120 minutos<\/li>\n<\/ul><\/div>\n<\/p><\/div>\n<div style='flex: 1 1 250px; border: 1px solid rgba(150&comma;150&comma;150&comma;0.4); border-radius: 8px; overflow: hidden; display: flex; flex-direction: column;'>\n<div style='padding: 15px; border-bottom: 1px solid rgba(150&comma;150&comma;150&comma;0.2); font-weight: bold; font-size: 18px; color: inherit;'>Conectividad<\/div>\n<div style='padding: 15px; color: inherit;'>\n<ul style='padding-left: 20px; margin: 0; font-size: 14px; list-style-type: disc;'>\n<li style='margin-bottom: 5px;'><strong>Conexi\u00f3n (mini jack&comma; USB&comma; etc.):<\/strong> USB\/Bluetooth<\/li>\n<li style='margin-bottom: 5px;'><strong>Dispositivo Bluetooth:<\/strong> S\u00ed<\/li>\n<li style='margin-bottom: 5px;'><strong>Alcance:<\/strong> Hasta 30 m (100 pies)<\/li>\n<li style='margin-bottom: 5px;'><strong>Tiempo de conversaci\u00f3n:<\/strong> Hasta 14 horas<\/li>\n<li style='margin-bottom: 5px;'><strong>Tiempo de espera:<\/strong> Hasta 15 d\u00edas<\/li>\n<li style='margin-bottom: 5px;'><strong>Perfiles Bluetooth compatibles:<\/strong> A2DP (v1.2)&comma; perfil manos libres (v1.6)&comma; perfil auricular (v1.2)&comma; AGHFP (v1.6)<\/li>\n<li><strong>Tecnolog\u00eda inal\u00e1mbrica Bluetooth:<\/strong> Bluetooth 4.0<\/li>\n<\/ul><\/div>\n<\/p><\/div>\n<div style='flex: 1 1 250px; border: 1px solid rgba(150&comma;150&comma;150&comma;0.4); border-radius: 8px; overflow: hidden; display: flex; flex-direction: column;'>\n<div style='padding: 15px; border-bottom: 1px solid rgba(150&comma;150&comma;150&comma;0.2); font-weight: bold; font-size: 18px; color: inherit;'>General<\/div>\n<div style='padding: 15px; color: inherit;'>\n<ul style='padding-left: 20px; margin: 0; font-size: 14px; list-style-type: disc;'>\n<li style='margin-bottom: 5px;'><strong>Dimensiones del embalaje (L. x An. x Al.):<\/strong> L. 21&comma;0 x An. 18&comma;1 x Al. 5&comma;3 cm<\/li>\n<li style='margin-bottom: 5px;'><strong>Peso mono\/d\u00fao:<\/strong> Auricular mono 79 g&comma; auricular est\u00e9reo 111 g<\/li>\n<li><strong>Contenido de la caja:<\/strong> Bolsa&comma; auricular Evolve 65&comma; folleto de advertencias&comma; folleto de garant\u00eda&comma; Gu\u00eda de inicio r\u00e1pido&comma; espuma (solo para D\u00daO)<\/li>\n<\/ul><\/div>\n<\/p><\/div>\n<\/p><\/div>\n<hr style='border: 0; border-top: 1px solid rgba(150&comma; 150&comma; 150&comma; 0.3); margin: 30px 0;'> <\/div>\n","protected":false},"excerpt":{"rendered":"<p>Evolve 65 Stereo, auricular profesional con gran calidad para llamadas y m\u00fasica (6599-823-309).<\/p>\n","protected":false},"featured_media":79807,"comment_status":"open","ping_status":"closed","template":"","meta":[],"product_brand":[],"product_cat":[2050],"product_tag":[2051,2052,2004],"class_list":{"0":"post-79808","1":"product","2":"type-product","3":"status-publish","4":"has-post-thumbnail","6":"product_cat-auriculares","7":"product_tag-auriculares","8":"product_tag-jabra","9":"product_tag-voip-telefonia-ip-videoconferencia","11":"first","12":"outofstock","13":"sale","14":"shipping-taxable","15":"purchasable","16":"product-type-simple"},"_links":{"self":[{"href":"https:\/\/soydeaqui.ddns.net\/pachuca\/index.php\/wp-json\/wp\/v2\/product\/79808","targetHints":{"allow":["GET"]}}],"collection":[{"href":"https:\/\/soydeaqui.ddns.net\/pachuca\/index.php\/wp-json\/wp\/v2\/product"}],"about":[{"href":"https:\/\/soydeaqui.ddns.net\/pachuca\/index.php\/wp-json\/wp\/v2\/types\/product"}],"replies":[{"embeddable":true,"href":"https:\/\/soydeaqui.ddns.net\/pachuca\/index.php\/wp-json\/wp\/v2\/comments?post=79808"}],"wp:featuredmedia":[{"embeddable":true,"href":"https:\/\/soydeaqui.ddns.net\/pachuca\/index.php\/wp-json\/wp\/v2\/media\/79807"}],"wp:attachment":[{"href":"https:\/\/soydeaqui.ddns.net\/pachuca\/index.php\/wp-json\/wp\/v2\/media?parent=79808"}],"wp:term":[{"taxonomy":"product_brand","embeddable":true,"href":"https:\/\/soydeaqui.ddns.net\/pachuca\/index.php\/wp-json\/wp\/v2\/product_brand?post=79808"},{"taxonomy":"product_cat","embeddable":true,"href":"https:\/\/soydeaqui.ddns.net\/pachuca\/index.php\/wp-json\/wp\/v2\/product_cat?post=79808"},{"taxonomy":"product_tag","embeddable":true,"href":"https:\/\/soydeaqui.ddns.net\/pachuca\/index.php\/wp-json\/wp\/v2\/product_tag?post=79808"}],"curies":[{"name":"wp","href":"https:\/\/api.w.org\/{rel}","templated":true}]}}