{"id":79796,"date":"2026-03-19T17:37:34","date_gmt":"2026-03-19T17:37:34","guid":{"rendered":"https:\/\/soydeaqui.ddns.net\/pachuca\/index.php\/producto\/jabra-evolve-30-duo-con-conexion-usb-3-5mm-microfono-con-cancelacion-de-ruido-y-controlador-en-el-cable-con-botones-e-indicadores-led-5399-823-309\/"},"modified":"2026-03-19T17:37:42","modified_gmt":"2026-03-19T17:37:42","slug":"jabra-evolve-30-duo-con-conexion-usb-3-5mm-microfono-con-cancelacion-de-ruido-y-controlador-en-el-cable-con-botones-e-indicadores-led-5399-823-309","status":"publish","type":"product","link":"https:\/\/soydeaqui.ddns.net\/pachuca\/index.php\/producto\/jabra-evolve-30-duo-con-conexion-usb-3-5mm-microfono-con-cancelacion-de-ruido-y-controlador-en-el-cable-con-botones-e-indicadores-led-5399-823-309\/","title":{"rendered":"Jabra Evolve 30 Duo con conexi\u00f3n USB \/ 3.5mm, micr\u00f3fono con cancelaci\u00f3n de ruido y controlador en el cable con botones e indicadores LED (5399-823-309)"},"content":{"rendered":"<div style='width: 100%; max-width: 1200px; margin: 0 auto; font-family: sans-serif; line-height: 1.6; color: inherit; background-color: transparent;'>\n<div style='display: flex; flex-wrap: wrap; gap: 30px; margin-bottom: 30px;'>\n<div style='flex: 1 1 300px; min-width: 280px;'>\n<h3 style='font-size: 22px; border-bottom: 2px solid currentColor; padding-bottom: 5px; margin-top: 0; color: inherit; opacity: 0.8;'>Caracter\u00edsticas<\/h3>\n<p style='font-size: 15px; color: inherit;'> Auricular profesional con gesti\u00f3n de llamadas f\u00e1cil y gran calidad de sonido para llamadas y m\u00fasica. <\/p>\n<p style='font-size: 15px; color: inherit;'> Mejore su productividad con acceso r\u00e1pido a funciones esenciales y conexi\u00f3n vers\u00e1til para m\u00faltiples dispositivos. <\/p>\n<\/p><\/div>\n<\/p><\/div>\n<div style='display: flex; flex-wrap: wrap; gap: 20px; margin-bottom: 30px;'>\n<div style='flex: 1 1 250px; border: 1px solid rgba(150&comma; 150&comma; 150&comma; 0.4); border-radius: 8px; overflow: hidden; display: flex; flex-direction: column;'>\n<div style='padding: 15px; border-bottom: 1px solid rgba(150&comma; 150&comma; 150&comma; 0.2); font-weight: bold; font-size: 18px; color: inherit;'>Gesti\u00f3n de llamadas<\/div>\n<div style='padding: 15px; color: inherit;'>\n<ul style='padding-left: 20px; margin: 0; font-size: 14px; list-style-type: disc;'>\n<li style='margin-bottom: 5px;'>Acceso r\u00e1pido a funciones como volumen y silencio<\/li>\n<li style='margin-bottom: 5px;'>Controles integrados para responder y finalizar llamadas<\/li>\n<li style='margin-bottom: 5px;'>Indicadores LED para estado de la conexi\u00f3n<\/li>\n<\/ul><\/div>\n<\/p><\/div>\n<div style='flex: 1 1 250px; border: 1px solid rgba(150&comma; 150&comma; 150&comma; 0.4); border-radius: 8px; overflow: hidden; display: flex; flex-direction: column;'>\n<div style='padding: 15px; border-bottom: 1px solid rgba(150&comma; 150&comma; 150&comma; 0.2); font-weight: bold; font-size: 18px; color: inherit;'>Conectividad<\/div>\n<div style='padding: 15px; color: inherit;'>\n<ul style='padding-left: 20px; margin: 0; font-size: 14px; list-style-type: disc;'>\n<li style='margin-bottom: 5px;'>Conexi\u00f3n USB para PC<\/li>\n<li style='margin-bottom: 5px;'>Entrada de 3.5mm para dispositivos m\u00f3viles<\/li>\n<li style='margin-bottom: 5px;'>Compatibilidad multiplataforma<\/li>\n<\/ul><\/div>\n<\/p><\/div>\n<div style='flex: 1 1 250px; border: 1px solid rgba(150&comma; 150&comma; 150&comma; 0.4); border-radius: 8px; overflow: hidden; display: flex; flex-direction: column;'>\n<div style='padding: 15px; border-bottom: 1px solid rgba(150&comma; 150&comma; 150&comma; 0.2); font-weight: bold; font-size: 18px; color: inherit;'>Cancelaci\u00f3n de ruido<\/div>\n<div style='padding: 15px; color: inherit;'>\n<ul style='padding-left: 20px; margin: 0; font-size: 14px; list-style-type: disc;'>\n<li style='margin-bottom: 5px;'>Cancelaci\u00f3n pasiva de ruido mediante dise\u00f1o especial de almohadillas<\/li>\n<li style='margin-bottom: 5px;'>Elimina ruidos de alta frecuencia como voces humanas<\/li>\n<li style='margin-bottom: 5px;'>Micr\u00f3fono con cancelaci\u00f3n de ruido de \u00faltima generaci\u00f3n<\/li>\n<\/ul><\/div>\n<\/p><\/div>\n<div style='flex: 1 1 250px; border: 1px solid rgba(150&comma; 150&comma; 150&comma; 0.4); border-radius: 8px; overflow: hidden; display: flex; flex-direction: column;'>\n<div style='padding: 15px; border-bottom: 1px solid rgba(150&comma; 150&comma; 150&comma; 0.2); font-weight: bold; font-size: 18px; color: inherit;'>Plug &#038; Play<\/div>\n<div style='padding: 15px; color: inherit;'>\n<ul style='padding-left: 20px; margin: 0; font-size: 14px; list-style-type: disc;'>\n<li style='margin-bottom: 5px;'>Compatibilidad con principales sistemas operativos<\/li>\n<li style='margin-bottom: 5px;'>Instalaci\u00f3n sin configuraciones adicionales<\/li>\n<li style='margin-bottom: 5px;'>Conexi\u00f3n directa sin software adicional<\/li>\n<\/ul><\/div>\n<\/p><\/div>\n<\/p><\/div>\n<div style='display: flex; flex-wrap: wrap; gap: 20px; margin-bottom: 30px;'>\n<div style='flex: 1 1 300px; min-width: 280px;'>\n<h3 style='font-size: 22px; border-bottom: 2px solid currentColor; padding-bottom: 5px; margin-top: 0; color: inherit; opacity: 0.8;'>Especificaciones t\u00e9cnicas<\/h3>\n<ul style='padding-left: 20px; font-size: 15px; color: inherit;'>\n<li style='margin-bottom: 5px;'>Conexi\u00f3n: USB y 3.5mm<\/li>\n<li style='margin-bottom: 5px;'>Tipo: Auricular monaural<\/li>\n<li style='margin-bottom: 5px;'>Micr\u00f3fono: Con cancelaci\u00f3n de ruido<\/li>\n<li style='margin-bottom: 5px;'>Control: Unidad de control en cable con botones e indicadores LED<\/li>\n<li style='margin-bottom: 5px;'>Compatibilidad: PC y dispositivos m\u00f3viles<\/li>\n<\/ul><\/div>\n<\/p><\/div>\n<div style='display: flex; flex-wrap: wrap; gap: 20px; margin-bottom: 30px;'>\n<div style='flex: 1 1 100%;'>\n<h3 style='font-size: 22px; border-bottom: 2px solid currentColor; padding-bottom: 5px; margin-top: 0; color: inherit; opacity: 0.8;'>Aplicaciones compatibles<\/h3>\n<div style='display: flex; flex-wrap: wrap; gap: 10px; justify-content: center; margin-top: 20px;'> <img style='width: 150px; height: auto; border: 1px solid rgba(150&comma;150&comma;150&comma;0.3); border-radius: 8px;' src='https:\/\/ftp3.syscom.mx\/usuarios\/lcuevas\/Evolve30\/30_PC%20on%20black_SFB.jpg' alt='Aplicaci\u00f3n compatible'> <img style='width: 150px; height: auto; border: 1px solid rgba(150&comma;150&comma;150&comma;0.3); border-radius: 8px;' src='https:\/\/ftp3.syscom.mx\/usuarios\/lcuevas\/Evolve30\/30_iphone_trans.jpg' alt='Aplicaci\u00f3n compatible'> <\/div>\n<\/p><\/div>\n<\/p><\/div>\n<div style='display: flex; flex-wrap: wrap; gap: 20px; margin-bottom: 30px;'>\n<div style='flex: 1 1 100%;'>\n<h3 style='font-size: 22px; border-bottom: 2px solid currentColor; padding-bottom: 5px; margin-top: 0; color: inherit; opacity: 0.8;'>Im\u00e1genes del producto<\/h3>\n<div style='display: flex; flex-wrap: wrap; gap: 15px; justify-content: center; margin-top: 20px;'> <img style='width: 400px; height: auto; border: 1px solid rgba(150&comma;150&comma;150&comma;0.3); border-radius: 8px;' src='https:\/\/ftp3.syscom.mx\/usuarios\/lcuevas\/Facilidad.PNG' alt='Facilidad de uso'> <img style='width: 400px; height: auto; border: 1px solid rgba(150&comma;150&comma;150&comma;0.3); border-radius: 8px;' src='https:\/\/ftp3.syscom.mx\/usuarios\/lcuevas\/Evolve30\/30_controlv1_white.jpg' alt='Control en el cable'> <img style='width: 400px; height: auto; border: 1px solid rgba(150&comma;150&comma;150&comma;0.3); border-radius: 8px;' src='https:\/\/ftp3.syscom.mx\/usuarios\/lcuevas\/CancelacionPasiva.PNG' alt='Cancelaci\u00f3n pasiva de ruido'> <img style='width: 400px; height: auto; border: 1px solid rgba(150&comma;150&comma;150&comma;0.3); border-radius: 8px;' src='https:\/\/ftp3.syscom.mx\/usuarios\/lcuevas\/Evolve30\/Jabra_Evolve_Product_13.jpg' alt='Dise\u00f1o ergon\u00f3mico'> <img style='width: 400px; height: auto; border: 1px solid rgba(150&comma;150&comma;150&comma;0.3); border-radius: 8px;' src='https:\/\/ftp3.syscom.mx\/usuarios\/lcuevas\/Microfonocancelacion.PNG' alt='Micr\u00f3fono con cancelaci\u00f3n'> <img style='width: 400px; height: auto; border: 1px solid rgba(150&comma;150&comma;150&comma;0.3); border-radius: 8px;' src='https:\/\/ftp3.syscom.mx\/usuarios\/lcuevas\/PlugPlay.PNG' alt='Plug and Play'> <\/div>\n<\/p><\/div>\n<\/p><\/div>\n<\/p><\/div>\n","protected":false},"excerpt":{"rendered":"<p>Jabra Evolve 30 Duo con conexi\u00f3n USB \/ 3.5mm, micr\u00f3fono con cancelaci\u00f3n de ruido y controlador en el cable con botones e indicadores LED (5399-823-309)<\/p>\n","protected":false},"featured_media":79795,"comment_status":"open","ping_status":"closed","template":"","meta":[],"product_brand":[],"product_cat":[2050],"product_tag":[2051,2052,2004],"class_list":{"0":"post-79796","1":"product","2":"type-product","3":"status-publish","4":"has-post-thumbnail","6":"product_cat-auriculares","7":"product_tag-auriculares","8":"product_tag-jabra","9":"product_tag-voip-telefonia-ip-videoconferencia","11":"first","12":"instock","13":"sale","14":"shipping-taxable","15":"purchasable","16":"product-type-simple"},"_links":{"self":[{"href":"https:\/\/soydeaqui.ddns.net\/pachuca\/index.php\/wp-json\/wp\/v2\/product\/79796","targetHints":{"allow":["GET"]}}],"collection":[{"href":"https:\/\/soydeaqui.ddns.net\/pachuca\/index.php\/wp-json\/wp\/v2\/product"}],"about":[{"href":"https:\/\/soydeaqui.ddns.net\/pachuca\/index.php\/wp-json\/wp\/v2\/types\/product"}],"replies":[{"embeddable":true,"href":"https:\/\/soydeaqui.ddns.net\/pachuca\/index.php\/wp-json\/wp\/v2\/comments?post=79796"}],"wp:featuredmedia":[{"embeddable":true,"href":"https:\/\/soydeaqui.ddns.net\/pachuca\/index.php\/wp-json\/wp\/v2\/media\/79795"}],"wp:attachment":[{"href":"https:\/\/soydeaqui.ddns.net\/pachuca\/index.php\/wp-json\/wp\/v2\/media?parent=79796"}],"wp:term":[{"taxonomy":"product_brand","embeddable":true,"href":"https:\/\/soydeaqui.ddns.net\/pachuca\/index.php\/wp-json\/wp\/v2\/product_brand?post=79796"},{"taxonomy":"product_cat","embeddable":true,"href":"https:\/\/soydeaqui.ddns.net\/pachuca\/index.php\/wp-json\/wp\/v2\/product_cat?post=79796"},{"taxonomy":"product_tag","embeddable":true,"href":"https:\/\/soydeaqui.ddns.net\/pachuca\/index.php\/wp-json\/wp\/v2\/product_tag?post=79796"}],"curies":[{"name":"wp","href":"https:\/\/api.w.org\/{rel}","templated":true}]}}