{"id":79784,"date":"2026-03-19T17:37:04","date_gmt":"2026-03-19T17:37:04","guid":{"rendered":"https:\/\/soydeaqui.ddns.net\/pachuca\/index.php\/producto\/jabra-evolve-20-duo-con-conexion-usb-microfono-con-cancelacion-de-ruido-de-ultima-generacion-configuracion-plug-and-play-certificacion-microsoft-teams-4999-823-109\/"},"modified":"2026-03-19T17:37:07","modified_gmt":"2026-03-19T17:37:07","slug":"jabra-evolve-20-duo-con-conexion-usb-microfono-con-cancelacion-de-ruido-de-ultima-generacion-configuracion-plug-and-play-certificacion-microsoft-teams-4999-823-109","status":"publish","type":"product","link":"https:\/\/soydeaqui.ddns.net\/pachuca\/index.php\/producto\/jabra-evolve-20-duo-con-conexion-usb-microfono-con-cancelacion-de-ruido-de-ultima-generacion-configuracion-plug-and-play-certificacion-microsoft-teams-4999-823-109\/","title":{"rendered":"Jabra Evolve 20 Duo con conexi\u00f3n USB, micr\u00f3fono con cancelaci\u00f3n de ruido de \u00faltima generaci\u00f3n, configuraci\u00f3n Plug and Play, Certificaci\u00f3n Microsoft Teams (4999-823-109)"},"content":{"rendered":"<div style='width: 100%; max-width: 1200px; margin: 0 auto; font-family: sans-serif; line-height: 1.6; color: inherit; background-color: transparent;'> <!-- ENCABEZADO --> <\/p>\n<div style='background-color: #ffd100; color: inherit; text-align: center; padding: 35px 20px;'>\n<h1 style='margin: 0; font-size: 36px; color: inherit; opacity: 0.95;'>Jabra Evolve 20<\/h1>\n<p style='margin-top: 10px; font-size: 18px; color: inherit; opacity: 0.85;'>Mejore su productividad con llamadas claras y sencillas<\/p>\n<\/p><\/div>\n<p> <!-- CONTENIDO PRINCIPAL --> <\/p>\n<div style='width: 100%; padding: 20px;'> <!-- Secci\u00f3n de productividad --> <\/p>\n<div style='margin-bottom: 30px;'>\n<h2 style='font-size: 24px; border-left: 6px solid #FFD100; padding-left: 10px; color: inherit; opacity: 0.9;'>Mejore su productividad<\/h2>\n<div style='display: flex; flex-wrap: wrap; gap: 20px; margin-top: 20px;'>\n<div style='flex: 1 1 300px; min-width: 280px;'>\n<h3 style='font-size: 18px; margin-top: 0; color: inherit; opacity: 0.85;'>Facilidad en la gesti\u00f3n de llamadas<\/h3>\n<p style='font-size: 15px; color: inherit; opacity: 0.9;'>Acceda f\u00e1cilmente a las funciones m\u00e1s usadas&comma; como el volumen y la funci\u00f3n de silencio. Tambi\u00e9n puede responder y finalizar llamadas directamente desde la unidad de control.<\/p>\n<\/p><\/div>\n<div style='flex: 1 1 300px; min-width: 280px;'>\n<h3 style='font-size: 18px; margin-top: 0; color: inherit; opacity: 0.85;'>Cancelaci\u00f3n de ruido pasiva<\/h3>\n<p style='font-size: 15px; color: inherit; opacity: 0.9;'>Eliminan los ruidos de alta frecuencia&comma; como las voces humanas&comma; gracias a sus almohadillas de dise\u00f1o especial. Es lo que llamamos cancelaci\u00f3n pasiva de ruido.<\/p>\n<\/p><\/div>\n<\/p><\/div>\n<\/p><\/div>\n<p> <!-- Separador --> <\/p>\n<hr style='border: 0; border-top: 1px solid rgba(150&comma; 150&comma; 150&comma; 0.3); margin: 30px 0;'> <!-- Video --> <\/p>\n<div style='margin-bottom: 30px;'>\n<h2 style='font-size: 24px; border-left: 6px solid #FFD100; padding-left: 10px; color: inherit; opacity: 0.9;'>Video demostrativo<\/h2>\n<div style='position: relative; padding-bottom: 56.25%; height: 0; overflow: hidden; margin: 20px 0;'>   <\/div>\n<\/p><\/div>\n<p> <!-- Separador --> <\/p>\n<hr style='border: 0; border-top: 1px solid rgba(150&comma; 150&comma; 150&comma; 0.3); margin: 30px 0;'> <!-- Secci\u00f3n de control de llamadas --> <\/p>\n<div style='margin-bottom: 30px;'>\n<h2 style='font-size: 24px; border-left: 6px solid #FFD100; padding-left: 10px; color: inherit; opacity: 0.9;'>T\u00fa controlas las llamadas<\/h2>\n<div style='margin-top: 20px; display: flex; flex-wrap: wrap; gap: 20px;'>\n<div style='flex: 1 1 300px; min-width: 280px;'>\n<h3 style='font-size: 18px; margin-top: 0; color: inherit; opacity: 0.85;'>Micr\u00f3fono con la mejor cancelaci\u00f3n de ruido<\/h3>\n<p style='font-size: 15px; color: inherit; opacity: 0.9;'>Cancelaci\u00f3n de ruido de \u00faltima generaci\u00f3n en el micr\u00f3fono que elimina el ruido de fondo. Las almohadillas est\u00e1n dise\u00f1adas para reducir los sonidos de alta frecuencia. Usted y su interlocutor se escuchar\u00e1n con total facilidad.<\/p>\n<\/p><\/div>\n<div style='flex: 1 1 300px; min-width: 280px;'>\n<h3 style='font-size: 18px; margin-top: 0; color: inherit; opacity: 0.85;'>Configuraci\u00f3n Plug and Play<\/h3>\n<p style='font-size: 15px; color: inherit; opacity: 0.9;'>El auricular funciona con los principales sistemas sin necesidad de configuraciones adicionales. Para realizar la instalaci\u00f3n basta con enchufarlo.<\/p>\n<\/p><\/div>\n<\/p><\/div>\n<\/p><\/div>\n<p> <!-- Separador --> <\/p>\n<hr style='border: 0; border-top: 1px solid rgba(150&comma; 150&comma; 150&comma; 0.3); margin: 30px 0;'> <!-- Galer\u00eda --> <\/p>\n<div style='margin-bottom: 30px;'>\n<h2 style='font-size: 24px; border-left: 6px solid #FFD100; padding-left: 10px; color: inherit; opacity: 0.9;'>Galer\u00eda<\/h2>\n<div style='display: flex; flex-wrap: wrap; gap: 15px; margin-top: 20px;'>\n<div style='flex: 1 1 300px; min-width: 280px;'> <img style='width: 100%; height: auto; border: 1px solid rgba(150&comma;150&comma;150&comma;0.3); border-radius: 8px;' src='https:\/\/ftp3.syscom.mx\/usuarios\/fotos\/EVOLVE20MONOMS\/166015-captura_de_pantalla_2021-04-06_a_la(s)_14.44.11.png' alt=''> <\/div>\n<div style='flex: 1 1 300px; min-width: 280px;'> <img style='width: 100%; height: auto; border: 1px solid rgba(150&comma;150&comma;150&comma;0.3); border-radius: 8px;' src='https:\/\/ftp3.syscom.mx\/usuarios\/fotos\/EVOLVE20DUOMS\/166016-7e6b4db32809c1c184e69ea4a51421f314a12003_02_evolve20__stereo_o02.png' alt=''> <\/div>\n<div style='flex: 1 1 300px; min-width: 280px;'> <img style='width: 100%; height: auto; border: 1px solid rgba(150&comma;150&comma;150&comma;0.3); border-radius: 8px;' src='https:\/\/ftp3.syscom.mx\/usuarios\/fotos\/EVOLVE20MONOMS\/166015-captura_de_pantalla_2021-04-06_a_la(s)_14.45.12.png' alt=''> <\/div>\n<\/p><\/div>\n<\/p><\/div>\n<p> <!-- Separador --> <\/p>\n<hr style='border: 0; border-top: 1px solid rgba(150&comma; 150&comma; 150&comma; 0.3); margin: 30px 0;'> <!-- Especificaciones t\u00e9cnicas --> <\/p>\n<div style='margin-bottom: 30px;'>\n<h2 style='font-size: 24px; border-left: 6px solid #FFD100; padding-left: 10px; color: inherit; opacity: 0.9;'>Especificaciones t\u00e9cnicas<\/h2>\n<div style='margin-top: 20px;'>\n<div style='display: flex; flex-wrap: wrap; gap: 20px;'>\n<div style='flex: 1 1 250px; border: 1px solid rgba(150&comma; 150&comma; 150&comma; 0.4); border-radius: 8px; overflow: hidden; display: flex; flex-direction: column;'>\n<div style='padding: 15px; border-bottom: 1px solid rgba(150&comma; 150&comma; 150&comma; 0.2); font-weight: bold; font-size: 18px; color: inherit;'>Audio<\/div>\n<div style='padding: 15px; color: inherit;'>\n<ul style='padding-left: 20px; margin: 0; font-size: 14px; list-style-type: disc;'>\n<li style='margin-bottom: 5px;'>Banda ancha en auricular&comma; altavoz y micr\u00f3fono<\/li>\n<li style='margin-bottom: 5px;'>Certificaciones CE&comma; FCC&comma; KCC&comma; RCM&comma; UL<\/li>\n<li style='margin-bottom: 5px;'>Certificaciones industriales Microsoft Teams&comma; Avaya y Cisco<\/li>\n<\/ul><\/div>\n<\/p><\/div>\n<div style='flex: 1 1 250px; border: 1px solid rgba(150&comma; 150&comma; 150&comma; 0.4); border-radius: 8px; overflow: hidden; display: flex; flex-direction: column;'>\n<div style='padding: 15px; border-bottom: 1px solid rgba(150&comma; 150&comma; 150&comma; 0.2); font-weight: bold; font-size: 18px; color: inherit;'>Bater\u00eda<\/div>\n<div style='padding: 15px; color: inherit;'>\n<ul style='padding-left: 20px; margin: 0; font-size: 14px; list-style-type: disc;'>\n<li style='margin-bottom: 5px;'>No incluye bater\u00eda<\/li>\n<\/ul><\/div>\n<\/p><\/div>\n<div style='flex: 1 1 250px; border: 1px solid rgba(150&comma; 150&comma; 150&comma; 0.4); border-radius: 8px; overflow: hidden; display: flex; flex-direction: column;'>\n<div style='padding: 15px; border-bottom: 1px solid rgba(150&comma; 150&comma; 150&comma; 0.2); font-weight: bold; font-size: 18px; color: inherit;'>Conectividad<\/div>\n<div style='padding: 15px; color: inherit;'>\n<ul style='padding-left: 20px; margin: 0; font-size: 14px; list-style-type: disc;'>\n<li style='margin-bottom: 5px;'>Alimentaci\u00f3n USB para PC<\/li>\n<li style='margin-bottom: 5px;'>No Bluetooth<\/li>\n<li style='margin-bottom: 5px;'>Conexi\u00f3n USB<\/li>\n<li style='margin-bottom: 5px;'>Cable de control 95 cm<\/li>\n<li style='margin-bottom: 5px;'>Cable HS 120 cm<\/li>\n<\/ul><\/div>\n<\/p><\/div>\n<div style='flex: 1 1 250px; border: 1px solid rgba(150&comma; 150&comma; 150&comma; 0.4); border-radius: 8px; overflow: hidden; display: flex; flex-direction: column;'>\n<div style='padding: 15px; border-bottom: 1px solid rgba(150&comma; 150&comma; 150&comma; 0.2); font-weight: bold; font-size: 18px; color: inherit;'>General<\/div>\n<div style='padding: 15px; color: inherit;'>\n<ul style='padding-left: 20px; margin: 0; font-size: 14px; list-style-type: disc;'>\n<li style='margin-bottom: 5px;'>Contenido de la caja: Auricular Jabra Evolve 20&comma; gu\u00eda r\u00e1pida&comma; folletos&comma; controlador USB y accesorios<\/li>\n<li style='margin-bottom: 5px;'>Garant\u00eda de 2 a\u00f1os<\/li>\n<\/ul><\/div>\n<\/p><\/div>\n<div style='flex: 1 1 250px; border: 1px solid rgba(150&comma; 150&comma; 150&comma; 0.4); border-radius: 8px; overflow: hidden; display: flex; flex-direction: column;'>\n<div style='padding: 15px; border-bottom: 1px solid rgba(150&comma; 150&comma; 150&comma; 0.2); font-weight: bold; font-size: 18px; color: inherit;'>Peso<\/div>\n<div style='padding: 15px; color: inherit;'>\n<ul style='padding-left: 20px; margin: 0; font-size: 14px; list-style-type: disc;'>\n<li style='margin-bottom: 5px;'>0.1711 kg (est\u00e9reo)<\/li>\n<\/ul><\/div>\n<\/p><\/div>\n<\/p><\/div>\n<\/p><\/div>\n<\/p><\/div>\n<p> <!-- Separador --> <\/p>\n<hr style='border: 0; border-top: 1px solid rgba(150&comma; 150&comma; 150&comma; 0.3); margin: 30px 0;'> <!-- Plataformas --> <\/p>\n<div style='margin-bottom: 30px;'>\n<h2 style='font-size: 24px; border-left: 6px solid #FFD100; padding-left: 10px; color: inherit; opacity: 0.9;'>Funciona con su plataforma<\/h2>\n<div style='display: flex; justify-content: center; margin-top: 20px;'>\n<div style='flex: 1 1 400px; min-width: 280px;'> <img style='width: 100%; height: auto; border: 1px solid rgba(150&comma;150&comma;150&comma;0.3); border-radius: 8px;' src='https:\/\/ftp3.syscom.mx\/usuarios\/fotos\/EVOLVE20MONOMS\/166015-captura_de_pantalla_2021-04-06_a_la(s)_14.42.40.png' alt=''> <\/div>\n<\/p><\/div>\n<\/p><\/div>\n<p> <!-- CIERRE --> <\/p>\n<div style='background: #FFD100; color: inherit; text-align: center; padding: 20px; margin-top: 40px; border-radius: 8px;'>\n<p style='margin: 0; font-size: 16px; color: inherit; opacity: 0.9;'>Auriculares confiables y sencillos para productividad diaria<\/p>\n<\/p><\/div>\n<\/p><\/div>\n<\/p><\/div>\n","protected":false},"excerpt":{"rendered":"<p>Jabra Evolve 20 Duo con conexi\u00f3n USB, micr\u00f3fono con cancelaci\u00f3n de ruido de \u00faltima generaci\u00f3n, configuraci\u00f3n Plug and Play, Certificaci\u00f3n Microsoft Teams (4999-823-109)<\/p>\n","protected":false},"featured_media":79783,"comment_status":"open","ping_status":"closed","template":"","meta":[],"product_brand":[],"product_cat":[2050],"product_tag":[2051,2052,2004],"class_list":{"0":"post-79784","1":"product","2":"type-product","3":"status-publish","4":"has-post-thumbnail","6":"product_cat-auriculares","7":"product_tag-auriculares","8":"product_tag-jabra","9":"product_tag-voip-telefonia-ip-videoconferencia","11":"first","12":"instock","13":"sale","14":"shipping-taxable","15":"purchasable","16":"product-type-simple"},"_links":{"self":[{"href":"https:\/\/soydeaqui.ddns.net\/pachuca\/index.php\/wp-json\/wp\/v2\/product\/79784","targetHints":{"allow":["GET"]}}],"collection":[{"href":"https:\/\/soydeaqui.ddns.net\/pachuca\/index.php\/wp-json\/wp\/v2\/product"}],"about":[{"href":"https:\/\/soydeaqui.ddns.net\/pachuca\/index.php\/wp-json\/wp\/v2\/types\/product"}],"replies":[{"embeddable":true,"href":"https:\/\/soydeaqui.ddns.net\/pachuca\/index.php\/wp-json\/wp\/v2\/comments?post=79784"}],"wp:featuredmedia":[{"embeddable":true,"href":"https:\/\/soydeaqui.ddns.net\/pachuca\/index.php\/wp-json\/wp\/v2\/media\/79783"}],"wp:attachment":[{"href":"https:\/\/soydeaqui.ddns.net\/pachuca\/index.php\/wp-json\/wp\/v2\/media?parent=79784"}],"wp:term":[{"taxonomy":"product_brand","embeddable":true,"href":"https:\/\/soydeaqui.ddns.net\/pachuca\/index.php\/wp-json\/wp\/v2\/product_brand?post=79784"},{"taxonomy":"product_cat","embeddable":true,"href":"https:\/\/soydeaqui.ddns.net\/pachuca\/index.php\/wp-json\/wp\/v2\/product_cat?post=79784"},{"taxonomy":"product_tag","embeddable":true,"href":"https:\/\/soydeaqui.ddns.net\/pachuca\/index.php\/wp-json\/wp\/v2\/product_tag?post=79784"}],"curies":[{"name":"wp","href":"https:\/\/api.w.org\/{rel}","templated":true}]}}