{"id":79779,"date":"2026-03-19T17:36:52","date_gmt":"2026-03-19T17:36:52","guid":{"rendered":"https:\/\/soydeaqui.ddns.net\/pachuca\/index.php\/producto\/jabra-evolve-30-mono-con-conexion-usb-3-5mm-microfono-con-cancelacion-de-ruido-y-controlador-en-el-cable-con-botones-e-indicadores-led-5393-829-309\/"},"modified":"2026-03-19T17:37:02","modified_gmt":"2026-03-19T17:37:02","slug":"jabra-evolve-30-mono-con-conexion-usb-3-5mm-microfono-con-cancelacion-de-ruido-y-controlador-en-el-cable-con-botones-e-indicadores-led-5393-829-309","status":"publish","type":"product","link":"https:\/\/soydeaqui.ddns.net\/pachuca\/index.php\/producto\/jabra-evolve-30-mono-con-conexion-usb-3-5mm-microfono-con-cancelacion-de-ruido-y-controlador-en-el-cable-con-botones-e-indicadores-led-5393-829-309\/","title":{"rendered":"Jabra Evolve 30 Mono con conexi\u00f3n USB \/ 3.5mm, micr\u00f3fono con cancelaci\u00f3n de ruido y controlador en el cable con botones e indicadores LED (5393-829-309)"},"content":{"rendered":"<div style='width: 100%; max-width: 1200px; margin: 0 auto; font-family: sans-serif; line-height: 1.6; color: inherit; background-color: transparent;'> <!-- Secci\u00f3n principal --> <\/p>\n<div style='display: flex; flex-wrap: wrap; gap: 30px; margin-bottom: 30px;'>\n<div style='flex: 1 1 600px; min-width: 300px;'>\n<h1 style='font-size: 24px; border-bottom: 2px solid currentColor; padding-bottom: 5px; margin-top: 0; color: inherit; opacity: 0.8;'> EVOLVE 30 Auricular profesional con conectividad flexible y gran calidad de sonido para llamadas y m\u00fasica <\/h1>\n<hr style='border: 0; border-top: 1px solid rgba(150&comma; 150&comma; 150&comma; 0.3); margin: 20px 0;'> <\/div>\n<\/p><\/div>\n<p> <!-- Secci\u00f3n de contenido con flex --> <\/p>\n<div style='display: flex; flex-wrap: wrap; gap: 30px; margin-bottom: 30px;'>\n<div style='flex: 1 1 500px; min-width: 280px;'>\n<h2 style='font-size: 26px; border-bottom: 2px solid currentColor; padding-bottom: 5px; margin-top: 0; color: inherit; opacity: 0.8;'> Siempre conectado <\/h2>\n<h3 style='font-size: 22px; margin-top: 15px; margin-bottom: 10px; color: inherit;'> Para estar siempre conectado con USB o jack <\/h3>\n<p style='font-size: 15px; color: inherit; margin-bottom: 15px;'> Con\u00e9ctese con su PC mediante USB o utilice la toma de 3&comma;5 mm para conectarse con su dispositivo personal (smartphone o tableta) para trabajar o escuchar m\u00fasica en cualquier lugar. <\/p>\n<h3 style='font-size: 22px; margin-top: 15px; margin-bottom: 10px; color: inherit;'> Facilidad en la gesti\u00f3n de llamadas <\/h3>\n<p style='font-size: 15px; color: inherit; margin-bottom: 15px;'> Controlador en el cable con botones grandes e indicadores LED para que sea m\u00e1s f\u00e1cil gestionar las llamadas y la m\u00fasica. responder o finalizar llamadas&comma; controlar el volumen o&comma; simplemente&comma; silenciar el micr\u00f3fono muy f\u00e1cilmente. <\/p>\n<\/p><\/div>\n<div style='flex: 1 1 500px; min-width: 300px;'>\n<div style='position: relative; padding-bottom: 56.25%; height: 0; overflow: hidden; margin-bottom: 30px;'> <video style='position: absolute; top: 0; left: 0; width: 100%; height: 100%; border: none; border-radius: 8px;' src='https:\/\/ftp3.syscom.mx\/usuarios\/lcuevas\/Evolve30\/Evolve30UC\/Jabra_Rotate_30.mp4' loop muted controls><\/video> <\/div>\n<\/p><\/div>\n<\/p><\/div>\n<p> <!-- Separador --> <\/p>\n<hr style='border: 0; border-top: 1px solid rgba(150&comma; 150&comma; 150&comma; 0.3); margin: 30px 0;'> <!-- Secci\u00f3n de contenido con imagen --> <\/p>\n<div style='display: flex; flex-wrap: wrap; gap: 30px; margin-bottom: 30px;'>\n<div style='flex: 1 1 500px; min-width: 300px;'> <img style='width: 100%; height: auto; border: 1px solid rgba(150&comma;150&comma;150&comma;0.3); border-radius: 8px;' src='https:\/\/ftp3.syscom.mx\/usuarios\/lcuevas\/Evolve30\/Evolve30UC\/Evolve%2020_30_office_RGB_300dpi.jpg' alt=''> <\/div>\n<div style='flex: 1 1 500px; min-width: 280px;'>\n<h2 style='font-size: 26px; border-bottom: 2px solid currentColor; padding-bottom: 5px; margin-top: 0; color: inherit; opacity: 0.8;'> Mejore su productividad <\/h2>\n<h3 style='font-size: 22px; margin-top: 15px; margin-bottom: 10px; color: inherit;'> Micr\u00f3fono con cancelaci\u00f3n de ruido <\/h3>\n<p style='font-size: 15px; color: inherit; margin-bottom: 15px;'> Cancelaci\u00f3n de ruido de \u00faltima generaci\u00f3n en el micr\u00f3fono que elimina el ruido de fondo. Su interlocutor no tendr\u00e1 que esforzarse para escuchar lo que dice. <\/p>\n<h3 style='font-size: 22px; margin-top: 15px; margin-bottom: 10px; color: inherit;'> Configuraci\u00f3n Plug and Play <\/h3>\n<p style='font-size: 15px; color: inherit; margin-bottom: 15px;'> Funciona inmediatamente con los principales sistemas. Para realizar la instalaci\u00f3n basta con enchufarlo. <\/p>\n<\/p><\/div>\n<\/p><\/div>\n<p> <!-- Separador --> <\/p>\n<hr style='border: 0; border-top: 1px solid rgba(150&comma; 150&comma; 150&comma; 0.3); margin: 30px 0;'> <!-- Secci\u00f3n de contenido con video --> <\/p>\n<div style='display: flex; flex-wrap: wrap; gap: 30px; margin-bottom: 30px;'>\n<div style='flex: 1 1 500px; min-width: 280px;'>\n<h3 style='font-size: 22px; border-bottom: 2px solid currentColor; padding-bottom: 5px; margin-top: 0; color: inherit; opacity: 0.8;'> Funciona con su tel\u00e9fono o plataforma. <\/h3>\n<p style='font-size: 15px; color: inherit; margin-bottom: 15px;'> Nuestros auriculares y altavoces funcionan sin necesidad de configuraci\u00f3n adicional con m\u00e1s de 10.000 tel\u00e9fonos de sobremesa tradicionales. Est\u00e1n preparados para el futuro y son compatibles con todos los softphones y clientes web&comma; desde Microsoft Teams hasta Mitel. <\/p>\n<p style='font-size: 15px; color: inherit; margin-bottom: 15px;'> Proporcionar a su personal dispositivos certificados y fiables que funcionen a la perfecci\u00f3n con su plataforma UC es clave para mejorar la productividad y la calidad del audio y tener menos problemas de TI. Jabra ha probado dispositivos con numerosas plataformas y ha obtenido la certificaci\u00f3n para Microsoft Teams para una amplia gama de auriculares y altavoces. <\/p>\n<\/p><\/div>\n<div style='flex: 1 1 500px; min-width: 300px;'>\n<div style='position: relative; padding-bottom: 56.25%; height: 0; overflow: hidden; margin-bottom: 30px;'> <video style='position: absolute; top: 0; left: 0; width: 100%; height: 100%; border: none; border-radius: 8px;' src='https:\/\/ftp3.syscom.mx\/usuarios\/lcuevas\/Evolve30\/Evolve30UC\/Jabra%20Evolve%2030.mp4' loop muted controls><\/video> <\/div>\n<\/p><\/div>\n<\/p><\/div>\n<p> <!-- Separador final --> <\/p>\n<hr style='border: 0; border-top: 1px solid rgba(150&comma; 150&comma; 150&comma; 0.3); margin: 30px 0;'> <\/div>\n","protected":false},"excerpt":{"rendered":"<p>Jabra Evolve 30 Mono con conexi\u00f3n USB \/ 3.5mm, micr\u00f3fono con cancelaci\u00f3n de ruido y controlador en el cable con botones e indicadores LED (5393-829-309)<\/p>\n","protected":false},"featured_media":79778,"comment_status":"open","ping_status":"closed","template":"","meta":[],"product_brand":[],"product_cat":[2050],"product_tag":[2051,2052,2004],"class_list":{"0":"post-79779","1":"product","2":"type-product","3":"status-publish","4":"has-post-thumbnail","6":"product_cat-auriculares","7":"product_tag-auriculares","8":"product_tag-jabra","9":"product_tag-voip-telefonia-ip-videoconferencia","11":"first","12":"outofstock","13":"sale","14":"shipping-taxable","15":"purchasable","16":"product-type-simple"},"_links":{"self":[{"href":"https:\/\/soydeaqui.ddns.net\/pachuca\/index.php\/wp-json\/wp\/v2\/product\/79779","targetHints":{"allow":["GET"]}}],"collection":[{"href":"https:\/\/soydeaqui.ddns.net\/pachuca\/index.php\/wp-json\/wp\/v2\/product"}],"about":[{"href":"https:\/\/soydeaqui.ddns.net\/pachuca\/index.php\/wp-json\/wp\/v2\/types\/product"}],"replies":[{"embeddable":true,"href":"https:\/\/soydeaqui.ddns.net\/pachuca\/index.php\/wp-json\/wp\/v2\/comments?post=79779"}],"wp:featuredmedia":[{"embeddable":true,"href":"https:\/\/soydeaqui.ddns.net\/pachuca\/index.php\/wp-json\/wp\/v2\/media\/79778"}],"wp:attachment":[{"href":"https:\/\/soydeaqui.ddns.net\/pachuca\/index.php\/wp-json\/wp\/v2\/media?parent=79779"}],"wp:term":[{"taxonomy":"product_brand","embeddable":true,"href":"https:\/\/soydeaqui.ddns.net\/pachuca\/index.php\/wp-json\/wp\/v2\/product_brand?post=79779"},{"taxonomy":"product_cat","embeddable":true,"href":"https:\/\/soydeaqui.ddns.net\/pachuca\/index.php\/wp-json\/wp\/v2\/product_cat?post=79779"},{"taxonomy":"product_tag","embeddable":true,"href":"https:\/\/soydeaqui.ddns.net\/pachuca\/index.php\/wp-json\/wp\/v2\/product_tag?post=79779"}],"curies":[{"name":"wp","href":"https:\/\/api.w.org\/{rel}","templated":true}]}}