{"id":79775,"date":"2026-03-19T17:36:40","date_gmt":"2026-03-19T17:36:40","guid":{"rendered":"https:\/\/soydeaqui.ddns.net\/pachuca\/index.php\/producto\/jabra-evolve-40-mono-con-conexion-usb-3-5-mm-indicador-de-ocupado-y-cancelacion-de-ruido-6393-823-109\/"},"modified":"2026-03-19T17:36:47","modified_gmt":"2026-03-19T17:36:47","slug":"jabra-evolve-40-mono-con-conexion-usb-3-5-mm-indicador-de-ocupado-y-cancelacion-de-ruido-6393-823-109","status":"publish","type":"product","link":"https:\/\/soydeaqui.ddns.net\/pachuca\/index.php\/producto\/jabra-evolve-40-mono-con-conexion-usb-3-5-mm-indicador-de-ocupado-y-cancelacion-de-ruido-6393-823-109\/","title":{"rendered":"Jabra Evolve 40 Mono con conexi\u00f3n USB \/ 3.5 mm indicador de ocupado y cancelaci\u00f3n de ruido (6393-823-109)"},"content":{"rendered":"<div style='width: 100%; max-width: 1200px; margin: 0 auto; font-family: sans-serif; line-height: 1.6; color: inherit; background-color: transparent;'> <!-- Secci\u00f3n de t\u00edtulo grande --> <\/p>\n<div style='margin-bottom: 30px;'>\n<h2 style='font-size: 28px; border-bottom: 2px solid currentColor; padding-bottom: 5px; margin-top: 0; color: inherit; opacity: 0.8;'>Siempre conectado<\/h2>\n<\/p><\/div>\n<p> <!-- Secci\u00f3n de contenido con video --> <\/p>\n<div style='display: flex; flex-wrap: wrap; gap: 30px; margin-bottom: 30px;'>\n<div style='flex: 1 1 300px; min-width: 280px;'>\n<h3 style='font-size: 20px; border-bottom: 2px solid currentColor; padding-bottom: 5px; margin-top: 0; color: inherit; opacity: 0.8;'>Jabra Intelligent Call Transfer<\/h3>\n<p style='font-size: 15px; color: inherit;'>Transfiera f\u00e1cilmente sus llamadas de Skype Empresarial y Lync PC a su smartphone con Jabra Intelligent Call Transfer (JICT). Ideal cuando tenga que salir de la oficina o alejarse de su escritorio.<\/p>\n<\/p><\/div>\n<\/p><\/div>\n<p> <!-- Video 1 --> <\/p>\n<div style='position: relative; padding-bottom: 56.25%; height: 0; overflow: hidden; margin-bottom: 30px;'>   <\/div>\n<p> <!-- Secci\u00f3n de conectividad 3.5mm --> <\/p>\n<div style='display: flex; flex-wrap: wrap; gap: 30px; margin-bottom: 30px;'>\n<div style='flex: 1 1 300px; min-width: 280px;'>\n<h3 style='font-size: 20px; border-bottom: 2px solid currentColor; padding-bottom: 5px; margin-top: 0; color: inherit; opacity: 0.8;'>Toma de 3&comma;5 mm para una mayor conectividad<\/h3>\n<p style='font-size: 15px; color: inherit;'>La toma de 3&comma;5 mm permite a los usuarios conectar su dispositivo personal&comma; como un smartphone o una tableta&comma; para trabajar o escuchar m\u00fasica.<\/p>\n<\/p><\/div>\n<\/p><\/div>\n<p> <!-- Im\u00e1genes --> <\/p>\n<div style='display: flex; flex-wrap: wrap; gap: 15px; margin-bottom: 30px;'>\n<div style='flex: 1 1 267px; min-width: 250px;'> <img style='width: 100%; height: auto; border: 1px solid rgba(150&comma;150&comma;150&comma;0.3); border-radius: 8px;' src='https:\/\/ftp3.syscom.mx\/usuarios\/lcuevas\/Evolve40\/Jabra_Evolve_Product_24.jpg' alt=''> <\/div>\n<div style='flex: 1 1 273px; min-width: 250px;'> <img style='width: 100%; height: auto; border: 1px solid rgba(150&comma;150&comma;150&comma;0.3); border-radius: 8px;' src='https:\/\/ftp3.syscom.mx\/usuarios\/lcuevas\/Evolve40\/Jabra_Evolve_Product_25.jpg' alt=''> <\/div>\n<\/p><\/div>\n<p> <!-- Secci\u00f3n de productividad --> <\/p>\n<div style='margin-bottom: 30px;'>\n<h2 style='font-size: 28px; border-bottom: 2px solid currentColor; padding-bottom: 5px; margin-top: 0; color: inherit; opacity: 0.8;'>Mejore su productividad<\/h2>\n<\/p><\/div>\n<p> <!-- Secci\u00f3n de indicador de ocupado --> <\/p>\n<div style='display: flex; flex-wrap: wrap; gap: 30px; margin-bottom: 30px;'>\n<div style='flex: 1 1 300px; min-width: 280px;'>\n<h3 style='font-size: 20px; border-bottom: 2px solid currentColor; padding-bottom: 5px; margin-top: 0; color: inherit; opacity: 0.8;'>Indicador de ocupado<\/h3>\n<p style='font-size: 15px; color: inherit;'>La luz de ocupado se enciende autom\u00e1ticamente durante las llamadas para informar a los dem\u00e1s de que la persona est\u00e1 ocupada. Los usuarios pueden activarla tambi\u00e9n manualmente para indicar que no quieren ser molestados.<\/p>\n<\/p><\/div>\n<\/p><\/div>\n<p> <!-- Secci\u00f3n de cancelaci\u00f3n de ruido --> <\/p>\n<div style='display: flex; flex-wrap: wrap; gap: 30px; margin-bottom: 30px;'>\n<div style='flex: 1 1 300px; min-width: 280px;'>\n<h3 style='font-size: 20px; border-bottom: 2px solid currentColor; padding-bottom: 5px; margin-top: 0; color: inherit; opacity: 0.8;'>Cancelaci\u00f3n de ruido pasiva<\/h3>\n<p style='font-size: 15px; color: inherit;'>Eliminan los ruidos de alta frecuencia&comma; como las voces humanas&comma; gracias a sus almohadillas de dise\u00f1o especial. Es lo que llamamos &#8216;cancelaci\u00f3n pasiva de ruido&#8217;.<\/p>\n<\/p><\/div>\n<\/p><\/div>\n<p> <!-- Video 2 --> <\/p>\n<div style='position: relative; padding-bottom: 56.25%; height: 0; overflow: hidden; margin-bottom: 30px;'>   <\/div>\n<\/p><\/div>\n","protected":false},"excerpt":{"rendered":"<p>Jabra Evolve 40 Mono con conexi\u00f3n USB \/ 3.5 mm indicador de ocupado y cancelaci\u00f3n de ruido (6393-823-109)<\/p>\n","protected":false},"featured_media":79774,"comment_status":"open","ping_status":"closed","template":"","meta":[],"product_brand":[],"product_cat":[2050],"product_tag":[2051,2052,2004],"class_list":{"0":"post-79775","1":"product","2":"type-product","3":"status-publish","4":"has-post-thumbnail","6":"product_cat-auriculares","7":"product_tag-auriculares","8":"product_tag-jabra","9":"product_tag-voip-telefonia-ip-videoconferencia","11":"first","12":"outofstock","13":"sale","14":"shipping-taxable","15":"purchasable","16":"product-type-simple"},"_links":{"self":[{"href":"https:\/\/soydeaqui.ddns.net\/pachuca\/index.php\/wp-json\/wp\/v2\/product\/79775","targetHints":{"allow":["GET"]}}],"collection":[{"href":"https:\/\/soydeaqui.ddns.net\/pachuca\/index.php\/wp-json\/wp\/v2\/product"}],"about":[{"href":"https:\/\/soydeaqui.ddns.net\/pachuca\/index.php\/wp-json\/wp\/v2\/types\/product"}],"replies":[{"embeddable":true,"href":"https:\/\/soydeaqui.ddns.net\/pachuca\/index.php\/wp-json\/wp\/v2\/comments?post=79775"}],"wp:featuredmedia":[{"embeddable":true,"href":"https:\/\/soydeaqui.ddns.net\/pachuca\/index.php\/wp-json\/wp\/v2\/media\/79774"}],"wp:attachment":[{"href":"https:\/\/soydeaqui.ddns.net\/pachuca\/index.php\/wp-json\/wp\/v2\/media?parent=79775"}],"wp:term":[{"taxonomy":"product_brand","embeddable":true,"href":"https:\/\/soydeaqui.ddns.net\/pachuca\/index.php\/wp-json\/wp\/v2\/product_brand?post=79775"},{"taxonomy":"product_cat","embeddable":true,"href":"https:\/\/soydeaqui.ddns.net\/pachuca\/index.php\/wp-json\/wp\/v2\/product_cat?post=79775"},{"taxonomy":"product_tag","embeddable":true,"href":"https:\/\/soydeaqui.ddns.net\/pachuca\/index.php\/wp-json\/wp\/v2\/product_tag?post=79775"}],"curies":[{"name":"wp","href":"https:\/\/api.w.org\/{rel}","templated":true}]}}