{"id":79762,"date":"2026-03-19T17:36:06","date_gmt":"2026-03-19T17:36:06","guid":{"rendered":"https:\/\/soydeaqui.ddns.net\/pachuca\/index.php\/producto\/kit-amplifi-gamer-edition-para-crear-red-mesh-en-residencias-e-incrementar-la-experiencia-con-videojuegos-en-linea\/"},"modified":"2026-03-19T17:36:18","modified_gmt":"2026-03-19T17:36:18","slug":"kit-amplifi-gamer-edition-para-crear-red-mesh-en-residencias-e-incrementar-la-experiencia-con-videojuegos-en-linea","status":"publish","type":"product","link":"https:\/\/soydeaqui.ddns.net\/pachuca\/index.php\/producto\/kit-amplifi-gamer-edition-para-crear-red-mesh-en-residencias-e-incrementar-la-experiencia-con-videojuegos-en-linea\/","title":{"rendered":"Kit AmpliFi Gamer Edition para crear red MESH en residencias e incrementar la experiencia con Videojuegos en linea"},"content":{"rendered":"<div style='width: 100%; max-width: 1200px; margin: 0 auto; font-family: sans-serif; line-height: 1.6; color: inherit; background-color: #101010;'>\n<div style='text-align: center; padding: 20px;'>\n<h1 style='font-weight: 100; font-size: 45px; color: inherit; margin: 0 0 10px 0;'>AmpliFi Gamer\u2019s Edition<br \/> <small style='font-weight: 100; color: #bebebe;'>Rendimiento de juego de baja latencia<\/small> <\/h1>\n<\/p><\/div>\n<div style='margin: 30px 0;'> <img style='width: 100%; height: auto; border: 1px solid rgba(150&comma;150&comma;150&comma;0.3); border-radius: 8px;' src='http:\/\/ftp3.syscom.mx\/usuarios\/ftp\/single_page\/amplifi\/INTRO-APLIFI.gif' alt=''> <\/div>\n<p> <!-- Iconos de caracter\u00edsticas --> <\/p>\n<div style='display: flex; flex-wrap: wrap; gap: 15px; margin: 40px 0;'>\n<div style='flex: 1 1 120px; min-width: 100px; display: flex; align-items: center; gap: 8px;'> <img src='http:\/\/ftp3.syscom.mx\/usuarios\/ftp\/single_page\/amplifi\/download.png' style='max-width: 25px; height: auto;' alt=''> <\/p>\n<p style='font-size: 10px; color: #bcbcbc; margin: 0;'>Instant Setup<\/p>\n<\/p><\/div>\n<div style='flex: 1 1 120px; min-width: 100px; display: flex; align-items: center; gap: 8px;'> <img src='http:\/\/ftp3.syscom.mx\/usuarios\/ftp\/single_page\/amplifi\/download-1.png' style='max-width: 25px; height: auto;' alt=''> <\/p>\n<p style='font-size: 10px; color: #bcbcbc; margin: 0;'>Ultimate Speed<\/p>\n<\/p><\/div>\n<div style='flex: 1 1 120px; min-width: 100px; display: flex; align-items: center; gap: 8px;'> <img src='http:\/\/ftp3.syscom.mx\/usuarios\/ftp\/single_page\/amplifi\/download-2.png' style='max-width: 25px; height: auto;' alt=''> <\/p>\n<p style='font-size: 10px; color: #bcbcbc; margin: 0;'>Coverage Everywhere<\/p>\n<\/p><\/div>\n<div style='flex: 1 1 120px; min-width: 100px; display: flex; align-items: center; gap: 8px;'> <img src='http:\/\/ftp3.syscom.mx\/usuarios\/ftp\/single_page\/amplifi\/download-3.png' style='max-width: 25px; height: auto;' alt=''> <\/p>\n<p style='font-size: 10px; color: #bcbcbc; margin: 0;'>Long Range<\/p>\n<\/p><\/div>\n<div style='flex: 1 1 120px; min-width: 100px; display: flex; align-items: center; gap: 8px;'> <img src='http:\/\/ftp3.syscom.mx\/usuarios\/ftp\/single_page\/amplifi\/download-4.png' style='max-width: 25px; height: auto;' alt=''> <\/p>\n<p style='font-size: 10px; color: #bcbcbc; margin: 0;'>High Density<\/p>\n<\/p><\/div>\n<div style='flex: 1 1 120px; min-width: 100px; display: flex; align-items: center; gap: 8px;'> <img src='http:\/\/ftp3.syscom.mx\/usuarios\/ftp\/single_page\/amplifi\/download-5.png' style='max-width: 25px; height: auto;' alt=''> <\/p>\n<p style='font-size: 10px; color: #bcbcbc; margin: 0;'>270 Degree Rotation<\/p>\n<\/p><\/div>\n<div style='flex: 1 1 120px; min-width: 100px; display: flex; align-items: center; gap: 8px;'> <img src='http:\/\/ftp3.syscom.mx\/usuarios\/ftp\/single_page\/amplifi\/download-6.png' style='max-width: 25px; height: auto;' alt=''> <\/p>\n<p style='font-size: 10px; color: #bcbcbc; margin: 0;'>Remote Management<\/p>\n<\/p><\/div>\n<\/p><\/div>\n<p> <!-- Secci\u00f3n de baja latencia --> <\/p>\n<div style='margin: 40px 0;'>\n<h2 style='color: inherit; margin-top: 0; font-size: 24px;'>Obtener la latencia m\u00e1s baja<\/h2>\n<p style='color: #bcbcbc; margin: 20px 0;'>La edici\u00f3n para jugadores de AmpliFi HD est\u00e1 equipada con un modo GeForce NOW QoS&comma; desarrollado por Ubiquiti con el soporte de NVIDIA para ajustar r\u00e1pidamente las redes para un rendimiento \u00f3ptimo de transmisi\u00f3n de juegos. La implementaci\u00f3n de QoS ofrece a los jugadores una soluci\u00f3n simple para detectar problemas de latencia o p\u00e9rdida de trama&comma; lo que resulta en una experiencia de alta calidad cuando hay otro tr\u00e1fico presente en la red.<\/p>\n<div style='margin: 30px 0;'> <img style='width: 100%; height: auto; border: 1px solid rgba(150&comma;150&comma;150&comma;0.3); border-radius: 8px;' src='http:\/\/ftp3.syscom.mx\/usuarios\/ftp\/single_page\/amplifi\/AMPLIFIHD.gif' alt=''> <\/div>\n<\/p><\/div>\n<p> <!-- Dise\u00f1o para exhibici\u00f3n --> <\/p>\n<div style='margin: 40px 0;'>\n<div style='display: flex; flex-wrap: wrap; gap: 30px;'>\n<div style='flex: 1 1 300px; min-width: 280px;'> <img style='width: 100%; height: auto; border: 1px solid rgba(150&comma;150&comma;150&comma;0.3); border-radius: 8px;' src='http:\/\/ftp3.syscom.mx\/usuarios\/ftp\/single_page\/amplifi\/cell-amplifi.png' alt=''> <\/div>\n<div style='flex: 1 1 300px; min-width: 280px;'>\n<h3 style='color: inherit; font-size: 20px; border-bottom: 2px solid currentColor; padding-bottom: 5px; margin-top: 0; opacity: 0.8;'>Dise\u00f1ado para ser una pieza de exhibici\u00f3n en su hogar<\/h3>\n<p style='color: #bcbcbc; margin-top: 15px;'>La pantalla t\u00e1ctil intuitiva del Router y su dise\u00f1o simple lo convierten en una pieza de exhibici\u00f3n en su hogar.<\/p>\n<\/p><\/div>\n<\/p><\/div>\n<\/p><\/div>\n<p> <!-- Rotaci\u00f3n de 270\u00b0 --> <\/p>\n<div style='margin: 40px 0;'>\n<h3 style='color: inherit; font-size: 20px; border-bottom: 2px solid currentColor; padding-bottom: 5px; margin-top: 0; opacity: 0.8;'>Rotaci\u00f3n de 270\u00b0 para un posicionamiento \u00f3ptimo.<\/h3>\n<p style='color: #bcbcbc; margin: 20px 0;'>Optimizado para los servicios de juegos en la nube&comma; incluyendo la versi\u00f3n beta gratuita GeForce NOW de NVIDIA&comma; la Edici\u00f3n para jugadores de AmpliFi ofrece velocidades de red incre\u00edbles con un rendimiento de juegos en l\u00ednea de baja latencia. Con la tecnolog\u00eda de malla Wi-Fi 802.11ac turboalimentada&comma; la Edici\u00f3n para juegos HD de AmpliFi utiliza m\u00faltiples radios de autoconfiguraci\u00f3n y tecnolog\u00eda avanzada de antena para brindar una cobertura de Wi-Fi poderosa para todo el hogar.<\/p>\n<div style='margin: 30px 0;'> <img style='width: 100%; height: auto; border: 1px solid rgba(150&comma;150&comma;150&comma;0.3); border-radius: 8px;' src='http:\/\/ftp3.syscom.mx\/usuarios\/ftp\/single_page\/amplifi\/GET-SIGNAL.gif' alt=''> <\/div>\n<\/p><\/div>\n<p> <!-- Ejemplos de colocaci\u00f3n --> <\/p>\n<div style='margin: 40px 0;'>\n<div style='text-align: center; margin-bottom: 30px;'>\n<h1 style='color: inherit; margin: 0 0 10px 0; font-size: 30px;'>Ejemplos de colocaci\u00f3n de MeshPoint.<br \/> <small style='color: #bcbcbc; font-size: 16px;'>AmpliFi Gamer\u2019s Edition Se puede utilizar en diferentes alineaciones.<\/small> <\/h1>\n<\/p><\/div>\n<div style='display: flex; flex-wrap: wrap; gap: 30px;'>\n<div style='flex: 1 1 300px; min-width: 280px;'>\n<h3 style='color: inherit; font-size: 18px; margin-top: 0;'>Mejor Performance<\/h3>\n<p style='color: #bcbcbc; margin: 15px 0;'>Coloque el Router de la Edici\u00f3n para jugadores de AmpliFi en el centro de su hogar para obtener el mejor rendimiento en cualquier habitaci\u00f3n.<\/p>\n<div style='margin: 20px 0;'> <img style='width: 100%; height: auto; border: 1px solid rgba(150&comma;150&comma;150&comma;0.3); border-radius: 8px;' src='http:\/\/ftp3.syscom.mx\/usuarios\/ftp\/single_page\/amplifi\/best-performance.png' alt=''> <\/div>\n<\/p><\/div>\n<div style='flex: 1 1 300px; min-width: 280px;'>\n<h3 style='color: inherit; font-size: 18px; margin-top: 0;'>Mesh Multi-Hop<\/h3>\n<p style='color: #bcbcbc; margin: 15px 0;'>Coloque los MeshPoints de la Edici\u00f3n para jugadores de AmpliFi en una fila para expandir su se\u00f1al en su hogar.<\/p>\n<div style='margin: 20px 0;'> <img style='width: 100%; height: auto; border: 1px solid rgba(150&comma;150&comma;150&comma;0.3); border-radius: 8px;' src='http:\/\/ftp3.syscom.mx\/usuarios\/ftp\/single_page\/amplifi\/mesh-multihop.png' alt=''> <\/div>\n<\/p><\/div>\n<\/p><\/div>\n<\/p><\/div>\n<p> <!-- Comprar edici\u00f3n Gamer --> <\/p>\n<div style='margin: 40px 0; background-color: #1d1d1d; padding: 30px; border-radius: 8px;'>\n<div style='display: flex; flex-wrap: wrap; gap: 30px;'>\n<div style='flex: 1 1 300px; min-width: 280px;'>\n<h1 style='color: #ffffff; margin-top: 0; font-size: 30px;'>Compre la edici\u00f3n de AmpliFi Gamer<\/h1>\n<p style='color: #bcbcbc; margin-top: 15px;'>Los sistemas de Wi-Fi para el hogar AmpliFi HD (alta densidad)&comma; Gamer&#8217;s Edition&comma; incluye un Router y MeshPoint inal\u00e1mbricos. El sistema HD prioriza el tr\u00e1fico de juegos y ofrece las mejores velocidades inal\u00e1mbricas para un rendimiento de juego optimizado y sin retrasos.<\/p>\n<\/p><\/div>\n<div style='flex: 1 1 300px; min-width: 280px;'> <img style='width: 100%; height: auto; border: 1px solid rgba(150&comma;150&comma;150&comma;0.3); border-radius: 8px;' src='http:\/\/ftp3.syscom.mx\/usuarios\/ftp\/single_page\/amplifi\/buy-ampli-gamer.png' alt=''> <\/div>\n<\/p><\/div>\n<\/p><\/div>\n<p> <!-- Caracter\u00edsticas principales --> <\/p>\n<div style='margin: 40px 0;'>\n<h3 style='color: inherit; font-size: 20px; border-bottom: 2px solid currentColor; padding-bottom: 5px; margin-top: 0; opacity: 0.8;'>Caracter\u00edsticas principales de AmpliFi Gamer\u00b4s Edition<\/h3>\n<ul style='padding-left: 20px; margin-top: 20px; color: inherit; font-size: 14px;'>\n<li style='margin-bottom: 8px;'>MIMO 3X3<\/li>\n<li style='margin-bottom: 8px;'>Standard WiFi 802.11 a\/b\/g\/n\/ac.<\/li>\n<li style='margin-bottom: 8px;'>Potencia de Salida: 400mW.<\/li>\n<li style='margin-bottom: 8px;'>3 antenas doble banda.<\/li>\n<li style='margin-bottom: 8px;'>Consumo m\u00e1ximo: 11W.<\/li>\n<li style='margin-bottom: 8px;'>Temperatura soportada: -10 \u00b0 to 55 \u00b0.<\/li>\n<li style='margin-bottom: 8px;'>Hasta 1300 Mbps en 5 GHz.<\/li>\n<li style='margin-bottom: 8px;'>Hasta 450 Mbps en 2.4 GHz.<\/li>\n<li style='margin-bottom: 8px;'>Pantalla touchscreen.<\/li>\n<li style='margin-bottom: 8px;'>4 Puertos Gigabit LAN.<\/li>\n<li style='margin-bottom: 8px;'>1 Puerto Gibabit WAN.<\/li>\n<li style='margin-bottom: 8px;'>1 Puerto USB (solo para carga).<\/li>\n<\/ul><\/div>\n<p> <!-- Caracter\u00edsticas del MeshPoint --> <\/p>\n<div style='margin: 40px 0;'>\n<h3 style='color: inherit; font-size: 20px; border-bottom: 2px solid currentColor; padding-bottom: 5px; margin-top: 0; opacity: 0.8;'>Caracter\u00edsticas principales de AmpliFi Gamer\u00b4s Edition MeshPoint<\/h3>\n<ul style='padding-left: 20px; margin-top: 20px; color: inherit; font-size: 14px;'>\n<li style='margin-bottom: 8px;'>MIMO 3X3<\/li>\n<li style='margin-bottom: 8px;'>Standard WiFi 802.11 a\/b\/g\/n\/ac.<\/li>\n<li style='margin-bottom: 8px;'>Potencia de Salida: 400mW.<\/li>\n<li style='margin-bottom: 8px;'>3 antenas doble banda.<\/li>\n<li style='margin-bottom: 8px;'>Consumo m\u00e1ximo: 11W.<\/li>\n<li style='margin-bottom: 8px;'>Temperatura Soportada: -10 \u00b0 to 55 \u00b0.<\/li>\n<li style='margin-bottom: 8px;'>Hasta 1300 Mbps en 5 GHz.<\/li>\n<li style='margin-bottom: 8px;'>Hasta 450 Mbps en 2.4 GHz.<\/li>\n<\/ul><\/div>\n<\/p><\/div>\n","protected":false},"excerpt":{"rendered":"<p>Kit AmpliFi Gamer Edition para crear red MESH en residencias e incrementar la experiencia con Videojuegos en linea<\/p>\n","protected":false},"featured_media":79761,"comment_status":"open","ping_status":"closed","template":"","meta":[],"product_brand":[],"product_cat":[1794],"product_tag":[1795,1479,166],"class_list":{"0":"post-79762","1":"product","2":"type-product","3":"status-publish","4":"has-post-thumbnail","6":"product_cat-puntos-de-acceso","7":"product_tag-puntos-de-acceso","8":"product_tag-redes-wifi","9":"product_tag-ubiquiti","11":"first","12":"outofstock","13":"sale","14":"shipping-taxable","15":"purchasable","16":"product-type-simple"},"_links":{"self":[{"href":"https:\/\/soydeaqui.ddns.net\/pachuca\/index.php\/wp-json\/wp\/v2\/product\/79762","targetHints":{"allow":["GET"]}}],"collection":[{"href":"https:\/\/soydeaqui.ddns.net\/pachuca\/index.php\/wp-json\/wp\/v2\/product"}],"about":[{"href":"https:\/\/soydeaqui.ddns.net\/pachuca\/index.php\/wp-json\/wp\/v2\/types\/product"}],"replies":[{"embeddable":true,"href":"https:\/\/soydeaqui.ddns.net\/pachuca\/index.php\/wp-json\/wp\/v2\/comments?post=79762"}],"wp:featuredmedia":[{"embeddable":true,"href":"https:\/\/soydeaqui.ddns.net\/pachuca\/index.php\/wp-json\/wp\/v2\/media\/79761"}],"wp:attachment":[{"href":"https:\/\/soydeaqui.ddns.net\/pachuca\/index.php\/wp-json\/wp\/v2\/media?parent=79762"}],"wp:term":[{"taxonomy":"product_brand","embeddable":true,"href":"https:\/\/soydeaqui.ddns.net\/pachuca\/index.php\/wp-json\/wp\/v2\/product_brand?post=79762"},{"taxonomy":"product_cat","embeddable":true,"href":"https:\/\/soydeaqui.ddns.net\/pachuca\/index.php\/wp-json\/wp\/v2\/product_cat?post=79762"},{"taxonomy":"product_tag","embeddable":true,"href":"https:\/\/soydeaqui.ddns.net\/pachuca\/index.php\/wp-json\/wp\/v2\/product_tag?post=79762"}],"curies":[{"name":"wp","href":"https:\/\/api.w.org\/{rel}","templated":true}]}}