{"id":79756,"date":"2026-03-19T17:35:51","date_gmt":"2026-03-19T17:35:51","guid":{"rendered":"https:\/\/soydeaqui.ddns.net\/pachuca\/index.php\/producto\/kit-amplifi-instant-para-wi-fi-en-residencias-medianas-incluye-1-router-y-1-repetidor-para-wifi-mesh\/"},"modified":"2026-03-19T17:36:03","modified_gmt":"2026-03-19T17:36:03","slug":"kit-amplifi-instant-para-wi-fi-en-residencias-medianas-incluye-1-router-y-1-repetidor-para-wifi-mesh","status":"publish","type":"product","link":"https:\/\/soydeaqui.ddns.net\/pachuca\/index.php\/producto\/kit-amplifi-instant-para-wi-fi-en-residencias-medianas-incluye-1-router-y-1-repetidor-para-wifi-mesh\/","title":{"rendered":"Kit AmpliFi Instant para Wi-Fi en residencias medianas, incluye 1 Router y 1 repetidor para WiFI Mesh"},"content":{"rendered":"<div style='width: 100%; max-width: 1200px; margin: 0 auto; font-family: sans-serif; line-height: 1.6; color: inherit; background-color: transparent;'> <!-- Logo y t\u00edtulo principal --> <\/p>\n<div style='display: flex; flex-direction: column; align-items: center; text-align: center; margin-bottom: 30px;'> <img style='width: 100%; max-width: 300px; height: auto; border: 1px solid rgba(150&comma;150&comma;150&comma;0.3); border-radius: 8px;' src='http:\/\/ftp3.syscom.mx\/usuarios\/ftp\/single_page\/amplifi\/amplifi_logo.png' alt='Logo AmpliFi'> <\/p>\n<h1 style='font-size: 28px; font-weight: 400; margin: 20px 0 10px; color: inherit;'>WiFi para todo el hogar en menos de 2 minutos<\/h1>\n<p> <small style='font-size: 16px; font-weight: 400; color: inherit; opacity: 0.8;'>Configuraci\u00f3n f\u00e1cil y r\u00e1pida tambi\u00e9n ofrece WiFi r\u00e1pido y confiable para todo el hogar.<\/small> <\/div>\n<p> <!-- Imagen principal con texto --> <\/p>\n<div style='display: flex; flex-direction: column; align-items: center; text-align: center; margin-bottom: 30px;'> <img style='width: 100%; height: auto; border: 1px solid rgba(150&comma;150&comma;150&comma;0.3); border-radius: 8px;' src='http:\/\/ftp3.syscom.mx\/usuarios\/ftp\/single_page\/amplifi\/amplifi_header.jpg' alt='AmpliFi WiFi Mesh'> <\/p>\n<p style='margin-top: 15px; font-weight: bold; color: inherit;'>No solo un Router WiFi&comma; es un sistema Mesh WiFi<\/p>\n<\/p><\/div>\n<p> <!-- Secci\u00f3n de introducci\u00f3n --> <\/p>\n<div style='margin-bottom: 30px;'>\n<h2 style='font-size: 24px; font-weight: 400; margin-top: 0; margin-bottom: 10px; color: inherit;'>F\u00e1cil de configurar y listo en poco tiempo<\/h2>\n<p> <small style='font-size: 16px; font-weight: 400; color: inherit; opacity: 0.8;'>Una aplicaci\u00f3n intuitiva que permite una configuraci\u00f3n instant\u00e1nea&comma; poderosas m\u00e9tricas de informes y el f\u00e1cil acceso de los invitados en 2 minutos.<\/small> <\/div>\n<p> <!-- Secci\u00f3n de pasos de configuraci\u00f3n --> <\/p>\n<div style='display: flex; flex-wrap: wrap; gap: 30px; margin-bottom: 30px;'>\n<div style='flex: 1 1 300px; min-width: 280px;'> <img style='width: 100%; height: auto; border: 1px solid rgba(150&comma;150&comma;150&comma;0.3); border-radius: 8px;' src='http:\/\/ftp3.syscom.mx\/usuarios\/ftp\/single_page\/amplifi\/amplifi_connect_01.gif' alt='Configuraci\u00f3n paso 1'> <\/div>\n<div style='flex: 1 1 300px; min-width: 280px;'> <img style='width: 60px; height: auto; margin-bottom: 10px;' src='http:\/\/ftp3.syscom.mx\/usuarios\/ftp\/single_page\/amplifi\/01.png' alt='Icono conexi\u00f3n'> <\/p>\n<h3 style='font-size: 20px; margin-top: 0; margin-bottom: 10px; color: inherit;'>Conecte el Router instant a la alimentaci\u00f3n e Internet<\/h3>\n<p style='margin-bottom: 15px;'>Solo con\u00e9ctelo a los cables de alimentaci\u00f3n y Ethernet para obtener Wi-Fi instant\u00e1neo.<\/p>\n<div style='display: flex; flex-wrap: wrap; gap: 15px; margin-top: 20px;'>\n<div style='flex: 1 1 45%; min-width: 120px; text-align: center;'> <img style='width: auto; height: 50px; margin-bottom: 5px;' src='http:\/\/ftp3.syscom.mx\/usuarios\/ftp\/single_page\/amplifi\/icon-_engrane.png' alt='Configuraci\u00f3n s\u00faper f\u00e1cil'> <\/p>\n<p style='margin: 0; color: inherit;'>Configuraci\u00f3n s\u00faper f\u00e1cil<\/p>\n<\/p><\/div>\n<div style='flex: 1 1 45%; min-width: 120px; text-align: center;'> <img style='width: auto; height: 50px; margin-bottom: 5px;' src='http:\/\/ftp3.syscom.mx\/usuarios\/ftp\/single_page\/amplifi\/icon-_wifi.png' alt='Turbocharged WiFi'> <\/p>\n<p style='margin: 0; color: inherit;'>Turbocharged<br \/>802.11ac WiFi<\/p>\n<\/p><\/div>\n<div style='flex: 1 1 45%; min-width: 120px; text-align: center;'> <img style='width: auto; height: 50px; margin-bottom: 5px;' src='http:\/\/ftp3.syscom.mx\/usuarios\/ftp\/single_page\/amplifi\/icon-_bio.png' alt='Pantalla t\u00e1ctil'> <\/p>\n<p style='margin: 0; color: inherit;'>Pantalla t\u00e1ctil<\/p>\n<\/p><\/div>\n<div style='flex: 1 1 45%; min-width: 120px; text-align: center;'> <img style='width: auto; height: 50px; margin-bottom: 5px;' src='http:\/\/ftp3.syscom.mx\/usuarios\/ftp\/single_page\/amplifi\/icon--04.png' alt='Tecnolog\u00eda Mesh'> <\/p>\n<p style='margin: 0; color: inherit;'>Tecnolog\u00eda Mesh<\/p>\n<\/p><\/div>\n<\/p><\/div>\n<\/p><\/div>\n<\/p><\/div>\n<p> <!-- Secci\u00f3n de configuraci\u00f3n Mesh --> <\/p>\n<div style='display: flex; flex-wrap: wrap; gap: 30px; margin-bottom: 30px;'>\n<div style='flex: 1 1 300px; min-width: 280px;'> <img style='width: 60px; height: auto; margin-bottom: 10px;' src='http:\/\/ftp3.syscom.mx\/usuarios\/ftp\/single_page\/amplifi\/02.png' alt='Conexi\u00f3n Mesh'> <\/p>\n<h3 style='font-size: 20px; margin-top: 0; margin-bottom: 10px; color: inherit;'>Conecte el Instant mesh a la alimentaci\u00f3n<\/h3>\n<p style='margin-bottom: 15px;'>Agregue un punto mesh para una cobertura adicional en \u00e1reas que reciben una se\u00f1al d\u00e9bil.<\/p>\n<div style='display: flex; flex-wrap: wrap; gap: 15px; margin-top: 20px;'>\n<div style='flex: 1 1 45%; min-width: 120px; text-align: center;'> <img style='width: auto; height: 50px; margin-bottom: 5px;' src='http:\/\/ftp3.syscom.mx\/usuarios\/ftp\/single_page\/amplifi\/icon-_engrane.png' alt='Configuraci\u00f3n s\u00faper f\u00e1cil'> <\/p>\n<p style='margin: 0; color: inherit;'>Configuraci\u00f3n s\u00faper f\u00e1cil<\/p>\n<\/p><\/div>\n<div style='flex: 1 1 45%; min-width: 120px; text-align: center;'> <img style='width: auto; height: 50px; margin-bottom: 5px;' src='http:\/\/ftp3.syscom.mx\/usuarios\/ftp\/single_page\/amplifi\/icon-_wifi.png' alt='Turbocharged WiFi'> <\/p>\n<p style='margin: 0; color: inherit;'>Turbocharged<br \/>802.11ac WiFi<\/p>\n<\/p><\/div>\n<div style='flex: 1 1 45%; min-width: 120px; text-align: center;'> <img style='width: auto; height: 50px; margin-bottom: 5px;' src='http:\/\/ftp3.syscom.mx\/usuarios\/ftp\/single_page\/amplifi\/icon-_ethernet.png' alt='Cable Ethernet Extendido'> <\/p>\n<p style='margin: 0; color: inherit;'>Cable Ethernet Extendido<\/p>\n<\/p><\/div>\n<div style='flex: 1 1 45%; min-width: 120px; text-align: center;'> <img style='width: auto; height: 50px; margin-bottom: 5px;' src='http:\/\/ftp3.syscom.mx\/usuarios\/ftp\/single_page\/amplifi\/icon--04.png' alt='Tecnolog\u00eda Mesh'> <\/p>\n<p style='margin: 0; color: inherit;'>Tecnolog\u00eda Mesh<\/p>\n<\/p><\/div>\n<\/p><\/div>\n<\/p><\/div>\n<div style='flex: 1 1 300px; min-width: 280px;'> <img style='width: 100%; height: auto; border: 1px solid rgba(150&comma;150&comma;150&comma;0.3); border-radius: 8px;' src='http:\/\/ftp3.syscom.mx\/usuarios\/ftp\/single_page\/amplifi\/amplifi_connetc-02.gif' alt='Conexi\u00f3n Mesh'> <\/div>\n<\/p><\/div>\n<p> <!-- Secci\u00f3n de experiencia de usuario --> <\/p>\n<div style='display: flex; flex-wrap: wrap; gap: 30px; margin-bottom: 30px;'>\n<div style='flex: 1 1 300px; min-width: 280px;'> <img style='width: 100%; height: auto; border: 1px solid rgba(150&comma;150&comma;150&comma;0.3); border-radius: 8px;' src='http:\/\/ftp3.syscom.mx\/usuarios\/ftp\/single_page\/amplifi\/amplifi_connect-03.gif' alt='Experiencia de usuario'> <\/div>\n<div style='flex: 1 1 300px; min-width: 280px;'> <img style='width: 60px; height: auto; margin-bottom: 10px;' src='http:\/\/ftp3.syscom.mx\/usuarios\/ftp\/single_page\/amplifi\/03.png' alt='Experiencia de usuario'> <\/p>\n<h3 style='font-size: 20px; margin-top: 0; margin-bottom: 10px; color: inherit;'>Experiencia de usuario perfeccionada<\/h3>\n<p style='margin-bottom: 15px;'>Una aplicaci\u00f3n intuitiva permite una configuraci\u00f3n instant\u00e1nea&comma; poderosas m\u00e9tricas de informes y f\u00e1cil acceso para invitados.<\/p>\n<div style='display: flex; flex-wrap: wrap; gap: 15px; margin-top: 20px;'>\n<div style='flex: 1 1 45%; min-width: 120px; text-align: center;'> <img style='width: auto; height: 50px; margin-bottom: 5px;' src='http:\/\/ftp3.syscom.mx\/usuarios\/ftp\/single_page\/amplifi\/icon-_ethernet.png' alt='Configuraci\u00f3n simple'> <\/p>\n<p style='margin: 0; color: inherit;'>Configuraci\u00f3n simple<\/p>\n<\/p><\/div>\n<div style='flex: 1 1 45%; min-width: 120px; text-align: center;'> <img style='width: auto; height: 50px; margin-bottom: 5px;' src='http:\/\/ftp3.syscom.mx\/usuarios\/ftp\/single_page\/amplifi\/icon-_computer.png' alt='Conozca su red'> <\/p>\n<p style='margin: 0; color: inherit;'>Conozca su red<\/p>\n<\/p><\/div>\n<div style='flex: 1 1 45%; min-width: 120px; text-align: center;'> <img style='width: auto; height: 50px; margin-bottom: 5px;' src='http:\/\/ftp3.syscom.mx\/usuarios\/ftp\/single_page\/amplifi\/icon-_users.png' alt='Acceso de invitados'> <\/p>\n<p style='margin: 0; color: inherit;'>Acceso de invitados<\/p>\n<\/p><\/div>\n<div style='flex: 1 1 45%; min-width: 120px; text-align: center;'> <img style='width: auto; height: 50px; margin-bottom: 5px;' src='http:\/\/ftp3.syscom.mx\/usuarios\/ftp\/single_page\/amplifi\/icon-_fast.png' alt='Diagn\u00f3stico r\u00e1pido'> <\/p>\n<p style='margin: 0; color: inherit;'>Diagn\u00f3stico r\u00e1pido<\/p>\n<\/p><\/div>\n<\/p><\/div>\n<p style='margin-top: 20px; margin-bottom: 15px;'>Descargue la aplicaci\u00f3n y configure AmpliFi Instant en menos de 2 minutos. La aplicaci\u00f3n AmpliFi le permite configurar y verificar su red desde su casa o de forma remota.<\/p>\n<div style='display: flex; justify-content: center; gap: 15px; margin-top: 15px;'> <img style='width: auto; height: 50px; max-width: 120px;' src='http:\/\/ftp3.syscom.mx\/usuarios\/ftp\/single_page\/m2m\/playstore.jpg' alt='Google Play'> <img style='width: auto; height: 50px; max-width: 120px;' src='http:\/\/ftp3.syscom.mx\/usuarios\/ftp\/single_page\/m2m\/appstore.jpg' alt='App Store'> <\/div>\n<\/p><\/div>\n<\/p><\/div>\n<p> <!-- Dise\u00f1o est\u00e9tico --> <\/p>\n<div style='display: flex; flex-wrap: wrap; gap: 30px; margin-bottom: 30px;'>\n<div style='flex: 1 1 300px; min-width: 280px;'>\n<h3 style='font-size: 20px; margin-top: 0; margin-bottom: 10px; color: inherit;'>Diga hola a una est\u00e9tica de dise\u00f1o fresco.<\/h3>\n<p style='margin-bottom: 15px;'>Y adi\u00f3s a tratar de ocultar discretamente su Router. Usted necesita su Router donde m\u00e1s utiliza sus dispositivos; Como la oficina&comma; habitaci\u00f3n familiar o dormitorio. El AmpliFi Instant est\u00e1 dise\u00f1ado para complementar el interior de su hogar tanto funcional como est\u00e9ticamente. Ahora puede colocar su Router en el escritorio&comma; mesilla o mesa de noche sin arruinar la decoraci\u00f3n de su hogar.<\/p>\n<\/p><\/div>\n<div style='flex: 1 1 300px; min-width: 280px;'> <img style='width: 100%; height: auto; border: 1px solid rgba(150&comma;150&comma;150&comma;0.3); border-radius: 8px;' src='http:\/\/ftp3.syscom.mx\/usuarios\/ftp\/single_page\/amplifi\/say_hello.png' alt='Dise\u00f1o est\u00e9tico AmpliFi'> <\/div>\n<\/p><\/div>\n<p> <!-- Caracter\u00edsticas del sistema --> <\/p>\n<div style='display: flex; flex-wrap: wrap; gap: 30px; margin-bottom: 30px;'>\n<div style='flex: 1 1 300px; min-width: 280px;'> <img style='width: 100%; height: auto; border: 1px solid rgba(150&comma;150&comma;150&comma;0.3); border-radius: 8px;' src='http:\/\/ftp3.syscom.mx\/usuarios\/ftp\/single_page\/amplifi\/amplifi_features.png' alt='Caracter\u00edsticas AmpliFi'> <\/div>\n<div style='flex: 1 1 300px; min-width: 280px;'>\n<h3 style='font-size: 20px; margin-top: 0; margin-bottom: 10px; color: inherit;'>Caracter\u00edsticas que desea de un sistema que pueda entender.<\/h3>\n<p style='margin-bottom: 15px;'>AmpliFi Instant tiene las funciones que desea&comma; como el estado del dispositivo y el acceso de invitados&comma; con una interfaz simple que no requiere t\u00edtulos t\u00e9cnicos avanzados. Su brillante luz LED indica el estado del sistema&comma; mientras que la aplicaci\u00f3n AmpliFi le permite controlar su WiFi.<\/p>\n<\/p><\/div>\n<\/p><\/div>\n<p> <!-- Sistema Mesh --> <\/p>\n<div style='display: flex; flex-wrap: wrap; gap: 30px; margin-bottom: 30px;'>\n<div style='flex: 1 1 300px; min-width: 280px;'>\n<h3 style='font-size: 20px; margin-top: 0; margin-bottom: 10px; color: inherit;'>Sistema Mesh con AmpliFi Instant<\/h3>\n<p style='margin-bottom: 15px;'>Mezcle y combine su tecnolog\u00eda Mesh para fortalecer las se\u00f1ales de WiFi en las \u00e1reas de su hogar donde m\u00e1s lo necesita. Adem\u00e1s del kit AmpliFi Instant que cuenta con un Meshpoint Instant&comma; puede agregar m\u00e1s Meshpoints HD de AmpliFi o Router HD de AmpliFi para garantizar una cobertura completa<\/p>\n<\/p><\/div>\n<div style='flex: 1 1 300px; min-width: 280px;'> <img style='width: 100%; height: auto; border: 1px solid rgba(150&comma;150&comma;150&comma;0.3); border-radius: 8px;' src='http:\/\/ftp3.syscom.mx\/usuarios\/ftp\/single_page\/amplifi\/amplifi_mesh.png' alt='Sistema Mesh AmpliFi'> <\/div>\n<\/p><\/div>\n<p> <!-- Caracter\u00edsticas t\u00e9cnicas --> <\/p>\n<div style='margin-bottom: 30px;'>\n<h3 style='font-size: 20px; margin-top: 0; margin-bottom: 10px; color: inherit;'>Caracter\u00edsticas principales de AmpliFi Instant:<\/h3>\n<ul style='padding-left: 20px; margin: 0 0 20px; color: inherit;'>\n<li style='margin-bottom: 5px;'>MIMO 2X2 en 2.4 y 5GHz<\/li>\n<li style='margin-bottom: 5px;'>Standard WiFi 802.11 a\/b\/g\/n\/ac.<\/li>\n<li style='margin-bottom: 5px;'>Potencia de salida: 22dBm (158mW)<\/li>\n<li style='margin-bottom: 5px;'>1 antena doble banda.<\/li>\n<li style='margin-bottom: 5px;'>Consumo m\u00e1ximo: 9W.<\/li>\n<li style='margin-bottom: 5px;'>Temperatura soportada: -10\u00b0 a 55\u00b0 C.<\/li>\n<li style='margin-bottom: 5px;'>Hasta 867 Mbps en 5 GHz.<\/li>\n<li style='margin-bottom: 5px;'>Hasta 300 Mbps en 2.4 GHz.<\/li>\n<li style='margin-bottom: 5px;'>Pantalla touchscreen.<\/li>\n<li style='margin-bottom: 5px;'>1 puertos LAN Gigabit.<\/li>\n<li style='margin-bottom: 5px;'>1 puerto WAN Gigabit.<\/li>\n<\/ul>\n<h3 style='font-size: 20px; margin-top: 20px; margin-bottom: 10px; color: inherit;'>Caracter\u00edsticas principales de AmpliFi MeshPoint:<\/h3>\n<ul style='padding-left: 20px; margin: 0; color: inherit;'>\n<li style='margin-bottom: 5px;'>MIMO 2X2 en 2.4 y 5GHz<\/li>\n<li style='margin-bottom: 5px;'>Standard WiFi 802.11 a\/b\/g\/n\/ac.<\/li>\n<li style='margin-bottom: 5px;'>Potencia de salida: 22dBm (158mW)<\/li>\n<li style='margin-bottom: 5px;'>1 antena doble banda.<\/li>\n<li style='margin-bottom: 5px;'>Consumo m\u00e1ximo: 9W.<\/li>\n<li style='margin-bottom: 5px;'>Temperatura soportada: -10\u00b0 a 55\u00b0 C.<\/li>\n<li style='margin-bottom: 5px;'>Hasta 867 Mbps en 5 GHz.<\/li>\n<li style='margin-bottom: 5px;'>Hasta 300 Mbps en 2.4 GHz.<\/li>\n<li style='margin-bottom: 5px;'>Pantalla touchscreen.<\/li>\n<li style='margin-bottom: 5px;'>1 puertos LAN Gigabit.<\/li>\n<\/ul><\/div>\n<\/p><\/div>\n","protected":false},"excerpt":{"rendered":"<p>Kit AmpliFi Instant para Wi-Fi en residencias medianas, incluye 1 Router y 1 repetidor para WiFI Mesh<\/p>\n","protected":false},"featured_media":79755,"comment_status":"open","ping_status":"closed","template":"","meta":[],"product_brand":[],"product_cat":[1794],"product_tag":[1795,1479,166],"class_list":{"0":"post-79756","1":"product","2":"type-product","3":"status-publish","4":"has-post-thumbnail","6":"product_cat-puntos-de-acceso","7":"product_tag-puntos-de-acceso","8":"product_tag-redes-wifi","9":"product_tag-ubiquiti","11":"first","12":"outofstock","13":"sale","14":"shipping-taxable","15":"purchasable","16":"product-type-simple"},"_links":{"self":[{"href":"https:\/\/soydeaqui.ddns.net\/pachuca\/index.php\/wp-json\/wp\/v2\/product\/79756","targetHints":{"allow":["GET"]}}],"collection":[{"href":"https:\/\/soydeaqui.ddns.net\/pachuca\/index.php\/wp-json\/wp\/v2\/product"}],"about":[{"href":"https:\/\/soydeaqui.ddns.net\/pachuca\/index.php\/wp-json\/wp\/v2\/types\/product"}],"replies":[{"embeddable":true,"href":"https:\/\/soydeaqui.ddns.net\/pachuca\/index.php\/wp-json\/wp\/v2\/comments?post=79756"}],"wp:featuredmedia":[{"embeddable":true,"href":"https:\/\/soydeaqui.ddns.net\/pachuca\/index.php\/wp-json\/wp\/v2\/media\/79755"}],"wp:attachment":[{"href":"https:\/\/soydeaqui.ddns.net\/pachuca\/index.php\/wp-json\/wp\/v2\/media?parent=79756"}],"wp:term":[{"taxonomy":"product_brand","embeddable":true,"href":"https:\/\/soydeaqui.ddns.net\/pachuca\/index.php\/wp-json\/wp\/v2\/product_brand?post=79756"},{"taxonomy":"product_cat","embeddable":true,"href":"https:\/\/soydeaqui.ddns.net\/pachuca\/index.php\/wp-json\/wp\/v2\/product_cat?post=79756"},{"taxonomy":"product_tag","embeddable":true,"href":"https:\/\/soydeaqui.ddns.net\/pachuca\/index.php\/wp-json\/wp\/v2\/product_tag?post=79756"}],"curies":[{"name":"wp","href":"https:\/\/api.w.org\/{rel}","templated":true}]}}