{"id":79750,"date":"2026-03-19T17:35:33","date_gmt":"2026-03-19T17:35:33","guid":{"rendered":"https:\/\/soydeaqui.ddns.net\/pachuca\/index.php\/producto\/amplifi-teleport-cliente-vpn-para-comunicar-la-red-del-hogar-implementada-con-routers-amplifi\/"},"modified":"2026-03-19T17:35:46","modified_gmt":"2026-03-19T17:35:46","slug":"amplifi-teleport-cliente-vpn-para-comunicar-la-red-del-hogar-implementada-con-routers-amplifi","status":"publish","type":"product","link":"https:\/\/soydeaqui.ddns.net\/pachuca\/index.php\/producto\/amplifi-teleport-cliente-vpn-para-comunicar-la-red-del-hogar-implementada-con-routers-amplifi\/","title":{"rendered":"AmpliFi Teleport Cliente VPN para comunicar la red del Hogar implementada con Routers AmpliFi"},"content":{"rendered":"<div style='width: 100%; max-width: 1200px; margin: 0 auto; font-family: sans-serif; line-height: 1.6; color: inherit; background-color: transparent;'> <!-- Hero Section --> <\/p>\n<div style='width: 100%; background-image: url('http:\/\/ftp3.syscom.mx\/usuarios\/ftp\/single_page\/amplifi\/teleport_bkg.png'); background-size: cover; background-position: top center; padding: 25px 0; min-height: 500px; display: flex; flex-direction: column; justify-content: center; align-items: center; text-align: center;'> <img style='width: 100%; max-width: 120px; height: auto; border: 1px solid rgba(150&comma;150&comma;150&comma;0.3); border-radius: 8px;' src='http:\/\/ftp3.syscom.mx\/usuarios\/ftp\/single_page\/amplifi\/AmpliFi_Teleport_DS-1.png' alt=''> <\/p>\n<h1 style='font-size: 35px; color: #ffffff; margin: 15px 0; opacity: 0.9;'>El Wi-Fi de tu casa se acaba de convertir<\/h1>\n<h1 style='font-size: 35px; color: #ffffff; margin: 15px 0; opacity: 0.9;'>Wi-Fi de todo tu mundo.<\/h1>\n<p> <img style='width: 100%; max-width: 120px; height: auto; border: 1px solid rgba(150&comma;150&comma;150&comma;0.3); border-radius: 8px;' src='http:\/\/ftp3.syscom.mx\/usuarios\/ftp\/single_page\/amplifi\/AMPLIFI-TELEPORT.png' alt=''> <\/div>\n<p> <!-- Main Content --> <\/p>\n<div style='display: flex; flex-wrap: wrap; gap: 30px; margin: 30px 0;'>\n<div style='flex: 1 1 300px; min-width: 280px;'>\n<h3 style='font-size: 22px; border-bottom: 2px solid currentColor; padding-bottom: 5px; margin-top: 0; color: inherit; opacity: 0.8;'>Extienda la se\u00f1al de Wi-Fi de su hogar a cualquier lugar del mundo con Teleport<\/h3>\n<p style='font-size: 15px; color: inherit; margin-bottom: 20px;'>AmpliFi Teleport ofrece una manera segura y conveniente de acceder a los recursos en el hogar&comma; incluso cuando no lo est\u00e1. Utilizando cualquier punto de acceso Wi-Fi o conexi\u00f3n Ethernet por cable&comma; Teleport puede crear una conexi\u00f3n encriptada a su red dom\u00e9stica&comma; expandi\u00e9ndola donde quiera que vaya.<\/p>\n<div style='margin-bottom: 20px; padding: 15px; background-color: rgba(249&comma;249&comma;249&comma;0.8); border-radius: 8px; border: 1px solid rgba(150&comma;150&comma;150&comma;0.2);'>\n<div style='display: flex; align-items: center; gap: 15px; margin-bottom: 10px;'> <img style='width: 40px; height: auto; border: 1px solid rgba(150&comma;150&comma;150&comma;0.3); border-radius: 8px;' src='http:\/\/ftp3.syscom.mx\/usuarios\/ftp\/single_page\/amplifi\/icon_5.png' alt=''> <\/p>\n<div>\n<p style='font-weight: bold; margin: 0; color: inherit;'>Perfecto para viajar<\/p>\n<p style='margin: 5px 0 0; color: inherit;'>Lleve Teleport con usted y haga que cualquier red remota sea parte de su red dom\u00e9stica local<\/p>\n<\/p><\/div>\n<\/p><\/div>\n<\/p><\/div>\n<div style='margin-bottom: 20px; padding: 15px; background-color: rgba(249&comma;249&comma;249&comma;0.8); border-radius: 8px; border: 1px solid rgba(150&comma;150&comma;150&comma;0.2);'>\n<div style='display: flex; align-items: center; gap: 15px; margin-bottom: 10px;'> <img style='width: 40px; height: auto; border: 1px solid rgba(150&comma;150&comma;150&comma;0.3); border-radius: 8px;' src='http:\/\/ftp3.syscom.mx\/usuarios\/ftp\/single_page\/amplifi\/icon_6.png' alt=''> <\/p>\n<div>\n<p style='font-weight: bold; margin: 0; color: inherit;'>Ver emisiones espec\u00edficas para el hogar<\/p>\n<p style='margin: 5px 0 0; color: inherit;'>Obtenga acceso a sus noticias y transmisiones locales desde cualquier lugar del mundo.<\/p>\n<\/p><\/div>\n<\/p><\/div>\n<\/p><\/div>\n<div style='margin-bottom: 20px; padding: 15px; background-color: rgba(249&comma;249&comma;249&comma;0.8); border-radius: 8px; border: 1px solid rgba(150&comma;150&comma;150&comma;0.2);'>\n<div style='display: flex; align-items: center; gap: 15px; margin-bottom: 10px;'> <img style='width: 40px; height: auto; border: 1px solid rgba(150&comma;150&comma;150&comma;0.3); border-radius: 8px;' src='http:\/\/ftp3.syscom.mx\/usuarios\/ftp\/single_page\/amplifi\/icon_7.png' alt=''> <\/p>\n<div>\n<p style='font-weight: bold; margin: 0; color: inherit;'>Acceder a los dispositivos del hogar<\/p>\n<p style='margin: 5px 0 0; color: inherit;'>Acceda a cualquier dispositivo que est\u00e9 conectado a su red dom\u00e9stica. Ideal para casas inteligentes.<\/p>\n<\/p><\/div>\n<\/p><\/div>\n<\/p><\/div>\n<\/p><\/div>\n<div style='flex: 1 1 300px; min-width: 280px; display: flex; align-items: center; justify-content: center;'> <img style='width: 100%; max-height: 550px; border: 1px solid rgba(150&comma;150&comma;150&comma;0.3); border-radius: 8px;' src='http:\/\/ftp3.syscom.mx\/usuarios\/ftp\/single_page\/amplifi\/teleport_device.png' alt=''> <\/div>\n<\/p><\/div>\n<p> <!-- Travel Section --> <\/p>\n<div style='display: flex; flex-wrap: wrap; gap: 30px; margin: 30px 0;'>\n<div style='flex: 1 1 300px; min-width: 280px; display: flex; align-items: center; justify-content: center;'> <img style='width: 100%; max-height: 300px; border: 1px solid rgba(150&comma;150&comma;150&comma;0.3); border-radius: 8px;' src='http:\/\/ftp3.syscom.mx\/usuarios\/ftp\/single_page\/amplifi\/amplifi_device.png' alt=''> <\/div>\n<div style='flex: 1 1 300px; min-width: 280px;'>\n<h3 style='font-size: 22px; border-bottom: 2px solid currentColor; padding-bottom: 5px; margin-top: 0; color: inherit; opacity: 0.8;'>Teleport mientras viaja<\/h3>\n<p style='font-size: 15px; color: inherit; margin-bottom: 15px;'>Ya sea que viaje por negocios o por placer&comma; use Teleport AmpliFi y si\u00e9ntase seguro al saber que todav\u00eda puede conectarse a su hogar. Mire sus programas y contenido locales&comma; haga videollamadas y con\u00e9ctese con la familia&comma; o verifique la seguridad de su hogar inteligente. Teleport le permite un f\u00e1cil acceso mientras se encuentra lejos del lugar m\u00e1s importante: su hogar.<\/p>\n<p style='font-size: 15px; color: inherit; margin-bottom: 15px;'>Es simple: conecte su Router AmpliFi en su hogar y lleve el dispositivo de teleport AmpliFi a donde quiera que vaya. AmpliFi Teleport funciona con configuraci\u00f3n de Wi-Fi o Ethernet por cable.<\/p>\n<\/p><\/div>\n<\/p><\/div>\n<p> <!-- Features Section --> <\/p>\n<div style='display: grid; grid-template-columns: repeat(auto-fit&comma; minmax(280px&comma; 1fr)); gap: 20px; margin: 30px 0;'>\n<div style='border: 1px solid rgba(150&comma; 150&comma; 150&comma; 0.4); border-radius: 8px; overflow: hidden; display: flex; flex-direction: column;'>\n<div style='padding: 15px; border-bottom: 1px solid rgba(150&comma; 150&comma; 150&comma; 0.2); font-weight: bold; font-size: 18px; color: inherit;'>Configuraci\u00f3n r\u00e1pida<\/div>\n<div style='padding: 15px; color: inherit;'>\n<p style='margin: 0; font-size: 14px;'>Con una configuraci\u00f3n sencilla&comma; su red est\u00e1 en funcionamiento en muy poco tiempo.<\/p>\n<\/p><\/div>\n<\/p><\/div>\n<div style='border: 1px solid rgba(150&comma; 150&comma; 150&comma; 0.4); border-radius: 8px; overflow: hidden; display: flex; flex-direction: column;'>\n<div style='padding: 15px; border-bottom: 1px solid rgba(150&comma; 150&comma; 150&comma; 0.2); font-weight: bold; font-size: 18px; color: inherit;'>Actualizaciones autom\u00e1ticas<\/div>\n<div style='padding: 15px; color: inherit;'>\n<p style='margin: 0; font-size: 14px;'>Las caracter\u00edsticas futuras y las actualizaciones de rendimiento vendr\u00e1n pronto.<\/p>\n<\/p><\/div>\n<\/p><\/div>\n<div style='border: 1px solid rgba(150&comma; 150&comma; 150&comma; 0.4); border-radius: 8px; overflow: hidden; display: flex; flex-direction: column;'>\n<div style='padding: 15px; border-bottom: 1px solid rgba(150&comma; 150&comma; 150&comma; 0.2); font-weight: bold; font-size: 18px; color: inherit;'>Siempre sepa qui\u00e9n est\u00e1 utilizando su red<\/div>\n<div style='padding: 15px; color: inherit;'>\n<p style='margin: 0; font-size: 14px;'>Una aplicaci\u00f3n realiza un seguimiento de qu\u00e9 dispositivos est\u00e1n conectados y por cu\u00e1nto tiempo<\/p>\n<\/p><\/div>\n<\/p><\/div>\n<\/p><\/div>\n<p> <!-- Specifications --> <\/p>\n<div style='margin: 30px 0;'>\n<h3 style='font-size: 22px; border-bottom: 2px solid currentColor; padding-bottom: 5px; margin-top: 0; color: inherit; opacity: 0.8;'>Caracter\u00edsticas principales de AmpliFi Teleport<\/h3>\n<ul style='padding-left: 20px; font-size: 15px; color: inherit;'>\n<li style='margin-bottom: 5px;'>Standard WiFi 802.11 a\/b\/g\/n<\/li>\n<li style='margin-bottom: 5px;'>Potencia de salida: 19dBm (80mW)<\/li>\n<li style='margin-bottom: 5px;'>2 antenas doble banda<\/li>\n<li style='margin-bottom: 5px;'>Temperatura soportada: -10\u00b0 a 55\u00b0 C<\/li>\n<li style='margin-bottom: 5px;'>Velocidad de 300 Mbps<\/li>\n<li style='margin-bottom: 5px;'>Bot\u00f3n de Reset<\/li>\n<\/ul><\/div>\n<p> <!-- Note --> <\/p>\n<div style='margin: 30px 0;'>\n<p style='font-size: 15px; color: inherit; margin: 0;'>El AFI-T se puede agregar a cualquier Router AmpliFi<\/p>\n<\/p><\/div>\n<\/p><\/div>\n","protected":false},"excerpt":{"rendered":"<p>AmpliFi Teleport Cliente VPN para comunicar la red del Hogar implementada con Routers AmpliFi<\/p>\n","protected":false},"featured_media":79749,"comment_status":"open","ping_status":"closed","template":"","meta":[],"product_brand":[],"product_cat":[2036,2035,2034],"product_tag":[2039,2038,664,2037,166],"class_list":{"0":"post-79750","1":"product","2":"type-product","3":"status-publish","4":"has-post-thumbnail","6":"product_cat-balanceadores","7":"product_cat-firewalls","8":"product_cat-routers","9":"product_tag-balanceadores","10":"product_tag-firewalls","11":"product_tag-networking","12":"product_tag-routers","13":"product_tag-ubiquiti","15":"first","16":"outofstock","17":"sale","18":"shipping-taxable","19":"purchasable","20":"product-type-simple"},"_links":{"self":[{"href":"https:\/\/soydeaqui.ddns.net\/pachuca\/index.php\/wp-json\/wp\/v2\/product\/79750","targetHints":{"allow":["GET"]}}],"collection":[{"href":"https:\/\/soydeaqui.ddns.net\/pachuca\/index.php\/wp-json\/wp\/v2\/product"}],"about":[{"href":"https:\/\/soydeaqui.ddns.net\/pachuca\/index.php\/wp-json\/wp\/v2\/types\/product"}],"replies":[{"embeddable":true,"href":"https:\/\/soydeaqui.ddns.net\/pachuca\/index.php\/wp-json\/wp\/v2\/comments?post=79750"}],"wp:featuredmedia":[{"embeddable":true,"href":"https:\/\/soydeaqui.ddns.net\/pachuca\/index.php\/wp-json\/wp\/v2\/media\/79749"}],"wp:attachment":[{"href":"https:\/\/soydeaqui.ddns.net\/pachuca\/index.php\/wp-json\/wp\/v2\/media?parent=79750"}],"wp:term":[{"taxonomy":"product_brand","embeddable":true,"href":"https:\/\/soydeaqui.ddns.net\/pachuca\/index.php\/wp-json\/wp\/v2\/product_brand?post=79750"},{"taxonomy":"product_cat","embeddable":true,"href":"https:\/\/soydeaqui.ddns.net\/pachuca\/index.php\/wp-json\/wp\/v2\/product_cat?post=79750"},{"taxonomy":"product_tag","embeddable":true,"href":"https:\/\/soydeaqui.ddns.net\/pachuca\/index.php\/wp-json\/wp\/v2\/product_tag?post=79750"}],"curies":[{"name":"wp","href":"https:\/\/api.w.org\/{rel}","templated":true}]}}