{"id":79743,"date":"2026-03-19T17:35:19","date_gmt":"2026-03-19T17:35:19","guid":{"rendered":"https:\/\/soydeaqui.ddns.net\/pachuca\/index.php\/producto\/ufiber-wifi-802-11n-gpon-onu-unidad-de-red-optica-con-1-puerto-wan-gpon-sc-apc-4-puertos-lan-gigabit-ethernet\/"},"modified":"2026-03-19T17:35:27","modified_gmt":"2026-03-19T17:35:27","slug":"ufiber-wifi-802-11n-gpon-onu-unidad-de-red-optica-con-1-puerto-wan-gpon-sc-apc-4-puertos-lan-gigabit-ethernet","status":"publish","type":"product","link":"https:\/\/soydeaqui.ddns.net\/pachuca\/index.php\/producto\/ufiber-wifi-802-11n-gpon-onu-unidad-de-red-optica-con-1-puerto-wan-gpon-sc-apc-4-puertos-lan-gigabit-ethernet\/","title":{"rendered":"UFiber WiFi 802.11n GPON ONU, Unidad de red \u00f3ptica con 1 puerto WAN GPON (SC\/APC) + 4 puertos LAN Gigabit Ethernet"},"content":{"rendered":"<div style='width: 100%; max-width: 1200px; margin: 0 auto; font-family: sans-serif; line-height: 1.6; color: inherit; background-color: transparent;'>\n<div style='display: flex; flex-wrap: wrap; gap: 30px; margin-bottom: 30px;'>\n<div style='flex: 1 1 300px; min-width: 280px;'>\n<p style='font-size: 14px; color: inherit;'>Luciendo un elegante dise\u00f1o industrial&comma; el UFiber Wi-Fi es un CPE GPON robusto y de alto rendimiento que cuenta con una pantalla LED informativa con 4 puertos Ethernet y Wi-Fi.<\/p>\n<\/p><\/div>\n<\/p><\/div>\n<div style='display: flex; flex-wrap: wrap; gap: 20px; margin-bottom: 30px;'>\n<div style='flex: 1 1 250px; border: 1px solid rgba(150&comma; 150&comma; 150&comma; 0.4); border-radius: 8px; overflow: hidden; display: flex; flex-direction: column;'>\n<div style='padding: 15px; border-bottom: 1px solid rgba(150&comma; 150&comma; 150&comma; 0.2); font-weight: bold; font-size: 18px; color: inherit;'>Puertos<\/div>\n<div style='padding: 15px; color: inherit;'>\n<ul style='padding-left: 20px; margin: 0; font-size: 14px; list-style-type: disc;'>\n<li style='margin-bottom: 5px;'>1 puerto WAN GPON (SC\/APC)<\/li>\n<li style='margin-bottom: 5px;'>4 puertos LAN Gigabit Ethernet<\/li>\n<\/ul><\/div>\n<\/p><\/div>\n<div style='flex: 1 1 250px; border: 1px solid rgba(150&comma; 150&comma; 150&comma; 0.4); border-radius: 8px; overflow: hidden; display: flex; flex-direction: column;'>\n<div style='padding: 15px; border-bottom: 1px solid rgba(150&comma; 150&comma; 150&comma; 0.2); font-weight: bold; font-size: 18px; color: inherit;'>Caracter\u00edsticas<\/div>\n<div style='padding: 15px; color: inherit;'>\n<ul style='padding-left: 20px; margin: 0; font-size: 14px; list-style-type: disc;'>\n<li style='margin-bottom: 5px;'>Velocidades de hasta 2.488 Gbps de downstream y 1.244 Gbps de upstream<\/li>\n<li style='margin-bottom: 5px;'>Longitud de onda: 1310 nm Upstream (TX)&comma; 1490 nm Downstream (RX)<\/li>\n<li style='margin-bottom: 5px;'>LED&#8217;s de estatus<\/li>\n<\/ul><\/div>\n<\/p><\/div>\n<div style='flex: 1 1 250px; border: 1px solid rgba(150&comma; 150&comma; 150&comma; 0.4); border-radius: 8px; overflow: hidden; display: flex; flex-direction: column;'>\n<div style='padding: 15px; border-bottom: 1px solid rgba(150&comma; 150&comma; 150&comma; 0.2); font-weight: bold; font-size: 18px; color: inherit;'>Caracter\u00edsticas F\u00edsicas y El\u00e9ctricas<\/div>\n<div style='padding: 15px; color: inherit;'>\n<ul style='padding-left: 20px; margin: 0; font-size: 14px; list-style-type: disc;'>\n<li style='margin-bottom: 5px;'>Alimentaci\u00f3n: PoE pasivo (24 V&comma; 1 A) o Adaptador de alimentaci\u00f3n (24 V&comma; 0.5A)<\/li>\n<li style='margin-bottom: 5px;'>Dimensiones: 126.34 x 126.09 x 31.65 mm<\/li>\n<li style='margin-bottom: 5px;'>Peso: 190 g<\/li>\n<li style='margin-bottom: 5px;'>Temperatura de Operaci\u00f3n: -10 a 45\u00b0C<\/li>\n<\/ul><\/div>\n<\/p><\/div>\n<div style='flex: 1 1 250px; border: 1px solid rgba(150&comma; 150&comma; 150&comma; 0.4); border-radius: 8px; overflow: hidden; display: flex; flex-direction: column;'>\n<div style='padding: 15px; border-bottom: 1px solid rgba(150&comma; 150&comma; 150&comma; 0.2); font-weight: bold; font-size: 18px; color: inherit;'>Incluye<\/div>\n<div style='padding: 15px; color: inherit;'>\n<ul style='padding-left: 20px; margin: 0; font-size: 14px; list-style-type: disc;'>\n<li style='margin-bottom: 5px;'>Adaptador de alimentaci\u00f3n (24 V&comma; 0.5 A)<\/li>\n<\/ul><\/div>\n<\/p><\/div>\n<div style='flex: 1 1 250px; border: 1px solid rgba(150&comma; 150&comma; 150&comma; 0.4); border-radius: 8px; overflow: hidden; display: flex; flex-direction: column;'>\n<div style='padding: 15px; border-bottom: 1px solid rgba(150&comma; 150&comma; 150&comma; 0.2); font-weight: bold; font-size: 18px; color: inherit;'>Garant\u00eda<\/div>\n<div style='padding: 15px; color: inherit;'>\n<ul style='padding-left: 20px; margin: 0; font-size: 14px; list-style-type: disc;'>\n<li style='margin-bottom: 5px;'>1 A\u00f1o<\/li>\n<\/ul><\/div>\n<\/p><\/div>\n<\/p><\/div>\n<hr style='border: 0; border-top: 1px solid rgba(150&comma; 150&comma; 150&comma; 0.3); margin: 30px 0;'>\n<div style='display: flex; flex-wrap: wrap; gap: 30px; margin-bottom: 30px;'>\n<div style='flex: 1 1 300px; min-width: 280px;'>\n<h3 style='font-size: 22px; border-bottom: 2px solid currentColor; padding-bottom: 5px; margin-top: 0; color: inherit; opacity: 0.8;'>Status LEDs<\/h3>\n<p style='color: inherit; font-size: 14px;'>Los LED de f\u00e1cil lectura proporcionan informaci\u00f3n de estado: conexi\u00f3n Ethernet&comma; potencia de la se\u00f1al y potencia.<\/p>\n<div style='text-align: center; margin-top: 15px;'> <img style='width: 100%; height: auto; border: 1px solid rgba(150&comma;150&comma;150&comma;0.3); border-radius: 8px;' src='https:\/\/prd-www-cdn.ubnt.com\/media\/images\/product-features\/ufiber-wifi-features-status-2x.jpg' alt=''> <\/div>\n<\/p><\/div>\n<div style='flex: 1 1 300px; min-width: 280px;'>\n<h3 style='font-size: 22px; border-bottom: 2px solid currentColor; padding-bottom: 5px; margin-top: 0; color: inherit; opacity: 0.8;'>Vers\u00e1til Power<\/h3>\n<p style='color: inherit; font-size: 14px;'>El UFiber Wi-Fi se puede alimentar mediante PoE pasivo de 24V en el Puerto 1&comma; o por 24VDC.<\/p>\n<div style='text-align: center; margin-top: 15px;'> <img style='width: 100%; height: auto; border: 1px solid rgba(150&comma;150&comma;150&comma;0.3); border-radius: 8px;' src='https:\/\/prd-www-cdn.ubnt.com\/media\/images\/product-features\/ufiber-wifi-features-ports1-2x.jpg' alt=''> <\/div>\n<\/p><\/div>\n<div style='flex: 1 1 300px; min-width: 280px;'>\n<h3 style='font-size: 22px; border-bottom: 2px solid currentColor; padding-bottom: 5px; margin-top: 0; color: inherit; opacity: 0.8;'>Dise\u00f1ado para integraci\u00f3n con UNMS<\/h3>\n<p style='color: inherit; font-size: 14px;'>Se pueden conectar hasta 128 dispositivos UFiber Wi-Fi a un solo puerto GPON. Al admitir enlaces GPON de hasta 20 km&comma; el UFiber Wi-Fi se integra con UFiber OLT&comma; UFiber OLT 4 y <a style='color: inherit; text-decoration: underline;' href='https:\/\/help.ubnt.com\/hc\/en-us\/articles\/115009335068' target='_blank' rel='noopener noreferrer'>dispositivos OLT de terceros<\/a>.<\/p>\n<div style='text-align: center; margin-top: 15px;'> <img style='width: 100%; height: auto; border: 1px solid rgba(150&comma;150&comma;150&comma;0.3); border-radius: 8px;' src='https:\/\/prd-www-cdn.ubnt.com\/media\/images\/product-features\/u-fiber-wifi-features-integration-2x.jpg' alt=''> <\/div>\n<\/p><\/div>\n<\/p><\/div>\n<\/p><\/div>\n","protected":false},"excerpt":{"rendered":"<p>UFiber WiFi 802.11n GPON ONU, Unidad de red \u00f3ptica con 1 puerto WAN GPON (SC\/APC) + 4 puertos LAN Gigabit Ethernet<\/p>\n","protected":false},"featured_media":79742,"comment_status":"open","ping_status":"closed","template":"","meta":[],"product_brand":[],"product_cat":[2010],"product_tag":[2012,2011,166],"class_list":{"0":"post-79743","1":"product","2":"type-product","3":"status-publish","4":"has-post-thumbnail","6":"product_cat-onus-onts","7":"product_tag-onus-onts","8":"product_tag-redes-ftth-pon","9":"product_tag-ubiquiti","11":"first","12":"instock","13":"sale","14":"shipping-taxable","15":"purchasable","16":"product-type-simple"},"_links":{"self":[{"href":"https:\/\/soydeaqui.ddns.net\/pachuca\/index.php\/wp-json\/wp\/v2\/product\/79743","targetHints":{"allow":["GET"]}}],"collection":[{"href":"https:\/\/soydeaqui.ddns.net\/pachuca\/index.php\/wp-json\/wp\/v2\/product"}],"about":[{"href":"https:\/\/soydeaqui.ddns.net\/pachuca\/index.php\/wp-json\/wp\/v2\/types\/product"}],"replies":[{"embeddable":true,"href":"https:\/\/soydeaqui.ddns.net\/pachuca\/index.php\/wp-json\/wp\/v2\/comments?post=79743"}],"wp:featuredmedia":[{"embeddable":true,"href":"https:\/\/soydeaqui.ddns.net\/pachuca\/index.php\/wp-json\/wp\/v2\/media\/79742"}],"wp:attachment":[{"href":"https:\/\/soydeaqui.ddns.net\/pachuca\/index.php\/wp-json\/wp\/v2\/media?parent=79743"}],"wp:term":[{"taxonomy":"product_brand","embeddable":true,"href":"https:\/\/soydeaqui.ddns.net\/pachuca\/index.php\/wp-json\/wp\/v2\/product_brand?post=79743"},{"taxonomy":"product_cat","embeddable":true,"href":"https:\/\/soydeaqui.ddns.net\/pachuca\/index.php\/wp-json\/wp\/v2\/product_cat?post=79743"},{"taxonomy":"product_tag","embeddable":true,"href":"https:\/\/soydeaqui.ddns.net\/pachuca\/index.php\/wp-json\/wp\/v2\/product_tag?post=79743"}],"curies":[{"name":"wp","href":"https:\/\/api.w.org\/{rel}","templated":true}]}}