{"id":79739,"date":"2026-03-19T17:35:10","date_gmt":"2026-03-19T17:35:10","guid":{"rendered":"https:\/\/soydeaqui.ddns.net\/pachuca\/index.php\/producto\/ufiber-splitter-divisor-optico-plc-1-x-16-con-conectores-sc-apc\/"},"modified":"2026-03-19T17:35:11","modified_gmt":"2026-03-19T17:35:11","slug":"ufiber-splitter-divisor-optico-plc-1-x-16-con-conectores-sc-apc","status":"publish","type":"product","link":"https:\/\/soydeaqui.ddns.net\/pachuca\/index.php\/producto\/ufiber-splitter-divisor-optico-plc-1-x-16-con-conectores-sc-apc\/","title":{"rendered":"UFiber Splitter (Divisor \u00d3ptico) PLC 1 x 16, con conectores SC\/APC"},"content":{"rendered":"<div style='width: 100%; max-width: 1200px; margin: 0 auto; font-family: sans-serif; line-height: 1.6; color: inherit; background-color: transparent;'> <!-- Secci\u00f3n de introducci\u00f3n --> <\/p>\n<div style='margin-bottom: 30px;'>\n<h2 style='font-size: 24px; margin-top: 0; color: inherit; opacity: 0.9;'>Divisor \u00d3ptico PLC 1 x 16<\/h2>\n<p style='font-size: 14px; color: inherit; margin-top: 15px; margin-bottom: 20px;'>El divisor UFiber transporta datos de un cable de larga distancia de un UFiber OLT y los comparte con m\u00faltiples ONU de UFiber. Disponible con 4&comma; 8&comma; 16 o 32 salidas.<\/p>\n<\/p><\/div>\n<p> <!-- Secci\u00f3n de im\u00e1genes --> <\/p>\n<div style='margin-bottom: 30px;'>\n<div style='display: flex; justify-content: center;'> <img style='width: 100%; max-width: 300px; height: auto; border: 1px solid rgba(150&comma;150&comma;150&comma;0.3); border-radius: 8px;' src='https:\/\/ftp3.syscom.mx\/usuarios\/adiaz\/UBNT\/UFSPLITTER\/UF-SPLITTER-16.png' alt='UFiber Splitter 1x16'> <\/div>\n<\/p><\/div>\n<p> <!-- Secci\u00f3n de especificaciones t\u00e9cnicas --> <\/p>\n<div style='display: flex; flex-wrap: wrap; gap: 30px; margin-bottom: 30px;'>\n<div style='flex: 1 1 300px; min-width: 280px;'>\n<h3 style='font-size: 20px; border-bottom: 2px solid currentColor; padding-bottom: 5px; margin-top: 0; color: inherit; opacity: 0.8;'>Especificaciones T\u00e9cnicas<\/h3>\n<ul style='padding-left: 20px; font-size: 15px; color: inherit;'>\n<li style='margin-bottom: 5px;'><strong>Tipo:<\/strong> PLC Splitter<\/li>\n<li style='margin-bottom: 5px;'><strong>Entrada:<\/strong> 1 x SC\/APC<\/li>\n<li style='margin-bottom: 5px;'><strong>Salidas:<\/strong> 16 x SC\/APC<\/li>\n<li style='margin-bottom: 5px;'><strong>P\u00e9rdida de Inserci\u00f3n:<\/strong> 13.7 dB con conectores<\/li>\n<li style='margin-bottom: 5px;'><strong>P\u00e9rdida de Uniformidad:<\/strong> 1.2 dB<\/li>\n<li style='margin-bottom: 5px;'><strong>P\u00e9rdida de Polarizaci\u00f3n:<\/strong> 0.3 dB<\/li>\n<li style='margin-bottom: 5px;'><strong>Banda de Longitud de Onda:<\/strong> 1260-1650 nm<\/li>\n<li style='margin-bottom: 5px;'><strong>Retorno de P\u00e9rdida:<\/strong> 50 dB (en todos los puertos)<\/li>\n<li style='margin-bottom: 5px;'><strong>Directividad:<\/strong> 55 dB<\/li>\n<li style='margin-bottom: 5px;'><strong>Tipo de Fibra:<\/strong> G657A1<\/li>\n<\/ul><\/div>\n<p> <!-- Secci\u00f3n de condiciones operativas --> <\/p>\n<div style='flex: 1 1 300px; min-width: 280px;'>\n<h3 style='font-size: 20px; border-bottom: 2px solid currentColor; padding-bottom: 5px; margin-top: 0; color: inherit; opacity: 0.8;'>Condiciones Operativas<\/h3>\n<ul style='padding-left: 20px; font-size: 15px; color: inherit;'>\n<li style='margin-bottom: 5px;'><strong>Temperatura de Operaci\u00f3n:<\/strong> -40 a 85\u00b0 C (-40 a 185\u00b0 F)<\/li>\n<li style='margin-bottom: 5px;'><strong>Longitud Total:<\/strong> 4.06 m (13.32&#8242;)<\/li>\n<li style='margin-bottom: 5px;'><strong>Peso:<\/strong> 110 g (3.9 oz)<\/li>\n<\/ul><\/div>\n<\/p><\/div>\n<p> <!-- Secci\u00f3n de compatibilidad --> <\/p>\n<div style='margin-bottom: 30px;'>\n<h3 style='font-size: 20px; border-bottom: 2px solid currentColor; padding-bottom: 5px; margin-top: 0; color: inherit; opacity: 0.8;'>Compatibilidad<\/h3>\n<ul style='padding-left: 20px; font-size: 15px; color: inherit;'>\n<li style='margin-bottom: 5px;'>Compatible con todos los modelos de UFiber OLT (UF-OLT y UF-OLT-4)<\/li>\n<li style='margin-bottom: 5px;'>Compatible con todos los modelos de UFiber ONU (UF-Nano&comma; UF-loco&comma; UF-WiFi)<\/li>\n<li style='margin-bottom: 5px;'>Dise\u00f1ado para funcionar en redes GPON de hasta 20 km de distancia<\/li>\n<\/ul><\/div>\n<p> <!-- Secci\u00f3n de caracter\u00edsticas principales --> <\/p>\n<div style='margin-bottom: 30px;'>\n<h3 style='font-size: 20px; border-bottom: 2px solid currentColor; padding-bottom: 5px; margin-top: 0; color: inherit; opacity: 0.8;'>Caracter\u00edsticas Principales<\/h3>\n<ul style='padding-left: 20px; font-size: 15px; color: inherit;'>\n<li style='margin-bottom: 5px;'>Dise\u00f1o compacto para f\u00e1cil instalaci\u00f3n<\/li>\n<li style='margin-bottom: 5px;'>Conectores SC\/APC de alta precisi\u00f3n<\/li>\n<li style='margin-bottom: 5px;'>Baja p\u00e9rdida de inserci\u00f3n y alta uniformidad<\/li>\n<li style='margin-bottom: 5px;'>Alta directividad y baja reflexi\u00f3n<\/li>\n<li style='margin-bottom: 5px;'>Fabricado con fibra \u00f3ptica G657A1 de alta calidad<\/li>\n<li style='margin-bottom: 5px;'>Cumple con est\u00e1ndares Telcordia&comma; ANSI&comma; TIA\/EIA&comma; NTT y JIS<\/li>\n<\/ul><\/div>\n<p> <!-- Separador final --> <\/p>\n<hr style='border: 0; border-top: 1px solid rgba(150&comma; 150&comma; 150&comma; 0.3); margin: 30px 0;'> <\/div>\n","protected":false},"excerpt":{"rendered":"<p>UFiber Splitter (Divisor \u00d3ptico) PLC 1 x 16, con conectores SC\/APC<\/p>\n","protected":false},"featured_media":79738,"comment_status":"open","ping_status":"closed","template":"","meta":[],"product_brand":[],"product_cat":[2014],"product_tag":[2011,2015,166],"class_list":{"0":"post-79739","1":"product","2":"type-product","3":"status-publish","4":"has-post-thumbnail","6":"product_cat-splitters-y-cajas-de-empalme","7":"product_tag-redes-ftth-pon","8":"product_tag-splitters-y-cajas-de-empalme","9":"product_tag-ubiquiti","11":"first","12":"outofstock","13":"sale","14":"shipping-taxable","15":"purchasable","16":"product-type-simple"},"_links":{"self":[{"href":"https:\/\/soydeaqui.ddns.net\/pachuca\/index.php\/wp-json\/wp\/v2\/product\/79739","targetHints":{"allow":["GET"]}}],"collection":[{"href":"https:\/\/soydeaqui.ddns.net\/pachuca\/index.php\/wp-json\/wp\/v2\/product"}],"about":[{"href":"https:\/\/soydeaqui.ddns.net\/pachuca\/index.php\/wp-json\/wp\/v2\/types\/product"}],"replies":[{"embeddable":true,"href":"https:\/\/soydeaqui.ddns.net\/pachuca\/index.php\/wp-json\/wp\/v2\/comments?post=79739"}],"wp:featuredmedia":[{"embeddable":true,"href":"https:\/\/soydeaqui.ddns.net\/pachuca\/index.php\/wp-json\/wp\/v2\/media\/79738"}],"wp:attachment":[{"href":"https:\/\/soydeaqui.ddns.net\/pachuca\/index.php\/wp-json\/wp\/v2\/media?parent=79739"}],"wp:term":[{"taxonomy":"product_brand","embeddable":true,"href":"https:\/\/soydeaqui.ddns.net\/pachuca\/index.php\/wp-json\/wp\/v2\/product_brand?post=79739"},{"taxonomy":"product_cat","embeddable":true,"href":"https:\/\/soydeaqui.ddns.net\/pachuca\/index.php\/wp-json\/wp\/v2\/product_cat?post=79739"},{"taxonomy":"product_tag","embeddable":true,"href":"https:\/\/soydeaqui.ddns.net\/pachuca\/index.php\/wp-json\/wp\/v2\/product_tag?post=79739"}],"curies":[{"name":"wp","href":"https:\/\/api.w.org\/{rel}","templated":true}]}}