{"id":79735,"date":"2026-03-19T17:35:02","date_gmt":"2026-03-19T17:35:02","guid":{"rendered":"https:\/\/soydeaqui.ddns.net\/pachuca\/index.php\/producto\/poliza-net-cover-advanced-1-ano-para-at-sbx81cfc960\/"},"modified":"2026-03-19T17:35:03","modified_gmt":"2026-03-19T17:35:03","slug":"poliza-net-cover-advanced-1-ano-para-at-sbx81cfc960","status":"publish","type":"product","link":"https:\/\/soydeaqui.ddns.net\/pachuca\/index.php\/producto\/poliza-net-cover-advanced-1-ano-para-at-sbx81cfc960\/","title":{"rendered":"Poliza Net.Cover Advanced &#8211; 1 a\u00f1o para AT-SBx81CFC960"},"content":{"rendered":"<div style='width: 100%; max-width: 1200px; margin: 0 auto; font-family: sans-serif; line-height: 1.6; color: inherit; background-color: transparent;'> <!-- Secci\u00f3n de descripci\u00f3n general --> <\/p>\n<div style='margin-bottom: 30px;'>\n<h2 style='font-size: 24px; margin-top: 0; color: inherit; opacity: 0.9;'>Poliza Net.Cover Advanced &#8211; 1 a\u00f1o para AT-SBx81CFC960<\/h2>\n<p style='font-size: 15px; color: inherit; margin-bottom: 15px;'>SwitchBlade x8100 Series con controlador CFC960&comma; soluci\u00f3n de alta disponibilidad para redes empresariales avanzadas.<\/p>\n<p style='font-size: 15px; color: inherit; margin-bottom: 15px;'>Sistema de alto rendimiento con soporte para hasta 160Gbps de throughput por slot de tarjeta de l\u00ednea&comma; con capacidad de stacking de dos chasis en una unidad virtual \u00fanica.<\/p>\n<\/p><\/div>\n<p> <!-- Secci\u00f3n de caracter\u00edsticas principales --> <\/p>\n<div style='display: flex; flex-wrap: wrap; gap: 30px; margin-bottom: 30px;'>\n<div style='flex: 1 1 300px; min-width: 280px;'>\n<h3 style='font-size: 20px; border-bottom: 2px solid currentColor; padding-bottom: 5px; margin-top: 0; color: inherit; opacity: 0.8;'>Caracter\u00edsticas T\u00e9cnicas<\/h3>\n<ul style='padding-left: 20px; font-size: 15px; color: inherit;'>\n<li style='margin-bottom: 5px;'><strong>Capacidad de Stacking:<\/strong> Hasta 2 chasis en una unidad virtual<\/li>\n<li style='margin-bottom: 5px;'><strong>Ancho de Banda de Stacking:<\/strong> 160Gbps por slot de tarjeta<\/li>\n<li style='margin-bottom: 5px;'><strong>Puertos de Control:<\/strong> 4 puertos 1\/10GbE en la tarjeta CFC960<\/li>\n<li style='margin-bottom: 5px;'><strong>Redundancia:<\/strong> Doble fuente de poder y componentes hot-swappable<\/li>\n<li style='margin-bottom: 5px;'><strong>Distancia M\u00e1xima de Stacking:<\/strong> Hasta 2 kil\u00f3metros<\/li>\n<li style='margin-bottom: 5px;'><strong>Consumo Energ\u00e9tico:<\/strong> Dise\u00f1o eficiente con modos ECO<\/li>\n<\/ul><\/div>\n<div style='flex: 1 1 300px; min-width: 280px;'>\n<h3 style='font-size: 20px; border-bottom: 2px solid currentColor; padding-bottom: 5px; margin-top: 0; color: inherit; opacity: 0.8;'>Caracter\u00edsticas de Gesti\u00f3n<\/h3>\n<ul style='padding-left: 20px; font-size: 15px; color: inherit;'>\n<li style='margin-bottom: 5px;'><strong>AMF:<\/strong> Framework de gesti\u00f3n aut\u00f3noma con auto-provisionamiento<\/li>\n<li style='margin-bottom: 5px;'><strong>AMF Secure:<\/strong> Cifrado de tr\u00e1fico de gesti\u00f3n y control de acceso<\/li>\n<li style='margin-bottom: 5px;'><strong>ISSU:<\/strong> Actualizaci\u00f3n de firmware sin interrupci\u00f3n del servicio<\/li>\n<li style='margin-bottom: 5px;'><strong>EPSR:<\/strong> Protecci\u00f3n de anillo Ethernet con recuperaci\u00f3n en 50ms<\/li>\n<li style='margin-bottom: 5px;'><strong>G.8032:<\/strong> Protecci\u00f3n de anillo est\u00e1ndar<\/li>\n<li style='margin-bottom: 5px;'><strong>Link Monitoring:<\/strong> Monitoreo proactivo de enlaces<\/li>\n<li style='margin-bottom: 5px;'><strong>Active Fiber Monitoring:<\/strong> Detecci\u00f3n de intrusi\u00f3n en fibra \u00f3ptica<\/li>\n<\/ul><\/div>\n<\/p><\/div>\n<p> <!-- Secci\u00f3n de especificaciones de rendimiento --> <\/p>\n<div style='display: flex; flex-wrap: wrap; gap: 20px; margin-bottom: 30px;'>\n<div style='flex: 1 1 250px; border: 1px solid rgba(150&comma; 150&comma; 150&comma; 0.4); border-radius: 8px; overflow: hidden; display: flex; flex-direction: column;'>\n<div style='padding: 15px; border-bottom: 1px solid rgba(150&comma; 150&comma; 150&comma; 0.2); font-weight: bold; font-size: 18px; color: inherit;'>Rendimiento<\/div>\n<div style='padding: 15px; color: inherit;'>\n<ul style='padding-left: 20px; margin: 0; font-size: 14px; list-style-type: disc;'>\n<li style='margin-bottom: 5px;'><strong>Throughput:<\/strong> Hasta 160Gbps por slot<\/li>\n<li style='margin-bottom: 5px;'><strong>Latencia:<\/strong> Baja latencia para QoS<\/li>\n<li style='margin-bottom: 5px;'><strong>Recuperaci\u00f3n:<\/strong> Menos de 50ms en anillos<\/li>\n<li style='margin-bottom: 5px;'><strong>Monitoreo:<\/strong> sFlow&comma; Link Monitoring<\/li>\n<\/ul><\/div>\n<\/p><\/div>\n<div style='flex: 1 1 250px; border: 1px solid rgba(150&comma; 150&comma; 150&comma; 0.4); border-radius: 8px; overflow: hidden; display: flex; flex-direction: column;'>\n<div style='padding: 15px; border-bottom: 1px solid rgba(150&comma; 150&comma; 150&comma; 0.2); font-weight: bold; font-size: 18px; color: inherit;'>Conectividad<\/div>\n<div style='padding: 15px; color: inherit;'>\n<ul style='padding-left: 20px; margin: 0; font-size: 14px; list-style-type: disc;'>\n<li style='margin-bottom: 5px;'><strong>40\/10\/1 GbE:<\/strong> Opciones de conectividad<\/li>\n<li style='margin-bottom: 5px;'><strong>CFC960:<\/strong> 4 puertos 1\/10GbE<\/li>\n<li style='margin-bottom: 5px;'><strong>Stacking:<\/strong> Fibra \u00f3ptica a larga distancia<\/li>\n<li style='margin-bottom: 5px;'><strong>CSFP:<\/strong> Tarjeta de fibra de 40 puertos<\/li>\n<\/ul><\/div>\n<\/p><\/div>\n<div style='flex: 1 1 250px; border: 1px solid rgba(150&comma; 150&comma; 150&comma; 0.4); border-radius: 8px; overflow: hidden; display: flex; flex-direction: column;'>\n<div style='padding: 15px; border-bottom: 1px solid rgba(150&comma; 150&comma; 150&comma; 0.2); font-weight: bold; font-size: 18px; color: inherit;'>Seguridad<\/div>\n<div style='padding: 15px; color: inherit;'>\n<ul style='padding-left: 20px; margin: 0; font-size: 14px; list-style-type: disc;'>\n<li style='margin-bottom: 5px;'><strong>ACLs:<\/strong> Control de acceso a nivel VLAN y puerto<\/li>\n<li style='margin-bottom: 5px;'><strong>VLAN Translation:<\/strong> Mapeo de VLANs<\/li>\n<li style='margin-bottom: 5px;'><strong>VRF Lite:<\/strong> Virtualizaci\u00f3n de rutas IP<\/li>\n<li style='margin-bottom: 5px;'><strong>AMF Secure:<\/strong> Cifrado de gesti\u00f3n<\/li>\n<\/ul><\/div>\n<\/p><\/div>\n<\/p><\/div>\n<p> <!-- Separador --> <\/p>\n<hr style='border: 0; border-top: 1px solid rgba(150&comma; 150&comma; 150&comma; 0.3); margin: 30px 0;'> <!-- Secci\u00f3n de aplicaciones --> <\/p>\n<div style='margin-bottom: 30px;'>\n<h3 style='font-size: 22px; border-bottom: 2px solid currentColor; padding-bottom: 5px; margin-top: 0; color: inherit; opacity: 0.8;'>Aplicaciones<\/h3>\n<ul style='padding-left: 20px; font-size: 15px; color: inherit;'>\n<li style='margin-bottom: 10px;'><strong>Redes Empresariales:<\/strong> Soluci\u00f3n de n\u00facleo con alta disponibilidad para grandes empresas con m\u00faltiples ubicaciones.<\/li>\n<li style='margin-bottom: 10px;'><strong>Centros de Datos:<\/strong> Soporte para redes de backbone distribuido con capacidad de stacking a larga distancia.<\/li>\n<li style='margin-bottom: 10px;'><strong>Redes de Proveedores:<\/strong> Capacidad de m\u00faltiples dominios EPSR para redes de proveedores con alta disponibilidad.<\/li>\n<li style='margin-bottom: 10px;'><strong>Redes Convergentes:<\/strong> Soporte para servicios convergentes con QoS avanzado para voz&comma; video y datos.<\/li>\n<\/ul><\/div>\n<p> <!-- Secci\u00f3n de caracter\u00edsticas avanzadas --> <\/p>\n<div style='display: grid; grid-template-columns: repeat(auto-fill&comma; minmax(250px&comma; 1fr)); gap: 20px; margin-bottom: 30px;'>\n<div style='border: 1px solid rgba(150&comma; 150&comma; 150&comma; 0.4); border-radius: 8px; overflow: hidden;'>\n<div style='padding: 15px; background-color: rgba(0&comma;0&comma;0&comma;0.05); font-weight: bold; font-size: 18px; color: inherit;'>Virtualizaci\u00f3n<\/div>\n<div style='padding: 15px; color: inherit;'>\n<ul style='padding-left: 20px; margin: 0; font-size: 14px; list-style-type: disc;'>\n<li style='margin-bottom: 5px;'>VCStack Plus para stacking de chasis<\/li>\n<li style='margin-bottom: 5px;'>VRF Lite para virtualizaci\u00f3n de rutas<\/li>\n<li style='margin-bottom: 5px;'>Soporte para m\u00faltiples dominios EPSR<\/li>\n<\/ul><\/div>\n<\/p><\/div>\n<div style='border: 1px solid rgba(150&comma; 150&comma; 150&comma; 0.4); border-radius: 8px; overflow: hidden;'>\n<div style='padding: 15px; background-color: rgba(0&comma;0&comma;0&comma;0.05); font-weight: bold; font-size: 18px; color: inherit;'>Redundancia<\/div>\n<div style='padding: 15px; color: inherit;'>\n<ul style='padding-left: 20px; margin: 0; font-size: 14px; list-style-type: disc;'>\n<li style='margin-bottom: 5px;'>Doble controlador CFC960 activo-activo<\/li>\n<li style='margin-bottom: 5px;'>Fuentes de poder redundantes<\/li>\n<li style='margin-bottom: 5px;'>Componentes hot-swappable<\/li>\n<li style='margin-bottom: 5px;'>Protecci\u00f3n de anillo con EPSR y G.8032<\/li>\n<\/ul><\/div>\n<\/p><\/div>\n<div style='border: 1px solid rgba(150&comma; 150&comma; 150&comma; 0.4); border-radius: 8px; overflow: hidden;'>\n<div style='padding: 15px; background-color: rgba(0&comma;0&comma;0&comma;0.05); font-weight: bold; font-size: 18px; color: inherit;'>Gesti\u00f3n<\/div>\n<div style='padding: 15px; color: inherit;'>\n<ul style='padding-left: 20px; margin: 0; font-size: 14px; list-style-type: disc;'>\n<li style='margin-bottom: 5px;'>AMF con auto-provisionamiento<\/li>\n<li style='margin-bottom: 5px;'>TACACS+ Command Authorization<\/li>\n<li style='margin-bottom: 5px;'>Monitoreo proactivo con Link Monitoring<\/li>\n<li style='margin-bottom: 5px;'>sFlow para an\u00e1lisis de tr\u00e1fico en tiempo real<\/li>\n<\/ul><\/div>\n<\/p><\/div>\n<div style='border: 1px solid rgba(150&comma; 150&comma; 150&comma; 0.4); border-radius: 8px; overflow: hidden;'>\n<div style='padding: 15px; background-color: rgba(0&comma;0&comma;0&comma;0.05); font-weight: bold; font-size: 18px; color: inherit;'>Servicios<\/div>\n<div style='padding: 15px; color: inherit;'>\n<ul style='padding-left: 20px; margin: 0; font-size: 14px; list-style-type: disc;'>\n<li style='margin-bottom: 5px;'>QoS avanzado con priorizaci\u00f3n de tr\u00e1fico<\/li>\n<li style='margin-bottom: 5px;'>BFD para detecci\u00f3n r\u00e1pida de fallos<\/li>\n<li style='margin-bottom: 5px;'>MSDP para reenv\u00edo eficiente de multicast<\/li>\n<li style='margin-bottom: 5px;'>UFO para control de comunicaci\u00f3n entre puertos<\/li>\n<\/ul><\/div>\n<\/p><\/div>\n<\/p><\/div>\n<p> <!-- Secci\u00f3n de beneficios --> <\/p>\n<div style='margin-bottom: 30px;'>\n<h3 style='font-size: 22px; border-bottom: 2px solid currentColor; padding-bottom: 5px; margin-top: 0; color: inherit; opacity: 0.8;'>Beneficios Clave<\/h3>\n<ul style='padding-left: 20px; font-size: 15px; color: inherit;'>\n<li style='margin-bottom: 10px;'><strong>Alta Disponibilidad:<\/strong> Dise\u00f1o completamente redundante con componentes hot-swappable y protecci\u00f3n de anillo.<\/li>\n<li style='margin-bottom: 10px;'><strong>Escalabilidad:<\/strong> Capacidad de stacking a larga distancia y opciones flexibles de conectividad.<\/li>\n<li style='margin-bottom: 10px;'><strong>Eficiencia Energ\u00e9tica:<\/strong> Modo ECO y componentes de bajo consumo.<\/li>\n<li style='margin-bottom: 10px;'><strong>Seguridad:<\/strong> Control de acceso granular&comma; monitoreo de fibra y gesti\u00f3n cifrada.<\/li>\n<li style='margin-bottom: 10px;'><strong>Gesti\u00f3n Simplificada:<\/strong> AMF con auto-provisionamiento y actualizaciones sin interrupci\u00f3n.<\/li>\n<\/ul><\/div>\n<p> <!-- Separador final --> <\/p>\n<hr style='border: 0; border-top: 1px solid rgba(150&comma; 150&comma; 150&comma; 0.3); margin: 30px 0;'> <\/div>\n","protected":false},"excerpt":{"rendered":"<p>Poliza Net.Cover Advanced &#8211; 1 a\u00f1o para AT-SBx81CFC960<\/p>\n","protected":false},"featured_media":79734,"comment_status":"open","ping_status":"closed","template":"","meta":[],"product_brand":[],"product_cat":[1993],"product_tag":[1995,664,1994],"class_list":{"0":"post-79735","1":"product","2":"type-product","3":"status-publish","4":"has-post-thumbnail","6":"product_cat-polizas-de-garantia","7":"product_tag-allied-telesis","8":"product_tag-networking","9":"product_tag-polizas-de-garantia","11":"first","12":"outofstock","13":"sale","14":"shipping-taxable","15":"purchasable","16":"product-type-simple"},"_links":{"self":[{"href":"https:\/\/soydeaqui.ddns.net\/pachuca\/index.php\/wp-json\/wp\/v2\/product\/79735","targetHints":{"allow":["GET"]}}],"collection":[{"href":"https:\/\/soydeaqui.ddns.net\/pachuca\/index.php\/wp-json\/wp\/v2\/product"}],"about":[{"href":"https:\/\/soydeaqui.ddns.net\/pachuca\/index.php\/wp-json\/wp\/v2\/types\/product"}],"replies":[{"embeddable":true,"href":"https:\/\/soydeaqui.ddns.net\/pachuca\/index.php\/wp-json\/wp\/v2\/comments?post=79735"}],"wp:featuredmedia":[{"embeddable":true,"href":"https:\/\/soydeaqui.ddns.net\/pachuca\/index.php\/wp-json\/wp\/v2\/media\/79734"}],"wp:attachment":[{"href":"https:\/\/soydeaqui.ddns.net\/pachuca\/index.php\/wp-json\/wp\/v2\/media?parent=79735"}],"wp:term":[{"taxonomy":"product_brand","embeddable":true,"href":"https:\/\/soydeaqui.ddns.net\/pachuca\/index.php\/wp-json\/wp\/v2\/product_brand?post=79735"},{"taxonomy":"product_cat","embeddable":true,"href":"https:\/\/soydeaqui.ddns.net\/pachuca\/index.php\/wp-json\/wp\/v2\/product_cat?post=79735"},{"taxonomy":"product_tag","embeddable":true,"href":"https:\/\/soydeaqui.ddns.net\/pachuca\/index.php\/wp-json\/wp\/v2\/product_tag?post=79735"}],"curies":[{"name":"wp","href":"https:\/\/api.w.org\/{rel}","templated":true}]}}