{"id":79726,"date":"2026-03-19T17:34:38","date_gmt":"2026-03-19T17:34:38","guid":{"rendered":"https:\/\/soydeaqui.ddns.net\/pachuca\/index.php\/producto\/gateway-con-4-puertos-e1-t1-j1-ideal-para-ampliar-red-de-voip\/"},"modified":"2026-03-19T17:34:53","modified_gmt":"2026-03-19T17:34:53","slug":"gateway-con-4-puertos-e1-t1-j1-ideal-para-ampliar-red-de-voip","status":"publish","type":"product","link":"https:\/\/soydeaqui.ddns.net\/pachuca\/index.php\/producto\/gateway-con-4-puertos-e1-t1-j1-ideal-para-ampliar-red-de-voip\/","title":{"rendered":"GATEWAY con 4 puertos E1\/T1\/J1 ideal para ampliar red de VoIP"},"content":{"rendered":"<div style='width: 100%; max-width: 1200px; margin: 0 auto; font-family: sans-serif; line-height: 1.6; color: inherit; background-color: transparent;'>\n<div style='display: flex; flex-wrap: wrap; gap: 30px; margin-bottom: 30px;'>\n<div style='flex: 1 1 300px; min-width: 280px;'>\n<h3 style='font-size: 22px; border-bottom: 2px solid currentColor; padding-bottom: 5px; margin-top: 0; color: inherit; opacity: 0.8;'>Descripci\u00f3n General<\/h3>\n<p style='font-size: 15px; color: inherit;'>Las series GXW4500 son gateways digitales con interfaz E1 \/ T1 que permiten la integraci\u00f3n con redes VoIP. Al conectar la serie GXW4500 en una red VoIP donde exista un PBX tradicional o un proveedor de E1 \/ T1 \/ J1&comma; las empresas pueden aumentar considerablemente la cantidad de enlaces PSTN \/ ISDN integrados con su red VoIP. La serie GXW4500 ofrece tres modelos que ofrecen 1&comma; 2 o 4 t1 \/ E1 \/ J1 y admiten 30&comma; 60 o 120 llamadas simult\u00e1neas para satisfacer las necesidades de VoIP de las empresas grandes y medianas.<\/p>\n<\/p><\/div>\n<\/p><\/div>\n<div style='display: flex; flex-wrap: wrap; gap: 20px; margin-bottom: 30px;'>\n<div style='flex: 1 1 250px; border: 1px solid rgba(150&comma; 150&comma; 150&comma; 0.4); border-radius: 8px; overflow: hidden; display: flex; flex-direction: column;'>\n<div style='padding: 15px; border-bottom: 1px solid rgba(150&comma; 150&comma; 150&comma; 0.2); font-weight: bold; font-size: 18px; color: inherit;'>Caracter\u00edsticas Principales<\/div>\n<div style='padding: 15px; color: inherit;'>\n<ul style='padding-left: 20px; margin: 0; font-size: 14px; list-style-type: disc;'>\n<li style='margin-bottom: 5px;'>Puertos E1 \/ T1 \/ J1 configurables por software&comma; soporte PRI&comma; SS7&comma; MFC R2<\/li>\n<li style='margin-bottom: 5px;'>Puertos de red RJ45 de detecci\u00f3n autom\u00e1tica dos puertos Gigabit.<\/li>\n<li style='margin-bottom: 5px;'>Admite una amplia gama de c\u00f3decs de voz&comma; incluidos Opus&comma; G.722&comma; G.729&comma; iLBC y m\u00e1s<\/li>\n<li style='margin-bottom: 5px;'>Tecnolog\u00eda de cifrado de seguridad TLS y SRTP para proteger llamadas y cuentas<\/li>\n<li style='margin-bottom: 5px;'>Aprovisionamiento automatizado por HTTP \/ TFTP con archivos de configuraci\u00f3n XML<\/li>\n<li style='margin-bottom: 5px;'>Admite T.38 Fax para crear Fax sobre IP<\/li>\n<li style='margin-bottom: 5px;'>Soporta mensajes de voz en varios idiomas<\/li>\n<\/ul><\/div>\n<\/p><\/div>\n<div style='flex: 1 1 250px; border: 1px solid rgba(150&comma; 150&comma; 150&comma; 0.4); border-radius: 8px; overflow: hidden; display: flex; flex-direction: column;'>\n<div style='padding: 15px; border-bottom: 1px solid rgba(150&comma; 150&comma; 150&comma; 0.2); font-weight: bold; font-size: 18px; color: inherit;'>Especificaciones T\u00e9cnicas<\/div>\n<div style='padding: 15px; color: inherit;'>\n<ul style='padding-left: 20px; margin: 0; font-size: 14px; list-style-type: disc;'>\n<li style='margin-bottom: 5px;'>Protocolos de se\u00f1alizaci\u00f3n: PRI&comma; SS7&comma; MFC R2<\/li>\n<li style='margin-bottom: 5px;'>C\u00f3decs de voz compatibles: Opus&comma; G.722&comma; G.711&comma; G.729&comma; G.723&comma; iLBC&comma; G.726&comma; GSM-FR<\/li>\n<li style='margin-bottom: 5px;'>2 Puertos de red Gigabit Ethernet con NAT configurable<\/li>\n<li style='margin-bottom: 5px;'>2 Puertos USB 3.0<\/li>\n<li style='margin-bottom: 5px;'>Interfaz de tarjeta SD<\/li>\n<li style='margin-bottom: 5px;'>Cancelaci\u00f3n de eco y b\u00fafer de fluctuaci\u00f3n de fase<\/li>\n<li style='margin-bottom: 5px;'>Soporte de Fax T.38<\/li>\n<li style='margin-bottom: 5px;'>Cifrado TLS y SRTP para seguridad<\/li>\n<li style='margin-bottom: 5px;'>Aprovisionamiento automatizado HTTP \/ TFTP con XML<\/li>\n<\/ul><\/div>\n<\/p><\/div>\n<\/p><\/div>\n<div style='display: flex; flex-wrap: wrap; gap: 30px; margin-bottom: 30px;'>\n<div style='flex: 1 1 300px; min-width: 280px;'>\n<h3 style='font-size: 22px; border-bottom: 2px solid currentColor; padding-bottom: 5px; margin-top: 0; color: inherit; opacity: 0.8;'>Aplicaciones<\/h3>\n<p style='font-size: 15px; color: inherit;'>La serie GXW4500 admite los protocolos de se\u00f1alizaci\u00f3n digital PRI&comma; SS7 y MFC R2 y casi todos los c\u00f3decs de voz principales&comma; incluidos Opus&comma; G.722&comma; G.711&comma; G.729&comma; G.723&comma; iLBC&comma; G.726&comma; GSM-FR&comma; etc. Esta serie de pasarela VoIP digital incluye puertos de red Gigabit dobles con un enrutador NAT configurable integrado&comma; dos puertos USB 3.0 y una interfaz de tarjeta SD. Al agregar la cancelaci\u00f3n de eco&comma; el b\u00fafer de fluctuaci\u00f3n de fase&comma; el soporte de fax T.38&comma; el cifrado de seguridad TLS y SRTP&comma; as\u00ed como el aprovisionamiento automatizado mediante HTTP \/ TFTP con archivos de configuraci\u00f3n XML&comma; la serie GXW4500 puede satisfacer las necesidades de VoIP de grandes y medianas empresas.<\/p>\n<\/p><\/div>\n<\/p><\/div>\n<hr style='border: 0; border-top: 1px solid rgba(150&comma; 150&comma; 150&comma; 0.3); margin: 30px 0;'> <\/div>\n","protected":false},"excerpt":{"rendered":"<p>GATEWAY con 4 puertos E1\/T1\/J1 ideal para ampliar red de VoIP<\/p>\n","protected":false},"featured_media":79725,"comment_status":"open","ping_status":"closed","template":"","meta":[],"product_brand":[],"product_cat":[2070],"product_tag":[2071,909,2004],"class_list":{"0":"post-79726","1":"product","2":"type-product","3":"status-publish","4":"has-post-thumbnail","6":"product_cat-gateways-y-atas","7":"product_tag-gateways-y-atas","8":"product_tag-grandstream","9":"product_tag-voip-telefonia-ip-videoconferencia","11":"first","12":"outofstock","13":"sale","14":"shipping-taxable","15":"purchasable","16":"product-type-simple"},"_links":{"self":[{"href":"https:\/\/soydeaqui.ddns.net\/pachuca\/index.php\/wp-json\/wp\/v2\/product\/79726","targetHints":{"allow":["GET"]}}],"collection":[{"href":"https:\/\/soydeaqui.ddns.net\/pachuca\/index.php\/wp-json\/wp\/v2\/product"}],"about":[{"href":"https:\/\/soydeaqui.ddns.net\/pachuca\/index.php\/wp-json\/wp\/v2\/types\/product"}],"replies":[{"embeddable":true,"href":"https:\/\/soydeaqui.ddns.net\/pachuca\/index.php\/wp-json\/wp\/v2\/comments?post=79726"}],"wp:featuredmedia":[{"embeddable":true,"href":"https:\/\/soydeaqui.ddns.net\/pachuca\/index.php\/wp-json\/wp\/v2\/media\/79725"}],"wp:attachment":[{"href":"https:\/\/soydeaqui.ddns.net\/pachuca\/index.php\/wp-json\/wp\/v2\/media?parent=79726"}],"wp:term":[{"taxonomy":"product_brand","embeddable":true,"href":"https:\/\/soydeaqui.ddns.net\/pachuca\/index.php\/wp-json\/wp\/v2\/product_brand?post=79726"},{"taxonomy":"product_cat","embeddable":true,"href":"https:\/\/soydeaqui.ddns.net\/pachuca\/index.php\/wp-json\/wp\/v2\/product_cat?post=79726"},{"taxonomy":"product_tag","embeddable":true,"href":"https:\/\/soydeaqui.ddns.net\/pachuca\/index.php\/wp-json\/wp\/v2\/product_tag?post=79726"}],"curies":[{"name":"wp","href":"https:\/\/api.w.org\/{rel}","templated":true}]}}