{"id":79706,"date":"2026-03-19T17:33:50","date_gmt":"2026-03-19T17:33:50","guid":{"rendered":"https:\/\/soydeaqui.ddns.net\/pachuca\/index.php\/producto\/telefono-ip-empresarial-para-20-lineas-sip-bluetooth-integrado-para-diademas-poe-y-hasta-60-botones-dss-con-doble-puerto-gigabit-soporta-recepcion-de-video\/"},"modified":"2026-03-19T17:34:04","modified_gmt":"2026-03-19T17:34:04","slug":"telefono-ip-empresarial-para-20-lineas-sip-bluetooth-integrado-para-diademas-poe-y-hasta-60-botones-dss-con-doble-puerto-gigabit-soporta-recepcion-de-video","status":"publish","type":"product","link":"https:\/\/soydeaqui.ddns.net\/pachuca\/index.php\/producto\/telefono-ip-empresarial-para-20-lineas-sip-bluetooth-integrado-para-diademas-poe-y-hasta-60-botones-dss-con-doble-puerto-gigabit-soporta-recepcion-de-video\/","title":{"rendered":"Tel\u00e9fono IP empresarial para 20 lineas SIP, Bluetooth integrado para diademas, PoE y hasta 60 botones DSS con doble puerto Gigabit, soporta recepci\u00f3n de video"},"content":{"rendered":"<div style='width: 100%; max-width: 1200px; margin: 0 auto; font-family: sans-serif; line-height: 1.6; color: inherit; background-color: transparent;'>\n<p style='text-align: justify; font-size: 15px; margin-bottom: 25px; color: inherit;'>Con un dise\u00f1o moderno y claro&comma; Fanvil X7C es un tel\u00e9fono IP empresarial de alta gama para usuarios comerciales que necesitan acceso inmediato a toda su informaci\u00f3n importante. Adem\u00e1s de una pantalla a color de alta resoluci\u00f3n de 5 pulgadas&comma; el tel\u00e9fono tambi\u00e9n cuenta con 20 l\u00edneas SIP&comma; audio HD con soporte Opus&comma; hasta 60 teclas DSS (12 f\u00edsicas)&comma; Bluetooth incorporado&comma; conectividad Wi-Fi y m\u00e1s.<\/p>\n<div style='display: grid; grid-template-columns: repeat(auto-fill&comma; minmax(280px&comma; 1fr)); gap: 30px; margin-bottom: 30px;'>\n<div style='border: 1px solid rgba(150&comma; 150&comma; 150&comma; 0.4); border-radius: 8px; overflow: hidden; display: flex; flex-direction: column;'>\n<div style='padding: 15px; border-bottom: 1px solid rgba(150&comma; 150&comma; 150&comma; 0.2); font-weight: bold; font-size: 18px; color: inherit;'>Caracter\u00edsticas principales<\/div>\n<div style='padding: 15px; color: inherit;'>\n<ul style='padding-left: 20px; margin: 0; font-size: 14px; list-style-type: disc;'>\n<li style='margin-bottom: 5px;'>20 l\u00edneas SIP&comma; conferencia de 3 v\u00edas&comma; hotspot<\/li>\n<li style='margin-bottom: 5px;'>Pantalla color de alta resoluci\u00f3n de 5&#8242;<\/li>\n<li style='margin-bottom: 5px;'>Audio HD en altavoz y auricular.<\/li>\n<li style='margin-bottom: 5px;'>Hasta 60 entradas de llaves DSS disponibles (12 f\u00edsicas)<\/li>\n<li style='margin-bottom: 5px;'>Bluetooth incorporado para conectar auriculares Bluetooth<\/li>\n<li style='margin-bottom: 5px;'>Soporte de codec H.264 de video para recibir llamadas de video<\/li>\n<li style='margin-bottom: 5px;'>Soporte con 2 \u00e1ngulos ajustables de 40 y 50 grados.<\/li>\n<li style='margin-bottom: 5px;'>Compatible con auriculares EHS<\/li>\n<li style='margin-bottom: 5px;'>Puertos Gigabit duales&comma; PoE integrado<\/li>\n<li style='margin-bottom: 5px;'>Compatible con las principales plataformas: 3CX&comma; Avaya&comma; Asterisk&comma; Broadsoft&comma; Metaswitch&comma; Elastix etc.<\/li>\n<li style='margin-bottom: 5px;'>Garantia 2 a\u00f1os.<\/li>\n<\/ul><\/div>\n<\/p><\/div>\n<div style='border: 1px solid rgba(150&comma; 150&comma; 150&comma; 0.4); border-radius: 8px; overflow: hidden; display: flex; flex-direction: column;'>\n<div style='padding: 15px; border-bottom: 1px solid rgba(150&comma; 150&comma; 150&comma; 0.2); font-weight: bold; font-size: 18px; color: inherit;'>Caracter\u00edsticas F\u00edsicas y El\u00e9ctricas<\/div>\n<div style='padding: 15px; color: inherit;'>\n<ul style='padding-left: 20px; margin: 0; font-size: 14px; list-style-type: disc;'>\n<li style='margin-bottom: 5px;'>Consumo con PoE 2.6W a 9W<\/li>\n<li style='margin-bottom: 5px;'>Consumo con adaptador 2.4W a 8W<\/li>\n<li style='margin-bottom: 5px;'>Temperatura de trabajo de 0 a 40<\/li>\n<li style='margin-bottom: 5px;'>PoE 802.3af<\/li>\n<li style='margin-bottom: 5px;'>Entrada de adaptador DC 5 Vcc&comma; 2.0 A (No incluida)<\/li>\n<\/ul><\/div>\n<\/p><\/div>\n<div style='border: 1px solid rgba(150&comma; 150&comma; 150&comma; 0.4); border-radius: 8px; overflow: hidden; display: flex; flex-direction: column;'>\n<div style='padding: 15px; border-bottom: 1px solid rgba(150&comma; 150&comma; 150&comma; 0.2); font-weight: bold; font-size: 18px; color: inherit;'>Caracter\u00edsticas de Red<\/div>\n<div style='padding: 15px; color: inherit;'>\n<ul style='padding-left: 20px; margin: 0; font-size: 14px; list-style-type: disc;'>\n<li style='margin-bottom: 5px;'>2 puertos Gigabit 10\/100\/1000 Mbps modo puente para bypass a PC<\/li>\n<li style='margin-bottom: 5px;'>Configuraci\u00f3n de IP: est\u00e1tico \/ DHCP \/ PPPoE<\/li>\n<li style='margin-bottom: 5px;'>Control de acceso por red: 802.1x<\/li>\n<li style='margin-bottom: 5px;'>VPN: L2TP (Desencriptado b\u00e1sico)<\/li>\n<li style='margin-bottom: 5px;'>VLAN<\/li>\n<li style='margin-bottom: 5px;'>QoS<\/li>\n<li style='margin-bottom: 5px;'>Bluetooth integrado<\/li>\n<\/ul><\/div>\n<\/p><\/div>\n<\/p><\/div>\n<hr style='border: 0; border-top: 1px solid rgba(150&comma; 150&comma; 150&comma; 0.3); margin: 30px 0;'> <\/div>\n","protected":false},"excerpt":{"rendered":"<p>Tel\u00e9fono IP empresarial para 20 lineas SIP, Bluetooth integrado para diademas, PoE y hasta 60 botones DSS con doble puerto Gigabit, soporta recepci\u00f3n de video<\/p>\n","protected":false},"featured_media":79705,"comment_status":"open","ping_status":"closed","template":"","meta":[],"product_brand":[],"product_cat":[2003],"product_tag":[859,2005,2004],"class_list":{"0":"post-79706","1":"product","2":"type-product","3":"status-publish","4":"has-post-thumbnail","6":"product_cat-telefonos-ip","7":"product_tag-fanvil","8":"product_tag-telefonos-ip","9":"product_tag-voip-telefonia-ip-videoconferencia","11":"first","12":"instock","13":"sale","14":"shipping-taxable","15":"purchasable","16":"product-type-simple"},"_links":{"self":[{"href":"https:\/\/soydeaqui.ddns.net\/pachuca\/index.php\/wp-json\/wp\/v2\/product\/79706","targetHints":{"allow":["GET"]}}],"collection":[{"href":"https:\/\/soydeaqui.ddns.net\/pachuca\/index.php\/wp-json\/wp\/v2\/product"}],"about":[{"href":"https:\/\/soydeaqui.ddns.net\/pachuca\/index.php\/wp-json\/wp\/v2\/types\/product"}],"replies":[{"embeddable":true,"href":"https:\/\/soydeaqui.ddns.net\/pachuca\/index.php\/wp-json\/wp\/v2\/comments?post=79706"}],"wp:featuredmedia":[{"embeddable":true,"href":"https:\/\/soydeaqui.ddns.net\/pachuca\/index.php\/wp-json\/wp\/v2\/media\/79705"}],"wp:attachment":[{"href":"https:\/\/soydeaqui.ddns.net\/pachuca\/index.php\/wp-json\/wp\/v2\/media?parent=79706"}],"wp:term":[{"taxonomy":"product_brand","embeddable":true,"href":"https:\/\/soydeaqui.ddns.net\/pachuca\/index.php\/wp-json\/wp\/v2\/product_brand?post=79706"},{"taxonomy":"product_cat","embeddable":true,"href":"https:\/\/soydeaqui.ddns.net\/pachuca\/index.php\/wp-json\/wp\/v2\/product_cat?post=79706"},{"taxonomy":"product_tag","embeddable":true,"href":"https:\/\/soydeaqui.ddns.net\/pachuca\/index.php\/wp-json\/wp\/v2\/product_tag?post=79706"}],"curies":[{"name":"wp","href":"https:\/\/api.w.org\/{rel}","templated":true}]}}