{"id":79690,"date":"2026-03-19T17:33:09","date_gmt":"2026-03-19T17:33:09","guid":{"rendered":"https:\/\/soydeaqui.ddns.net\/pachuca\/index.php\/producto\/engage-75-stereo-auriculares-profesionales-con-gran-potencia-conexion-con-hasta-5-dispositivos-a-la-vez-9559-583-125\/"},"modified":"2026-03-19T17:33:21","modified_gmt":"2026-03-19T17:33:21","slug":"engage-75-stereo-auriculares-profesionales-con-gran-potencia-conexion-con-hasta-5-dispositivos-a-la-vez-9559-583-125","status":"publish","type":"product","link":"https:\/\/soydeaqui.ddns.net\/pachuca\/index.php\/producto\/engage-75-stereo-auriculares-profesionales-con-gran-potencia-conexion-con-hasta-5-dispositivos-a-la-vez-9559-583-125\/","title":{"rendered":"Engage 75 Stereo, Auriculares profesionales con gran potencia, conexi\u00f3n con hasta 5 dispositivos a la vez.  (9559-583-125)"},"content":{"rendered":"<div style='width: 100%; max-width: 1200px; margin: 0 auto; font-family: sans-serif; line-height: 1.6; color: inherit; background-color: transparent;'>\n<h3 style='font-size: 22px; border-bottom: 2px solid currentColor; padding-bottom: 5px; margin-top: 0; color: inherit; opacity: 0.8;'>Disfrute de llamadas con un sonido superior&comma; incluso en oficinas muy activas con muchos dispositivos inal\u00e1mbricos.<\/h3>\n<p style='font-size: 15px; margin: 15px 0; color: inherit;'>Escuche la diferencia en comparaci\u00f3n con otros auriculares inal\u00e1mbricos que enfrentan problemas de densidad.<\/p>\n<h2 style='font-size: 24px; border-bottom: 2px solid currentColor; padding-bottom: 5px; margin-top: 25px; color: inherit; opacity: 0.8;'>Supera los problemas de capacidad inal\u00e1mbrica.<\/h2>\n<p style='font-size: 15px; margin: 15px 0; color: inherit;'>La serie Jabra Engage permite que hasta el triple de usuarios trabajen de forma inal\u00e1mbrica en el mismo espacio de oficina.<\/p>\n<h2 style='font-size: 24px; border-bottom: 2px solid currentColor; padding-bottom: 5px; margin-top: 25px; color: inherit; opacity: 0.8;'>Llamadas n\u00edtidas.<\/h2>\n<p style='font-size: 15px; margin: 15px 0; color: inherit;'>Micr\u00f3fono con cancelaci\u00f3n de ruidos avanzada y auriculares mejorados para disfrutar de llamadas n\u00edtidas incluso en oficinas ruidosas.<\/p>\n<h2 style='font-size: 24px; border-bottom: 2px solid currentColor; padding-bottom: 5px; margin-top: 25px; color: inherit; opacity: 0.8;'>Alcanza un nuevo nivel en seguridad de llamadas inal\u00e1mbricas.<\/h2>\n<p style='font-size: 15px; margin: 15px 0; color: inherit;'>Sistema de sincronizaci\u00f3n patentado. Encriptado AES de 256 bits. Autenticaci\u00f3n de 128 bits. Nivel de seguridad DECT C<\/p>\n<p style='margin: 30px 0;'><img style='width: 100%; height: auto; border: 1px solid rgba(150&comma;150&comma;150&comma;0.3); border-radius: 8px;' src='https:\/\/ftp3.syscom.mx\/usuarios\/lcuevas\/Engage%2075\/Base%20moderna.PNG' alt=''><\/p>\n<p style='margin: 30px 0;'><img style='width: 100%; height: auto; border: 1px solid rgba(150&comma;150&comma;150&comma;0.3); border-radius: 8px;' src='https:\/\/ftp3.syscom.mx\/usuarios\/lcuevas\/Engage%2075\/conexiones.PNG' alt=''><\/p>\n<p style='margin: 30px 0;'><img style='width: 100%; height: auto; border: 1px solid rgba(150&comma;150&comma;150&comma;0.3); border-radius: 8px;' src='https:\/\/ftp3.syscom.mx\/usuarios\/lcuevas\/Engage%2075\/Bateria.PNG' alt=''><\/p>\n<div style='display: flex; flex-wrap: wrap; gap: 30px; margin-top: 40px; margin-bottom: 30px;'>\n<div style='flex: 1 1 300px; min-width: 280px;'>\n<h3 style='font-size: 20px; border-bottom: 2px solid currentColor; padding-bottom: 5px; margin-top: 0; color: inherit; opacity: 0.8;'>Especificaciones t\u00e9cnicas<\/h3>\n<h4 style='font-size: 18px; margin-top: 20px; color: inherit; opacity: 0.8;'>Audio<\/h4>\n<ul style='padding-left: 20px; font-size: 15px; color: inherit;'>\n<li style='margin-bottom: 5px;'><strong>Rango de frecuencia del altavoz:<\/strong> De 40 Hz a 16 kHz<\/li>\n<li style='margin-bottom: 5px;'><strong>Gama de frecuencia del micr\u00f3fono:<\/strong> De 100 Hz a 10 kHz<\/li>\n<li style='margin-bottom: 5px;'><strong>Ancho de banda del altavoz&comma; modo m\u00fasica:<\/strong> De 40 Hz a 16 kHz<\/li>\n<li style='margin-bottom: 5px;'><strong>Certificaciones:<\/strong> CE&comma; CB&comma; FCC&comma; IC&comma; NOM&comma; NTC&comma; EAC&comma; PSB&comma; ICASA&comma; TELEC&comma; SIRIM&comma; ACMA&comma; NZ Telepermit&comma; UL&comma; Bluetooth\u00ae<\/li>\n<\/ul><\/div>\n<div style='flex: 1 1 300px; min-width: 280px;'>\n<h4 style='font-size: 18px; margin-top: 20px; color: inherit; opacity: 0.8;'>Ajuste y comodidad<\/h4>\n<ul style='padding-left: 20px; font-size: 15px; color: inherit;'>\n<li style='margin-bottom: 5px;'><strong>Formato del auricular:<\/strong> Diadema para la cabeza&comma; diadema para el cuello incluida (Mono)<\/li>\n<\/ul>\n<h4 style='font-size: 18px; margin-top: 20px; color: inherit; opacity: 0.8;'>Facilidad de uso<\/h4>\n<ul style='padding-left: 20px; font-size: 15px; color: inherit;'>\n<li style='margin-bottom: 5px;'><strong>Control de audio intuitivo:<\/strong> Responder\/Finalizar llamada&comma; rechazar llamada&comma; control de volumen<\/li>\n<li style='margin-bottom: 5px;'><strong>Voz\/Silenciar:<\/strong> S\u00ed<\/li>\n<li style='margin-bottom: 5px;'><strong>Indicador Busylight:<\/strong> Luz roja integrada en la punta del micr\u00f3fono y en el auricular que se activa autom\u00e1ticamente durante las llamadas; el usuario puede activarla manualmente como se\u00f1al de \u00abno molestar\u00bb<\/li>\n<\/ul>\n<h4 style='font-size: 18px; margin-top: 20px; color: inherit; opacity: 0.8;'>Bater\u00eda<\/h4>\n<ul style='padding-left: 20px; font-size: 15px; color: inherit;'>\n<li style='margin-bottom: 5px;'><strong>Tiempo de conversaci\u00f3n:<\/strong> Hasta 13 horas<\/li>\n<li style='margin-bottom: 5px;'><strong>Tiempo de carga:<\/strong> 30 min para cargar al 40 %<br \/>90 min para cargar al 100 %<\/li>\n<\/ul><\/div>\n<div style='flex: 1 1 300px; min-width: 280px;'>\n<h4 style='font-size: 18px; margin-top: 20px; color: inherit; opacity: 0.8;'>Conectividad<\/h4>\n<ul style='padding-left: 20px; font-size: 15px; color: inherit;'>\n<li style='margin-bottom: 5px;'><strong>Conectividad:<\/strong> Tel\u00e9fono de mesa&comma; tel\u00e9fono de mesa USB&comma; softphone&comma; 2 m\u00f3viles (Bluetooth\u00ae)<\/li>\n<li style='margin-bottom: 5px;'><strong>Conexi\u00f3n (mini jack&comma; USB&comma; etc.):<\/strong> 2 uds. micro USB&comma; RJ-9 para auricular&comma; RJ-9 para audio de tel\u00e9fono de mesa&comma; RJ-45 para AUX<\/li>\n<li style='margin-bottom: 5px;'><strong>Dispositivo DECT:<\/strong> S\u00ed<\/li>\n<li style='margin-bottom: 5px;'><strong>NFC:<\/strong> S\u00ed<\/li>\n<li style='margin-bottom: 5px;'><strong>Dispositivo Bluetooth\u00ae:<\/strong> S\u00ed&comma; en la base<\/li>\n<li style='margin-bottom: 5px;'><strong>Versi\u00f3n de Bluetooth\u00ae:<\/strong> 5.0<\/li>\n<li style='margin-bottom: 5px;'><strong>Modos Bluetooth\u00ae compatibles:<\/strong> SCO&comma; eSCO&comma; Sniff<\/li>\n<li style='margin-bottom: 5px;'><strong>Perfiles Bluetooth\u00ae compatibles:<\/strong> Auricular&comma; manos libres y PBAB<\/li>\n<li style='margin-bottom: 5px;'><strong>Dispositivos sincronizados (m\u00e1ximo):<\/strong> 2 dispositivos Bluetooth\u00ae<\/li>\n<li style='margin-bottom: 5px;'><strong>Alcance inal\u00e1mbrico:<\/strong> Hasta 150 m (490 ft)<\/li>\n<li style='margin-bottom: 5px;'><strong>Ancho de banda del auricular:<\/strong> Banda estrecha y banda ancha<br \/>Optimizado para m\u00fasica (si no hay ninguna llamada)<\/li>\n<\/ul><\/div>\n<div style='flex: 1 1 300px; min-width: 280px;'>\n<h4 style='font-size: 18px; margin-top: 20px; color: inherit; opacity: 0.8;'>General<\/h4>\n<ul style='padding-left: 20px; font-size: 15px; color: inherit;'>\n<li style='margin-bottom: 5px;'><strong>Contenido del embalaje:<\/strong> Auricular (incluyendo acolchado)&comma; base&comma; fuente de alimentaci\u00f3n&comma; cable USB&comma; cable para tel\u00e9fono de mesa&comma; documentaci\u00f3n&comma; gu\u00eda de inicio r\u00e1pido<\/li>\n<li style='margin-bottom: 5px;'><strong>Dimensiones de la unidad principal (an. x pr. x al.):<\/strong> Base: 93 x 90 x 106mm<br \/>Auricular: 141 x 32 x 169 mm (Duo) 147 x 32 x 169 mm (Mono)<\/li>\n<li style='margin-bottom: 5px;'><strong>Peso del auricular:<\/strong> 82 g (Duo) 56 g (Mono)<\/li>\n<li style='margin-bottom: 5px;'><strong>Seguridad:<\/strong> Seguridad DECT paso C y algoritmos aprobados por FIPS para generaci\u00f3n de claves&comma; encriptado de carga \u00fatil y autenticaci\u00f3n<\/li>\n<li style='margin-bottom: 5px;'><strong>Garant\u00eda:<\/strong> Am\u00e9rica del Norte: Garant\u00eda limitada de 1 a\u00f1o<br \/>Europa\/APAC: Garant\u00eda limitada de 2 a\u00f1os<\/li>\n<li style='margin-bottom: 5px;'><strong>Jabra Direct:<\/strong> S\u00ed<\/li>\n<li style='margin-bottom: 5px;'><strong>Temperatura de funcionamiento:<\/strong> De -10 \u00b0C a 55 \u00b0C<\/li>\n<\/ul><\/div>\n<\/p><\/div>\n<hr style='border: 0; border-top: 1px solid rgba(150&comma; 150&comma; 150&comma; 0.3); margin: 30px 0;'> <\/div>\n","protected":false},"excerpt":{"rendered":"<p>Engage 75 Stereo, Auriculares profesionales con gran potencia, conexi\u00f3n con hasta 5 dispositivos a la vez.  (9559-583-125)<\/p>\n","protected":false},"featured_media":79689,"comment_status":"open","ping_status":"closed","template":"","meta":[],"product_brand":[],"product_cat":[2050],"product_tag":[2051,2052,2004],"class_list":{"0":"post-79690","1":"product","2":"type-product","3":"status-publish","4":"has-post-thumbnail","6":"product_cat-auriculares","7":"product_tag-auriculares","8":"product_tag-jabra","9":"product_tag-voip-telefonia-ip-videoconferencia","11":"first","12":"outofstock","13":"sale","14":"shipping-taxable","15":"purchasable","16":"product-type-simple"},"_links":{"self":[{"href":"https:\/\/soydeaqui.ddns.net\/pachuca\/index.php\/wp-json\/wp\/v2\/product\/79690","targetHints":{"allow":["GET"]}}],"collection":[{"href":"https:\/\/soydeaqui.ddns.net\/pachuca\/index.php\/wp-json\/wp\/v2\/product"}],"about":[{"href":"https:\/\/soydeaqui.ddns.net\/pachuca\/index.php\/wp-json\/wp\/v2\/types\/product"}],"replies":[{"embeddable":true,"href":"https:\/\/soydeaqui.ddns.net\/pachuca\/index.php\/wp-json\/wp\/v2\/comments?post=79690"}],"wp:featuredmedia":[{"embeddable":true,"href":"https:\/\/soydeaqui.ddns.net\/pachuca\/index.php\/wp-json\/wp\/v2\/media\/79689"}],"wp:attachment":[{"href":"https:\/\/soydeaqui.ddns.net\/pachuca\/index.php\/wp-json\/wp\/v2\/media?parent=79690"}],"wp:term":[{"taxonomy":"product_brand","embeddable":true,"href":"https:\/\/soydeaqui.ddns.net\/pachuca\/index.php\/wp-json\/wp\/v2\/product_brand?post=79690"},{"taxonomy":"product_cat","embeddable":true,"href":"https:\/\/soydeaqui.ddns.net\/pachuca\/index.php\/wp-json\/wp\/v2\/product_cat?post=79690"},{"taxonomy":"product_tag","embeddable":true,"href":"https:\/\/soydeaqui.ddns.net\/pachuca\/index.php\/wp-json\/wp\/v2\/product_tag?post=79690"}],"curies":[{"name":"wp","href":"https:\/\/api.w.org\/{rel}","templated":true}]}}