{"id":79686,"date":"2026-03-19T17:32:59","date_gmt":"2026-03-19T17:32:59","guid":{"rendered":"https:\/\/soydeaqui.ddns.net\/pachuca\/index.php\/producto\/jabra-engage-65-convertible-auricular-inalambrico-dect-el-mejor-del-rendimiento-inalambrico-y-densidad-9555-553-125\/"},"modified":"2026-03-19T17:33:06","modified_gmt":"2026-03-19T17:33:06","slug":"jabra-engage-65-convertible-auricular-inalambrico-dect-el-mejor-del-rendimiento-inalambrico-y-densidad-9555-553-125","status":"publish","type":"product","link":"https:\/\/soydeaqui.ddns.net\/pachuca\/index.php\/producto\/jabra-engage-65-convertible-auricular-inalambrico-dect-el-mejor-del-rendimiento-inalambrico-y-densidad-9555-553-125\/","title":{"rendered":"Jabra Engage 65 Convertible, auricular inal\u00e1mbrico DECT, el mejor del rendimiento inal\u00e1mbrico y densidad. (9555-553-125)"},"content":{"rendered":"<div style='width: 100%; max-width: 1200px; margin: 0 auto; font-family: sans-serif; line-height: 1.6; color: inherit; background-color: transparent;'> <!-- Secci\u00f3n de caracter\u00edsticas principales --> <\/p>\n<div style='display: flex; flex-wrap: wrap; gap: 30px; margin-bottom: 30px;'>\n<div style='flex: 1 1 300px; min-width: 280px;'>\n<h3 style='font-size: 22px; border-bottom: 2px solid currentColor; padding-bottom: 5px; margin-top: 0; color: inherit; opacity: 0.8;'>Caracter\u00edsticas principales<\/h3>\n<ul style='padding-left: 20px; font-size: 15px; color: inherit;'>\n<li style='margin-bottom: 5px;'>El mejor del sector en rendimiento inal\u00e1mbrico y densidad<\/li>\n<li style='margin-bottom: 5px;'>Micr\u00f3fono con cancelaci\u00f3n de ruido avanzada para disfrutar de llamadas n\u00edtidas<\/li>\n<li style='margin-bottom: 5px;'>Tiempo de conversaci\u00f3n para todo el d\u00eda y luz de aviso Busylight integrada<\/li>\n<li style='margin-bottom: 5px;'>Auricular ligero de solo 18g<\/li>\n<\/ul><\/div>\n<\/p><\/div>\n<p> <!-- Secci\u00f3n de especificaciones t\u00e9cnicas --> <\/p>\n<div style='display: flex; flex-wrap: wrap; gap: 20px; margin-bottom: 30px;'>\n<div style='flex: 1 1 250px; border: 1px solid rgba(150&comma; 150&comma; 150&comma; 0.4); border-radius: 8px; overflow: hidden; display: flex; flex-direction: column;'>\n<div style='padding: 15px; border-bottom: 1px solid rgba(150&comma; 150&comma; 150&comma; 0.2); font-weight: bold; font-size: 18px; color: inherit;'>Especificaciones de audio<\/div>\n<div style='padding: 15px; color: inherit;'>\n<ul style='padding-left: 20px; margin: 0; font-size: 14px; list-style-type: disc;'>\n<li style='margin-bottom: 5px;'><strong>Tama\u00f1o del auricular:<\/strong> 13 x 3&comma;65 mm<\/li>\n<li style='margin-bottom: 5px;'><strong>Potencia de salida m\u00e1xima del altavoz:<\/strong> <118 dB SPL(A)<\/li>\n<li style='margin-bottom: 5px;'><strong>Rango de frecuencia del altavoz:<\/strong> 40 Hz &#8211; 16 kHz<\/li>\n<li style='margin-bottom: 5px;'><strong>Ancho de banda del altavoz (modo m\u00fasica):<\/strong> 40 Hz &#8211; 16 kHz<\/li>\n<li style='margin-bottom: 5px;'><strong>Ancho de banda del altavoz (modo conversaci\u00f3n):<\/strong> 150 Hz &#8211; 6.800 Hz<\/li>\n<li style='margin-bottom: 5px;'><strong>Tipo de micr\u00f3fono:<\/strong> Micr\u00f3fono ECM unidireccional<\/li>\n<li style='margin-bottom: 5px;'><strong>Rango de frecuencia del micr\u00f3fono:<\/strong> 100 Hz &#8211; 10 kHz<\/li>\n<\/ul><\/div>\n<\/p><\/div>\n<div style='flex: 1 1 250px; border: 1px solid rgba(150&comma; 150&comma; 150&comma; 0.4); border-radius: 8px; overflow: hidden; display: flex; flex-direction: column;'>\n<div style='padding: 15px; border-bottom: 1px solid rgba(150&comma; 150&comma; 150&comma; 0.2); font-weight: bold; font-size: 18px; color: inherit;'>Especificaciones de uso<\/div>\n<div style='padding: 15px; color: inherit;'>\n<ul style='padding-left: 20px; margin: 0; font-size: 14px; list-style-type: disc;'>\n<li style='margin-bottom: 5px;'><strong>Control de audio:<\/strong> Responder\/Finalizar llamada&comma; rechazar llamada&comma; control de volumen<\/li>\n<li style='margin-bottom: 5px;'><strong>Voz\/Silenciar:<\/strong> S\u00ed<\/li>\n<li style='margin-bottom: 5px;'><strong>Luz de aviso:<\/strong> Busylight en el auricular<\/li>\n<li style='margin-bottom: 5px;'><strong>Formato del auricular:<\/strong> Convertible (gancho para la oreja y cintillo para el cuello)<\/li>\n<li style='margin-bottom: 5px;'><strong>Gancho:<\/strong> 2 tama\u00f1os incluidos<\/li>\n<li style='margin-bottom: 5px;'><strong>EarGel:<\/strong> 2 unidades incluidas<\/li>\n<\/ul><\/div>\n<\/p><\/div>\n<div style='flex: 1 1 250px; border: 1px solid rgba(150&comma; 150&comma; 150&comma; 0.4); border-radius: 8px; overflow: hidden; display: flex; flex-direction: column;'>\n<div style='padding: 15px; border-bottom: 1px solid rgba(150&comma; 150&comma; 150&comma; 0.2); font-weight: bold; font-size: 18px; color: inherit;'>Especificaciones de bater\u00eda<\/div>\n<div style='padding: 15px; color: inherit;'>\n<ul style='padding-left: 20px; margin: 0; font-size: 14px; list-style-type: disc;'>\n<li style='margin-bottom: 5px;'><strong>Tiempo de conversaci\u00f3n:<\/strong> Hasta 9 horas<\/li>\n<li style='margin-bottom: 5px;'><strong>Tiempo de espera:<\/strong> Hasta 32 horas (mejora con funci\u00f3n de reposo)<\/li>\n<li style='margin-bottom: 5px;'><strong>Tiempo de carga:<\/strong> 75 minutos<\/li>\n<li style='margin-bottom: 5px;'><strong>Carga r\u00e1pida:<\/strong> 40% en 30 minutos y 80% en 60 minutos<\/li>\n<\/ul><\/div>\n<\/p><\/div>\n<div style='flex: 1 1 250px; border: 1px solid rgba(150&comma; 150&comma; 150&comma; 0.4); border-radius: 8px; overflow: hidden; display: flex; flex-direction: column;'>\n<div style='padding: 15px; border-bottom: 1px solid rgba(150&comma; 150&comma; 150&comma; 0.2); font-weight: bold; font-size: 18px; color: inherit;'>Conectividad<\/div>\n<div style='padding: 15px; color: inherit;'>\n<ul style='padding-left: 20px; margin: 0; font-size: 14px; list-style-type: disc;'>\n<li style='margin-bottom: 5px;'><strong>Conexi\u00f3n:<\/strong> Micro USB&comma; RJ-9 para auricular de tel\u00e9fono&comma; RJ-9 para audio de tel\u00e9fono de mesa&comma; RJ-45 para AUX<\/li>\n<li style='margin-bottom: 5px;'><strong>Dispositivo DECT:<\/strong> S\u00ed<\/li>\n<li style='margin-bottom: 5px;'><strong>Alcance:<\/strong> Hasta 100 metros<\/li>\n<li style='margin-bottom: 5px;'><strong>Ancho de banda:<\/strong> Banda estrecha y banda ancha<\/li>\n<\/ul><\/div>\n<\/p><\/div>\n<div style='flex: 1 1 250px; border: 1px solid rgba(150&comma; 150&comma; 150&comma; 0.4); border-radius: 8px; overflow: hidden; display: flex; flex-direction: column;'>\n<div style='padding: 15px; border-bottom: 1px solid rgba(150&comma; 150&comma; 150&comma; 0.2); font-weight: bold; font-size: 18px; color: inherit;'>Certificaciones<\/div>\n<div style='padding: 15px; color: inherit;'>\n<ul style='padding-left: 20px; margin: 0; font-size: 14px; list-style-type: disc;'>\n<li style='margin-bottom: 5px;'>CE<\/li>\n<li style='margin-bottom: 5px;'>CB<\/li>\n<li style='margin-bottom: 5px;'>FCC<\/li>\n<li style='margin-bottom: 5px;'>IC<\/li>\n<li style='margin-bottom: 5px;'>NOM<\/li>\n<li style='margin-bottom: 5px;'>NTC<\/li>\n<li style='margin-bottom: 5px;'>EAC<\/li>\n<li style='margin-bottom: 5px;'>PSB<\/li>\n<li style='margin-bottom: 5px;'>ICASA<\/li>\n<li style='margin-bottom: 5px;'>TELEC<\/li>\n<li style='margin-bottom: 5px;'>SIRIM<\/li>\n<li style='margin-bottom: 5px;'>ACMA<\/li>\n<li style='margin-bottom: 5px;'>NZ Telepermit<\/li>\n<li style='margin-bottom: 5px;'>UL<\/li>\n<\/ul><\/div>\n<\/p><\/div>\n<div style='flex: 1 1 250px; border: 1px solid rgba(150&comma; 150&comma; 150&comma; 0.4); border-radius: 8px; overflow: hidden; display: flex; flex-direction: column;'>\n<div style='padding: 15px; border-bottom: 1px solid rgba(150&comma; 150&comma; 150&comma; 0.2); font-weight: bold; font-size: 18px; color: inherit;'>Especificaciones f\u00edsicas<\/div>\n<div style='padding: 15px; color: inherit;'>\n<ul style='padding-left: 20px; margin: 0; font-size: 14px; list-style-type: disc;'>\n<li style='margin-bottom: 5px;'><strong>Peso del auricular:<\/strong> 18g<\/li>\n<li style='margin-bottom: 5px;'><strong>Peso de la base:<\/strong> 203g<\/li>\n<li style='margin-bottom: 5px;'><strong>Temperatura de funcionamiento:<\/strong> De -10\u00b0C a +55\u00b0C (sin condensaci\u00f3n)<\/li>\n<li style='margin-bottom: 5px;'><strong>Temperatura de almacenamiento:<\/strong> De -5\u00b0C a +45\u00b0C (sin condensaci\u00f3n)<\/li>\n<\/ul><\/div>\n<\/p><\/div>\n<div style='flex: 1 1 250px; border: 1px solid rgba(150&comma; 150&comma; 150&comma; 0.4); border-radius: 8px; overflow: hidden; display: flex; flex-direction: column;'>\n<div style='padding: 15px; border-bottom: 1px solid rgba(150&comma; 150&comma; 150&comma; 0.2); font-weight: bold; font-size: 18px; color: inherit;'>Seguridad<\/div>\n<div style='padding: 15px; color: inherit;'>\n<ul style='padding-left: 20px; margin: 0; font-size: 14px; list-style-type: disc;'>\n<li style='margin-bottom: 5px;'>Seguridad DECT nivel C<\/li>\n<li style='margin-bottom: 5px;'>Algoritmos FIPS aprobados para generaci\u00f3n de claves<\/li>\n<li style='margin-bottom: 5px;'>Encriptado de carga<\/li>\n<li style='margin-bottom: 5px;'>Autenticaci\u00f3n<\/li>\n<\/ul><\/div>\n<\/p><\/div>\n<div style='flex: 1 1 250px; border: 1px solid rgba(150&comma; 150&comma; 150&comma; 0.4); border-radius: 8px; overflow: hidden; display: flex; flex-direction: column;'>\n<div style='padding: 15px; border-bottom: 1px solid rgba(150&comma; 150&comma; 150&comma; 0.2); font-weight: bold; font-size: 18px; color: inherit;'>Garant\u00eda<\/div>\n<div style='padding: 15px; color: inherit;'>\n<ul style='padding-left: 20px; margin: 0; font-size: 14px; list-style-type: disc;'>\n<li style='margin-bottom: 5px;'><strong>Am\u00e9rica del Norte:<\/strong> Garant\u00eda limitada de 1 a\u00f1o<\/li>\n<li style='margin-bottom: 5px;'><strong>Europa\/APAC:<\/strong> Garant\u00eda limitada de 2 a\u00f1os<\/li>\n<\/ul><\/div>\n<\/p><\/div>\n<\/p><\/div>\n<p> <!-- Separador --> <\/p>\n<hr style='border: 0; border-top: 1px solid rgba(150&comma; 150&comma; 150&comma; 0.3); margin: 30px 0;'> <\/div>\n","protected":false},"excerpt":{"rendered":"<p>Jabra Engage 65 Convertible, auricular inal\u00e1mbrico DECT, el mejor del rendimiento inal\u00e1mbrico y densidad. (9555-553-125)<\/p>\n","protected":false},"featured_media":79685,"comment_status":"open","ping_status":"closed","template":"","meta":[],"product_brand":[],"product_cat":[2050],"product_tag":[2051,2052,2004],"class_list":{"0":"post-79686","1":"product","2":"type-product","3":"status-publish","4":"has-post-thumbnail","6":"product_cat-auriculares","7":"product_tag-auriculares","8":"product_tag-jabra","9":"product_tag-voip-telefonia-ip-videoconferencia","11":"first","12":"outofstock","13":"sale","14":"shipping-taxable","15":"purchasable","16":"product-type-simple"},"_links":{"self":[{"href":"https:\/\/soydeaqui.ddns.net\/pachuca\/index.php\/wp-json\/wp\/v2\/product\/79686","targetHints":{"allow":["GET"]}}],"collection":[{"href":"https:\/\/soydeaqui.ddns.net\/pachuca\/index.php\/wp-json\/wp\/v2\/product"}],"about":[{"href":"https:\/\/soydeaqui.ddns.net\/pachuca\/index.php\/wp-json\/wp\/v2\/types\/product"}],"replies":[{"embeddable":true,"href":"https:\/\/soydeaqui.ddns.net\/pachuca\/index.php\/wp-json\/wp\/v2\/comments?post=79686"}],"wp:featuredmedia":[{"embeddable":true,"href":"https:\/\/soydeaqui.ddns.net\/pachuca\/index.php\/wp-json\/wp\/v2\/media\/79685"}],"wp:attachment":[{"href":"https:\/\/soydeaqui.ddns.net\/pachuca\/index.php\/wp-json\/wp\/v2\/media?parent=79686"}],"wp:term":[{"taxonomy":"product_brand","embeddable":true,"href":"https:\/\/soydeaqui.ddns.net\/pachuca\/index.php\/wp-json\/wp\/v2\/product_brand?post=79686"},{"taxonomy":"product_cat","embeddable":true,"href":"https:\/\/soydeaqui.ddns.net\/pachuca\/index.php\/wp-json\/wp\/v2\/product_cat?post=79686"},{"taxonomy":"product_tag","embeddable":true,"href":"https:\/\/soydeaqui.ddns.net\/pachuca\/index.php\/wp-json\/wp\/v2\/product_tag?post=79686"}],"curies":[{"name":"wp","href":"https:\/\/api.w.org\/{rel}","templated":true}]}}