{"id":79671,"date":"2026-03-19T17:32:21","date_gmt":"2026-03-19T17:32:21","guid":{"rendered":"https:\/\/soydeaqui.ddns.net\/pachuca\/index.php\/producto\/jabra-biz-1500-duo-auricular-profesional-con-cancelacion-de-ruido-ideal-para-contact-center-con-conexion-qd-1519-0157\/"},"modified":"2026-03-19T17:32:29","modified_gmt":"2026-03-19T17:32:29","slug":"jabra-biz-1500-duo-auricular-profesional-con-cancelacion-de-ruido-ideal-para-contact-center-con-conexion-qd-1519-0157","status":"publish","type":"product","link":"https:\/\/soydeaqui.ddns.net\/pachuca\/index.php\/producto\/jabra-biz-1500-duo-auricular-profesional-con-cancelacion-de-ruido-ideal-para-contact-center-con-conexion-qd-1519-0157\/","title":{"rendered":"Jabra Biz 1500 Duo, auricular profesional con cancelaci\u00f3n de ruido, ideal para contact center con conexi\u00f3n QD (1519-0157)"},"content":{"rendered":"<div style='width: 100%; max-width: 1200px; margin: 0 auto; font-family: sans-serif; line-height: 1.6; color: inherit; background-color: transparent;'>\n<div style='display: flex; flex-wrap: wrap; gap: 30px; margin-bottom: 30px;'>\n<div style='flex: 1 1 300px; min-width: 280px;'>\n<h3 style='font-size: 22px; border-bottom: 2px solid currentColor; padding-bottom: 5px; margin-top: 0; color: inherit; opacity: 0.8;'>Caracter\u00edsticas<\/h3>\n<ul style='padding-left: 20px; font-size: 15px; color: inherit;'>\n<li style='margin-bottom: 5px;'><strong>Profesional. Econ\u00f3mico. Duradero<\/strong><\/li>\n<li style='margin-bottom: 5px;'><a href='https:\/\/www.jabra.lat\/compatibilityguide\/' style='color: #2c82c9; text-decoration: underline;' target='_blank'>Gu\u00eda de compatibilidad<\/a><\/li>\n<\/ul><\/div>\n<\/p><\/div>\n<div style='display: flex; flex-wrap: wrap; gap: 30px; margin-bottom: 30px;'>\n<div style='flex: 1 1 300px; min-width: 280px;'>\n<h3 style='font-size: 22px; border-bottom: 2px solid currentColor; padding-bottom: 5px; margin-top: 0; color: inherit; opacity: 0.8;'>Comodidad<\/h3>\n<ul style='padding-left: 20px; font-size: 15px; color: inherit;'>\n<li style='margin-bottom: 5px;'>Dise\u00f1ados para usar todo el d\u00eda: marco ergon\u00f3mico&comma; diadema acolchada y almohadillas de espuma super suave que disipa el calor de las orejas<\/li>\n<li style='margin-bottom: 5px;'>La diadema y el brazo del micr\u00f3fono pueden ajustarse a sus preferencias<\/li>\n<\/ul><\/div>\n<div style='flex: 1 1 300px; min-width: 280px;'>\n<h3 style='font-size: 22px; border-bottom: 2px solid currentColor; padding-bottom: 5px; margin-top: 0; color: inherit; opacity: 0.8;'>Durabilidad<\/h3>\n<ul style='padding-left: 20px; font-size: 15px; color: inherit;'>\n<li style='margin-bottom: 5px;'>Dise\u00f1ado para contact centers de alto rendimiento<\/li>\n<li style='margin-bottom: 5px;'>Brazo articulado que gira 270\u00b0 sin romperse<\/li>\n<\/ul><\/div>\n<div style='flex: 1 1 300px; min-width: 280px;'>\n<h3 style='font-size: 22px; border-bottom: 2px solid currentColor; padding-bottom: 5px; margin-top: 0; color: inherit; opacity: 0.8;'>Calidad de audio<\/h3>\n<ul style='padding-left: 20px; font-size: 15px; color: inherit;'>\n<li style='margin-bottom: 5px;'>Micr\u00f3fonos con cancelaci\u00f3n de ruido que reducen el ruido de fondo no deseado<\/li>\n<li style='margin-bottom: 5px;'>Procesamiento digital de se\u00f1ales (DSP) que reduce el ruido de fondo y elimina el eco<\/li>\n<li style='margin-bottom: 5px;'>Audio HD con funci\u00f3n de Voz HD para comunicaci\u00f3n n\u00edtida<\/li>\n<li style='margin-bottom: 5px;'>PeakStop\u2122 elimina sonidos excesivamente altos para proteger la audici\u00f3n<\/li>\n<\/ul><\/div>\n<div style='flex: 1 1 300px; min-width: 280px;'>\n<h3 style='font-size: 22px; border-bottom: 2px solid currentColor; padding-bottom: 5px; margin-top: 0; color: inherit; opacity: 0.8;'>Funcionalidad<\/h3>\n<ul style='padding-left: 20px; font-size: 15px; color: inherit;'>\n<li style='margin-bottom: 5px;'>Unidad de control intuitiva para mejor gesti\u00f3n de llamadas<\/li>\n<li style='margin-bottom: 5px;'>Brazo articulado Jabra Spin flexible de 270\u00b0<\/li>\n<li style='margin-bottom: 5px;'>Compatibilidad con aplicaciones de software de Jabra para personalizaci\u00f3n<\/li>\n<li style='margin-bottom: 5px;'>Integraci\u00f3n con softphones para control de llamadas remoto<\/li>\n<\/ul><\/div>\n<\/p><\/div>\n<div style='display: flex; flex-wrap: wrap; gap: 30px; margin-bottom: 30px;'>\n<div style='flex: 1 1 300px; min-width: 280px;'>\n<h3 style='font-size: 22px; border-bottom: 2px solid currentColor; padding-bottom: 5px; margin-top: 0; color: inherit; opacity: 0.8;'>Confort continuo<\/h3>\n<ul style='padding-left: 20px; font-size: 15px; color: inherit;'>\n<li style='margin-bottom: 5px;'>Almohadillas de espuma que mantienen las orejas fr\u00edas para mayor comodidad durante todo el d\u00eda<\/li>\n<\/ul><\/div>\n<\/p><\/div>\n<\/p><\/div>\n","protected":false},"excerpt":{"rendered":"<p>Jabra Biz 1500 Duo, auricular profesional con cancelaci\u00f3n de ruido, ideal para contact center con conexi\u00f3n QD (1519-0157)<\/p>\n","protected":false},"featured_media":79670,"comment_status":"open","ping_status":"closed","template":"","meta":[],"product_brand":[],"product_cat":[2050],"product_tag":[2051,2052,2004],"class_list":{"0":"post-79671","1":"product","2":"type-product","3":"status-publish","4":"has-post-thumbnail","6":"product_cat-auriculares","7":"product_tag-auriculares","8":"product_tag-jabra","9":"product_tag-voip-telefonia-ip-videoconferencia","11":"first","12":"instock","13":"sale","14":"shipping-taxable","15":"purchasable","16":"product-type-simple"},"_links":{"self":[{"href":"https:\/\/soydeaqui.ddns.net\/pachuca\/index.php\/wp-json\/wp\/v2\/product\/79671","targetHints":{"allow":["GET"]}}],"collection":[{"href":"https:\/\/soydeaqui.ddns.net\/pachuca\/index.php\/wp-json\/wp\/v2\/product"}],"about":[{"href":"https:\/\/soydeaqui.ddns.net\/pachuca\/index.php\/wp-json\/wp\/v2\/types\/product"}],"replies":[{"embeddable":true,"href":"https:\/\/soydeaqui.ddns.net\/pachuca\/index.php\/wp-json\/wp\/v2\/comments?post=79671"}],"wp:featuredmedia":[{"embeddable":true,"href":"https:\/\/soydeaqui.ddns.net\/pachuca\/index.php\/wp-json\/wp\/v2\/media\/79670"}],"wp:attachment":[{"href":"https:\/\/soydeaqui.ddns.net\/pachuca\/index.php\/wp-json\/wp\/v2\/media?parent=79671"}],"wp:term":[{"taxonomy":"product_brand","embeddable":true,"href":"https:\/\/soydeaqui.ddns.net\/pachuca\/index.php\/wp-json\/wp\/v2\/product_brand?post=79671"},{"taxonomy":"product_cat","embeddable":true,"href":"https:\/\/soydeaqui.ddns.net\/pachuca\/index.php\/wp-json\/wp\/v2\/product_cat?post=79671"},{"taxonomy":"product_tag","embeddable":true,"href":"https:\/\/soydeaqui.ddns.net\/pachuca\/index.php\/wp-json\/wp\/v2\/product_tag?post=79671"}],"curies":[{"name":"wp","href":"https:\/\/api.w.org\/{rel}","templated":true}]}}