{"id":79665,"date":"2026-03-19T17:32:04","date_gmt":"2026-03-19T17:32:04","guid":{"rendered":"https:\/\/soydeaqui.ddns.net\/pachuca\/index.php\/producto\/2393-829-109-biz-2300-mono-con-conexion-usb\/"},"modified":"2026-03-19T17:32:16","modified_gmt":"2026-03-19T17:32:16","slug":"2393-829-109-biz-2300-mono-con-conexion-usb","status":"publish","type":"product","link":"https:\/\/soydeaqui.ddns.net\/pachuca\/index.php\/producto\/2393-829-109-biz-2300-mono-con-conexion-usb\/","title":{"rendered":"(2393-829-109) Biz 2300 Mono con conexi\u00f3n USB"},"content":{"rendered":"<div style='width: 100%; max-width: 1200px; margin: 0 auto; font-family: sans-serif; line-height: 1.6; color: inherit; background-color: transparent;'>\n<div style='display: flex; flex-wrap: wrap; gap: 30px; margin-bottom: 30px;'>\n<div style='flex: 1 1 300px; min-width: 280px;'>\n<h3 style='font-size: 22px; border-bottom: 2px solid currentColor; padding-bottom: 5px; margin-top: 0; color: inherit; opacity: 0.8;'>FreeSpin\u2122<\/h3>\n<p style='font-size: 15px; color: inherit;'>El brazo articulado gira 360\u00ba sin riesgo de romperse. As\u00ed podr\u00e1 colocar el micr\u00f3fono en el punto exacto que prefiera.<\/p>\n<\/p><\/div>\n<div style='flex: 1 1 300px; min-width: 280px;'>\n<h3 style='font-size: 22px; border-bottom: 2px solid currentColor; padding-bottom: 5px; margin-top: 0; color: inherit; opacity: 0.8;'>PeakStop\u2122<\/h3>\n<p style='font-size: 15px; color: inherit;'>PeakStop\u2122 elimina cualquier sonido excesivamente alto y da\u00f1ino antes de que llegue al o\u00eddo. As\u00ed&comma; el sonido siempre se mantiene a unos niveles seguros para proteger la audici\u00f3n del usuario.<\/p>\n<\/p><\/div>\n<div style='flex: 1 1 300px; min-width: 280px;'>\n<h3 style='font-size: 22px; border-bottom: 2px solid currentColor; padding-bottom: 5px; margin-top: 0; color: inherit; opacity: 0.8;'>Voz HD\/audio de banda ancha<\/h3>\n<p style='font-size: 15px; color: inherit;'>La voz HD permite mantener conversaciones vibrantes&comma; con una calidad de sonido muy realista. Ya no tendr\u00e1 que esforzarse por escuchar lo que dice el interlocutor.<\/p>\n<\/p><\/div>\n<div style='flex: 1 1 300px; min-width: 280px;'>\n<h3 style='font-size: 22px; border-bottom: 2px solid currentColor; padding-bottom: 5px; margin-top: 0; color: inherit; opacity: 0.8;'>Cable reforzado con<\/h3>\n<p style='font-size: 15px; color: inherit;'>Los cables est\u00e1n reforzados con y est\u00e1n hechos para durar y aguantar las condiciones de uso m\u00e1s exigentes.<\/p>\n<\/p><\/div>\n<div style='flex: 1 1 300px; min-width: 280px;'>\n<h3 style='font-size: 22px; border-bottom: 2px solid currentColor; padding-bottom: 5px; margin-top: 0; color: inherit; opacity: 0.8;'>Micr\u00f3fono con cancelaci\u00f3n de ruidos<\/h3>\n<p style='font-size: 15px; color: inherit;'>Los micr\u00f3fonos con cancelaci\u00f3n de ruido reducen el ruido de fondo no deseado y son ideales en entornos de oficinas de planta di\u00e1fana&comma; con mucha gente y ruidosas.<\/p>\n<\/p><\/div>\n<div style='flex: 1 1 300px; min-width: 280px;'>\n<h3 style='font-size: 22px; border-bottom: 2px solid currentColor; padding-bottom: 5px; margin-top: 0; color: inherit; opacity: 0.8;'>Micr\u00f3fono Air Shock<\/h3>\n<p style='font-size: 15px; color: inherit;'>Cuando el micr\u00f3fono se coloca demasiado cerca de la boca&comma; pueden escucharse ruidos de respiraci\u00f3n desde el otro lado. Para evitar que esto ocurra&comma; hemos dise\u00f1ado el micr\u00f3fono con muchos agujeros peque\u00f1os y hemos colocado una capa de espuma en el interior. As\u00ed se evita la mayor\u00eda de los golpes de aire y se mejora la calidad de la llamada.<\/p>\n<\/p><\/div>\n<\/p><\/div>\n<p> <!-- Separador --> <\/p>\n<hr style='border: 0; border-top: 1px solid rgba(150&comma; 150&comma; 150&comma; 0.3); margin: 30px 0;'> <\/div>\n","protected":false},"excerpt":{"rendered":"<p>(2393-829-109) Biz 2300 Mono con conexi\u00f3n USB<\/p>\n","protected":false},"featured_media":79664,"comment_status":"open","ping_status":"closed","template":"","meta":[],"product_brand":[],"product_cat":[2050],"product_tag":[2051,2052,2004],"class_list":{"0":"post-79665","1":"product","2":"type-product","3":"status-publish","4":"has-post-thumbnail","6":"product_cat-auriculares","7":"product_tag-auriculares","8":"product_tag-jabra","9":"product_tag-voip-telefonia-ip-videoconferencia","11":"first","12":"outofstock","13":"sale","14":"shipping-taxable","15":"purchasable","16":"product-type-simple"},"_links":{"self":[{"href":"https:\/\/soydeaqui.ddns.net\/pachuca\/index.php\/wp-json\/wp\/v2\/product\/79665","targetHints":{"allow":["GET"]}}],"collection":[{"href":"https:\/\/soydeaqui.ddns.net\/pachuca\/index.php\/wp-json\/wp\/v2\/product"}],"about":[{"href":"https:\/\/soydeaqui.ddns.net\/pachuca\/index.php\/wp-json\/wp\/v2\/types\/product"}],"replies":[{"embeddable":true,"href":"https:\/\/soydeaqui.ddns.net\/pachuca\/index.php\/wp-json\/wp\/v2\/comments?post=79665"}],"wp:featuredmedia":[{"embeddable":true,"href":"https:\/\/soydeaqui.ddns.net\/pachuca\/index.php\/wp-json\/wp\/v2\/media\/79664"}],"wp:attachment":[{"href":"https:\/\/soydeaqui.ddns.net\/pachuca\/index.php\/wp-json\/wp\/v2\/media?parent=79665"}],"wp:term":[{"taxonomy":"product_brand","embeddable":true,"href":"https:\/\/soydeaqui.ddns.net\/pachuca\/index.php\/wp-json\/wp\/v2\/product_brand?post=79665"},{"taxonomy":"product_cat","embeddable":true,"href":"https:\/\/soydeaqui.ddns.net\/pachuca\/index.php\/wp-json\/wp\/v2\/product_cat?post=79665"},{"taxonomy":"product_tag","embeddable":true,"href":"https:\/\/soydeaqui.ddns.net\/pachuca\/index.php\/wp-json\/wp\/v2\/product_tag?post=79665"}],"curies":[{"name":"wp","href":"https:\/\/api.w.org\/{rel}","templated":true}]}}