{"id":79650,"date":"2026-03-19T17:31:26","date_gmt":"2026-03-19T17:31:26","guid":{"rendered":"https:\/\/soydeaqui.ddns.net\/pachuca\/index.php\/producto\/jabra-biz-2300-mono-con-conexion-qd-resistente-para-contact-center-con-brazo-articulado-con-giro-de-360o-2303-820-105\/"},"modified":"2026-03-19T17:31:40","modified_gmt":"2026-03-19T17:31:40","slug":"jabra-biz-2300-mono-con-conexion-qd-resistente-para-contact-center-con-brazo-articulado-con-giro-de-360o-2303-820-105","status":"publish","type":"product","link":"https:\/\/soydeaqui.ddns.net\/pachuca\/index.php\/producto\/jabra-biz-2300-mono-con-conexion-qd-resistente-para-contact-center-con-brazo-articulado-con-giro-de-360o-2303-820-105\/","title":{"rendered":"Jabra Biz 2300 Mono con conexi\u00f3n QD, resistente para contact center con brazo articulado con giro de 360\u00ba  (2303-820-105)"},"content":{"rendered":"<div style='width: 100%; max-width: 1200px; margin: 0 auto; font-family: sans-serif; line-height: 1.6; color: inherit; background-color: transparent;'>\n<div style='display: flex; flex-wrap: wrap; gap: 30px; margin-bottom: 30px;'>\n<div style='flex: 1 1 300px; min-width: 280px;'>\n<h3 style='font-size: 22px; border-bottom: 2px solid currentColor; padding-bottom: 5px; margin-top: 0; color: inherit; opacity: 0.8;'>Caracter\u00edsticas<\/h3>\n<ul style='padding-left: 20px; font-size: 15px; color: inherit;'>\n<li style='margin-bottom: 5px;'><strong>Modelo:<\/strong> Jabra Biz 2300 Mono<\/li>\n<li style='margin-bottom: 5px;'><strong>Conexi\u00f3n:<\/strong> QD<\/li>\n<li style='margin-bottom: 5px;'><strong>Tipo:<\/strong> Auriculares para contact center<\/li>\n<li style='margin-bottom: 5px;'><strong>Peso:<\/strong> 49 gramos (Mono)&comma; 68 gramos (Duo)<\/li>\n<li style='margin-bottom: 5px;'><strong>Protecci\u00f3n:<\/strong> Cable reforzado resistente a ruedas de sillas y objetos afilados<\/li>\n<\/ul><\/div>\n<div style='flex: 1 1 300px; min-width: 280px;'>\n<h3 style='font-size: 22px; border-bottom: 2px solid currentColor; padding-bottom: 5px; margin-top: 0; color: inherit; opacity: 0.8;'>Especificaciones<\/h3>\n<ul style='padding-left: 20px; font-size: 15px; color: inherit;'>\n<li style='margin-bottom: 5px;'><strong>FreeSpin\u2122:<\/strong> Brazo articulado con giro de 360\u00ba<\/li>\n<li style='margin-bottom: 5px;'><strong>PeakStop\u2122:<\/strong> Protecci\u00f3n contra sonidos superiores a 118 dB<\/li>\n<li style='margin-bottom: 5px;'><strong>Voz HD:<\/strong> Audio de banda ancha para mayor claridad<\/li>\n<li style='margin-bottom: 5px;'><strong>Cancelaci\u00f3n de ruido:<\/strong> Micr\u00f3fono con cancelaci\u00f3n de ruido ambiental<\/li>\n<li style='margin-bottom: 5px;'><strong>Air Shock:<\/strong> Tecnolog\u00eda para reducir ruidos de respiraci\u00f3n<\/li>\n<\/ul><\/div>\n<\/p><\/div>\n<div style='display: flex; flex-wrap: wrap; gap: 30px; margin-bottom: 30px;'>\n<div style='flex: 1 1 300px; min-width: 280px;'>\n<h3 style='font-size: 22px; border-bottom: 2px solid currentColor; padding-bottom: 5px; margin-top: 0; color: inherit; opacity: 0.8;'>Durabilidad<\/h3>\n<ul style='padding-left: 20px; font-size: 15px; color: inherit;'>\n<li style='margin-bottom: 5px;'>Cable reforzado dise\u00f1ado para entornos de contact center<\/li>\n<li style='margin-bottom: 5px;'>Sistema FreeSpin\u2122 para evitar roturas en el brazo articulado<\/li>\n<\/ul><\/div>\n<div style='flex: 1 1 300px; min-width: 280px;'>\n<h3 style='font-size: 22px; border-bottom: 2px solid currentColor; padding-bottom: 5px; margin-top: 0; color: inherit; opacity: 0.8;'>Comodidad<\/h3>\n<ul style='padding-left: 20px; font-size: 15px; color: inherit;'>\n<li style='margin-bottom: 5px;'>Dise\u00f1o ligero para reducir el cansancio durante llamadas largas<\/li>\n<li style='margin-bottom: 5px;'>Diadema ajustable y brazo articulado para un ajuste personalizado<\/li>\n<li style='margin-bottom: 5px;'>Unidad de control programable para ajustar volumen y silenciar llamadas<\/li>\n<li style='margin-bottom: 5px;'>Tecnolog\u00eda PeakStop\u2122 para protecci\u00f3n auditiva<\/li>\n<\/ul><\/div>\n<div style='flex: 1 1 300px; min-width: 280px;'>\n<h3 style='font-size: 22px; border-bottom: 2px solid currentColor; padding-bottom: 5px; margin-top: 0; color: inherit; opacity: 0.8;'>Calidad de audio<\/h3>\n<ul style='padding-left: 20px; font-size: 15px; color: inherit;'>\n<li style='margin-bottom: 5px;'>Tecnolog\u00eda de voz HD para una comprensi\u00f3n clara<\/li>\n<li style='margin-bottom: 5px;'>Altavoces con reducci\u00f3n de ruido ambiente<\/li>\n<li style='margin-bottom: 5px;'>Micr\u00f3fono con cancelaci\u00f3n de ruido y filtrado de golpes de aire<\/li>\n<\/ul><\/div>\n<\/p><\/div>\n<div style='display: flex; flex-wrap: wrap; gap: 20px; margin-bottom: 30px;'>\n<div style='flex: 1 1 250px; border: 1px solid rgba(150&comma; 150&comma; 150&comma; 0.4); border-radius: 8px; overflow: hidden; display: flex; flex-direction: column;'>\n<div style='padding: 15px; border-bottom: 1px solid rgba(150&comma; 150&comma; 150&comma; 0.2); font-weight: bold; font-size: 18px; color: inherit;'>FreeSpin\u2122<\/div>\n<div style='padding: 15px; color: inherit;'>\n<p style='margin: 0;'>El brazo articulado gira 360\u00ba sin riesgo de romperse. As\u00ed podr\u00e1 colocar el micr\u00f3fono en el punto exacto que prefiera.<\/p>\n<\/p><\/div>\n<\/p><\/div>\n<div style='flex: 1 1 250px; border: 1px solid rgba(150&comma; 150&comma; 150&comma; 0.4); border-radius: 8px; overflow: hidden; display: flex; flex-direction: column;'>\n<div style='padding: 15px; border-bottom: 1px solid rgba(150&comma; 150&comma; 150&comma; 0.2); font-weight: bold; font-size: 18px; color: inherit;'>PeakStop\u2122<\/div>\n<div style='padding: 15px; color: inherit;'>\n<p style='margin: 0;'>PeakStop\u2122 elimina cualquier sonido excesivamente alto y da\u00f1ino antes de que llegue al o\u00eddo. As\u00ed&comma; el sonido siempre se mantiene a unos niveles seguros para proteger la audici\u00f3n del usuario.<\/p>\n<\/p><\/div>\n<\/p><\/div>\n<div style='flex: 1 1 250px; border: 1px solid rgba(150&comma; 150&comma; 150&comma; 0.4); border-radius: 8px; overflow: hidden; display: flex; flex-direction: column;'>\n<div style='padding: 15px; border-bottom: 1px solid rgba(150&comma; 150&comma; 150&comma; 0.2); font-weight: bold; font-size: 18px; color: inherit;'>Voz HD\/audio de banda ancha<\/div>\n<div style='padding: 15px; color: inherit;'>\n<p style='margin: 0;'>La voz HD permite mantener conversaciones vibrantes&comma; con una calidad de sonido muy realista. Ya no tendr\u00e1 que esforzarse por escuchar lo que dice el interlocutor.<\/p>\n<\/p><\/div>\n<\/p><\/div>\n<div style='flex: 1 1 250px; border: 1px solid rgba(150&comma; 150&comma; 150&comma; 0.4); border-radius: 8px; overflow: hidden; display: flex; flex-direction: column;'>\n<div style='padding: 15px; border-bottom: 1px solid rgba(150&comma; 150&comma; 150&comma; 0.2); font-weight: bold; font-size: 18px; color: inherit;'>Cable reforzado<\/div>\n<div style='padding: 15px; color: inherit;'>\n<p style='margin: 0;'>Los cables est\u00e1n reforzados con y est\u00e1n hechos para durar y aguantar las condiciones de uso m\u00e1s exigentes.<\/p>\n<\/p><\/div>\n<\/p><\/div>\n<div style='flex: 1 1 250px; border: 1px solid rgba(150&comma; 150&comma; 150&comma; 0.4); border-radius: 8px; overflow: hidden; display: flex; flex-direction: column;'>\n<div style='padding: 15px; border-bottom: 1px solid rgba(150&comma; 150&comma; 150&comma; 0.2); font-weight: bold; font-size: 18px; color: inherit;'>Micr\u00f3fono con cancelaci\u00f3n de ruidos<\/div>\n<div style='padding: 15px; color: inherit;'>\n<p style='margin: 0;'>Los micr\u00f3fonos con cancelaci\u00f3n de ruido reducen el ruido de fondo no deseado y son ideales en entornos de oficinas de planta di\u00e1fana&comma; con mucha gente y ruidosas.<\/p>\n<\/p><\/div>\n<\/p><\/div>\n<div style='flex: 1 1 250px; border: 1px solid rgba(150&comma; 150&comma; 150&comma; 0.4); border-radius: 8px; overflow: hidden; display: flex; flex-direction: column;'>\n<div style='padding: 15px; border-bottom: 1px solid rgba(150&comma; 150&comma; 150&comma; 0.2); font-weight: bold; font-size: 18px; color: inherit;'>Micr\u00f3fono Air Shock<\/div>\n<div style='padding: 15px; color: inherit;'>\n<p style='margin: 0;'>Cuando el micr\u00f3fono se coloca demasiado cerca de la boca&comma; pueden escucharse ruidos de respiraci\u00f3n desde el otro lado. Para evitar que esto ocurra&comma; hemos dise\u00f1ado el micr\u00f3fono con muchos agujeros peque\u00f1os y hemos colocado una capa de espuma en el interior. As\u00ed se evita la mayor\u00eda de los golpes de aire y se mejora la calidad de la llamada.<\/p>\n<\/p><\/div>\n<\/p><\/div>\n<\/p><\/div>\n<div style='display: flex; flex-wrap: wrap; gap: 30px; margin-bottom: 30px;'>\n<div style='flex: 1 1 300px; min-width: 280px;'>\n<h3 style='font-size: 22px; border-bottom: 2px solid currentColor; padding-bottom: 5px; margin-top: 0; color: inherit; opacity: 0.8;'>Enlaces importantes<\/h3>\n<ul style='padding-left: 20px; font-size: 15px; color: inherit;'>\n<li style='margin-bottom: 5px;'><a href='https:\/\/www.jabra.lat\/compatibilityguide\/' style='color: inherit; text-decoration: underline;' target='_blank'>Gu\u00eda de compatibilidad de Jabra<\/a><\/li>\n<\/ul><\/div>\n<\/p><\/div>\n<hr style='border: 0; border-top: 1px solid rgba(150&comma; 150&comma; 150&comma; 0.3); margin: 30px 0;'> <\/div>\n","protected":false},"excerpt":{"rendered":"<p>Jabra Biz 2300 Mono con conexi\u00f3n QD, resistente para contact center con brazo articulado con giro de 360\u00ba  (2303-820-105)<\/p>\n","protected":false},"featured_media":79649,"comment_status":"open","ping_status":"closed","template":"","meta":[],"product_brand":[],"product_cat":[2050],"product_tag":[2051,2052,2004],"class_list":{"0":"post-79650","1":"product","2":"type-product","3":"status-publish","4":"has-post-thumbnail","6":"product_cat-auriculares","7":"product_tag-auriculares","8":"product_tag-jabra","9":"product_tag-voip-telefonia-ip-videoconferencia","11":"first","12":"instock","13":"sale","14":"shipping-taxable","15":"purchasable","16":"product-type-simple"},"_links":{"self":[{"href":"https:\/\/soydeaqui.ddns.net\/pachuca\/index.php\/wp-json\/wp\/v2\/product\/79650","targetHints":{"allow":["GET"]}}],"collection":[{"href":"https:\/\/soydeaqui.ddns.net\/pachuca\/index.php\/wp-json\/wp\/v2\/product"}],"about":[{"href":"https:\/\/soydeaqui.ddns.net\/pachuca\/index.php\/wp-json\/wp\/v2\/types\/product"}],"replies":[{"embeddable":true,"href":"https:\/\/soydeaqui.ddns.net\/pachuca\/index.php\/wp-json\/wp\/v2\/comments?post=79650"}],"wp:featuredmedia":[{"embeddable":true,"href":"https:\/\/soydeaqui.ddns.net\/pachuca\/index.php\/wp-json\/wp\/v2\/media\/79649"}],"wp:attachment":[{"href":"https:\/\/soydeaqui.ddns.net\/pachuca\/index.php\/wp-json\/wp\/v2\/media?parent=79650"}],"wp:term":[{"taxonomy":"product_brand","embeddable":true,"href":"https:\/\/soydeaqui.ddns.net\/pachuca\/index.php\/wp-json\/wp\/v2\/product_brand?post=79650"},{"taxonomy":"product_cat","embeddable":true,"href":"https:\/\/soydeaqui.ddns.net\/pachuca\/index.php\/wp-json\/wp\/v2\/product_cat?post=79650"},{"taxonomy":"product_tag","embeddable":true,"href":"https:\/\/soydeaqui.ddns.net\/pachuca\/index.php\/wp-json\/wp\/v2\/product_tag?post=79650"}],"curies":[{"name":"wp","href":"https:\/\/api.w.org\/{rel}","templated":true}]}}