{"id":79647,"date":"2026-03-19T17:31:19","date_gmt":"2026-03-19T17:31:19","guid":{"rendered":"https:\/\/soydeaqui.ddns.net\/pachuca\/index.php\/producto\/biz-2400-duo-auricular-de-gran-rendimiento-para-contact-center-con-conexion-qd-2409-820-205\/"},"modified":"2026-03-19T17:31:23","modified_gmt":"2026-03-19T17:31:23","slug":"biz-2400-duo-auricular-de-gran-rendimiento-para-contact-center-con-conexion-qd-2409-820-205","status":"publish","type":"product","link":"https:\/\/soydeaqui.ddns.net\/pachuca\/index.php\/producto\/biz-2400-duo-auricular-de-gran-rendimiento-para-contact-center-con-conexion-qd-2409-820-205\/","title":{"rendered":"BIZ 2400 Duo auricular de gran rendimiento para contact center con conexi\u00f3n QD (2409-820-205)"},"content":{"rendered":"<div style='width: 100%; max-width: 1200px; margin: 0 auto; font-family: sans-serif; line-height: 1.6; color: inherit; background-color: transparent;'>\n<div style='display: flex; flex-wrap: wrap; gap: 30px; margin-bottom: 30px;'>\n<div style='flex: 1 1 300px; min-width: 280px;'>\n<p style='font-size: 15px; color: inherit; margin-top: 0; margin-bottom: 15px;'>Jabra Biz 2400 II es un auricular con cable de uso profesional que ofrece un sonido espectacular en ambos extremos de la llamada. Es un 40 % m\u00e1s ligero que los auriculares de la competencia&comma; y las almohadillas para los auriculares y la diadema tienen un acolchado de polipiel supersuave. Creado para durar gracias a su cable reforzado y su brazo articulado irrompible.<\/p>\n<\/p><\/div>\n<\/p><\/div>\n<div style='display: flex; flex-wrap: wrap; gap: 30px; margin-bottom: 30px;'>\n<div style='flex: 1 1 300px; min-width: 280px;'>\n<h3 style='font-size: 22px; border-bottom: 2px solid currentColor; padding-bottom: 5px; margin-top: 0; color: inherit; opacity: 0.8;'>Caracter\u00edsticas destacadas<\/h3>\n<ul style='padding-left: 20px; font-size: 15px; color: inherit;'>\n<li style='margin-bottom: 5px;'><strong>PeakStop\u2122<\/strong>: elimina cualquier sonido excesivamente alto y da\u00f1ino antes de que llegue al o\u00eddo. As\u00ed&comma; el sonido siempre se mantiene a unos niveles seguros para proteger la audici\u00f3n del usuario.<\/li>\n<li style='margin-bottom: 5px;'><strong>Hable con total comodidad<\/strong>: Encuentre el ajuste perfecto&comma; gracias a una variedad de dise\u00f1os ergon\u00f3micos y ligeros&comma; con almohadillas suaves&comma; diademas ajustables y un brazo articulado para el micr\u00f3fono. El auricular resulta c\u00f3modo de usar durante todo el d\u00eda.<\/li>\n<li style='margin-bottom: 5px;'><strong>Voz HD\/audio de banda ancha<\/strong>: Permite mantener conversaciones vibrantes&comma; con una calidad de sonido muy realista. Ya no tendr\u00e1 que esforzarse por escuchar lo que dice el interlocutor.<\/li>\n<li style='margin-bottom: 5px;'><strong>FreeSpin\u2122<\/strong>: El brazo articulado gira 360\u00ba sin riesgo de romperse. As\u00ed podr\u00e1 colocar el micr\u00f3fono en el punto exacto que prefiera.<\/li>\n<li style='margin-bottom: 5px;'><strong>Micr\u00f3fono con cancelaci\u00f3n de ruidos<\/strong>: Reduce el ruido de fondo no deseado y son ideales en entornos de oficinas de planta di\u00e1fana&comma; con mucha gente y ruidosas.<\/li>\n<li style='margin-bottom: 5px;'><strong>Micr\u00f3fono Air Shock<\/strong>: Cuenta con muchos agujeros peque\u00f1os y una capa de espuma en el interior para evitar los golpes de aire y mejorar la calidad de la llamada.<\/li>\n<li style='margin-bottom: 5px;'><strong>Mayor confort<\/strong>: Ofrece un dise\u00f1o c\u00f3modo y muy ligero. Los agentes se cansan menos y las llamadas son m\u00e1s productivas.<\/li>\n<\/ul><\/div>\n<\/p><\/div>\n<div style='display: flex; flex-wrap: wrap; gap: 20px; margin-bottom: 30px;'>\n<div style='flex: 1 1 250px; border: 1px solid rgba(150&comma; 150&comma; 150&comma; 0.4); border-radius: 8px; overflow: hidden; display: flex; flex-direction: column;'>\n<div style='padding: 15px; border-bottom: 1px solid rgba(150&comma; 150&comma; 150&comma; 0.2); font-weight: bold; font-size: 18px; color: inherit;'>Caracter\u00edsticas t\u00e9cnicas<\/div>\n<div style='padding: 15px; color: inherit;'>\n<ul style='padding-left: 20px; margin: 0; font-size: 14px; list-style-type: disc;'>\n<li style='margin-bottom: 5px;'>40 % m\u00e1s ligero que los auriculares de gama alta de la competencia<\/li>\n<li style='margin-bottom: 5px;'>La diadema ajustable y el brazo articulado del micr\u00f3fono le permiten encontrar el ajuste ideal<\/li>\n<li style='margin-bottom: 5px;'>La unidad de control programable permite cambiar el volumen&comma; silenciar las llamadas y realizar otras funciones.<\/li>\n<li style='margin-bottom: 5px;'>La tecnolog\u00eda PeakStop\u2122 elimina los sonidos y tonos altos repentinos antes de que lleguen a sus o\u00eddos: Se filtra cualquier sonido que supere los 118 dB.<\/li>\n<li style='margin-bottom: 5px;'>Diadema y almohadillas de polipiel muy suaves<\/li>\n<\/ul><\/div>\n<\/p><\/div>\n<div style='flex: 1 1 250px; border: 1px solid rgba(150&comma; 150&comma; 150&comma; 0.4); border-radius: 8px; overflow: hidden; display: flex; flex-direction: column;'>\n<div style='padding: 15px; border-bottom: 1px solid rgba(150&comma; 150&comma; 150&comma; 0.2); font-weight: bold; font-size: 18px; color: inherit;'>Dise\u00f1o<\/div>\n<div style='padding: 15px; color: inherit;'>\n<ul style='padding-left: 20px; margin: 0; font-size: 14px; list-style-type: disc;'>\n<li style='margin-bottom: 5px;'>Cable reforzado dise\u00f1ado para entorno de contact center<\/li>\n<li style='margin-bottom: 5px;'>Resiste a ruedas de sillas&comma; objetos afilados y uso diario<\/li>\n<li style='margin-bottom: 5px;'>Brazo articulado con sistema FreeSpin\u2122 que gira 360\u00b0 sin rotura<\/li>\n<\/ul><\/div>\n<\/p><\/div>\n<div style='flex: 1 1 250px; border: 1px solid rgba(150&comma; 150&comma; 150&comma; 0.4); border-radius: 8px; overflow: hidden; display: flex; flex-direction: column;'>\n<div style='padding: 15px; border-bottom: 1px solid rgba(150&comma; 150&comma; 150&comma; 0.2); font-weight: bold; font-size: 18px; color: inherit;'>Calidad de sonido<\/div>\n<div style='padding: 15px; color: inherit;'>\n<ul style='padding-left: 20px; margin: 0; font-size: 14px; list-style-type: disc;'>\n<li style='margin-bottom: 5px;'>Tecnolog\u00eda de voz HD para comprensi\u00f3n clara de la conversaci\u00f3n<\/li>\n<li style='margin-bottom: 5px;'>Altavoces que reducen el ruido ambiente<\/li>\n<li style='margin-bottom: 5px;'>Micr\u00f3fono con cancelaci\u00f3n de ruido para golpes de aire<\/li>\n<\/ul><\/div>\n<\/p><\/div>\n<\/p><\/div>\n<hr style='border: 0; border-top: 1px solid rgba(150&comma; 150&comma; 150&comma; 0.3); margin: 30px 0;'> <\/div>\n","protected":false},"excerpt":{"rendered":"<p>BIZ 2400 Duo auricular de gran rendimiento para contact center con conexi\u00f3n QD (2409-820-205)<\/p>\n","protected":false},"featured_media":79646,"comment_status":"open","ping_status":"closed","template":"","meta":[],"product_brand":[],"product_cat":[2050],"product_tag":[2051,2052,2004],"class_list":{"0":"post-79647","1":"product","2":"type-product","3":"status-publish","4":"has-post-thumbnail","6":"product_cat-auriculares","7":"product_tag-auriculares","8":"product_tag-jabra","9":"product_tag-voip-telefonia-ip-videoconferencia","11":"first","12":"outofstock","13":"sale","14":"shipping-taxable","15":"purchasable","16":"product-type-simple"},"_links":{"self":[{"href":"https:\/\/soydeaqui.ddns.net\/pachuca\/index.php\/wp-json\/wp\/v2\/product\/79647","targetHints":{"allow":["GET"]}}],"collection":[{"href":"https:\/\/soydeaqui.ddns.net\/pachuca\/index.php\/wp-json\/wp\/v2\/product"}],"about":[{"href":"https:\/\/soydeaqui.ddns.net\/pachuca\/index.php\/wp-json\/wp\/v2\/types\/product"}],"replies":[{"embeddable":true,"href":"https:\/\/soydeaqui.ddns.net\/pachuca\/index.php\/wp-json\/wp\/v2\/comments?post=79647"}],"wp:featuredmedia":[{"embeddable":true,"href":"https:\/\/soydeaqui.ddns.net\/pachuca\/index.php\/wp-json\/wp\/v2\/media\/79646"}],"wp:attachment":[{"href":"https:\/\/soydeaqui.ddns.net\/pachuca\/index.php\/wp-json\/wp\/v2\/media?parent=79647"}],"wp:term":[{"taxonomy":"product_brand","embeddable":true,"href":"https:\/\/soydeaqui.ddns.net\/pachuca\/index.php\/wp-json\/wp\/v2\/product_brand?post=79647"},{"taxonomy":"product_cat","embeddable":true,"href":"https:\/\/soydeaqui.ddns.net\/pachuca\/index.php\/wp-json\/wp\/v2\/product_cat?post=79647"},{"taxonomy":"product_tag","embeddable":true,"href":"https:\/\/soydeaqui.ddns.net\/pachuca\/index.php\/wp-json\/wp\/v2\/product_tag?post=79647"}],"curies":[{"name":"wp","href":"https:\/\/api.w.org\/{rel}","templated":true}]}}