{"id":79632,"date":"2026-03-19T17:30:41","date_gmt":"2026-03-19T17:30:41","guid":{"rendered":"https:\/\/soydeaqui.ddns.net\/pachuca\/index.php\/producto\/speak-510-altavoz-portatil-con-microfono-integrado-de-gama-media-ideal-para-conferencias-de-audio-certificado-microsoft-skype-empresarial-7510-109\/"},"modified":"2026-03-19T17:30:46","modified_gmt":"2026-03-19T17:30:46","slug":"speak-510-altavoz-portatil-con-microfono-integrado-de-gama-media-ideal-para-conferencias-de-audio-certificado-microsoft-skype-empresarial-7510-109","status":"publish","type":"product","link":"https:\/\/soydeaqui.ddns.net\/pachuca\/index.php\/producto\/speak-510-altavoz-portatil-con-microfono-integrado-de-gama-media-ideal-para-conferencias-de-audio-certificado-microsoft-skype-empresarial-7510-109\/","title":{"rendered":"Speak 510, Altavoz port\u00e1til con micr\u00f3fono integrado, de gama media ideal para conferencias de audio, certificado Microsoft Skype Empresarial (7510-109)"},"content":{"rendered":"<div style='width: 100%; max-width: 1200px; margin: 0 auto; font-family: sans-serif; line-height: 1.6; color: inherit; background-color: transparent;'>\n<div style='display: flex; flex-wrap: wrap; gap: 30px; margin-bottom: 30px;'>\n<div style='flex: 1 1 300px; min-width: 280px;'>\n<h3 style='font-size: 22px; border-bottom: 2px solid currentColor; padding-bottom: 5px; margin-top: 0; color: inherit; opacity: 0.8;'>Preguntas frecuentes<\/h3>\n<ul style='padding-left: 20px; font-size: 15px; color: inherit;'>\n<li style='margin-bottom: 5px;'><strong>\u00bfCu\u00e1l es la diferencia entre los modelos UC y los modelos con certificaci\u00f3n para Microsoft Skype Empresarial?<\/strong><\/li>\n<li style='margin-bottom: 5px;'>Los modelos certificados para Microsoft Skype Empresarial (Lync) son compatibles con Microsoft Skype Empresarial en modo Plug and Play. Estos modelos son compatibles con las funciones de responder y terminar llamadas&comma; ajustar el volumen y poner en silencio.<\/li>\n<li style='margin-bottom: 5px;'><strong>Si no utiliza Microsoft Skype Empresarial&comma; utilice el modelo UC est\u00e1ndar.<\/strong><\/li>\n<\/ul><\/div>\n<div style='flex: 1 1 300px; min-width: 280px;'>\n<h3 style='font-size: 22px; border-bottom: 2px solid currentColor; padding-bottom: 5px; margin-top: 0; color: inherit; opacity: 0.8;'>Caracter\u00edsticas t\u00e9cnicas<\/h3>\n<ul style='padding-left: 20px; font-size: 15px; color: inherit;'>\n<li style='margin-bottom: 5px;'><strong>Micr\u00f3fono omnidireccional integrado<\/strong>: Escuche y d\u00e9jese o\u00edr claramente con un micr\u00f3fono 360\u00ba que recoge el sonido desde todos los \u00e1ngulos.<\/li>\n<li style='margin-bottom: 5px;'><strong>Bater\u00eda<\/strong>: La bater\u00eda se recarga en 15 horas. Disfrute de hasta 15 horas de conversaci\u00f3n con una sola carga.<\/li>\n<li style='margin-bottom: 5px;'><strong>Bot\u00f3n inteligente<\/strong>: Bot\u00f3n inteligente (desactivado de forma predeterminada) Utilice el bot\u00f3n inteligente para interactuar con su asistente de voz (seg\u00fan smartphones) o para hacer una llamada con marcaci\u00f3n r\u00e1pida. Debe configurarlo en la aplicaci\u00f3n Jabra Direct para PC.<\/li>\n<li style='margin-bottom: 5px;'><strong>Tecnolog\u00eda DSP<\/strong>: Tecnolog\u00eda DSP (procesamiento digital de se\u00f1ales). Sonido perfectamente n\u00edtido sin eco o distorsi\u00f3n&comma; incluso a un volumen m\u00e1ximo.<\/li>\n<\/ul><\/div>\n<\/p><\/div>\n<div style='display: flex; flex-wrap: wrap; gap: 20px; margin-bottom: 30px;'>\n<div style='flex: 1 1 250px; border: 1px solid rgba(150&comma; 150&comma; 150&comma; 0.4); border-radius: 8px; overflow: hidden; display: flex; flex-direction: column;'>\n<div style='padding: 15px; border-bottom: 1px solid rgba(150&comma; 150&comma; 150&comma; 0.2); font-weight: bold; font-size: 18px; color: inherit;'>Nota importante<\/div>\n<div style='padding: 15px; color: inherit;'>\n<p style='margin: 0; font-size: 14px;'>Este equipo no incluye modelo LINK360 ni LINK370.<\/p>\n<\/p><\/div>\n<\/p><\/div>\n<\/p><\/div>\n<\/p><\/div>\n","protected":false},"excerpt":{"rendered":"<p>Speak 510, Altavoz port\u00e1til con micr\u00f3fono integrado, de gama media ideal para conferencias de audio, certificado Microsoft Skype Empresarial (7510-109)<\/p>\n","protected":false},"featured_media":79631,"comment_status":"open","ping_status":"closed","template":"","meta":[],"product_brand":[],"product_cat":[2048],"product_tag":[2049,2052,2004],"class_list":{"0":"post-79632","1":"product","2":"type-product","3":"status-publish","4":"has-post-thumbnail","6":"product_cat-audio-video-conferencia","7":"product_tag-audio-video-conferencia","8":"product_tag-jabra","9":"product_tag-voip-telefonia-ip-videoconferencia","11":"first","12":"instock","13":"sale","14":"shipping-taxable","15":"purchasable","16":"product-type-simple"},"_links":{"self":[{"href":"https:\/\/soydeaqui.ddns.net\/pachuca\/index.php\/wp-json\/wp\/v2\/product\/79632","targetHints":{"allow":["GET"]}}],"collection":[{"href":"https:\/\/soydeaqui.ddns.net\/pachuca\/index.php\/wp-json\/wp\/v2\/product"}],"about":[{"href":"https:\/\/soydeaqui.ddns.net\/pachuca\/index.php\/wp-json\/wp\/v2\/types\/product"}],"replies":[{"embeddable":true,"href":"https:\/\/soydeaqui.ddns.net\/pachuca\/index.php\/wp-json\/wp\/v2\/comments?post=79632"}],"wp:featuredmedia":[{"embeddable":true,"href":"https:\/\/soydeaqui.ddns.net\/pachuca\/index.php\/wp-json\/wp\/v2\/media\/79631"}],"wp:attachment":[{"href":"https:\/\/soydeaqui.ddns.net\/pachuca\/index.php\/wp-json\/wp\/v2\/media?parent=79632"}],"wp:term":[{"taxonomy":"product_brand","embeddable":true,"href":"https:\/\/soydeaqui.ddns.net\/pachuca\/index.php\/wp-json\/wp\/v2\/product_brand?post=79632"},{"taxonomy":"product_cat","embeddable":true,"href":"https:\/\/soydeaqui.ddns.net\/pachuca\/index.php\/wp-json\/wp\/v2\/product_cat?post=79632"},{"taxonomy":"product_tag","embeddable":true,"href":"https:\/\/soydeaqui.ddns.net\/pachuca\/index.php\/wp-json\/wp\/v2\/product_tag?post=79632"}],"curies":[{"name":"wp","href":"https:\/\/api.w.org\/{rel}","templated":true}]}}