{"id":79614,"date":"2026-03-19T17:29:56","date_gmt":"2026-03-19T17:29:56","guid":{"rendered":"https:\/\/soydeaqui.ddns.net\/pachuca\/index.php\/producto\/controlador-de-volumen-de-60-watts\/"},"modified":"2026-03-19T17:29:57","modified_gmt":"2026-03-19T17:29:57","slug":"controlador-de-volumen-de-60-watts","status":"publish","type":"product","link":"https:\/\/soydeaqui.ddns.net\/pachuca\/index.php\/producto\/controlador-de-volumen-de-60-watts\/","title":{"rendered":"Controlador de volumen de 60 Watts"},"content":{"rendered":"<div style='width: 100%; max-width: 1200px; margin: 0 auto; font-family: sans-serif; line-height: 1.6; color: inherit; background-color: transparent;'>\n<div style='display: flex; flex-wrap: wrap; gap: 30px; margin-bottom: 30px;'>\n<div style='flex: 1 1 300px; min-width: 280px;'>\n<h3 style='font-size: 22px; border-bottom: 2px solid currentColor; padding-bottom: 5px; margin-top: 0; color: inherit; opacity: 0.8;'>Caracter\u00edsticas<\/h3>\n<ul style='padding-left: 20px; font-size: 15px; color: inherit;'>\n<li style='margin-bottom: 5px;'>Dise\u00f1o industrial y aspecto elegante<\/li>\n<li style='margin-bottom: 5px;'>Niveles de control de volumen de 5 grados<\/li>\n<li style='margin-bottom: 5px;'>Seleccionable de potencia: 6W&comma; 30W&comma; 60W&comma; 120W<\/li>\n<li style='margin-bottom: 5px;'>Dise\u00f1ado para montarse en caja posterior el\u00e9ctrica est\u00e1ndar de 86 \u00d7 86 mm<\/li>\n<li style='margin-bottom: 5px;'>Compatible con sistemas de 3&comma; 4 y 6 hilos<\/li>\n<\/ul><\/div>\n<div style='flex: 1 1 300px; min-width: 280px;'>\n<h3 style='font-size: 22px; border-bottom: 2px solid currentColor; padding-bottom: 5px; margin-top: 0; color: inherit; opacity: 0.8;'>Especificaciones t\u00e9cnicas<\/h3>\n<ul style='padding-left: 20px; font-size: 15px; color: inherit;'>\n<li style='margin-bottom: 5px;'><strong>Tensi\u00f3n de entrada:<\/strong> 100V<\/li>\n<li style='margin-bottom: 5px;'><strong>Respuesta en frecuencia:<\/strong> 50 Hz &#8211; 20 KHz<\/li>\n<li style='margin-bottom: 5px;'><strong>Atenuaci\u00f3n:<\/strong> 5 \u00d7 2 dB + off<\/li>\n<li style='margin-bottom: 5px;'><strong>Consumo de corriente:<\/strong> 20 mA&comma; 24V DC<\/li>\n<li style='margin-bottom: 5px;'><strong>Color:<\/strong> Blanco (RAL 9010)<\/li>\n<\/ul><\/div>\n<div style='flex: 1 1 300px; min-width: 280px;'>\n<h3 style='font-size: 22px; border-bottom: 2px solid currentColor; padding-bottom: 5px; margin-top: 0; color: inherit; opacity: 0.8;'>Dimensiones<\/h3>\n<ul style='padding-left: 20px; font-size: 15px; color: inherit;'>\n<li style='margin-bottom: 5px;'><strong>Dimensiones (L\u00d7W\u00d7D):<\/strong> 86 \u00d7 86 \u00d7 75.5 mm<\/li>\n<\/ul><\/div>\n<\/p><\/div>\n<hr style='border: 0; border-top: 1px solid rgba(150&comma; 150&comma; 150&comma; 0.3); margin: 30px 0;'> <\/div>\n","protected":false},"excerpt":{"rendered":"<p>Controlador de volumen de 60 Watts<\/p>\n","protected":false},"featured_media":79613,"comment_status":"open","ping_status":"closed","template":"","meta":[],"product_brand":[],"product_cat":[208],"product_tag":[209,2099,109],"class_list":{"0":"post-79614","1":"product","2":"type-product","3":"status-publish","4":"has-post-thumbnail","6":"product_cat-honeywell","7":"product_tag-honeywell","8":"product_tag-honeywell-pava","9":"product_tag-megafonia-y-audioevacuacion","11":"first","12":"outofstock","13":"sale","14":"shipping-taxable","15":"purchasable","16":"product-type-simple"},"_links":{"self":[{"href":"https:\/\/soydeaqui.ddns.net\/pachuca\/index.php\/wp-json\/wp\/v2\/product\/79614","targetHints":{"allow":["GET"]}}],"collection":[{"href":"https:\/\/soydeaqui.ddns.net\/pachuca\/index.php\/wp-json\/wp\/v2\/product"}],"about":[{"href":"https:\/\/soydeaqui.ddns.net\/pachuca\/index.php\/wp-json\/wp\/v2\/types\/product"}],"replies":[{"embeddable":true,"href":"https:\/\/soydeaqui.ddns.net\/pachuca\/index.php\/wp-json\/wp\/v2\/comments?post=79614"}],"wp:featuredmedia":[{"embeddable":true,"href":"https:\/\/soydeaqui.ddns.net\/pachuca\/index.php\/wp-json\/wp\/v2\/media\/79613"}],"wp:attachment":[{"href":"https:\/\/soydeaqui.ddns.net\/pachuca\/index.php\/wp-json\/wp\/v2\/media?parent=79614"}],"wp:term":[{"taxonomy":"product_brand","embeddable":true,"href":"https:\/\/soydeaqui.ddns.net\/pachuca\/index.php\/wp-json\/wp\/v2\/product_brand?post=79614"},{"taxonomy":"product_cat","embeddable":true,"href":"https:\/\/soydeaqui.ddns.net\/pachuca\/index.php\/wp-json\/wp\/v2\/product_cat?post=79614"},{"taxonomy":"product_tag","embeddable":true,"href":"https:\/\/soydeaqui.ddns.net\/pachuca\/index.php\/wp-json\/wp\/v2\/product_tag?post=79614"}],"curies":[{"name":"wp","href":"https:\/\/api.w.org\/{rel}","templated":true}]}}