{"id":79603,"date":"2026-03-19T17:29:32","date_gmt":"2026-03-19T17:29:32","guid":{"rendered":"https:\/\/soydeaqui.ddns.net\/pachuca\/index.php\/producto\/estacion-base-2x2-mimo-airmax-liteap-ac-hasta-450-mbps-5-ghz-5150-5875-mhz-con-antena-integrada-de-17-dbi-y-cobertura-de-90-grados-con-gps-sync\/"},"modified":"2026-03-19T17:29:46","modified_gmt":"2026-03-19T17:29:46","slug":"estacion-base-2x2-mimo-airmax-liteap-ac-hasta-450-mbps-5-ghz-5150-5875-mhz-con-antena-integrada-de-17-dbi-y-cobertura-de-90-grados-con-gps-sync","status":"publish","type":"product","link":"https:\/\/soydeaqui.ddns.net\/pachuca\/index.php\/producto\/estacion-base-2x2-mimo-airmax-liteap-ac-hasta-450-mbps-5-ghz-5150-5875-mhz-con-antena-integrada-de-17-dbi-y-cobertura-de-90-grados-con-gps-sync\/","title":{"rendered":"Estaci\u00f3n Base 2&#215;2 MIMO airMAX LiteAP AC hasta 450 Mbps, 5 GHz (5150 &#8211; 5875 MHz) con antena integrada de 17 dBi y cobertura de 90 grados con GPS Sync"},"content":{"rendered":"<div style='width: 100%; max-width: 1200px; margin: 0 auto; font-family: sans-serif; line-height: 1.6; color: inherit; background-color: transparent;'>\n<div style='display: flex; flex-wrap: wrap; gap: 30px; margin-bottom: 30px;'>\n<div style='flex: 1 1 300px; min-width: 280px;'>\n<h3 style='font-size: 22px; border-bottom: 2px solid currentColor; padding-bottom: 5px; margin-top: 0; color: inherit; opacity: 0.8;'>Puertos y Sistema<\/h3>\n<ul style='padding-left: 20px; font-size: 15px; color: inherit;'>\n<li style='margin-bottom: 5px;'><strong>Puertos:<\/strong> 1 puerto de datos 10\/100\/1000 Mbps<\/li>\n<li style='margin-bottom: 5px;'><strong>Sistema Operativo:<\/strong> airOS\u00ae 8<\/li>\n<\/ul><\/div>\n<div style='flex: 1 1 300px; min-width: 280px;'>\n<h3 style='font-size: 22px; border-bottom: 2px solid currentColor; padding-bottom: 5px; margin-top: 0; color: inherit; opacity: 0.8;'>Modos de Operaci\u00f3n<\/h3>\n<ul style='padding-left: 20px; font-size: 15px; color: inherit;'>\n<li style='margin-bottom: 5px;'>Access Point (Recomendable hasta 25 Clientes)<\/li>\n<li style='margin-bottom: 5px;'>Estaci\u00f3n<\/li>\n<\/ul><\/div>\n<div style='flex: 1 1 300px; min-width: 280px;'>\n<h3 style='font-size: 22px; border-bottom: 2px solid currentColor; padding-bottom: 5px; margin-top: 0; color: inherit; opacity: 0.8;'>Caracter\u00edsticas T\u00e9cnicas<\/h3>\n<ul style='padding-left: 20px; font-size: 15px; color: inherit;'>\n<li style='margin-bottom: 5px;'>Anchos de canal ajustable 20&comma;40&comma;50&comma;60&comma;80 MHz<\/li>\n<li style='margin-bottom: 5px;'>Rango de operaci\u00f3n (5150 &#8211; 5875 MHz) depende del pa\u00eds<\/li>\n<li style='margin-bottom: 5px;'>Procesador Atheros MIPS<\/li>\n<li style='margin-bottom: 5px;'>Seguridad WPA2 AES<\/li>\n<li style='margin-bottom: 5px;'>Ultra ligero<\/li>\n<li style='margin-bottom: 5px;'>GPS Sync<\/li>\n<\/ul><\/div>\n<div style='flex: 1 1 300px; min-width: 280px;'>\n<h3 style='font-size: 22px; border-bottom: 2px solid currentColor; padding-bottom: 5px; margin-top: 0; color: inherit; opacity: 0.8;'>Caracter\u00edsticas F\u00edsicas y El\u00e9ctricas<\/h3>\n<ul style='padding-left: 20px; font-size: 15px; color: inherit;'>\n<li style='margin-bottom: 5px;'><strong>Alimentaci\u00f3n:<\/strong> 24 V&comma; 0.3 A<\/li>\n<li style='margin-bottom: 5px;'><strong>Dimensiones:<\/strong> 360.98 x 124.57 x 71.28 mm<\/li>\n<li style='margin-bottom: 5px;'><strong>Peso:<\/strong> 752 g<\/li>\n<li style='margin-bottom: 5px;'><strong>Temperatura de Operaci\u00f3n:<\/strong> -40 a 70\u00b0 C<\/li>\n<\/ul><\/div>\n<div style='flex: 1 1 300px; min-width: 280px;'>\n<h3 style='font-size: 22px; border-bottom: 2px solid currentColor; padding-bottom: 5px; margin-top: 0; color: inherit; opacity: 0.8;'>Incluye<\/h3>\n<ul style='padding-left: 20px; font-size: 15px; color: inherit;'>\n<li style='margin-bottom: 5px;'>LiteBeam LAP-GPS<\/li>\n<li style='margin-bottom: 5px;'>Adaptador PoE Gigabit (24 V&comma; 0.3 A)<\/li>\n<li style='margin-bottom: 5px;'>Kit de montaje en poste<\/li>\n<li style='margin-bottom: 5px;'>Abrazadera<\/li>\n<\/ul><\/div>\n<div style='flex: 1 1 300px; min-width: 280px;'>\n<h3 style='font-size: 22px; border-bottom: 2px solid currentColor; padding-bottom: 5px; margin-top: 0; color: inherit; opacity: 0.8;'>Garant\u00eda<\/h3>\n<ul style='padding-left: 20px; font-size: 15px; color: inherit;'>\n<li style='margin-bottom: 5px;'>1 A\u00f1o<\/li>\n<\/ul><\/div>\n<\/p><\/div>\n<div style='display: flex; flex-wrap: wrap; gap: 30px; margin-bottom: 30px;'>\n<div style='flex: 1 1 100%;'>\n<h3 style='font-size: 22px; border-bottom: 2px solid currentColor; padding-bottom: 5px; margin-top: 0; color: inherit; opacity: 0.8; text-align: center;'>Sincronizaci\u00f3n GPS<\/h3>\n<p style='text-align: center; font-size: 15px; color: inherit;'>LiteAPTM GPS es compatible con GPS Sync para redes de clase de operador m\u00e1s r\u00e1pidas y escalables&comma; con un 90% m\u00e1s que las soluciones de la competencia.<\/p>\n<p> <img style='width: 100%; height: auto; border: 1px solid rgba(150&comma;150&comma;150&comma;0.3); border-radius: 8px; margin-top: 15px;' src='https:\/\/prd-www-cdn.ubnt.com\/media\/images\/product-features\/GPS-Sync-feature-2x.jpg' alt=''> <\/div>\n<\/p><\/div>\n<div style='display: flex; flex-wrap: wrap; gap: 30px; margin-bottom: 30px;'>\n<div style='flex: 1 1 100%;'>\n<h3 style='font-size: 22px; border-bottom: 2px solid currentColor; padding-bottom: 5px; margin-top: 0; color: inherit; opacity: 0.8; text-align: center;'>Dise\u00f1o ligero y elegante<\/h3>\n<p style='text-align: center; font-size: 15px; color: inherit;'>El LiteAP AC cuenta con una antena liviana con radio integrado muy elegante y eficiente.<\/p>\n<p> <img style='width: 100%; height: auto; border: 1px solid rgba(150&comma;150&comma;150&comma;0.3); border-radius: 8px; margin-top: 15px;' src='https:\/\/prd-www-cdn.ubnt.com\/media\/images\/product-features\/lightweight-compact-2x.jpg' alt=''> <\/div>\n<\/p><\/div>\n<div style='display: flex; flex-wrap: wrap; gap: 30px; margin-bottom: 30px;'>\n<div style='flex: 1 1 100%;'>\n<h3 style='font-size: 22px; border-bottom: 2px solid currentColor; padding-bottom: 5px; margin-top: 0; color: inherit; opacity: 0.8; text-align: center;'>Flexibilidad de instalaci\u00f3n<\/h3>\n<p style='text-align: center; font-size: 15px; color: inherit;'>Con la libertad de alineaci\u00f3n de tres ejes&comma; la LiteAP AC se ensambla completamente en segundos&comma; sin necesidad de herramientas.<\/p>\n<p> <img style='width: 100%; height: auto; border: 1px solid rgba(150&comma;150&comma;150&comma;0.3); border-radius: 8px; margin-top: 15px;' src='https:\/\/prd-www-cdn.ubnt.com\/media\/images\/product-features\/full-adjustment-flexibility-2x.jpg' alt=''> <\/div>\n<\/p><\/div>\n<div style='display: flex; flex-wrap: wrap; gap: 30px; margin-bottom: 30px;'>\n<div style='flex: 1 1 100%;'>\n<h3 style='font-size: 22px; border-bottom: 2px solid currentColor; padding-bottom: 5px; margin-top: 0; color: inherit; opacity: 0.8; text-align: center;'>airOS\u00ae8<\/h3>\n<p style='text-align: center; font-size: 15px; color: inherit;'>airOS\u00ae8 ofrece funciones potentes&comma; que incluyen compatibilidad con el protocolo de airMAX\u00ae ac&comma; an\u00e1lisis de RF en tiempo real y un dise\u00f1o completamente nuevo para una mejor usabilidad.<\/p>\n<p> <img style='width: 100%; height: auto; border: 1px solid rgba(150&comma;150&comma;150&comma;0.3); border-radius: 8px; margin-top: 15px;' src='https:\/\/prd-www-cdn.ubnt.com\/media\/images\/product-features\/rocket5ac-prism-airos8-2x.jpg' alt=''> <\/div>\n<\/p><\/div>\n<\/p><\/div>\n","protected":false},"excerpt":{"rendered":"<p>Estaci\u00f3n Base 2&#215;2 MIMO airMAX LiteAP AC hasta 450 Mbps, 5 GHz (5150 &#8211; 5875 MHz) con antena integrada de 17 dBi y cobertura de 90 grados con GPS Sync<\/p>\n","protected":false},"featured_media":79602,"comment_status":"open","ping_status":"closed","template":"","meta":[],"product_brand":[],"product_cat":[1998],"product_tag":[1999,1980,166],"class_list":{"0":"post-79603","1":"product","2":"type-product","3":"status-publish","4":"has-post-thumbnail","6":"product_cat-5-y-6-ghz","7":"product_tag-5-y-6-ghz","8":"product_tag-enlaces-ptp-y-ptmp","9":"product_tag-ubiquiti","11":"first","12":"instock","13":"sale","14":"shipping-taxable","15":"purchasable","16":"product-type-simple"},"_links":{"self":[{"href":"https:\/\/soydeaqui.ddns.net\/pachuca\/index.php\/wp-json\/wp\/v2\/product\/79603","targetHints":{"allow":["GET"]}}],"collection":[{"href":"https:\/\/soydeaqui.ddns.net\/pachuca\/index.php\/wp-json\/wp\/v2\/product"}],"about":[{"href":"https:\/\/soydeaqui.ddns.net\/pachuca\/index.php\/wp-json\/wp\/v2\/types\/product"}],"replies":[{"embeddable":true,"href":"https:\/\/soydeaqui.ddns.net\/pachuca\/index.php\/wp-json\/wp\/v2\/comments?post=79603"}],"wp:featuredmedia":[{"embeddable":true,"href":"https:\/\/soydeaqui.ddns.net\/pachuca\/index.php\/wp-json\/wp\/v2\/media\/79602"}],"wp:attachment":[{"href":"https:\/\/soydeaqui.ddns.net\/pachuca\/index.php\/wp-json\/wp\/v2\/media?parent=79603"}],"wp:term":[{"taxonomy":"product_brand","embeddable":true,"href":"https:\/\/soydeaqui.ddns.net\/pachuca\/index.php\/wp-json\/wp\/v2\/product_brand?post=79603"},{"taxonomy":"product_cat","embeddable":true,"href":"https:\/\/soydeaqui.ddns.net\/pachuca\/index.php\/wp-json\/wp\/v2\/product_cat?post=79603"},{"taxonomy":"product_tag","embeddable":true,"href":"https:\/\/soydeaqui.ddns.net\/pachuca\/index.php\/wp-json\/wp\/v2\/product_tag?post=79603"}],"curies":[{"name":"wp","href":"https:\/\/api.w.org\/{rel}","templated":true}]}}