{"id":79573,"date":"2026-03-19T17:28:22","date_gmt":"2026-03-19T17:28:22","guid":{"rendered":"https:\/\/soydeaqui.ddns.net\/pachuca\/index.php\/producto\/cable-para-audio-profesional-de-2-conductores-calibre-18-para-aplicaciones-de-audio-y-automatizacin-bobina-de-152-metros-500-pies\/"},"modified":"2026-03-19T17:28:30","modified_gmt":"2026-03-19T17:28:30","slug":"cable-para-audio-profesional-de-2-conductores-calibre-18-para-aplicaciones-de-audio-y-automatizacin-bobina-de-152-metros-500-pies","status":"publish","type":"product","link":"https:\/\/soydeaqui.ddns.net\/pachuca\/index.php\/producto\/cable-para-audio-profesional-de-2-conductores-calibre-18-para-aplicaciones-de-audio-y-automatizacin-bobina-de-152-metros-500-pies\/","title":{"rendered":"Cable para Audio Profesional de 2 Conductores Calibre 18 para Aplicaciones de Audio y Automatizaci?n Bobina de 152 Metros (500 Pies)"},"content":{"rendered":"<div style='width: 100%; max-width: 1200px; margin: 0 auto; font-family: sans-serif; line-height: 1.6; color: inherit; background-color: transparent;'>\n<p style='font-size: 15px; margin-bottom: 20px; color: inherit;'>Cable <strong style='color: inherit;'>LINKEDPRO BY EPCOM<\/strong> para bocinas&comma; micr\u00f3fonos y aplicaciones con voz. Cable flexible para instalaci\u00f3n sencilla&comma; ideal para cualquier sistema de audio.<\/p>\n<div style='display: flex; flex-wrap: wrap; gap: 30px; margin-bottom: 30px;'>\n<div style='flex: 1 1 300px; min-width: 280px;'>\n<h3 style='font-size: 20px; border-bottom: 2px solid currentColor; padding-bottom: 5px; margin-top: 0; color: inherit; opacity: 0.8;'>Caracter\u00edsticas<\/h3>\n<ul style='padding-left: 20px; font-size: 14px; color: inherit;'>\n<li style='margin-bottom: 5px;'>Cableado de interfaces y bases para microfonos<\/li>\n<li style='margin-bottom: 5px;'>Cableado de interfonos<\/li>\n<li style='margin-bottom: 5px;'>Sistemas de control de automatizaci\u00f3n<\/li>\n<\/ul><\/div>\n<div style='flex: 1 1 300px; min-width: 280px;'>\n<h3 style='font-size: 20px; border-bottom: 2px solid currentColor; padding-bottom: 5px; margin-top: 0; color: inherit; opacity: 0.8;'>Caracter\u00edsticas f\u00edsicas y el\u00e9ctricas<\/h3>\n<ul style='padding-left: 20px; font-size: 14px; color: inherit;'>\n<li style='margin-bottom: 5px;'><strong style='color: inherit;'>Tipo:<\/strong> Cable (1 par)<\/li>\n<li style='margin-bottom: 5px;'><strong style='color: inherit;'>Conductor:<\/strong> Cobre<\/li>\n<li style='margin-bottom: 5px;'><strong style='color: inherit;'>Calibre:<\/strong> 18<\/li>\n<li style='margin-bottom: 5px;'><strong style='color: inherit;'>Di\u00e1metro exterior:<\/strong> 5.0 mm<\/li>\n<li style='margin-bottom: 5px;'><strong style='color: inherit;'>Temperatura de operaci\u00f3n:<\/strong> -20\u00b0C a 60\u00b0C<\/li>\n<\/ul><\/div>\n<div style='flex: 1 1 300px; min-width: 280px;'>\n<h3 style='font-size: 20px; border-bottom: 2px solid currentColor; padding-bottom: 5px; margin-top: 0; color: inherit; opacity: 0.8;'>Est\u00e1ndares<\/h3>\n<ul style='padding-left: 20px; font-size: 14px; color: inherit;'>\n<li style='margin-bottom: 5px;'>ISO 9001:2000<\/li>\n<li style='margin-bottom: 5px;'>FRNC = Flame Retardant Non Corrosive<\/li>\n<li style='margin-bottom: 5px;'>CM<\/li>\n<\/ul><\/div>\n<\/p><\/div>\n<p style='font-size: 14px; color: inherit; margin-top: 20px;'><strong style='color: inherit;'>* Precio por bobina de 152 metros.<\/strong><\/p>\n<\/p><\/div>\n","protected":false},"excerpt":{"rendered":"<p>Cable para Audio Profesional de 2 Conductores Calibre 18 para Aplicaciones de Audio y Automatizaci?n Bobina de 152 Metros (500 Pies)<\/p>\n","protected":false},"featured_media":79572,"comment_status":"open","ping_status":"closed","template":"","meta":[],"product_brand":[],"product_cat":[691],"product_tag":[692,488,435],"class_list":{"0":"post-79573","1":"product","2":"type-product","3":"status-publish","4":"has-post-thumbnail","6":"product_cat-audio-y-video-cables-y-conectores","7":"product_tag-audio-y-video","8":"product_tag-cables-y-conectores","9":"product_tag-linkedpro-by-epcom","11":"first","12":"instock","13":"sale","14":"shipping-taxable","15":"purchasable","16":"product-type-simple"},"_links":{"self":[{"href":"https:\/\/soydeaqui.ddns.net\/pachuca\/index.php\/wp-json\/wp\/v2\/product\/79573","targetHints":{"allow":["GET"]}}],"collection":[{"href":"https:\/\/soydeaqui.ddns.net\/pachuca\/index.php\/wp-json\/wp\/v2\/product"}],"about":[{"href":"https:\/\/soydeaqui.ddns.net\/pachuca\/index.php\/wp-json\/wp\/v2\/types\/product"}],"replies":[{"embeddable":true,"href":"https:\/\/soydeaqui.ddns.net\/pachuca\/index.php\/wp-json\/wp\/v2\/comments?post=79573"}],"wp:featuredmedia":[{"embeddable":true,"href":"https:\/\/soydeaqui.ddns.net\/pachuca\/index.php\/wp-json\/wp\/v2\/media\/79572"}],"wp:attachment":[{"href":"https:\/\/soydeaqui.ddns.net\/pachuca\/index.php\/wp-json\/wp\/v2\/media?parent=79573"}],"wp:term":[{"taxonomy":"product_brand","embeddable":true,"href":"https:\/\/soydeaqui.ddns.net\/pachuca\/index.php\/wp-json\/wp\/v2\/product_brand?post=79573"},{"taxonomy":"product_cat","embeddable":true,"href":"https:\/\/soydeaqui.ddns.net\/pachuca\/index.php\/wp-json\/wp\/v2\/product_cat?post=79573"},{"taxonomy":"product_tag","embeddable":true,"href":"https:\/\/soydeaqui.ddns.net\/pachuca\/index.php\/wp-json\/wp\/v2\/product_tag?post=79573"}],"curies":[{"name":"wp","href":"https:\/\/api.w.org\/{rel}","templated":true}]}}