{"id":7953,"date":"2026-03-18T07:02:52","date_gmt":"2026-03-18T07:02:52","guid":{"rendered":"https:\/\/soydeaqui.ddns.net\/pachuca\/index.php\/producto\/sensor-transmisor-1-zona-convierta-otros-sensores-a-inalambricos-puerta-y-ventana-con-entrada-para-zona-cableada\/"},"modified":"2026-03-18T07:02:55","modified_gmt":"2026-03-18T07:02:55","slug":"sensor-transmisor-1-zona-convierta-otros-sensores-a-inalambricos-puerta-y-ventana-con-entrada-para-zona-cableada","status":"publish","type":"product","link":"https:\/\/soydeaqui.ddns.net\/pachuca\/index.php\/producto\/sensor-transmisor-1-zona-convierta-otros-sensores-a-inalambricos-puerta-y-ventana-con-entrada-para-zona-cableada\/","title":{"rendered":"SENSOR + TRANSMISOR 1 ZONA \/ Convierta OTROS Sensores a Inal\u00e1mbricos \/ Puerta y ventana con entrada para zona cableada"},"content":{"rendered":"<div style='width: 100%; max-width: 1200px; margin: 0 auto; font-family: sans-serif; line-height: 1.6; color: inherit; background-color: transparent;'>\n<p style='text-align: center;'><img style='width: 250px; height: auto; border: 1px solid rgba(150&comma;150&comma;150&comma;0.3); border-radius: 8px;' src='https:\/\/ftp3.syscom.mx\/usuarios\/vvega\/sfire\/SFIRE_LOGO.png' alt=''><\/p>\n<div style='margin: 30px 0;'>\n<p><span style='font-size: 14pt;'>Para aquellas instalaciones donde simplemente no se puede montar el im\u00e1n cerca del dispositivo&comma; este dispositivo soporta el uso de un contacto externo. Con cubiertas tanto blancas como marrones&comma; un sensor cubrir\u00e1 todas sus necesidades de instalaci\u00f3n.<\/span><\/p>\n<\/p><\/div>\n<div style='display: flex; flex-wrap: wrap; gap: 30px;'>\n<div style='flex: 1 1 300px; min-width: 280px;'>\n<h3 style='font-size: 22px; border-bottom: 2px solid currentColor; padding-bottom: 5px; margin-top: 0; color: inherit; opacity: 0.8;'>Caracter\u00edsticas principales:<\/h3>\n<ul style='padding-left: 20px; font-size: 15px; color: inherit;'>\n<li style='margin-bottom: 5px;'>Compatible con Paneles <strong>Honeywell<\/strong> y <strong>PRO4GLTEM<\/strong><\/li>\n<li style='margin-bottom: 5px;'>Contacto Magnetico con Entrada de Contacto Externo<\/li>\n<li style='margin-bottom: 5px;'>Contacto Magentico con GAP 1.5 cms (MAX)<\/li>\n<li style='margin-bottom: 5px;'>Entrada de contacto externo N.C.<\/li>\n<li style='margin-bottom: 5px;'>Montajes con cinta de doble cara o soporte de montaje enroscable<\/li>\n<li style='margin-bottom: 5px;'>Carcasa marr\u00f3n intercambiable<\/li>\n<\/ul><\/div>\n<div style='flex: 1 1 300px; min-width: 280px;'>\n<h3 style='font-size: 22px; border-bottom: 2px solid currentColor; padding-bottom: 5px; margin-top: 0; color: inherit; opacity: 0.8;'>Caracter\u00edsticas F\u00edsicas y El\u00e9ctricas:<\/h3>\n<ul style='padding-left: 20px; font-size: 15px; color: inherit;'>\n<li style='margin-bottom: 5px;'>Frecuencia 345Mhz<\/li>\n<li style='margin-bottom: 5px;'>Bateria 3V Litio Modelo CR2032<\/li>\n<li style='margin-bottom: 5px;'>Duraci\u00f3n Aproximada de Bateria de 5 a\u00f1os<\/li>\n<li style='margin-bottom: 5px;'>Temperatura Operaci\u00f3n de 0\u00b0 a 49\u00b0 C<\/li>\n<li style='margin-bottom: 5px;'>Dimensiones: 2.54 x 6.6675 x .635 cms<\/li>\n<\/ul><\/div>\n<div style='flex: 1 1 300px; min-width: 280px;'>\n<h3 style='font-size: 22px; border-bottom: 2px solid currentColor; padding-bottom: 5px; margin-top: 0; color: inherit; opacity: 0.8;'>Contenido:<\/h3>\n<ul style='padding-left: 20px; font-size: 15px; color: inherit;'>\n<li style='margin-bottom: 5px;'>Contacto magnetico inalambrico con entrada zona externa<\/li>\n<li style='margin-bottom: 5px;'>Iman<\/li>\n<li style='margin-bottom: 5px;'>Bateria 3V Litio Modelo CR2032<\/li>\n<li style='margin-bottom: 5px;'>Carcasa marron intercambiable<\/li>\n<li style='margin-bottom: 5px;'>Arnes para zona externa<\/li>\n<\/ul><\/div>\n<\/p><\/div>\n<\/p><\/div>\n","protected":false},"excerpt":{"rendered":"<p>SENSOR + TRANSMISOR 1 ZONA \/ Convierta OTROS Sensores a Inal\u00e1mbricos \/ Puerta y ventana con entrada para zona cableada<\/p>\n","protected":false},"featured_media":7952,"comment_status":"open","ping_status":"closed","template":"","meta":[],"product_brand":[],"product_cat":[426],"product_tag":[114,19,79],"class_list":{"0":"post-7953","1":"product","2":"type-product","3":"status-publish","4":"has-post-thumbnail","6":"product_cat-contactos-magneticos-detectores-sensores","7":"product_tag-contactos-magneticos","8":"product_tag-detectores-sensores","9":"product_tag-sfire","11":"first","12":"instock","13":"sale","14":"shipping-taxable","15":"purchasable","16":"product-type-simple"},"_links":{"self":[{"href":"https:\/\/soydeaqui.ddns.net\/pachuca\/index.php\/wp-json\/wp\/v2\/product\/7953","targetHints":{"allow":["GET"]}}],"collection":[{"href":"https:\/\/soydeaqui.ddns.net\/pachuca\/index.php\/wp-json\/wp\/v2\/product"}],"about":[{"href":"https:\/\/soydeaqui.ddns.net\/pachuca\/index.php\/wp-json\/wp\/v2\/types\/product"}],"replies":[{"embeddable":true,"href":"https:\/\/soydeaqui.ddns.net\/pachuca\/index.php\/wp-json\/wp\/v2\/comments?post=7953"}],"wp:featuredmedia":[{"embeddable":true,"href":"https:\/\/soydeaqui.ddns.net\/pachuca\/index.php\/wp-json\/wp\/v2\/media\/7952"}],"wp:attachment":[{"href":"https:\/\/soydeaqui.ddns.net\/pachuca\/index.php\/wp-json\/wp\/v2\/media?parent=7953"}],"wp:term":[{"taxonomy":"product_brand","embeddable":true,"href":"https:\/\/soydeaqui.ddns.net\/pachuca\/index.php\/wp-json\/wp\/v2\/product_brand?post=7953"},{"taxonomy":"product_cat","embeddable":true,"href":"https:\/\/soydeaqui.ddns.net\/pachuca\/index.php\/wp-json\/wp\/v2\/product_cat?post=7953"},{"taxonomy":"product_tag","embeddable":true,"href":"https:\/\/soydeaqui.ddns.net\/pachuca\/index.php\/wp-json\/wp\/v2\/product_tag?post=7953"}],"curies":[{"name":"wp","href":"https:\/\/api.w.org\/{rel}","templated":true}]}}