{"id":79524,"date":"2026-03-19T17:26:27","date_gmt":"2026-03-19T17:26:27","guid":{"rendered":"https:\/\/soydeaqui.ddns.net\/pachuca\/index.php\/producto\/jabra-link-230-adaptador-usb-a-qd-para-diademas-biz1500-biz2300-y-biz2400-230-09\/"},"modified":"2026-03-19T17:26:38","modified_gmt":"2026-03-19T17:26:38","slug":"jabra-link-230-adaptador-usb-a-qd-para-diademas-biz1500-biz2300-y-biz2400-230-09","status":"publish","type":"product","link":"https:\/\/soydeaqui.ddns.net\/pachuca\/index.php\/producto\/jabra-link-230-adaptador-usb-a-qd-para-diademas-biz1500-biz2300-y-biz2400-230-09\/","title":{"rendered":"Jabra Link 230 adaptador USB a QD, para diademas BIZ1500, BIZ2300 y BIZ2400  (230-09)"},"content":{"rendered":"<div style='width: 100%; max-width: 1200px; margin: 0 auto; font-family: sans-serif; line-height: 1.6; color: inherit; background-color: transparent;'> <!-- Secci\u00f3n de descripci\u00f3n principal --> <\/p>\n<div style='margin-bottom: 30px; font-size: 16px; color: inherit;'>\n<p>Con el adaptador USB Plug and Play&comma; puede usar sus auriculares de tel\u00e9fono de escritorio Jabra con su softphone.<\/p>\n<p>El Jabra Link 230 extiende la capacidad de sus auriculares Jabra con conexi\u00f3n QD (Quick Disconnect) mejorando al mismo tiempo la calidad del audio. Con este adaptador USB plug-and-play&comma; puede utilizar sus auriculares para tel\u00e9fono de escritorio junto con su softphone.<\/p>\n<\/p><\/div>\n<p> <!-- Secci\u00f3n de caracter\u00edsticas clave --> <\/p>\n<div style='display: flex; flex-wrap: wrap; gap: 20px; margin-bottom: 30px;'>\n<div style='flex: 1 1 250px; border: 1px solid rgba(150&comma; 150&comma; 150&comma; 0.4); border-radius: 8px; overflow: hidden; display: flex; flex-direction: column;'>\n<div style='padding: 15px; border-bottom: 1px solid rgba(150&comma; 150&comma; 150&comma; 0.2); font-weight: bold; font-size: 18px; color: inherit;'>Caracter\u00edsticas Clave<\/div>\n<div style='padding: 15px; color: inherit;'>\n<ul style='padding-left: 20px; margin: 0; font-size: 14px; list-style-type: disc;'>\n<li style='margin-bottom: 5px;'>Adaptador USB plug and play con instalaci\u00f3n sencilla<\/li>\n<li style='margin-bottom: 5px;'>Compatibilidad con softphones para integraci\u00f3n inmediata<\/li>\n<li style='margin-bottom: 5px;'>Permite el uso de auriculares de escritorio Jabra<\/li>\n<li style='margin-bottom: 5px;'>Instalaci\u00f3n r\u00e1pida sin necesidad de controladores<\/li>\n<li style='margin-bottom: 5px;'>Calidad de sonido \u00f3ptima a trav\u00e9s de conexi\u00f3n USB<\/li>\n<\/ul><\/div>\n<\/p><\/div>\n<p> <!-- Secci\u00f3n de beneficios --> <\/p>\n<div style='flex: 1 1 250px; border: 1px solid rgba(150&comma; 150&comma; 150&comma; 0.4); border-radius: 8px; overflow: hidden; display: flex; flex-direction: column;'>\n<div style='padding: 15px; border-bottom: 1px solid rgba(150&comma; 150&comma; 150&comma; 0.2); font-weight: bold; font-size: 18px; color: inherit;'>Beneficios<\/div>\n<div style='padding: 15px; color: inherit;'>\n<ul style='padding-left: 20px; margin: 0; font-size: 14px; list-style-type: disc;'>\n<li style='margin-bottom: 5px;'>Tecnolog\u00eda DSP (Procesamiento de Se\u00f1al Digital) para mayor claridad<\/li>\n<li style='margin-bottom: 5px;'>Filtrado de ruido para audio limpio y sin distorsiones<\/li>\n<li style='margin-bottom: 5px;'>Protecci\u00f3n contra choque ac\u00fastico<\/li>\n<li style='margin-bottom: 5px;'>Cumple con la legislaci\u00f3n europea sobre ruido en el trabajo (Directiva 2003\/10\/EC)<\/li>\n<li style='margin-bottom: 5px;'>Dise\u00f1ado para entornos de trabajo exigentes con materiales duraderos<\/li>\n<\/ul><\/div>\n<\/p><\/div>\n<p> <!-- Secci\u00f3n de compatibilidad --> <\/p>\n<div style='flex: 1 1 250px; border: 1px solid rgba(150&comma; 150&comma; 150&comma; 0.4); border-radius: 8px; overflow: hidden; display: flex; flex-direction: column;'>\n<div style='padding: 15px; border-bottom: 1px solid rgba(150&comma; 150&comma; 150&comma; 0.2); font-weight: bold; font-size: 18px; color: inherit;'>Compatibilidad<\/div>\n<div style='padding: 15px; color: inherit;'>\n<ul style='padding-left: 20px; margin: 0; font-size: 14px; list-style-type: disc;'>\n<li style='margin-bottom: 5px;'>Compatibilidad con todos los auriculares Jabra QD con cable<\/li>\n<li style='margin-bottom: 5px;'>Funciona con todas las principales marcas de softphones<\/li>\n<li style='margin-bottom: 5px;'>Compatible con modelos BIZ1500&comma; BIZ2300 y BIZ2400<\/li>\n<\/ul><\/div>\n<\/p><\/div>\n<\/p><\/div>\n<p> <!-- Secci\u00f3n de especificaciones t\u00e9cnicas --> <\/p>\n<div style='display: flex; flex-wrap: wrap; gap: 30px; margin-bottom: 30px;'>\n<div style='flex: 1 1 300px; min-width: 280px;'>\n<h3 style='font-size: 22px; border-bottom: 2px solid currentColor; padding-bottom: 5px; margin-top: 0; color: inherit; opacity: 0.8;'>Especificaciones T\u00e9cnicas<\/h3>\n<ul style='padding-left: 20px; font-size: 15px; color: inherit;'>\n<li style='margin-bottom: 5px;'><strong>Tipo:<\/strong> Adaptador USB a QD<\/li>\n<li style='margin-bottom: 5px;'><strong>Conexi\u00f3n:<\/strong> USB 1.1\/2.0 tipo A<\/li>\n<li style='margin-bottom: 5px;'><strong>Compatibilidad:<\/strong> Softphones y sistemas UC l\u00edderes<\/li>\n<li style='margin-bottom: 5px;'><strong>Dimensiones:<\/strong> 70 x 45 x 25 mm<\/li>\n<li style='margin-bottom: 5px;'><strong>Peso:<\/strong> 55g<\/li>\n<li style='margin-bottom: 5px;'><strong>Materiales:<\/strong> Pl\u00e1stico ABS resistente<\/li>\n<li style='margin-bottom: 5px;'><strong>Normativas:<\/strong> CE&comma; FCC&comma; RoHS&comma; WEEE<\/li>\n<\/ul><\/div>\n<p> <!-- Secci\u00f3n de aplicaciones --> <\/p>\n<div style='flex: 1 1 300px; min-width: 280px;'>\n<h3 style='font-size: 22px; border-bottom: 2px solid currentColor; padding-bottom: 5px; margin-top: 0; color: inherit; opacity: 0.8;'>Aplicaciones<\/h3>\n<ul style='padding-left: 20px; font-size: 15px; color: inherit;'>\n<li style='margin-bottom: 5px;'>Centros de contacto y atenci\u00f3n al cliente<\/li>\n<li style='margin-bottom: 5px;'>Oficinas y entornos de trabajo h\u00edbridos<\/li>\n<li style='margin-bottom: 5px;'>Profesionales que requieren comunicaci\u00f3n clara<\/li>\n<li style='margin-bottom: 5px;'>Empresas en transici\u00f3n a soluciones de Comunicaciones Unificadas<\/li>\n<\/ul><\/div>\n<\/p><\/div>\n<p> <!-- Separador --> <\/p>\n<hr style='border: 0; border-top: 1px solid rgba(150&comma; 150&comma; 150&comma; 0.3); margin: 30px 0;'> <\/div>\n","protected":false},"excerpt":{"rendered":"<p>Jabra Link 230 adaptador USB a QD, para diademas BIZ1500, BIZ2300 y BIZ2400  (230-09)<\/p>\n","protected":false},"featured_media":79523,"comment_status":"open","ping_status":"closed","template":"","meta":[],"product_brand":[],"product_cat":[2040],"product_tag":[93,2052,2004],"class_list":{"0":"post-79524","1":"product","2":"type-product","3":"status-publish","4":"has-post-thumbnail","6":"product_cat-accesorios-voip-telefonia-ip-videoconferencia","7":"product_tag-accesorios","8":"product_tag-jabra","9":"product_tag-voip-telefonia-ip-videoconferencia","11":"first","12":"instock","13":"sale","14":"shipping-taxable","15":"purchasable","16":"product-type-simple"},"_links":{"self":[{"href":"https:\/\/soydeaqui.ddns.net\/pachuca\/index.php\/wp-json\/wp\/v2\/product\/79524","targetHints":{"allow":["GET"]}}],"collection":[{"href":"https:\/\/soydeaqui.ddns.net\/pachuca\/index.php\/wp-json\/wp\/v2\/product"}],"about":[{"href":"https:\/\/soydeaqui.ddns.net\/pachuca\/index.php\/wp-json\/wp\/v2\/types\/product"}],"replies":[{"embeddable":true,"href":"https:\/\/soydeaqui.ddns.net\/pachuca\/index.php\/wp-json\/wp\/v2\/comments?post=79524"}],"wp:featuredmedia":[{"embeddable":true,"href":"https:\/\/soydeaqui.ddns.net\/pachuca\/index.php\/wp-json\/wp\/v2\/media\/79523"}],"wp:attachment":[{"href":"https:\/\/soydeaqui.ddns.net\/pachuca\/index.php\/wp-json\/wp\/v2\/media?parent=79524"}],"wp:term":[{"taxonomy":"product_brand","embeddable":true,"href":"https:\/\/soydeaqui.ddns.net\/pachuca\/index.php\/wp-json\/wp\/v2\/product_brand?post=79524"},{"taxonomy":"product_cat","embeddable":true,"href":"https:\/\/soydeaqui.ddns.net\/pachuca\/index.php\/wp-json\/wp\/v2\/product_cat?post=79524"},{"taxonomy":"product_tag","embeddable":true,"href":"https:\/\/soydeaqui.ddns.net\/pachuca\/index.php\/wp-json\/wp\/v2\/product_tag?post=79524"}],"curies":[{"name":"wp","href":"https:\/\/api.w.org\/{rel}","templated":true}]}}