{"id":79508,"date":"2026-03-19T17:25:42","date_gmt":"2026-03-19T17:25:42","guid":{"rendered":"https:\/\/soydeaqui.ddns.net\/pachuca\/index.php\/producto\/cpe-de-exterior-de-5-ghz-a-300mbps-antena-direccional-de-23dbi-potencia-de-27-dbm-poe-pasivo\/"},"modified":"2026-03-19T17:25:48","modified_gmt":"2026-03-19T17:25:48","slug":"cpe-de-exterior-de-5-ghz-a-300mbps-antena-direccional-de-23dbi-potencia-de-27-dbm-poe-pasivo","status":"publish","type":"product","link":"https:\/\/soydeaqui.ddns.net\/pachuca\/index.php\/producto\/cpe-de-exterior-de-5-ghz-a-300mbps-antena-direccional-de-23dbi-potencia-de-27-dbm-poe-pasivo\/","title":{"rendered":"CPE de Exterior de 5 GHz a 300Mbps, Antena direccional de 23dBi, potencia de 27 dBm, PoE pasivo"},"content":{"rendered":"<div style='width: 100%; max-width: 1200px; margin: 0 auto; font-family: sans-serif; line-height: 1.6; color: inherit; background-color: transparent;'> <!-- Secci\u00f3n de caracter\u00edsticas de hardware --> <\/p>\n<div style='display: flex; flex-wrap: wrap; gap: 30px; margin-bottom: 30px;'>\n<div style='flex: 1 1 300px; min-width: 280px;'>\n<h3 style='font-size: 22px; border-bottom: 2px solid currentColor; padding-bottom: 5px; margin-top: 0; color: inherit; opacity: 0.8;'>CARACTER\u00cdSTICAS DE HARDWARE<\/h3>\n<ul style='padding-left: 20px; font-size: 15px; color: inherit;'>\n<li style='margin-bottom: 5px;'><strong>Procesador:<\/strong> Qualcomm 560MHz CPU&comma; MIPS 74Kc<\/li>\n<li style='margin-bottom: 5px;'><strong>Memoria:<\/strong> 64MB DDR2 RAM&comma; 8MB Flash<\/li>\n<li style='margin-bottom: 5px;'><strong>Interface:<\/strong> 1 10\/100Mbps Shielded Ethernet Port (LAN\/POE) <br \/>1 Reset Button<\/li>\n<li style='margin-bottom: 5px;'><strong>Fuente de Alimentaci\u00f3n:<\/strong> Passive Power over Ethernet via LAN (+4&comma;5pins; -7&comma;8pins) <br \/>Voltage range: 16-27VDC<\/li>\n<li style='margin-bottom: 5px;'><strong>Dimensiones (W X D X H):<\/strong> 366 x 280 x 207 mm (14.4 x 11.0 x 8.1 in.)<\/li>\n<li style='margin-bottom: 5px;'><strong>Dimensiones:<\/strong> 360 x 280 x 207 mm (14.4 x 11.0 x 8.1 in.) (No mount)<\/li>\n<li style='margin-bottom: 5px;'><strong>Ganancia de Antena:<\/strong> 23dBi<\/li>\n<li style='margin-bottom: 5px;'><strong>Cobertura de Antena:<\/strong> 9\u00b0(Azimuth)&comma; 7\u00b0(Elevation)<\/li>\n<li style='margin-bottom: 5px;'><strong>Protecci\u00f3n:<\/strong> 15KV ESD Protection <br \/>6KV Lightning Protection<\/li>\n<li style='margin-bottom: 5px;'><strong>Cercado:<\/strong> Material: Outdoor PC stabilized plastic <br \/>Weatherproof: IP65 water and dust proof design<\/li>\n<\/ul><\/div>\n<\/p><\/div>\n<p> <!-- Secci\u00f3n de caracter\u00edsticas inal\u00e1mbricas --> <\/p>\n<div style='display: flex; flex-wrap: wrap; gap: 30px; margin-bottom: 30px;'>\n<div style='flex: 1 1 300px; min-width: 280px;'>\n<h3 style='font-size: 22px; border-bottom: 2px solid currentColor; padding-bottom: 5px; margin-top: 0; color: inherit; opacity: 0.8;'>CARACTER\u00cdSTICAS INAL\u00c1MBRICAS<\/h3>\n<ul style='padding-left: 20px; font-size: 15px; color: inherit;'>\n<li style='margin-bottom: 5px;'><strong>Est\u00e1ndares Inal\u00e1mbricos:<\/strong> IEEE 802.11a\/n<\/li>\n<li style='margin-bottom: 5px;'><strong>Protocolo Propietario:<\/strong> TDMA Mode (with Pharos MAXtream enabled)<\/li>\n<li style='margin-bottom: 5px;'><strong>Velocidades Inal\u00e1mbricas:<\/strong> Up to 300Mbps (40MHz&comma; Dynamic) <br \/>Up to 144.4Mbps (20MHz&comma; Dynamic) <br \/>Up to 72.2Mbps (10MHz&comma; Dynamic) <br \/>Up to 36.1Mbps (5MHz&comma; Dynamic)<\/li>\n<li style='margin-bottom: 5px;'><strong>Frecuencia:<\/strong> 5.15~5.85GHz<\/li>\n<li style='margin-bottom: 5px;'><strong>Potencia de Transmision:<\/strong> Max. 27dBm (Adjustable power by 1dBm)<\/li>\n<\/ul><\/div>\n<\/p><\/div>\n<p> <!-- Secci\u00f3n de caracter\u00edsticas de software --> <\/p>\n<div style='display: flex; flex-wrap: wrap; gap: 30px; margin-bottom: 30px;'>\n<div style='flex: 1 1 300px; min-width: 280px;'>\n<h3 style='font-size: 22px; border-bottom: 2px solid currentColor; padding-bottom: 5px; margin-top: 0; color: inherit; opacity: 0.8;'>CARACTER\u00cdSTICAS DE SOFTWARE<\/h3>\n<ul style='padding-left: 20px; font-size: 15px; color: inherit;'>\n<li style='margin-bottom: 5px;'><strong>Configuracion De Red:<\/strong> WAN: Static\/Dynamic\/PPPoE\/L2TP\/PPTP <br \/>LAN: Static\/Dynamic\/DHCP <br \/>Forwarding: ALG\/UPnP\/Virtual Server\/Port Trigger <br \/>Security: SPI Firewall\/ Ping Forbidden\/DoS Protection <br \/>Access Control <br \/>Static Routing <br \/>Bandwidth Control <br \/>IP &#038; MAC Binding<\/li>\n<li style='margin-bottom: 5px;'><strong>Configuraciones Inal\u00e1mbricas:<\/strong> Pharos MAXtream TDMA Technology <br \/>Selectable Channel Width: 5\/10\/20\/40MHz <br \/>Auto Channel Selection <br \/>Transmit Power Control <br \/>Dynamic Frequency Selection(DFS) <br \/>WDS Enable\/Disable <br \/>Security: WPA\/WPA2&comma; WPA-PSK\/WPA2-PSK (AES\/TKIP) Encryption&comma; <br \/>64\/128\/152-bit WEP Encryption <br \/>SSID Broadcast Enable\/Disable <br \/>Multi-SSID with VLAN Tagging(AP Mode only) <br \/>Distance\/ACK Timeout Setting <br \/>Wireless MAC Address Filter <br \/>Wireless Advanced: <br \/>Beacon Interval\/RTS Threshold\/Fragmentation Threshold\/DTIM Interval\/AP Isolation\/Short GI\/Wi-Fi Multimedia<\/li>\n<li style='margin-bottom: 5px;'><strong>Administraci\u00f3n:<\/strong> Discovery and Remote Management via Pharos Control application <br \/>HTTP\/HTTPS Web-based management <br \/>System log <br \/>SNMP Agent(v2c) <br \/>Ping Watch Dog <br \/>Dynamic DDNS <br \/>SSH Server<\/li>\n<li style='margin-bottom: 5px;'><strong>Herramientas de sistema:<\/strong> Indicators: Signal Strength\/Noise\/Transmit CCQ\/CPU\/Memory <br \/>Monitors: Throughput\/Stations\/Interfaces\/ARP\/Routes\/WAN\/DHCP <br \/>Spectrum Analyzer <br \/>Speed Test <br \/>Ping <br \/>Traceroute<\/li>\n<li style='margin-bottom: 5px;'><strong>Optimizaciones a Nivel de Sistema:<\/strong> Optimized IGMP Snooping\/Proxy for multicast applications <br \/>Hardware watch dog<\/li>\n<\/ul><\/div>\n<\/p><\/div>\n<p> <!-- Secci\u00f3n de caracter\u00edsticas del adaptador PoE --> <\/p>\n<div style='display: flex; flex-wrap: wrap; gap: 30px; margin-bottom: 30px;'>\n<div style='flex: 1 1 300px; min-width: 280px;'>\n<h3 style='font-size: 22px; border-bottom: 2px solid currentColor; padding-bottom: 5px; margin-top: 0; color: inherit; opacity: 0.8;'>POE ADAPTER FEATURES<\/h3>\n<ul style='padding-left: 20px; font-size: 15px; color: inherit;'>\n<li style='margin-bottom: 5px;'><strong>Dimensions(W x D x H):<\/strong> 85.8\u00d743.9\u00d729.7 mm<\/li>\n<li style='margin-bottom: 5px;'><strong>Interfaces:<\/strong> 1 AC Jack with Earth Ground <br \/>1 10\/100Mbps Shielded Ethernet Port (Power + Data) <br \/>1 10\/100Mbps Shielded Ethernet Port (Data)<\/li>\n<li style='margin-bottom: 5px;'><strong>Bot\u00f3n:<\/strong> Remote Reset Button<\/li>\n<li style='margin-bottom: 5px;'><strong>Power Status LEDs:<\/strong> Green<\/li>\n<li style='margin-bottom: 5px;'><strong>Input:<\/strong> 100-240VAC&comma; 50\/60Hz<\/li>\n<li style='margin-bottom: 5px;'><strong>Output:<\/strong> 24VDC&comma; 0.5A Max <br \/>+4&comma; 5pins; -7&comma; 8pins. (Support up to 60m Power over Ethernet)<\/li>\n<li style='margin-bottom: 5px;'><strong>Eficiencia:<\/strong> >84.29%<\/li>\n<li style='margin-bottom: 5px;'><strong>Certifications:<\/strong> CE\/FCC\/UL\/IC\/GS\/PSB\/C-tick\/SAA\/S-Mark\/KC-mark<\/li>\n<\/ul><\/div>\n<\/p><\/div>\n<p> <!-- Secci\u00f3n de otros --> <\/p>\n<div style='display: flex; flex-wrap: wrap; gap: 30px; margin-bottom: 30px;'>\n<div style='flex: 1 1 300px; min-width: 280px;'>\n<h3 style='font-size: 22px; border-bottom: 2px solid currentColor; padding-bottom: 5px; margin-top: 0; color: inherit; opacity: 0.8;'>OTROS<\/h3>\n<ul style='padding-left: 20px; font-size: 15px; color: inherit;'>\n<li style='margin-bottom: 5px;'><strong>Certificacion:<\/strong> CE&comma; FCC&comma; RoHS&comma; IP65<\/li>\n<li style='margin-bottom: 5px;'><strong>Contenidos del Paquete:<\/strong> Outdoor Wireless CPE <br \/>24V 0.5A Passive PoE Adapter <br \/>Pole Mounting Straps <br \/>AC Power Cord <br \/>Installation Guide<\/li>\n<li style='margin-bottom: 5px;'><strong>Requisitos del Sistema:<\/strong> Microsoft Windows 98SE&comma; NT&comma; 2000&comma; XP&comma; Vista\u2122 or Windows 10&comma; Windows 8&comma; Windows 7&comma; MAC OS&comma; NetWare&comma; UNIX or Linux. <br \/>Note: We recommend you to use one of following Web browsers for an improved user experience: Google Chrome&comma; Safari&comma; and Firefox. IE browsers are not recommended.<\/li>\n<li style='margin-bottom: 5px;'><strong>Ambiente:<\/strong> Operating Temperature: -40\u00b0C~70\u00b0C (-40\u00b0F~158\u00b0F) <br \/>Storage Temperature: -40\u00b0C~70\u00b0C (-40\u00b0F~158\u00b0F) <br \/>Operating Humidity: 10%~90% non-condensing <br \/>Storage Humidity: 5%~95% non-condensing<\/li>\n<\/ul><\/div>\n<\/p><\/div>\n<p> <!-- Separador --> <\/p>\n<hr style='border: 0; border-top: 1px solid rgba(150&comma; 150&comma; 150&comma; 0.3); margin: 30px 0;'> <\/div>\n","protected":false},"excerpt":{"rendered":"<p>CPE de Exterior de 5 GHz a 300Mbps, Antena direccional de 23dBi, potencia de 27 dBm, PoE pasivo<\/p>\n","protected":false},"featured_media":79507,"comment_status":"open","ping_status":"closed","template":"","meta":[],"product_brand":[],"product_cat":[1998],"product_tag":[1999,1980,71],"class_list":{"0":"post-79508","1":"product","2":"type-product","3":"status-publish","4":"has-post-thumbnail","6":"product_cat-5-y-6-ghz","7":"product_tag-5-y-6-ghz","8":"product_tag-enlaces-ptp-y-ptmp","9":"product_tag-tp-link","11":"first","12":"instock","13":"sale","14":"shipping-taxable","15":"purchasable","16":"product-type-simple"},"_links":{"self":[{"href":"https:\/\/soydeaqui.ddns.net\/pachuca\/index.php\/wp-json\/wp\/v2\/product\/79508","targetHints":{"allow":["GET"]}}],"collection":[{"href":"https:\/\/soydeaqui.ddns.net\/pachuca\/index.php\/wp-json\/wp\/v2\/product"}],"about":[{"href":"https:\/\/soydeaqui.ddns.net\/pachuca\/index.php\/wp-json\/wp\/v2\/types\/product"}],"replies":[{"embeddable":true,"href":"https:\/\/soydeaqui.ddns.net\/pachuca\/index.php\/wp-json\/wp\/v2\/comments?post=79508"}],"wp:featuredmedia":[{"embeddable":true,"href":"https:\/\/soydeaqui.ddns.net\/pachuca\/index.php\/wp-json\/wp\/v2\/media\/79507"}],"wp:attachment":[{"href":"https:\/\/soydeaqui.ddns.net\/pachuca\/index.php\/wp-json\/wp\/v2\/media?parent=79508"}],"wp:term":[{"taxonomy":"product_brand","embeddable":true,"href":"https:\/\/soydeaqui.ddns.net\/pachuca\/index.php\/wp-json\/wp\/v2\/product_brand?post=79508"},{"taxonomy":"product_cat","embeddable":true,"href":"https:\/\/soydeaqui.ddns.net\/pachuca\/index.php\/wp-json\/wp\/v2\/product_cat?post=79508"},{"taxonomy":"product_tag","embeddable":true,"href":"https:\/\/soydeaqui.ddns.net\/pachuca\/index.php\/wp-json\/wp\/v2\/product_tag?post=79508"}],"curies":[{"name":"wp","href":"https:\/\/api.w.org\/{rel}","templated":true}]}}