{"id":79490,"date":"2026-03-19T17:24:58","date_gmt":"2026-03-19T17:24:58","guid":{"rendered":"https:\/\/soydeaqui.ddns.net\/pachuca\/index.php\/producto\/cpe-de-exterior-de-5-ghz-a-300mbps-antena-direccional-de-13dbi-potencia-de-27-dbm\/"},"modified":"2026-03-19T17:25:03","modified_gmt":"2026-03-19T17:25:03","slug":"cpe-de-exterior-de-5-ghz-a-300mbps-antena-direccional-de-13dbi-potencia-de-27-dbm","status":"publish","type":"product","link":"https:\/\/soydeaqui.ddns.net\/pachuca\/index.php\/producto\/cpe-de-exterior-de-5-ghz-a-300mbps-antena-direccional-de-13dbi-potencia-de-27-dbm\/","title":{"rendered":"CPE de Exterior de 5 GHz a 300Mbps, Antena direccional de 13dBi, potencia de 27 dBm"},"content":{"rendered":"<div style='width: 100%; max-width: 1200px; margin: 0 auto; font-family: sans-serif; line-height: 1.6; color: inherit; background-color: transparent;'> <!-- T\u00edtulo --> <\/p>\n<div style='margin-bottom: 30px;'>\n<h1 style='font-size: 26px; font-weight: 400; margin: 0; padding: 0; color: inherit; opacity: 0.9;'>CPE de Exterior 5GHz 300Mbps 13dBi<\/h1>\n<\/p><\/div>\n<p> <!-- Caracter\u00edsticas destacadas --> <\/p>\n<div style='margin-bottom: 30px;'>\n<h3 style='font-size: 22px; border-bottom: 2px solid currentColor; padding-bottom: 5px; margin-top: 0; color: inherit; opacity: 0.8;'>Caracter\u00edsticas Destacadas<\/h3>\n<ul style='padding-left: 20px; font-size: 15px; color: inherit;'>\n<li>Incorpora antena de 13dBi 2&#215;2 MIMO direccional de doble polarizado<\/li>\n<li>Potencia de transmisi\u00f3n ajustable de 0 a 23dBm \/ 200mw<\/li>\n<li>Optimizaciones a nivel de sistema para la transmisi\u00f3n inal\u00e1mbrica de m\u00e1s de 15 kilometros de largo alcance<\/li>\n<li>La Tecnolog\u00eda TP-LINK Pharos MAXtream TDMA (Time-Division-Multiple-Access) mejora el rendimiento del producto&comma; la capacidad y rendimiento de latencia&comma; ideal para aplicaciones PTMP<\/li>\n<li>Sistema de Administraci\u00f3n Centralizada &#8211; Control Pharos<\/li>\n<li>Modos de operaci\u00f3n: AP\/Cliente\/Repetidor\/AP Router\/AP Cliente Router (WISP)<\/li>\n<li>Adaptador PoE pasivo soporta hasta 60 metros (200 pies). Alimentaci\u00f3n a trav\u00e9s de la implementaci\u00f3n de Ethernet y permite que el dispositivo se restablecer\u00e1 de forma remota<\/li>\n<\/ul><\/div>\n<p> <!-- Secci\u00f3n de especificaciones --> <\/p>\n<div style='display: flex; flex-wrap: wrap; gap: 20px; margin-bottom: 30px;'>\n<div style='flex: 1 1 250px; border: 1px solid rgba(150&comma; 150&comma; 150&comma; 0.4); border-radius: 8px; overflow: hidden; display: flex; flex-direction: column;'>\n<div style='padding: 15px; border-bottom: 1px solid rgba(150&comma; 150&comma; 150&comma; 0.2); font-weight: bold; font-size: 18px; color: inherit;'>CARACTER\u00cdSTICAS DE HARDWARE<\/div>\n<div style='padding: 15px; color: inherit;'>\n<ul style='padding-left: 20px; margin: 0; font-size: 14px; list-style-type: disc;'>\n<li style='margin-bottom: 5px;'><strong>Procesador:<\/strong> Qualcomm Atheros Empresarial 560MHz CPU&comma; MIPS 74Kc<\/li>\n<li style='margin-bottom: 5px;'><strong>Memoria:<\/strong> 64MB DDR2 RAM&comma; 8MB Flash<\/li>\n<li style='margin-bottom: 5px;'><strong>Interface:<\/strong> 1 Puerto Ethernet Blindado 10\/100Mbps (LAN0&comma; en Pasivo PoE)&comma; 1 Terminal puesta a tierra&comma; 1 Bot\u00f3n Reset<\/li>\n<li style='margin-bottom: 5px;'><strong>Fuente de Alimentaci\u00f3n:<\/strong> Passive Power over Ethernet via LAN0 (+4&comma;5pins; -7&comma;8pins)&comma; Rango de Voltaje: 16-27VDC<\/li>\n<li style='margin-bottom: 5px;'><strong>Consumo de Energ\u00eda:<\/strong> 10.5 Watts Max<\/li>\n<li style='margin-bottom: 5px;'><strong>Dimensiones (W X D X H):<\/strong> 224 x 79 x 60 mm<\/li>\n<li style='margin-bottom: 5px;'><strong>Tipo de Antena:<\/strong> 2 Antenas Direccionales Incorporadas de 13dBi con Polarizado Dual&comma; Beam Width: 45\u00b0 (H-Plane) \/ 30\u00b0 (E-Plane)<\/li>\n<li style='margin-bottom: 5px;'><strong>Protecci\u00f3n:<\/strong> Protecci\u00f3n 15KV ESD&comma; Protecci\u00f3n Contra Rayos 6000V<\/li>\n<li style='margin-bottom: 5px;'><strong>Cercado:<\/strong> Material pl\u00e1stico de ASA estabilizado al aire libre&comma; IPX5 Certificaci\u00f3n a prueba de agua<\/li>\n<\/ul><\/div>\n<\/p><\/div>\n<div style='flex: 1 1 250px; border: 1px solid rgba(150&comma; 150&comma; 150&comma; 0.4); border-radius: 8px; overflow: hidden; display: flex; flex-direction: column;'>\n<div style='padding: 15px; border-bottom: 1px solid rgba(150&comma; 150&comma; 150&comma; 0.2); font-weight: bold; font-size: 18px; color: inherit;'>CARACTER\u00cdSTICAS INAL\u00c1MBRICAS<\/div>\n<div style='padding: 15px; color: inherit;'>\n<ul style='padding-left: 20px; margin: 0; font-size: 14px; list-style-type: disc;'>\n<li style='margin-bottom: 5px;'><strong>Est\u00e1ndares Inal\u00e1mbricos:<\/strong> IEEE 802.11a\/n (con Pharos MAXtream deshabilitado)<\/li>\n<li style='margin-bottom: 5px;'><strong>Protocolo Propietario:<\/strong> Modo TDMA (con Pharos MAXtream habilitado)<\/li>\n<li style='margin-bottom: 5px;'><strong>Velocidades Inal\u00e1mbricas:<\/strong> Hasta 300Mbps (40MHz&comma; Din\u00e1mica)&comma; Hasta 144.4Mbps (20MHz&comma; Din\u00e1mica)&comma; Hasta 72.2Mbps (10MHz&comma; Din\u00e1mica)&comma; Hasta 36.1Mbps (5MHz&comma; Din\u00e1mica)<\/li>\n<li style='margin-bottom: 5px;'><strong>Frecuencia:<\/strong> 5.15~5.85GHz<\/li>\n<li style='margin-bottom: 5px;'><strong>Sensibilidad de Recepci\u00f3n:<\/strong> 802.11a: 54M: -75dBm&comma; 48M: -76dBm&comma; 36M: -83dBm&comma; 6-24M: -95dBm&comma; 802.11n: MCS15: -73dBm&comma; MCS14: -74dBm&comma; MCS13: -76dBm&comma; MCS12: -80dBm&comma; MCS11: -83dBm&comma; MCS10: -88dBm&comma; MCS9: -90dBm&comma; MCS8: -93dBm&comma; MCS7: -73dBm&comma; MCS6: -74dBm&comma; MCS5: -76dBm&comma; MCS4: -80dBm&comma; MCS3: -83dBm&comma; MCS2: -88dBm&comma; MCS1: -90dBm&comma; MCS0: -93dBm<\/li>\n<li style='margin-bottom: 5px;'><strong>Potencia de Transmisi\u00f3n:<\/strong> 23dBm \/ 200mw (potencia ajustable por 1dBm)<\/li>\n<\/ul><\/div>\n<\/p><\/div>\n<div style='flex: 1 1 250px; border: 1px solid rgba(150&comma; 150&comma; 150&comma; 0.4); border-radius: 8px; overflow: hidden; display: flex; flex-direction: column;'>\n<div style='padding: 15px; border-bottom: 1px solid rgba(150&comma; 150&comma; 150&comma; 0.2); font-weight: bold; font-size: 18px; color: inherit;'>CARACTER\u00cdSTICAS DE SOFTWARE<\/div>\n<div style='padding: 15px; color: inherit;'>\n<ul style='padding-left: 20px; margin: 0; font-size: 14px; list-style-type: disc;'>\n<li style='margin-bottom: 5px;'><strong>Configuraciones Inal\u00e1mbricas:<\/strong> Tecnolog\u00eda Pharos MAXtream TDMA&comma; Modos 802.11a\/n&comma; Ancho de Canal Seleccionable: 5\/10\/20\/40MHz&comma; Selecci\u00f3n Autom\u00e1tica de Canal&comma; Transmisi\u00f3n de Control de Potencia&comma; Selecci\u00f3n din\u00e1mica de frecuencias (DFS)&comma; WDS Activar \/ Desactivar&comma; Seguridad: Encriptaci\u00f3n WPA\/WPA2&comma; WPA-PSK\/WPA2-PSK (AES\/TKIP)&comma; Encriptaci\u00f3n 64\/128\/152-bit WEP&comma; SSID Broadcast Activado \/ Desactivado&comma; Multi-SSID con VLAN Tagging (AP mode only)&comma; Ajuste de tiempo de espera Distancia\/ACK&comma; Filtro de Direcci\u00f3n MAC Inal\u00e1mbrica&comma; Inal\u00e1mbrico Avanzado: Beacon Interval\/RTS Threshold\/Fragmentation Threshold\/DTIM Interval\/AP Isolation\/Short GI\/Wi-Fi Multimedia<\/li>\n<li style='margin-bottom: 5px;'><strong>Administraci\u00f3n:<\/strong> Administraci\u00f3n y Descubrimiento Remoto a trav\u00e9s de la aplicaci\u00f3n Pharos Control&comma; Administraci\u00f3n basada en HTTP\/HTTPS&comma; Registro de Sistema&comma; SNMP Agent(v2c)&comma; Ping Watch Dog&comma; DDNS Din\u00e1mica&comma; Servidor SSH<\/li>\n<li style='margin-bottom: 5px;'><strong>Herramientas de sistema:<\/strong> Indicadores de Calidad de Se\u00f1al Inal\u00e1mbricas: Intensidad de Se\u00f1al\/Ruido\/Transmisi\u00f3n CCQ\/CPU\/Monitores de Memoria: Throughput\/Estaciones\/Interfaces\/ARP\/Rutas\/WAN\/DHCP&comma; Analizador de Espectro&comma; Examen de Velocidad&comma; Ping&comma; Traceroute<\/li>\n<li style='margin-bottom: 5px;'><strong>Optimizaciones a Nivel de Sistema:<\/strong> IGMP Optimizado \/ proxy para aplicaciones de multidifusi\u00f3n&comma; Hardware watch dog<\/li>\n<\/ul><\/div>\n<\/p><\/div>\n<div style='flex: 1 1 250px; border: 1px solid rgba(150&comma; 150&comma; 150&comma; 0.4); border-radius: 8px; overflow: hidden; display: flex; flex-direction: column;'>\n<div style='padding: 15px; border-bottom: 1px solid rgba(150&comma; 150&comma; 150&comma; 0.2); font-weight: bold; font-size: 18px; color: inherit;'>POE ADAPTER FEATURES<\/div>\n<div style='padding: 15px; color: inherit;'>\n<ul style='padding-left: 20px; margin: 0; font-size: 14px; list-style-type: disc;'>\n<li style='margin-bottom: 5px;'><strong>Dimensions(W x D x H):<\/strong> 110*57*33.5mm<\/li>\n<li style='margin-bottom: 5px;'><strong>Interfaces:<\/strong> 1 AC Jack with Earth Ground&comma; 1 Puerto Ethernet Blindado 10\/100Mbps (Alimentaci\u00f3n + Datos)&comma; 1 Puerto Ethernet Blindado 10\/100Mbps (Datos)<\/li>\n<li style='margin-bottom: 5px;'><strong>Bot\u00f3n:<\/strong> Bot\u00f3n Remote Reset<\/li>\n<li style='margin-bottom: 5px;'><strong>Power Status LEDs:<\/strong> 0~0.8A: Verde&comma; 0.8A~1.0A: Rojo<\/li>\n<li style='margin-bottom: 5px;'><strong>Input:<\/strong> 100-240VAC&comma; 50\/60Hz<\/li>\n<li style='margin-bottom: 5px;'><strong>Input Voltage:<\/strong> 100VA~240VAC @ 50Hz~60Hz<\/li>\n<li style='margin-bottom: 5px;'><strong>Input Current:<\/strong> 0.8A Max @ 100VAC<\/li>\n<li style='margin-bottom: 5px;'><strong>Output:<\/strong> 24VDC&comma; 1.0A Max&comma; +4&comma; 5pins; -7&comma; 8pins. (Soporta hasta 60m Power over Ethernet)<\/li>\n<li style='margin-bottom: 5px;'><strong>Output Voltage:<\/strong> 24VDC(+4&comma;5pins; -7&comma;8pins)<\/li>\n<li style='margin-bottom: 5px;'><strong>Eficiencia:<\/strong> >80%<\/li>\n<li style='margin-bottom: 5px;'><strong>Certifications:<\/strong> CE\/FCC\/UL\/IC\/GS\/PSB\/C-tick\/SAA\/S-Mark\/KC-mark<\/li>\n<\/ul><\/div>\n<\/p><\/div>\n<div style='flex: 1 1 250px; border: 1px solid rgba(150&comma; 150&comma; 150&comma; 0.4); border-radius: 8px; overflow: hidden; display: flex; flex-direction: column;'>\n<div style='padding: 15px; border-bottom: 1px solid rgba(150&comma; 150&comma; 150&comma; 0.2); font-weight: bold; font-size: 18px; color: inherit;'>OTROS<\/div>\n<div style='padding: 15px; color: inherit;'>\n<ul style='padding-left: 20px; margin: 0; font-size: 14px; list-style-type: disc;'>\n<li style='margin-bottom: 5px;'><strong>Certificacion:<\/strong> CE&comma; FCC&comma; RoHS&comma; IPX5<\/li>\n<li style='margin-bottom: 5px;'><strong>Contenidos del Paquete:<\/strong> CPE De Exterior Inal\u00e1mbrico&comma; Adaptador Pasivo PoE 24V 0.6A&comma; Correas para Montaje en Poste&comma; Cable de alimentaci\u00f3n AC&comma; Gu\u00eda de instalaci\u00f3n<\/li>\n<li style='margin-bottom: 5px;'><strong>Requisitos del Sistema:<\/strong> Microsoft Windows 98SE&comma; NT&comma; 2000&comma; XP&comma; Vista\u2122 o Windows 8&comma; Windows 7&comma; MAC OS&comma; NetWare&comma; UNIX o Linux<\/li>\n<li style='margin-bottom: 5px;'><strong>Ambiente:<\/strong> Temperatura de Funcionamiento: -30\u00b0C~70\u00b0C (-22\u2030~158\u2030)&comma; Temperatura de Almacenamiento: -40\u00b0C~70\u00b0C (-40\u2030~158\u2030)&comma; Humedad de Funcionamiento: 10%~90% sin condensaci\u00f3n&comma; Humedad de Almacenamiento: 5%~95% sin condensaci\u00f3n<\/li>\n<\/ul><\/div>\n<\/p><\/div>\n<\/p><\/div>\n<p> <!-- Separador --> <\/p>\n<hr style='border: 0; border-top: 1px solid rgba(150&comma; 150&comma; 150&comma; 0.3); margin: 30px 0;'> <\/div>\n","protected":false},"excerpt":{"rendered":"<p>CPE de Exterior de 5 GHz a 300Mbps, Antena direccional de 13dBi, potencia de 27 dBm<\/p>\n","protected":false},"featured_media":79489,"comment_status":"open","ping_status":"closed","template":"","meta":[],"product_brand":[],"product_cat":[1998],"product_tag":[1999,1980,71],"class_list":{"0":"post-79490","1":"product","2":"type-product","3":"status-publish","4":"has-post-thumbnail","6":"product_cat-5-y-6-ghz","7":"product_tag-5-y-6-ghz","8":"product_tag-enlaces-ptp-y-ptmp","9":"product_tag-tp-link","11":"first","12":"instock","13":"sale","14":"shipping-taxable","15":"purchasable","16":"product-type-simple"},"_links":{"self":[{"href":"https:\/\/soydeaqui.ddns.net\/pachuca\/index.php\/wp-json\/wp\/v2\/product\/79490","targetHints":{"allow":["GET"]}}],"collection":[{"href":"https:\/\/soydeaqui.ddns.net\/pachuca\/index.php\/wp-json\/wp\/v2\/product"}],"about":[{"href":"https:\/\/soydeaqui.ddns.net\/pachuca\/index.php\/wp-json\/wp\/v2\/types\/product"}],"replies":[{"embeddable":true,"href":"https:\/\/soydeaqui.ddns.net\/pachuca\/index.php\/wp-json\/wp\/v2\/comments?post=79490"}],"wp:featuredmedia":[{"embeddable":true,"href":"https:\/\/soydeaqui.ddns.net\/pachuca\/index.php\/wp-json\/wp\/v2\/media\/79489"}],"wp:attachment":[{"href":"https:\/\/soydeaqui.ddns.net\/pachuca\/index.php\/wp-json\/wp\/v2\/media?parent=79490"}],"wp:term":[{"taxonomy":"product_brand","embeddable":true,"href":"https:\/\/soydeaqui.ddns.net\/pachuca\/index.php\/wp-json\/wp\/v2\/product_brand?post=79490"},{"taxonomy":"product_cat","embeddable":true,"href":"https:\/\/soydeaqui.ddns.net\/pachuca\/index.php\/wp-json\/wp\/v2\/product_cat?post=79490"},{"taxonomy":"product_tag","embeddable":true,"href":"https:\/\/soydeaqui.ddns.net\/pachuca\/index.php\/wp-json\/wp\/v2\/product_tag?post=79490"}],"curies":[{"name":"wp","href":"https:\/\/api.w.org\/{rel}","templated":true}]}}