{"id":79481,"date":"2026-03-19T17:24:33","date_gmt":"2026-03-19T17:24:33","guid":{"rendered":"https:\/\/soydeaqui.ddns.net\/pachuca\/index.php\/producto\/telefono-inalambrico-dect-gama-media-para-sistemas-de-voz-ip\/"},"modified":"2026-03-19T17:24:52","modified_gmt":"2026-03-19T17:24:52","slug":"telefono-inalambrico-dect-gama-media-para-sistemas-de-voz-ip","status":"publish","type":"product","link":"https:\/\/soydeaqui.ddns.net\/pachuca\/index.php\/producto\/telefono-inalambrico-dect-gama-media-para-sistemas-de-voz-ip\/","title":{"rendered":"Tel\u00e9fono inal\u00e1mbrico DECT gama media para sistemas de Voz IP"},"content":{"rendered":"<div style='width: 100%; max-width: 1200px; margin: 0 auto; font-family: sans-serif; line-height: 1.6; color: inherit; background-color: transparent;'>\n<div style='display: flex; flex-wrap: wrap; gap: 30px; margin-bottom: 30px;'>\n<div style='flex: 1 1 300px; min-width: 280px;'>\n<p style='font-size: 15px; color: inherit;'> El DP722 es un tel\u00e9fono IP DECT de gama media que permite a los usuarios movilizar su red VoIP en cualquier negocio&comma; almac\u00e9n&comma; tienda minorista y entorno residencial. Cuenta con el respaldo de las estaciones base DECT VoIP DP750 y DP752 de Grandstream y ofrece una combinaci\u00f3n de movilidad y un excelente rendimiento de telefon\u00eda. Se pueden admitir hasta cinco tel\u00e9fonos DP722 en cada estaci\u00f3n base&comma; mientras que cada DP722 admite un alcance de hasta 350 metros en exteriores (con DP752) y 50 metros en interiores&comma; 20 horas de tiempo de conversaci\u00f3n y 250 horas en espera. Ofrece un conjunto de funciones robustas que incluyen soporte para hasta 10 cuentas SIP por tel\u00e9fono&comma; audio Full HD&comma; pantalla a color de 1&comma;8 pulgadas&comma; un conector para auriculares de 3.5 mm&comma; pulsar para hablar&comma; un altavoz y m\u00e1s. Cuando se combina con las estaciones base DECT de Grandstream&comma; el DP722 ofrece una soluci\u00f3n DECT inal\u00e1mbrica de gama media accesible para cualquier usuario comercial o residencial. <\/p>\n<\/p><\/div>\n<\/p><\/div>\n<div style='display: flex; flex-wrap: wrap; gap: 20px; margin-bottom: 30px;'>\n<div style='flex: 1 1 250px; border: 1px solid rgba(150&comma; 150&comma; 150&comma; 0.4); border-radius: 8px; overflow: hidden; display: flex; flex-direction: column;'>\n<div style='padding: 15px; border-bottom: 1px solid rgba(150&comma; 150&comma; 150&comma; 0.2); font-weight: bold; font-size: 18px; color: inherit;'>Caracter\u00edsticas<\/div>\n<div style='padding: 15px; color: inherit;'>\n<ul style='padding-left: 20px; margin: 0; font-size: 14px; list-style-type: disc;'>\n<li style='margin-bottom: 5px;'>Admite un rango de hasta 350 metros en exteriores y 50 metros en interiores cuando se usa con el DP752 (300 metros en exteriores cuando se usa con DP750)<\/li>\n<li style='margin-bottom: 5px;'>Pantalla LCD a color de 1&comma;8 pulgadas (128&#215;160) con 2 teclas programables<\/li>\n<li style='margin-bottom: 5px;'>Ofrece 20 horas de tiempo de conversaci\u00f3n y 250 horas de tiempo de espera.<\/li>\n<li style='margin-bottom: 5px;'>Admite hasta 10 cuentas SIP y 10 l\u00edneas por tel\u00e9fono&comma; as\u00ed como conferencias de 3 v\u00edas<\/li>\n<li style='margin-bottom: 5px;'>Pulsar para hablar a trav\u00e9s de un bot\u00f3n configurable<\/li>\n<li style='margin-bottom: 5px;'>Audio HD en el altavoz&comma; el auricular y el conector para auriculares<\/li>\n<\/ul><\/div>\n<\/p><\/div>\n<\/p><\/div>\n<hr style='border: 0; border-top: 1px solid rgba(150&comma; 150&comma; 150&comma; 0.3); margin: 30px 0;'> <\/div>\n","protected":false},"excerpt":{"rendered":"<p>Tel\u00e9fono inal\u00e1mbrico DECT gama media para sistemas de Voz IP<\/p>\n","protected":false},"featured_media":79480,"comment_status":"open","ping_status":"closed","template":"","meta":[],"product_brand":[],"product_cat":[2003],"product_tag":[909,2005,2004],"class_list":{"0":"post-79481","1":"product","2":"type-product","3":"status-publish","4":"has-post-thumbnail","6":"product_cat-telefonos-ip","7":"product_tag-grandstream","8":"product_tag-telefonos-ip","9":"product_tag-voip-telefonia-ip-videoconferencia","11":"first","12":"instock","13":"sale","14":"shipping-taxable","15":"purchasable","16":"product-type-simple"},"_links":{"self":[{"href":"https:\/\/soydeaqui.ddns.net\/pachuca\/index.php\/wp-json\/wp\/v2\/product\/79481","targetHints":{"allow":["GET"]}}],"collection":[{"href":"https:\/\/soydeaqui.ddns.net\/pachuca\/index.php\/wp-json\/wp\/v2\/product"}],"about":[{"href":"https:\/\/soydeaqui.ddns.net\/pachuca\/index.php\/wp-json\/wp\/v2\/types\/product"}],"replies":[{"embeddable":true,"href":"https:\/\/soydeaqui.ddns.net\/pachuca\/index.php\/wp-json\/wp\/v2\/comments?post=79481"}],"wp:featuredmedia":[{"embeddable":true,"href":"https:\/\/soydeaqui.ddns.net\/pachuca\/index.php\/wp-json\/wp\/v2\/media\/79480"}],"wp:attachment":[{"href":"https:\/\/soydeaqui.ddns.net\/pachuca\/index.php\/wp-json\/wp\/v2\/media?parent=79481"}],"wp:term":[{"taxonomy":"product_brand","embeddable":true,"href":"https:\/\/soydeaqui.ddns.net\/pachuca\/index.php\/wp-json\/wp\/v2\/product_brand?post=79481"},{"taxonomy":"product_cat","embeddable":true,"href":"https:\/\/soydeaqui.ddns.net\/pachuca\/index.php\/wp-json\/wp\/v2\/product_cat?post=79481"},{"taxonomy":"product_tag","embeddable":true,"href":"https:\/\/soydeaqui.ddns.net\/pachuca\/index.php\/wp-json\/wp\/v2\/product_tag?post=79481"}],"curies":[{"name":"wp","href":"https:\/\/api.w.org\/{rel}","templated":true}]}}